{"id":12,"date":"2025-11-23T22:27:58","date_gmt":"2025-11-24T03:27:58","guid":{"rendered":"https:\/\/soybelu.com\/?page_id=12"},"modified":"2025-12-10T22:33:58","modified_gmt":"2025-12-11T03:33:58","slug":"contacto","status":"publish","type":"page","link":"https:\/\/soybelu.com\/index.php\/contacto\/","title":{"rendered":"Acerca de"},"content":{"rendered":"\n<p>\u00a1Hola!<\/p>\n\n\n\n<p>Soy Belu, una estudiante de 21 a\u00f1os de la carrera de Comunicaci\u00f3n, con un enfoque din\u00e1mico en la creaci\u00f3n y narraci\u00f3n audiovisual. Mi experiencia en radio HCJB y voiceover me ha dado dominio del sonido y la interpretaci\u00f3n vocal, mientras que mi trabajo en investigaci\u00f3n para la PUCE agrega rigor anal\u00edtico a mi proceso creativo. <\/p>\n\n\n\n<p>Me apasiona editar videos y crear contenido, habilidades que practico constantemente. Mi amor por la actuaci\u00f3n y la m\u00fasica alimenta mi comprensi\u00f3n de la narrativa esc\u00e9nica, como tambi\u00e9n emocional. Busco oportunidades en el mundo audiovisual donde pueda fusionar mi talento para la edici\u00f3n, mi o\u00eddo entrenado y mi capacidad de interpretaci\u00f3n para producir contenidos innovadores con impacto.<\/p>\n\n\n\n<p>El canto coral siempre ha sido una gran parte de mi vida, \u00bfEst\u00e1s listo para la aventura?<\/p>\n\n\n\n<div class=\"wp-block-buttons is-content-justification-center is-layout-flex wp-container-core-buttons-is-layout-062f0008 wp-block-buttons-is-layout-flex\">\n<div class=\"wp-block-button\"><a class=\"wp-block-button__link wp-element-button\" href=\"https:\/\/soybelu.com\/index.php\/contactame\/\"><em>Contacto<\/em><\/a><\/div>\n\n\n\n<div class=\"wp-block-button\"><a class=\"wp-block-button__link wp-element-button\" href=\"https:\/\/soybelu.com\/\"><em>Inicio<\/em><\/a><\/div>\n\n\n\n<div class=\"wp-block-button\"><a class=\"wp-block-button__link wp-element-button\" href=\"https:\/\/soybelu.com\/index.php\/category\/portafolio\/\"><em>Portafolio<\/em><\/a><\/div>\n<\/div>\n\n\n\n<div style=\"height:46px\" aria-hidden=\"true\" class=\"wp-block-spacer\"><\/div>\n\n\n\n<figure class=\"wp-block-gallery has-nested-images columns-default is-cropped wp-block-gallery-1 is-layout-flex wp-block-gallery-is-layout-flex\">\n<figure class=\"wp-block-image size-large\"><img loading=\"lazy\" decoding=\"async\" width=\"576\" height=\"1024\" data-id=\"44\" src=\"https:\/\/soybelu.com\/wp-content\/uploads\/2025\/12\/WhatsApp-Image-2025-12-07-at-21.12.00-2-576x1024.jpeg\" alt=\"\" class=\"wp-image-44\"\/><\/figure>\n\n\n\n<figure class=\"wp-block-image size-large\"><img loading=\"lazy\" decoding=\"async\" width=\"768\" height=\"1024\" data-id=\"48\" src=\"https:\/\/soybelu.com\/wp-content\/uploads\/2025\/12\/WhatsApp-Image-2025-12-07-at-21.12.00-1-768x1024.jpeg\" alt=\"\" class=\"wp-image-48\" srcset=\"https:\/\/soybelu.com\/wp-content\/uploads\/2025\/12\/WhatsApp-Image-2025-12-07-at-21.12.00-1-768x1024.jpeg 768w, https:\/\/soybelu.com\/wp-content\/uploads\/2025\/12\/WhatsApp-Image-2025-12-07-at-21.12.00-1-225x300.jpeg 225w, https:\/\/soybelu.com\/wp-content\/uploads\/2025\/12\/WhatsApp-Image-2025-12-07-at-21.12.00-1.jpeg 960w\" sizes=\"auto, (max-width: 768px) 100vw, 768px\" \/><\/figure>\n\n\n\n<figure class=\"wp-block-image size-large\"><img loading=\"lazy\" decoding=\"async\" width=\"768\" height=\"1024\" data-id=\"49\" src=\"https:\/\/soybelu.com\/wp-content\/uploads\/2025\/12\/WhatsApp-Image-2025-12-07-at-21.12.00-768x1024.jpeg\" alt=\"\" class=\"wp-image-49\" srcset=\"https:\/\/soybelu.com\/wp-content\/uploads\/2025\/12\/WhatsApp-Image-2025-12-07-at-21.12.00-768x1024.jpeg 768w, https:\/\/soybelu.com\/wp-content\/uploads\/2025\/12\/WhatsApp-Image-2025-12-07-at-21.12.00-225x300.jpeg 225w, https:\/\/soybelu.com\/wp-content\/uploads\/2025\/12\/WhatsApp-Image-2025-12-07-at-21.12.00.jpeg 960w\" sizes=\"auto, (max-width: 768px) 100vw, 768px\" \/><\/figure>\n\n\n\n<figure class=\"wp-block-image size-large\"><img loading=\"lazy\" decoding=\"async\" width=\"768\" height=\"1024\" data-id=\"121\" src=\"https:\/\/soybelu.com\/wp-content\/uploads\/2025\/12\/WhatsApp-Image-2025-12-09-at-22.38.06-1-768x1024.jpeg\" alt=\"\" class=\"wp-image-121\" srcset=\"https:\/\/soybelu.com\/wp-content\/uploads\/2025\/12\/WhatsApp-Image-2025-12-09-at-22.38.06-1-768x1024.jpeg 768w, https:\/\/soybelu.com\/wp-content\/uploads\/2025\/12\/WhatsApp-Image-2025-12-09-at-22.38.06-1-225x300.jpeg 225w, https:\/\/soybelu.com\/wp-content\/uploads\/2025\/12\/WhatsApp-Image-2025-12-09-at-22.38.06-1-1152x1536.jpeg 1152w, https:\/\/soybelu.com\/wp-content\/uploads\/2025\/12\/WhatsApp-Image-2025-12-09-at-22.38.06-1-1536x2048.jpeg 1536w, https:\/\/soybelu.com\/wp-content\/uploads\/2025\/12\/WhatsApp-Image-2025-12-09-at-22.38.06-1-scaled.jpeg 1920w\" sizes=\"auto, (max-width: 768px) 100vw, 768px\" \/><\/figure>\n\n\n\n<figure class=\"wp-block-image size-large\"><img loading=\"lazy\" decoding=\"async\" width=\"768\" height=\"1024\" data-id=\"47\" src=\"https:\/\/soybelu.com\/wp-content\/uploads\/2025\/12\/WhatsApp-Image-2025-12-07-at-21.11.59-1-768x1024.jpeg\" alt=\"\" class=\"wp-image-47\" srcset=\"https:\/\/soybelu.com\/wp-content\/uploads\/2025\/12\/WhatsApp-Image-2025-12-07-at-21.11.59-1-768x1024.jpeg 768w, https:\/\/soybelu.com\/wp-content\/uploads\/2025\/12\/WhatsApp-Image-2025-12-07-at-21.11.59-1-225x300.jpeg 225w, https:\/\/soybelu.com\/wp-content\/uploads\/2025\/12\/WhatsApp-Image-2025-12-07-at-21.11.59-1.jpeg 960w\" sizes=\"auto, (max-width: 768px) 100vw, 768px\" \/><\/figure>\n\n\n\n<figure class=\"wp-block-image size-large\"><img loading=\"lazy\" decoding=\"async\" width=\"576\" height=\"1024\" data-id=\"46\" src=\"https:\/\/soybelu.com\/wp-content\/uploads\/2025\/12\/WhatsApp-Image-2025-12-07-at-21.11.59-576x1024.jpeg\" alt=\"\" class=\"wp-image-46\" srcset=\"https:\/\/soybelu.com\/wp-content\/uploads\/2025\/12\/WhatsApp-Image-2025-12-07-at-21.11.59-576x1024.jpeg 576w, https:\/\/soybelu.com\/wp-content\/uploads\/2025\/12\/WhatsApp-Image-2025-12-07-at-21.11.59-169x300.jpeg 169w, https:\/\/soybelu.com\/wp-content\/uploads\/2025\/12\/WhatsApp-Image-2025-12-07-at-21.11.59.jpeg 720w\" sizes=\"auto, (max-width: 576px) 100vw, 576px\" \/><\/figure>\n<\/figure>\n\n\n\n<p><strong>\u00a1S\u00edgueme en Instagram!<\/strong><\/p>\n\n\n\n<div class=\"wp-block-group is-nowrap is-layout-flex wp-container-core-group-is-layout-ad2f72ca wp-block-group-is-layout-flex\">\n<figure class=\"wp-block-image size-large is-resized\"><img loading=\"lazy\" decoding=\"async\" width=\"1024\" height=\"576\" src=\"https:\/\/soybelu.com\/wp-content\/uploads\/2025\/12\/instagram-01-1-1024x576.png\" alt=\"\" class=\"wp-image-128\" style=\"aspect-ratio:1.778777752043146;width:101px;height:auto\" srcset=\"https:\/\/soybelu.com\/wp-content\/uploads\/2025\/12\/instagram-01-1-1024x576.png 1024w, https:\/\/soybelu.com\/wp-content\/uploads\/2025\/12\/instagram-01-1-300x169.png 300w, https:\/\/soybelu.com\/wp-content\/uploads\/2025\/12\/instagram-01-1-768x432.png 768w, https:\/\/soybelu.com\/wp-content\/uploads\/2025\/12\/instagram-01-1-1536x864.png 1536w, https:\/\/soybelu.com\/wp-content\/uploads\/2025\/12\/instagram-01-1-2048x1151.png 2048w, https:\/\/soybelu.com\/wp-content\/uploads\/2025\/12\/instagram-01-1-1210x680.png 1210w\" sizes=\"auto, (max-width: 1024px) 100vw, 1024px\" \/><\/figure>\n\n\n\n<p><em><a href=\"https:\/\/www.instagram.com\/soy.belu_?igsh=MTVodGVkZGpxOWZ6YQ%3D%3D&amp;utm_source=qr\">@soy.belu_<\/a><\/em><\/p>\n\n\n\n<p><\/p>\n\n\n\n<p><\/p>\n<\/div>\n","protected":false},"excerpt":{"rendered":"<p>Soy Belu, una estudiante de 21 a\u00f1os de la carrera de Comunicaci\u00f3n, con un enfoque din\u00e1mico en la creaci\u00f3n y narraci\u00f3n audiovisual.<\/p>\n","protected":false},"author":1,"featured_media":122,"parent":0,"menu_order":0,"comment_status":"closed","ping_status":"closed","template":"","meta":{"footnotes":""},"class_list":["post-12","page","type-page","status-publish","has-post-thumbnail","hentry"],"yoast_head":"<!-- This site is optimized with the Yoast SEO plugin v26.7 - https:\/\/yoast.com\/wordpress\/plugins\/seo\/ -->\n<title>Acerca de - soy belu<\/title>\n<meta name=\"robots\" content=\"index, follow, max-snippet:-1, max-image-preview:large, max-video-preview:-1\" \/>\n<link rel=\"canonical\" href=\"https:\/\/soybelu.com\/index.php\/contacto\/\" \/>\n<meta property=\"og:locale\" content=\"es_ES\" \/>\n<meta property=\"og:type\" content=\"article\" \/>\n<meta property=\"og:title\" content=\"Acerca de - soy belu\" \/>\n<meta property=\"og:description\" content=\"Soy Belu, una estudiante de 21 a\u00f1os de la carrera de Comunicaci\u00f3n, con un enfoque din\u00e1mico en la creaci\u00f3n y narraci\u00f3n audiovisual.\" \/>\n<meta property=\"og:url\" content=\"https:\/\/soybelu.com\/index.php\/contacto\/\" \/>\n<meta property=\"og:site_name\" content=\"soy belu\" \/>\n<meta property=\"article:modified_time\" content=\"2025-12-11T03:33:58+00:00\" \/>\n<meta property=\"og:image\" content=\"https:\/\/soybelu.com\/wp-content\/uploads\/2025\/12\/WhatsApp-Image-2025-12-09-at-22.38.06-scaled.jpeg\" \/>\n\t<meta property=\"og:image:width\" content=\"1920\" \/>\n\t<meta property=\"og:image:height\" content=\"2560\" \/>\n\t<meta property=\"og:image:type\" content=\"image\/jpeg\" \/>\n<meta name=\"twitter:card\" content=\"summary_large_image\" \/>\n<meta name=\"twitter:label1\" content=\"Tiempo de lectura\" \/>\n\t<meta name=\"twitter:data1\" content=\"3 minutos\" \/>\n<script type=\"application\/ld+json\" class=\"yoast-schema-graph\">{\"@context\":\"https:\/\/schema.org\",\"@graph\":[{\"@type\":\"WebPage\",\"@id\":\"https:\/\/soybelu.com\/index.php\/contacto\/\",\"url\":\"https:\/\/soybelu.com\/index.php\/contacto\/\",\"name\":\"Acerca de - soy belu\",\"isPartOf\":{\"@id\":\"https:\/\/soybelu.com\/#website\"},\"primaryImageOfPage\":{\"@id\":\"https:\/\/soybelu.com\/index.php\/contacto\/#primaryimage\"},\"image\":{\"@id\":\"https:\/\/soybelu.com\/index.php\/contacto\/#primaryimage\"},\"thumbnailUrl\":\"https:\/\/soybelu.com\/wp-content\/uploads\/2025\/12\/WhatsApp-Image-2025-12-09-at-22.38.06-scaled.jpeg\",\"datePublished\":\"2025-11-24T03:27:58+00:00\",\"dateModified\":\"2025-12-11T03:33:58+00:00\",\"breadcrumb\":{\"@id\":\"https:\/\/soybelu.com\/index.php\/contacto\/#breadcrumb\"},\"inLanguage\":\"es\",\"potentialAction\":[{\"@type\":\"ReadAction\",\"target\":[\"https:\/\/soybelu.com\/index.php\/contacto\/\"]}]},{\"@type\":\"ImageObject\",\"inLanguage\":\"es\",\"@id\":\"https:\/\/soybelu.com\/index.php\/contacto\/#primaryimage\",\"url\":\"https:\/\/soybelu.com\/wp-content\/uploads\/2025\/12\/WhatsApp-Image-2025-12-09-at-22.38.06-scaled.jpeg\",\"contentUrl\":\"https:\/\/soybelu.com\/wp-content\/uploads\/2025\/12\/WhatsApp-Image-2025-12-09-at-22.38.06-scaled.jpeg\",\"width\":1920,\"height\":2560},{\"@type\":\"BreadcrumbList\",\"@id\":\"https:\/\/soybelu.com\/index.php\/contacto\/#breadcrumb\",\"itemListElement\":[{\"@type\":\"ListItem\",\"position\":1,\"name\":\"Portada\",\"item\":\"https:\/\/soybelu.com\/\"},{\"@type\":\"ListItem\",\"position\":2,\"name\":\"Acerca de\"}]},{\"@type\":\"WebSite\",\"@id\":\"https:\/\/soybelu.com\/#website\",\"url\":\"https:\/\/soybelu.com\/\",\"name\":\"soy belu\",\"description\":\"soy belu\",\"publisher\":{\"@id\":\"https:\/\/soybelu.com\/#organization\"},\"potentialAction\":[{\"@type\":\"SearchAction\",\"target\":{\"@type\":\"EntryPoint\",\"urlTemplate\":\"https:\/\/soybelu.com\/?s={search_term_string}\"},\"query-input\":{\"@type\":\"PropertyValueSpecification\",\"valueRequired\":true,\"valueName\":\"search_term_string\"}}],\"inLanguage\":\"es\"},{\"@type\":\"Organization\",\"@id\":\"https:\/\/soybelu.com\/#organization\",\"name\":\"soy belu\",\"url\":\"https:\/\/soybelu.com\/\",\"logo\":{\"@type\":\"ImageObject\",\"inLanguage\":\"es\",\"@id\":\"https:\/\/soybelu.com\/#\/schema\/logo\/image\/\",\"url\":\"https:\/\/soybelu.com\/wp-content\/uploads\/2025\/12\/cropped-40403.png\",\"contentUrl\":\"https:\/\/soybelu.com\/wp-content\/uploads\/2025\/12\/cropped-40403.png\",\"width\":512,\"height\":512,\"caption\":\"soy belu\"},\"image\":{\"@id\":\"https:\/\/soybelu.com\/#\/schema\/logo\/image\/\"}}]}<\/script>\n<!-- \/ Yoast SEO plugin. -->","yoast_head_json":{"title":"Acerca de - soy belu","robots":{"index":"index","follow":"follow","max-snippet":"max-snippet:-1","max-image-preview":"max-image-preview:large","max-video-preview":"max-video-preview:-1"},"canonical":"https:\/\/soybelu.com\/index.php\/contacto\/","og_locale":"es_ES","og_type":"article","og_title":"Acerca de - soy belu","og_description":"Soy Belu, una estudiante de 21 a\u00f1os de la carrera de Comunicaci\u00f3n, con un enfoque din\u00e1mico en la creaci\u00f3n y narraci\u00f3n audiovisual.","og_url":"https:\/\/soybelu.com\/index.php\/contacto\/","og_site_name":"soy belu","article_modified_time":"2025-12-11T03:33:58+00:00","og_image":[{"width":1920,"height":2560,"url":"https:\/\/soybelu.com\/wp-content\/uploads\/2025\/12\/WhatsApp-Image-2025-12-09-at-22.38.06-scaled.jpeg","type":"image\/jpeg"}],"twitter_card":"summary_large_image","twitter_misc":{"Tiempo de lectura":"3 minutos"},"schema":{"@context":"https:\/\/schema.org","@graph":[{"@type":"WebPage","@id":"https:\/\/soybelu.com\/index.php\/contacto\/","url":"https:\/\/soybelu.com\/index.php\/contacto\/","name":"Acerca de - soy belu","isPartOf":{"@id":"https:\/\/soybelu.com\/#website"},"primaryImageOfPage":{"@id":"https:\/\/soybelu.com\/index.php\/contacto\/#primaryimage"},"image":{"@id":"https:\/\/soybelu.com\/index.php\/contacto\/#primaryimage"},"thumbnailUrl":"https:\/\/soybelu.com\/wp-content\/uploads\/2025\/12\/WhatsApp-Image-2025-12-09-at-22.38.06-scaled.jpeg","datePublished":"2025-11-24T03:27:58+00:00","dateModified":"2025-12-11T03:33:58+00:00","breadcrumb":{"@id":"https:\/\/soybelu.com\/index.php\/contacto\/#breadcrumb"},"inLanguage":"es","potentialAction":[{"@type":"ReadAction","target":["https:\/\/soybelu.com\/index.php\/contacto\/"]}]},{"@type":"ImageObject","inLanguage":"es","@id":"https:\/\/soybelu.com\/index.php\/contacto\/#primaryimage","url":"https:\/\/soybelu.com\/wp-content\/uploads\/2025\/12\/WhatsApp-Image-2025-12-09-at-22.38.06-scaled.jpeg","contentUrl":"https:\/\/soybelu.com\/wp-content\/uploads\/2025\/12\/WhatsApp-Image-2025-12-09-at-22.38.06-scaled.jpeg","width":1920,"height":2560},{"@type":"BreadcrumbList","@id":"https:\/\/soybelu.com\/index.php\/contacto\/#breadcrumb","itemListElement":[{"@type":"ListItem","position":1,"name":"Portada","item":"https:\/\/soybelu.com\/"},{"@type":"ListItem","position":2,"name":"Acerca de"}]},{"@type":"WebSite","@id":"https:\/\/soybelu.com\/#website","url":"https:\/\/soybelu.com\/","name":"soy belu","description":"soy belu","publisher":{"@id":"https:\/\/soybelu.com\/#organization"},"potentialAction":[{"@type":"SearchAction","target":{"@type":"EntryPoint","urlTemplate":"https:\/\/soybelu.com\/?s={search_term_string}"},"query-input":{"@type":"PropertyValueSpecification","valueRequired":true,"valueName":"search_term_string"}}],"inLanguage":"es"},{"@type":"Organization","@id":"https:\/\/soybelu.com\/#organization","name":"soy belu","url":"https:\/\/soybelu.com\/","logo":{"@type":"ImageObject","inLanguage":"es","@id":"https:\/\/soybelu.com\/#\/schema\/logo\/image\/","url":"https:\/\/soybelu.com\/wp-content\/uploads\/2025\/12\/cropped-40403.png","contentUrl":"https:\/\/soybelu.com\/wp-content\/uploads\/2025\/12\/cropped-40403.png","width":512,"height":512,"caption":"soy belu"},"image":{"@id":"https:\/\/soybelu.com\/#\/schema\/logo\/image\/"}}]}},"_links":{"self":[{"href":"https:\/\/soybelu.com\/index.php\/wp-json\/wp\/v2\/pages\/12","targetHints":{"allow":["GET"]}}],"collection":[{"href":"https:\/\/soybelu.com\/index.php\/wp-json\/wp\/v2\/pages"}],"about":[{"href":"https:\/\/soybelu.com\/index.php\/wp-json\/wp\/v2\/types\/page"}],"author":[{"embeddable":true,"href":"https:\/\/soybelu.com\/index.php\/wp-json\/wp\/v2\/users\/1"}],"replies":[{"embeddable":true,"href":"https:\/\/soybelu.com\/index.php\/wp-json\/wp\/v2\/comments?post=12"}],"version-history":[{"count":12,"href":"https:\/\/soybelu.com\/index.php\/wp-json\/wp\/v2\/pages\/12\/revisions"}],"predecessor-version":[{"id":248,"href":"https:\/\/soybelu.com\/index.php\/wp-json\/wp\/v2\/pages\/12\/revisions\/248"}],"wp:featuredmedia":[{"embeddable":true,"href":"https:\/\/soybelu.com\/index.php\/wp-json\/wp\/v2\/media\/122"}],"wp:attachment":[{"href":"https:\/\/soybelu.com\/index.php\/wp-json\/wp\/v2\/media?parent=12"}],"curies":[{"name":"wp","href":"https:\/\/api.w.org\/{rel}","templated":true}]}}