{"id":28,"date":"2025-12-01T09:01:09","date_gmt":"2025-12-01T14:01:09","guid":{"rendered":"https:\/\/soybelu.com\/index.php\/home\/"},"modified":"2025-12-10T22:32:50","modified_gmt":"2025-12-11T03:32:50","slug":"canto-coral-en-ecuador","status":"publish","type":"page","link":"https:\/\/soybelu.com\/","title":{"rendered":"Lo Maravilloso del Canto Coral"},"content":{"rendered":"\n<figure class=\"wp-block-gallery has-nested-images columns-default is-cropped wp-block-gallery-1 is-layout-flex wp-block-gallery-is-layout-flex\">\n<figure class=\"wp-block-image size-large\"><img loading=\"lazy\" decoding=\"async\" width=\"819\" height=\"1024\" data-id=\"245\" src=\"https:\/\/soybelu.com\/wp-content\/uploads\/2025\/12\/pexels-lucanardone-3784148-819x1024.jpg\" alt=\"\" class=\"wp-image-245\" srcset=\"https:\/\/soybelu.com\/wp-content\/uploads\/2025\/12\/pexels-lucanardone-3784148-819x1024.jpg 819w, https:\/\/soybelu.com\/wp-content\/uploads\/2025\/12\/pexels-lucanardone-3784148-240x300.jpg 240w, https:\/\/soybelu.com\/wp-content\/uploads\/2025\/12\/pexels-lucanardone-3784148-768x960.jpg 768w, https:\/\/soybelu.com\/wp-content\/uploads\/2025\/12\/pexels-lucanardone-3784148-1229x1536.jpg 1229w, https:\/\/soybelu.com\/wp-content\/uploads\/2025\/12\/pexels-lucanardone-3784148-1638x2048.jpg 1638w, https:\/\/soybelu.com\/wp-content\/uploads\/2025\/12\/pexels-lucanardone-3784148-scaled.jpg 2048w\" sizes=\"auto, (max-width: 819px) 100vw, 819px\" \/><\/figure>\n\n\n\n<figure class=\"wp-block-image size-large\"><img loading=\"lazy\" decoding=\"async\" width=\"1024\" height=\"683\" data-id=\"243\" src=\"https:\/\/soybelu.com\/wp-content\/uploads\/2025\/12\/pexels-meperdinaviagem-2064805-1024x683.jpg\" alt=\"\" class=\"wp-image-243\" srcset=\"https:\/\/soybelu.com\/wp-content\/uploads\/2025\/12\/pexels-meperdinaviagem-2064805-1024x683.jpg 1024w, https:\/\/soybelu.com\/wp-content\/uploads\/2025\/12\/pexels-meperdinaviagem-2064805-300x200.jpg 300w, https:\/\/soybelu.com\/wp-content\/uploads\/2025\/12\/pexels-meperdinaviagem-2064805-768x512.jpg 768w, https:\/\/soybelu.com\/wp-content\/uploads\/2025\/12\/pexels-meperdinaviagem-2064805-1536x1024.jpg 1536w, https:\/\/soybelu.com\/wp-content\/uploads\/2025\/12\/pexels-meperdinaviagem-2064805-2048x1365.jpg 2048w\" sizes=\"auto, (max-width: 1024px) 100vw, 1024px\" \/><\/figure>\n\n\n\n<figure class=\"wp-block-image size-large\"><img loading=\"lazy\" decoding=\"async\" width=\"683\" height=\"1024\" data-id=\"244\" src=\"https:\/\/soybelu.com\/wp-content\/uploads\/2025\/12\/pexels-cottonbro-5650697-683x1024.jpg\" alt=\"\" class=\"wp-image-244\" srcset=\"https:\/\/soybelu.com\/wp-content\/uploads\/2025\/12\/pexels-cottonbro-5650697-683x1024.jpg 683w, https:\/\/soybelu.com\/wp-content\/uploads\/2025\/12\/pexels-cottonbro-5650697-200x300.jpg 200w, https:\/\/soybelu.com\/wp-content\/uploads\/2025\/12\/pexels-cottonbro-5650697-768x1152.jpg 768w, https:\/\/soybelu.com\/wp-content\/uploads\/2025\/12\/pexels-cottonbro-5650697-1024x1536.jpg 1024w, https:\/\/soybelu.com\/wp-content\/uploads\/2025\/12\/pexels-cottonbro-5650697-1365x2048.jpg 1365w, https:\/\/soybelu.com\/wp-content\/uploads\/2025\/12\/pexels-cottonbro-5650697-scaled.jpg 1707w\" sizes=\"auto, (max-width: 683px) 100vw, 683px\" \/><\/figure>\n<\/figure>\n\n\n\n<p>Si deseas ampliar tus capacidades musicales, aqu\u00ed encontrar\u00e1s herramientas e historias que te enamorar\u00e1n del canto coral en Ecuador. Desde testimonios hasta an\u00e9cdotas de lo que se vive tras bambalinas podr\u00e1s adentrarte a lo que verdaderamente es el canto en comunidad.<\/p>\n\n\n\n<p>Pasemos por definir estos conceptos&#8230;<\/p>\n\n\n\n<p><strong><em>\u00bfQu\u00e9 es el Canto Coral?<\/em><\/strong><\/p>\n\n\n\n<div class=\"wp-block-group is-nowrap is-layout-flex wp-container-core-group-is-layout-ad2f72ca wp-block-group-is-layout-flex\">\n<figure class=\"wp-block-image size-large is-resized\"><img loading=\"lazy\" decoding=\"async\" width=\"1024\" height=\"576\" src=\"https:\/\/soybelu.com\/wp-content\/uploads\/2025\/12\/estrella-01-1024x576.png\" alt=\"\" class=\"wp-image-136\" style=\"aspect-ratio:1.778777752043146;width:59px;height:auto\" srcset=\"https:\/\/soybelu.com\/wp-content\/uploads\/2025\/12\/estrella-01-1024x576.png 1024w, https:\/\/soybelu.com\/wp-content\/uploads\/2025\/12\/estrella-01-300x169.png 300w, https:\/\/soybelu.com\/wp-content\/uploads\/2025\/12\/estrella-01-768x432.png 768w, https:\/\/soybelu.com\/wp-content\/uploads\/2025\/12\/estrella-01-1536x864.png 1536w, https:\/\/soybelu.com\/wp-content\/uploads\/2025\/12\/estrella-01-2048x1151.png 2048w, https:\/\/soybelu.com\/wp-content\/uploads\/2025\/12\/estrella-01-1210x680.png 1210w\" sizes=\"auto, (max-width: 1024px) 100vw, 1024px\" \/><\/figure>\n\n\n\n<p>Es una forma de canto, pero en comunidad, ya no es solitario, sino que cantamos en conjunto con otras voces. Estas voces se dividen en cuatro cuerdas principales:<\/p>\n<\/div>\n\n\n\n<figure class=\"wp-block-table\"><table class=\"has-fixed-layout\"><tbody><tr><td class=\"has-text-align-center\" data-align=\"center\"><strong><em>Sopranos<\/em><\/strong><\/td><td>De las voces femeninas son las m\u00e1s agudas, como un viol\u00edn.<\/td><\/tr><tr><td class=\"has-text-align-center\" data-align=\"center\"><strong><em>Contraltos<\/em><\/strong><\/td><td>De las voces femeninas son las m\u00e1s graves, como un clarinete.<\/td><\/tr><tr><td class=\"has-text-align-center\" data-align=\"center\"><strong><em>Tenores<\/em><\/strong><\/td><td>De las voces masculinas son las m\u00e1s agudas, como una trompeta.<\/td><\/tr><tr><td class=\"has-text-align-center\" data-align=\"center\"><strong><em>Bajos<\/em><\/strong><\/td><td>De las voces masculinas son los m\u00e1s graves, como los timbales.<\/td><\/tr><\/tbody><\/table><figcaption class=\"wp-element-caption\">En referencia al ejercicio musical de la Orquesta \u00ab<a href=\"https:\/\/youtu.be\/Ju_nvp8RXgo?si=ifZDYNBEXYO7qQmQ\">Bellas Melod\u00edas<\/a>\u00ab<\/figcaption><\/figure>\n","protected":false},"excerpt":{"rendered":"<p>\u00bfAlguna vez has imaginado cantar y tener las herramientas para hacerlo de manera divertida e interesante? Este es tu lugar<\/p>\n","protected":false},"author":1,"featured_media":77,"parent":0,"menu_order":0,"comment_status":"closed","ping_status":"closed","template":"","meta":{"footnotes":""},"class_list":["post-28","page","type-page","status-publish","has-post-thumbnail","hentry"],"yoast_head":"<!-- This site is optimized with the Yoast SEO plugin v26.7 - https:\/\/yoast.com\/wordpress\/plugins\/seo\/ -->\n<title>Lo Maravilloso del Canto Coral - soy belu<\/title>\n<meta name=\"description\" content=\"Si deseas ampliar tus capacidades musicales, aqu\u00ed encontrar\u00e1s herramientas e historias que te enamorar\u00e1n del canto coral en Ecuador\" \/>\n<meta name=\"robots\" content=\"index, follow, max-snippet:-1, max-image-preview:large, max-video-preview:-1\" \/>\n<link rel=\"canonical\" href=\"https:\/\/soybelu.com\/\" \/>\n<meta property=\"og:locale\" content=\"es_ES\" \/>\n<meta property=\"og:type\" content=\"article\" \/>\n<meta property=\"og:title\" content=\"Lo Maravilloso del Canto Coral - soy belu\" \/>\n<meta property=\"og:description\" content=\"Si deseas ampliar tus capacidades musicales, aqu\u00ed encontrar\u00e1s herramientas e historias que te enamorar\u00e1n del canto coral en Ecuador\" \/>\n<meta property=\"og:url\" content=\"https:\/\/soybelu.com\/\" \/>\n<meta property=\"og:site_name\" content=\"soy belu\" \/>\n<meta property=\"article:modified_time\" content=\"2025-12-11T03:32:50+00:00\" \/>\n<meta property=\"og:image\" content=\"https:\/\/soybelu.com\/wp-content\/uploads\/2025\/12\/pexels-thirdman-6193780-scaled.jpg\" \/>\n\t<meta property=\"og:image:width\" content=\"2560\" \/>\n\t<meta property=\"og:image:height\" content=\"1707\" \/>\n\t<meta property=\"og:image:type\" content=\"image\/jpeg\" \/>\n<meta name=\"twitter:card\" content=\"summary_large_image\" \/>\n<meta name=\"twitter:label1\" content=\"Tiempo de lectura\" \/>\n\t<meta name=\"twitter:data1\" content=\"2 minutos\" \/>\n<script type=\"application\/ld+json\" class=\"yoast-schema-graph\">{\"@context\":\"https:\/\/schema.org\",\"@graph\":[{\"@type\":\"WebPage\",\"@id\":\"https:\/\/soybelu.com\/\",\"url\":\"https:\/\/soybelu.com\/\",\"name\":\"Lo Maravilloso del Canto Coral - soy belu\",\"isPartOf\":{\"@id\":\"https:\/\/soybelu.com\/#website\"},\"primaryImageOfPage\":{\"@id\":\"https:\/\/soybelu.com\/#primaryimage\"},\"image\":{\"@id\":\"https:\/\/soybelu.com\/#primaryimage\"},\"thumbnailUrl\":\"https:\/\/soybelu.com\/wp-content\/uploads\/2025\/12\/pexels-thirdman-6193780-scaled.jpg\",\"datePublished\":\"2025-12-01T14:01:09+00:00\",\"dateModified\":\"2025-12-11T03:32:50+00:00\",\"description\":\"Si deseas ampliar tus capacidades musicales, aqu\u00ed encontrar\u00e1s herramientas e historias que te enamorar\u00e1n del canto coral en Ecuador\",\"breadcrumb\":{\"@id\":\"https:\/\/soybelu.com\/#breadcrumb\"},\"inLanguage\":\"es\",\"potentialAction\":[{\"@type\":\"ReadAction\",\"target\":[\"https:\/\/soybelu.com\/\"]}]},{\"@type\":\"ImageObject\",\"inLanguage\":\"es\",\"@id\":\"https:\/\/soybelu.com\/#primaryimage\",\"url\":\"https:\/\/soybelu.com\/wp-content\/uploads\/2025\/12\/pexels-thirdman-6193780-scaled.jpg\",\"contentUrl\":\"https:\/\/soybelu.com\/wp-content\/uploads\/2025\/12\/pexels-thirdman-6193780-scaled.jpg\",\"width\":2560,\"height\":1707,\"caption\":\"coro repasando sus partituras\"},{\"@type\":\"BreadcrumbList\",\"@id\":\"https:\/\/soybelu.com\/#breadcrumb\",\"itemListElement\":[{\"@type\":\"ListItem\",\"position\":1,\"name\":\"Portada\",\"item\":\"https:\/\/soybelu.com\/\"},{\"@type\":\"ListItem\",\"position\":2,\"name\":\"Lo Maravilloso del Canto Coral\"}]},{\"@type\":\"WebSite\",\"@id\":\"https:\/\/soybelu.com\/#website\",\"url\":\"https:\/\/soybelu.com\/\",\"name\":\"soy belu\",\"description\":\"soy belu\",\"publisher\":{\"@id\":\"https:\/\/soybelu.com\/#organization\"},\"potentialAction\":[{\"@type\":\"SearchAction\",\"target\":{\"@type\":\"EntryPoint\",\"urlTemplate\":\"https:\/\/soybelu.com\/?s={search_term_string}\"},\"query-input\":{\"@type\":\"PropertyValueSpecification\",\"valueRequired\":true,\"valueName\":\"search_term_string\"}}],\"inLanguage\":\"es\"},{\"@type\":\"Organization\",\"@id\":\"https:\/\/soybelu.com\/#organization\",\"name\":\"soy belu\",\"url\":\"https:\/\/soybelu.com\/\",\"logo\":{\"@type\":\"ImageObject\",\"inLanguage\":\"es\",\"@id\":\"https:\/\/soybelu.com\/#\/schema\/logo\/image\/\",\"url\":\"https:\/\/soybelu.com\/wp-content\/uploads\/2025\/12\/cropped-40403.png\",\"contentUrl\":\"https:\/\/soybelu.com\/wp-content\/uploads\/2025\/12\/cropped-40403.png\",\"width\":512,\"height\":512,\"caption\":\"soy belu\"},\"image\":{\"@id\":\"https:\/\/soybelu.com\/#\/schema\/logo\/image\/\"}}]}<\/script>\n<!-- \/ Yoast SEO plugin. -->","yoast_head_json":{"title":"Lo Maravilloso del Canto Coral - soy belu","description":"Si deseas ampliar tus capacidades musicales, aqu\u00ed encontrar\u00e1s herramientas e historias que te enamorar\u00e1n del canto coral en Ecuador","robots":{"index":"index","follow":"follow","max-snippet":"max-snippet:-1","max-image-preview":"max-image-preview:large","max-video-preview":"max-video-preview:-1"},"canonical":"https:\/\/soybelu.com\/","og_locale":"es_ES","og_type":"article","og_title":"Lo Maravilloso del Canto Coral - soy belu","og_description":"Si deseas ampliar tus capacidades musicales, aqu\u00ed encontrar\u00e1s herramientas e historias que te enamorar\u00e1n del canto coral en Ecuador","og_url":"https:\/\/soybelu.com\/","og_site_name":"soy belu","article_modified_time":"2025-12-11T03:32:50+00:00","og_image":[{"width":2560,"height":1707,"url":"https:\/\/soybelu.com\/wp-content\/uploads\/2025\/12\/pexels-thirdman-6193780-scaled.jpg","type":"image\/jpeg"}],"twitter_card":"summary_large_image","twitter_misc":{"Tiempo de lectura":"2 minutos"},"schema":{"@context":"https:\/\/schema.org","@graph":[{"@type":"WebPage","@id":"https:\/\/soybelu.com\/","url":"https:\/\/soybelu.com\/","name":"Lo Maravilloso del Canto Coral - soy belu","isPartOf":{"@id":"https:\/\/soybelu.com\/#website"},"primaryImageOfPage":{"@id":"https:\/\/soybelu.com\/#primaryimage"},"image":{"@id":"https:\/\/soybelu.com\/#primaryimage"},"thumbnailUrl":"https:\/\/soybelu.com\/wp-content\/uploads\/2025\/12\/pexels-thirdman-6193780-scaled.jpg","datePublished":"2025-12-01T14:01:09+00:00","dateModified":"2025-12-11T03:32:50+00:00","description":"Si deseas ampliar tus capacidades musicales, aqu\u00ed encontrar\u00e1s herramientas e historias que te enamorar\u00e1n del canto coral en Ecuador","breadcrumb":{"@id":"https:\/\/soybelu.com\/#breadcrumb"},"inLanguage":"es","potentialAction":[{"@type":"ReadAction","target":["https:\/\/soybelu.com\/"]}]},{"@type":"ImageObject","inLanguage":"es","@id":"https:\/\/soybelu.com\/#primaryimage","url":"https:\/\/soybelu.com\/wp-content\/uploads\/2025\/12\/pexels-thirdman-6193780-scaled.jpg","contentUrl":"https:\/\/soybelu.com\/wp-content\/uploads\/2025\/12\/pexels-thirdman-6193780-scaled.jpg","width":2560,"height":1707,"caption":"coro repasando sus partituras"},{"@type":"BreadcrumbList","@id":"https:\/\/soybelu.com\/#breadcrumb","itemListElement":[{"@type":"ListItem","position":1,"name":"Portada","item":"https:\/\/soybelu.com\/"},{"@type":"ListItem","position":2,"name":"Lo Maravilloso del Canto Coral"}]},{"@type":"WebSite","@id":"https:\/\/soybelu.com\/#website","url":"https:\/\/soybelu.com\/","name":"soy belu","description":"soy belu","publisher":{"@id":"https:\/\/soybelu.com\/#organization"},"potentialAction":[{"@type":"SearchAction","target":{"@type":"EntryPoint","urlTemplate":"https:\/\/soybelu.com\/?s={search_term_string}"},"query-input":{"@type":"PropertyValueSpecification","valueRequired":true,"valueName":"search_term_string"}}],"inLanguage":"es"},{"@type":"Organization","@id":"https:\/\/soybelu.com\/#organization","name":"soy belu","url":"https:\/\/soybelu.com\/","logo":{"@type":"ImageObject","inLanguage":"es","@id":"https:\/\/soybelu.com\/#\/schema\/logo\/image\/","url":"https:\/\/soybelu.com\/wp-content\/uploads\/2025\/12\/cropped-40403.png","contentUrl":"https:\/\/soybelu.com\/wp-content\/uploads\/2025\/12\/cropped-40403.png","width":512,"height":512,"caption":"soy belu"},"image":{"@id":"https:\/\/soybelu.com\/#\/schema\/logo\/image\/"}}]}},"_links":{"self":[{"href":"https:\/\/soybelu.com\/index.php\/wp-json\/wp\/v2\/pages\/28","targetHints":{"allow":["GET"]}}],"collection":[{"href":"https:\/\/soybelu.com\/index.php\/wp-json\/wp\/v2\/pages"}],"about":[{"href":"https:\/\/soybelu.com\/index.php\/wp-json\/wp\/v2\/types\/page"}],"author":[{"embeddable":true,"href":"https:\/\/soybelu.com\/index.php\/wp-json\/wp\/v2\/users\/1"}],"replies":[{"embeddable":true,"href":"https:\/\/soybelu.com\/index.php\/wp-json\/wp\/v2\/comments?post=28"}],"version-history":[{"count":6,"href":"https:\/\/soybelu.com\/index.php\/wp-json\/wp\/v2\/pages\/28\/revisions"}],"predecessor-version":[{"id":247,"href":"https:\/\/soybelu.com\/index.php\/wp-json\/wp\/v2\/pages\/28\/revisions\/247"}],"wp:featuredmedia":[{"embeddable":true,"href":"https:\/\/soybelu.com\/index.php\/wp-json\/wp\/v2\/media\/77"}],"wp:attachment":[{"href":"https:\/\/soybelu.com\/index.php\/wp-json\/wp\/v2\/media?parent=28"}],"curies":[{"name":"wp","href":"https:\/\/api.w.org\/{rel}","templated":true}]}}