{"id":423,"date":"2026-01-19T08:35:39","date_gmt":"2026-01-19T13:35:39","guid":{"rendered":"https:\/\/soybelu.com\/?page_id=423"},"modified":"2026-01-27T17:05:34","modified_gmt":"2026-01-27T22:05:34","slug":"las-voces-del-andes","status":"publish","type":"page","link":"https:\/\/soybelu.com\/index.php\/los-elementos-de-la-misa\/las-voces-del-andes\/","title":{"rendered":"Las voces de los Andes: el Altiplano de Chile"},"content":{"rendered":"\n<p>En la historia de la m\u00fasica chilena hay grupos que marcan \u00e9pocas, y luego est\u00e1&nbsp;<strong>Altiplano<\/strong>: una banda que no solo hizo canciones, sino que construy\u00f3 un&nbsp;<strong>sonido identitario<\/strong>, una geograf\u00eda hecha de voces, charangos y letras que hablaban de la tierra, la lucha y la gente. No fue solo un conjunto folcl\u00f3rico; fue un&nbsp;<strong>proyecto cultural y pol\u00edtico<\/strong>&nbsp;que reson\u00f3 profundamente en los a\u00f1os de la dictadura y la recuperaci\u00f3n de la democracia. Ellos son los autores de la grandiosa Misa Andina.<\/p>\n\n\n\n<h4 class=\"wp-block-heading\"><strong><em>\u00bfQui\u00e9nes forman?<\/em><\/strong><\/h4>\n\n\n\n<p>El grupo Altiplano se funda en 1976 por\u00a0<a href=\"http:\/\/musicaandina2011.blogspot.com\/2011\/12\/mauricio-vicencio.html\" target=\"_blank\" rel=\"noreferrer noopener\">Mauricio Vicencio<\/a>, Pancho Valdivia, Tany Cruz, Luis Leiva, Julio Araya y Sergio Arancibia.<br><\/p>\n\n\n\n<figure class=\"wp-block-gallery has-nested-images columns-default is-cropped wp-block-gallery-1 is-layout-flex wp-block-gallery-is-layout-flex\">\n<figure class=\"wp-block-image size-large is-resized\"><img loading=\"lazy\" decoding=\"async\" width=\"535\" height=\"720\" data-id=\"280\" src=\"https:\/\/soybelu.com\/wp-content\/uploads\/2026\/01\/0.jpg\" alt=\"\" class=\"wp-image-280\" style=\"width:234px;height:auto\" srcset=\"https:\/\/soybelu.com\/wp-content\/uploads\/2026\/01\/0.jpg 535w, https:\/\/soybelu.com\/wp-content\/uploads\/2026\/01\/0-223x300.jpg 223w\" sizes=\"auto, (max-width: 535px) 100vw, 535px\" \/><\/figure>\n\n\n\n<figure class=\"wp-block-image size-large\"><img loading=\"lazy\" decoding=\"async\" width=\"1020\" height=\"776\" data-id=\"281\" src=\"https:\/\/soybelu.com\/wp-content\/uploads\/2026\/01\/Altiplano-1981.jpg\" alt=\"\" class=\"wp-image-281\" srcset=\"https:\/\/soybelu.com\/wp-content\/uploads\/2026\/01\/Altiplano-1981.jpg 1020w, https:\/\/soybelu.com\/wp-content\/uploads\/2026\/01\/Altiplano-1981-300x228.jpg 300w, https:\/\/soybelu.com\/wp-content\/uploads\/2026\/01\/Altiplano-1981-768x584.jpg 768w\" sizes=\"auto, (max-width: 1020px) 100vw, 1020px\" \/><figcaption class=\"wp-element-caption\"><em><strong><a href=\"https:\/\/musicaandina2011.blogspot.com\/2011\/12\/mauricio-vicencio.html\">Fotos por Blog oficial M\u00fasica Andina<\/a><\/strong><\/em><\/figcaption><\/figure>\n<\/figure>\n\n\n<div class=\"wp-block-image\">\n<figure class=\"aligncenter size-full is-resized\"><img loading=\"lazy\" decoding=\"async\" width=\"640\" height=\"317\" src=\"https:\/\/soybelu.com\/wp-content\/uploads\/2026\/01\/10-1.jpg\" alt=\"\" class=\"wp-image-283\" style=\"width:470px;height:auto\" srcset=\"https:\/\/soybelu.com\/wp-content\/uploads\/2026\/01\/10-1.jpg 640w, https:\/\/soybelu.com\/wp-content\/uploads\/2026\/01\/10-1-300x149.jpg 300w\" sizes=\"auto, (max-width: 640px) 100vw, 640px\" \/><\/figure>\n<\/div>\n\n\n<p>Te invito a recorrer de un vistazo su trayectoria en esta&nbsp;<strong>l\u00ednea de tiempo interactiva<\/strong>&nbsp;que resume sus hitos clave:<\/p>\n\n\n\n<div style=\"width: 100%;\"><div style=\"position: relative; padding-bottom: 56.25%; padding-top: 0; height: 0;\"><iframe loading=\"lazy\" title=\"TIMELINE ALTIPLANO DE CHILE\" frameborder=\"0\" width=\"1200\" height=\"675\" style=\"position: absolute; top: 0; left: 0; width: 100%; height: 100%;\" src=\"https:\/\/view.genially.com\/696659f99d2710e0e7efe1e1\" type=\"text\/html\" allowscriptaccess=\"always\" allowfullscreen=\"true\" scrolling=\"yes\" allownetworking=\"all\"><\/iframe> <\/div> <\/div>\n\n\n\n<p>Su m\u00fasica est\u00e1 en plataformas como Spotify y YouTube. Te recomendamos empezar con los \u00e1lbumes&nbsp;<strong>\u00abAltiplano\u00bb (1987)<\/strong>&nbsp;y&nbsp;<strong>\u00abCanto a la Vida\u00bb (1990)<\/strong>, o con recopilatorios como&nbsp;<strong>\u00abGrandes Exitos\u00bb<\/strong>. Altiplano represent\u00f3 la&nbsp;<strong>resistencia cultural<\/strong>&nbsp;en un tiempo oscuro. Su m\u00fasica dio voz a los sin voz y llev\u00f3 la cultura andina a la ciudad, legitim\u00e1ndola como parte esencial de la identidad chilena. Hoy, sus discos son&nbsp;<strong>documentos hist\u00f3ricos<\/strong>&nbsp;y su sonido, un&nbsp;<strong>puente entre el pasado ancestral y el presente<\/strong>.<\/p>\n\n\n\n<div class=\"wp-block-buttons is-content-justification-center is-layout-flex wp-container-core-buttons-is-layout-16018d1d wp-block-buttons-is-layout-flex\">\n<div class=\"wp-block-button\"><a class=\"wp-block-button__link wp-element-button\" href=\"https:\/\/soybelu.com\/index.php\/los-elementos-de-la-misa\/los-instrumentos-sagrados-de-la-musica-andina\/\"><span class=\"wp-rich-text-font-awesome-icon wp-font-awesome-icon\"><svg aria-hidden=\"true\" focusable=\"false\" data-prefix=\"fas\" data-icon=\"guitar\" class=\"svg-inline--fa fa-guitar \" role=\"img\" xmlns=\"http:\/\/www.w3.org\/2000\/svg\" viewBox=\"0 0 512 512\"><path fill=\"currentColor\" d=\"M465 7c-9.4-9.4-24.6-9.4-33.9 0L383 55c-2.4 2.4-4.3 5.3-5.5 8.5l-15.4 41-77.5 77.6c-45.1-29.4-99.3-30.2-131 1.6-11 11-18 24.6-21.4 39.6-3.7 16.6-19.1 30.7-36.1 31.6-25.6 1.3-49.3 10.7-67.3 28.6-44.8 44.8-36.4 125.8 18.7 180.9S183.6 528 228.4 483.2c17.9-17.9 27.4-41.7 28.6-67.3 .9-17 15-32.3 31.6-36.1 15-3.4 28.6-10.5 39.6-21.4 31.8-31.8 31-85.9 1.6-131l77.6-77.6 41-15.4c3.2-1.2 6.1-3.1 8.5-5.5l48-48c9.4-9.4 9.4-24.6 0-33.9L465 7zM208 256a48 48 0 1 1 0 96 48 48 0 1 1 0-96z\"><\/path><\/svg><\/span> Los instrumentos de la M\u00fasica Andina<\/a><\/div>\n\n\n\n<div class=\"wp-block-button\"><a class=\"wp-block-button__link wp-element-button\" href=\"https:\/\/soybelu.com\/index.php\/los-elementos-de-la-misa\/detras-de-la-partitura-con-juan-carlos-velasco\/\"><span class=\"wp-rich-text-font-awesome-icon wp-font-awesome-icon\"><svg aria-hidden=\"true\" focusable=\"false\" data-prefix=\"fas\" data-icon=\"compact-disc\" class=\"svg-inline--fa fa-compact-disc \" role=\"img\" xmlns=\"http:\/\/www.w3.org\/2000\/svg\" viewBox=\"0 0 512 512\"><path fill=\"currentColor\" d=\"M0 256a256 256 0 1 1 512 0 256 256 0 1 1 -512 0zm256 32a32 32 0 1 1 0-64 32 32 0 1 1 0 64zm-96-32a96 96 0 1 0 192 0 96 96 0 1 0 -192 0zm-56-16c0-32.4 16.3-66.6 42.8-93.2S207.6 104 240 104c13.3 0 24-10.7 24-24s-10.7-24-24-24c-47.9 0-93.7 23.5-127.1 56.9S56 192.1 56 240c0 13.3 10.7 24 24 24s24-10.7 24-24z\"><\/path><\/svg><\/span> Detr\u00e1s de la partitura<\/a><\/div>\n\n\n\n<div class=\"wp-block-button\"><a class=\"wp-block-button__link wp-element-button\" href=\"https:\/\/soybelu.com\/index.php\/los-elementos-de-la-misa\/\"><span class=\"wp-rich-text-font-awesome-icon wp-font-awesome-icon\"><svg aria-hidden=\"true\" focusable=\"false\" data-prefix=\"fas\" data-icon=\"panorama\" class=\"svg-inline--fa fa-panorama \" role=\"img\" xmlns=\"http:\/\/www.w3.org\/2000\/svg\" viewBox=\"0 0 576 512\"><path fill=\"currentColor\" d=\"M43.9 48C19.7 48 0 67.7 0 91.9L0 420.1c0 24.3 19.7 43.9 43.9 43.9 5.5 0 10.7-1 15.7-2.9 12.9-4.9 103.4-37.1 228.4-37.1s215.5 32.3 228.4 37.1c5 1.9 10.2 2.9 15.7 2.9 24.3 0 43.9-19.7 43.9-43.9l0-328.2c0-24.3-19.7-43.9-43.9-43.9-5.5 0-10.7 1-15.7 2.9-12.9 4.9-103.4 37.1-228.4 37.1S72.5 55.7 59.6 50.9C54.6 49 49.4 48 43.9 48zM72 176a40 40 0 1 1 80 0 40 40 0 1 1 -80 0zm264.1-16c7.5 0 14.6 3.6 19.1 9.6L479.7 336.2c5.9 7.9 6.4 18.5 1.3 26.9s-14.8 12.8-24.5 11.1c-45.8-7.8-103.3-14.2-168.4-14.2-65.6 0-123.4 6.5-169.3 14.4-9.8 1.7-19.7-2.9-24.7-11.5s-4.3-19.4 1.9-27.2L165.3 249c4.6-5.7 11.5-9 18.7-9s14.2 3.3 18.7 9l27.5 34.4 86.7-113.9c4.6-6 11.7-9.5 19.2-9.5z\"><\/path><\/svg><\/span> Los elementos de la Misa Andina<\/a><\/div>\n<\/div>\n","protected":false},"excerpt":{"rendered":"<p>En la historia de la m\u00fasica chilena hay grupos que marcan \u00e9pocas, y luego est\u00e1 Altiplano: una banda que no solo hizo canciones, sino que construy\u00f3 un sonido identitarioque hablan de la tierra, la lucha y la gente. <\/p>\n","protected":false},"author":1,"featured_media":284,"parent":495,"menu_order":1,"comment_status":"closed","ping_status":"closed","template":"","meta":{"footnotes":""},"class_list":["post-423","page","type-page","status-publish","has-post-thumbnail","hentry"],"yoast_head":"<!-- This site is optimized with the Yoast SEO plugin v26.7 - https:\/\/yoast.com\/wordpress\/plugins\/seo\/ -->\n<title>Las voces de los Andes: el Altiplano de Chile - soy belu<\/title>\n<meta name=\"robots\" content=\"index, follow, max-snippet:-1, max-image-preview:large, max-video-preview:-1\" \/>\n<link rel=\"canonical\" href=\"https:\/\/soybelu.com\/index.php\/los-elementos-de-la-misa\/las-voces-del-andes\/\" \/>\n<meta property=\"og:locale\" content=\"es_ES\" \/>\n<meta property=\"og:type\" content=\"article\" \/>\n<meta property=\"og:title\" content=\"Las voces de los Andes: el Altiplano de Chile - soy belu\" \/>\n<meta property=\"og:description\" content=\"En la historia de la m\u00fasica chilena hay grupos que marcan \u00e9pocas, y luego est\u00e1 Altiplano: una banda que no solo hizo canciones, sino que construy\u00f3 un sonido identitarioque hablan de la tierra, la lucha y la gente.\" \/>\n<meta property=\"og:url\" content=\"https:\/\/soybelu.com\/index.php\/los-elementos-de-la-misa\/las-voces-del-andes\/\" \/>\n<meta property=\"og:site_name\" content=\"soy belu\" \/>\n<meta property=\"article:modified_time\" content=\"2026-01-27T22:05:34+00:00\" \/>\n<meta property=\"og:image\" content=\"https:\/\/soybelu.com\/wp-content\/uploads\/2026\/01\/misa-andina-fotor-2024042223544.jpg\" \/>\n\t<meta property=\"og:image:width\" content=\"1280\" \/>\n\t<meta property=\"og:image:height\" content=\"551\" \/>\n\t<meta property=\"og:image:type\" content=\"image\/jpeg\" \/>\n<meta name=\"twitter:card\" content=\"summary_large_image\" \/>\n<meta name=\"twitter:label1\" content=\"Tiempo de lectura\" \/>\n\t<meta name=\"twitter:data1\" content=\"2 minutos\" \/>\n<script type=\"application\/ld+json\" class=\"yoast-schema-graph\">{\"@context\":\"https:\/\/schema.org\",\"@graph\":[{\"@type\":\"WebPage\",\"@id\":\"https:\/\/soybelu.com\/index.php\/los-elementos-de-la-misa\/las-voces-del-andes\/\",\"url\":\"https:\/\/soybelu.com\/index.php\/los-elementos-de-la-misa\/las-voces-del-andes\/\",\"name\":\"Las voces de los Andes: el Altiplano de Chile - soy belu\",\"isPartOf\":{\"@id\":\"https:\/\/soybelu.com\/#website\"},\"primaryImageOfPage\":{\"@id\":\"https:\/\/soybelu.com\/index.php\/los-elementos-de-la-misa\/las-voces-del-andes\/#primaryimage\"},\"image\":{\"@id\":\"https:\/\/soybelu.com\/index.php\/los-elementos-de-la-misa\/las-voces-del-andes\/#primaryimage\"},\"thumbnailUrl\":\"https:\/\/soybelu.com\/wp-content\/uploads\/2026\/01\/misa-andina-fotor-2024042223544.jpg\",\"datePublished\":\"2026-01-19T13:35:39+00:00\",\"dateModified\":\"2026-01-27T22:05:34+00:00\",\"breadcrumb\":{\"@id\":\"https:\/\/soybelu.com\/index.php\/los-elementos-de-la-misa\/las-voces-del-andes\/#breadcrumb\"},\"inLanguage\":\"es\",\"potentialAction\":[{\"@type\":\"ReadAction\",\"target\":[\"https:\/\/soybelu.com\/index.php\/los-elementos-de-la-misa\/las-voces-del-andes\/\"]}]},{\"@type\":\"ImageObject\",\"inLanguage\":\"es\",\"@id\":\"https:\/\/soybelu.com\/index.php\/los-elementos-de-la-misa\/las-voces-del-andes\/#primaryimage\",\"url\":\"https:\/\/soybelu.com\/wp-content\/uploads\/2026\/01\/misa-andina-fotor-2024042223544.jpg\",\"contentUrl\":\"https:\/\/soybelu.com\/wp-content\/uploads\/2026\/01\/misa-andina-fotor-2024042223544.jpg\",\"width\":1280,\"height\":551},{\"@type\":\"BreadcrumbList\",\"@id\":\"https:\/\/soybelu.com\/index.php\/los-elementos-de-la-misa\/las-voces-del-andes\/#breadcrumb\",\"itemListElement\":[{\"@type\":\"ListItem\",\"position\":1,\"name\":\"Portada\",\"item\":\"https:\/\/soybelu.com\/\"},{\"@type\":\"ListItem\",\"position\":2,\"name\":\"Los elementos de la Misa\",\"item\":\"https:\/\/soybelu.com\/index.php\/los-elementos-de-la-misa\/\"},{\"@type\":\"ListItem\",\"position\":3,\"name\":\"Las voces de los Andes: el Altiplano de Chile\"}]},{\"@type\":\"WebSite\",\"@id\":\"https:\/\/soybelu.com\/#website\",\"url\":\"https:\/\/soybelu.com\/\",\"name\":\"soy belu\",\"description\":\"soy belu\",\"publisher\":{\"@id\":\"https:\/\/soybelu.com\/#organization\"},\"potentialAction\":[{\"@type\":\"SearchAction\",\"target\":{\"@type\":\"EntryPoint\",\"urlTemplate\":\"https:\/\/soybelu.com\/?s={search_term_string}\"},\"query-input\":{\"@type\":\"PropertyValueSpecification\",\"valueRequired\":true,\"valueName\":\"search_term_string\"}}],\"inLanguage\":\"es\"},{\"@type\":\"Organization\",\"@id\":\"https:\/\/soybelu.com\/#organization\",\"name\":\"soy belu\",\"url\":\"https:\/\/soybelu.com\/\",\"logo\":{\"@type\":\"ImageObject\",\"inLanguage\":\"es\",\"@id\":\"https:\/\/soybelu.com\/#\/schema\/logo\/image\/\",\"url\":\"https:\/\/soybelu.com\/wp-content\/uploads\/2025\/12\/cropped-40403.png\",\"contentUrl\":\"https:\/\/soybelu.com\/wp-content\/uploads\/2025\/12\/cropped-40403.png\",\"width\":512,\"height\":512,\"caption\":\"soy belu\"},\"image\":{\"@id\":\"https:\/\/soybelu.com\/#\/schema\/logo\/image\/\"}}]}<\/script>\n<!-- \/ Yoast SEO plugin. -->","yoast_head_json":{"title":"Las voces de los Andes: el Altiplano de Chile - soy belu","robots":{"index":"index","follow":"follow","max-snippet":"max-snippet:-1","max-image-preview":"max-image-preview:large","max-video-preview":"max-video-preview:-1"},"canonical":"https:\/\/soybelu.com\/index.php\/los-elementos-de-la-misa\/las-voces-del-andes\/","og_locale":"es_ES","og_type":"article","og_title":"Las voces de los Andes: el Altiplano de Chile - soy belu","og_description":"En la historia de la m\u00fasica chilena hay grupos que marcan \u00e9pocas, y luego est\u00e1 Altiplano: una banda que no solo hizo canciones, sino que construy\u00f3 un sonido identitarioque hablan de la tierra, la lucha y la gente.","og_url":"https:\/\/soybelu.com\/index.php\/los-elementos-de-la-misa\/las-voces-del-andes\/","og_site_name":"soy belu","article_modified_time":"2026-01-27T22:05:34+00:00","og_image":[{"width":1280,"height":551,"url":"https:\/\/soybelu.com\/wp-content\/uploads\/2026\/01\/misa-andina-fotor-2024042223544.jpg","type":"image\/jpeg"}],"twitter_card":"summary_large_image","twitter_misc":{"Tiempo de lectura":"2 minutos"},"schema":{"@context":"https:\/\/schema.org","@graph":[{"@type":"WebPage","@id":"https:\/\/soybelu.com\/index.php\/los-elementos-de-la-misa\/las-voces-del-andes\/","url":"https:\/\/soybelu.com\/index.php\/los-elementos-de-la-misa\/las-voces-del-andes\/","name":"Las voces de los Andes: el Altiplano de Chile - soy belu","isPartOf":{"@id":"https:\/\/soybelu.com\/#website"},"primaryImageOfPage":{"@id":"https:\/\/soybelu.com\/index.php\/los-elementos-de-la-misa\/las-voces-del-andes\/#primaryimage"},"image":{"@id":"https:\/\/soybelu.com\/index.php\/los-elementos-de-la-misa\/las-voces-del-andes\/#primaryimage"},"thumbnailUrl":"https:\/\/soybelu.com\/wp-content\/uploads\/2026\/01\/misa-andina-fotor-2024042223544.jpg","datePublished":"2026-01-19T13:35:39+00:00","dateModified":"2026-01-27T22:05:34+00:00","breadcrumb":{"@id":"https:\/\/soybelu.com\/index.php\/los-elementos-de-la-misa\/las-voces-del-andes\/#breadcrumb"},"inLanguage":"es","potentialAction":[{"@type":"ReadAction","target":["https:\/\/soybelu.com\/index.php\/los-elementos-de-la-misa\/las-voces-del-andes\/"]}]},{"@type":"ImageObject","inLanguage":"es","@id":"https:\/\/soybelu.com\/index.php\/los-elementos-de-la-misa\/las-voces-del-andes\/#primaryimage","url":"https:\/\/soybelu.com\/wp-content\/uploads\/2026\/01\/misa-andina-fotor-2024042223544.jpg","contentUrl":"https:\/\/soybelu.com\/wp-content\/uploads\/2026\/01\/misa-andina-fotor-2024042223544.jpg","width":1280,"height":551},{"@type":"BreadcrumbList","@id":"https:\/\/soybelu.com\/index.php\/los-elementos-de-la-misa\/las-voces-del-andes\/#breadcrumb","itemListElement":[{"@type":"ListItem","position":1,"name":"Portada","item":"https:\/\/soybelu.com\/"},{"@type":"ListItem","position":2,"name":"Los elementos de la Misa","item":"https:\/\/soybelu.com\/index.php\/los-elementos-de-la-misa\/"},{"@type":"ListItem","position":3,"name":"Las voces de los Andes: el Altiplano de Chile"}]},{"@type":"WebSite","@id":"https:\/\/soybelu.com\/#website","url":"https:\/\/soybelu.com\/","name":"soy belu","description":"soy belu","publisher":{"@id":"https:\/\/soybelu.com\/#organization"},"potentialAction":[{"@type":"SearchAction","target":{"@type":"EntryPoint","urlTemplate":"https:\/\/soybelu.com\/?s={search_term_string}"},"query-input":{"@type":"PropertyValueSpecification","valueRequired":true,"valueName":"search_term_string"}}],"inLanguage":"es"},{"@type":"Organization","@id":"https:\/\/soybelu.com\/#organization","name":"soy belu","url":"https:\/\/soybelu.com\/","logo":{"@type":"ImageObject","inLanguage":"es","@id":"https:\/\/soybelu.com\/#\/schema\/logo\/image\/","url":"https:\/\/soybelu.com\/wp-content\/uploads\/2025\/12\/cropped-40403.png","contentUrl":"https:\/\/soybelu.com\/wp-content\/uploads\/2025\/12\/cropped-40403.png","width":512,"height":512,"caption":"soy belu"},"image":{"@id":"https:\/\/soybelu.com\/#\/schema\/logo\/image\/"}}]}},"_links":{"self":[{"href":"https:\/\/soybelu.com\/index.php\/wp-json\/wp\/v2\/pages\/423","targetHints":{"allow":["GET"]}}],"collection":[{"href":"https:\/\/soybelu.com\/index.php\/wp-json\/wp\/v2\/pages"}],"about":[{"href":"https:\/\/soybelu.com\/index.php\/wp-json\/wp\/v2\/types\/page"}],"author":[{"embeddable":true,"href":"https:\/\/soybelu.com\/index.php\/wp-json\/wp\/v2\/users\/1"}],"replies":[{"embeddable":true,"href":"https:\/\/soybelu.com\/index.php\/wp-json\/wp\/v2\/comments?post=423"}],"version-history":[{"count":8,"href":"https:\/\/soybelu.com\/index.php\/wp-json\/wp\/v2\/pages\/423\/revisions"}],"predecessor-version":[{"id":656,"href":"https:\/\/soybelu.com\/index.php\/wp-json\/wp\/v2\/pages\/423\/revisions\/656"}],"up":[{"embeddable":true,"href":"https:\/\/soybelu.com\/index.php\/wp-json\/wp\/v2\/pages\/495"}],"wp:featuredmedia":[{"embeddable":true,"href":"https:\/\/soybelu.com\/index.php\/wp-json\/wp\/v2\/media\/284"}],"wp:attachment":[{"href":"https:\/\/soybelu.com\/index.php\/wp-json\/wp\/v2\/media?parent=423"}],"curies":[{"name":"wp","href":"https:\/\/api.w.org\/{rel}","templated":true}]}}