{"id":434,"date":"2026-01-20T21:21:31","date_gmt":"2026-01-21T02:21:31","guid":{"rendered":"https:\/\/soybelu.com\/?page_id=434"},"modified":"2026-01-22T15:00:00","modified_gmt":"2026-01-22T20:00:00","slug":"el-esqueleto-que-compone-la-misa-andina","status":"publish","type":"page","link":"https:\/\/soybelu.com\/index.php\/que-es-lo-andino\/el-esqueleto-que-compone-la-misa-andina\/","title":{"rendered":"El esqueleto que compone la Misa Andina"},"content":{"rendered":"\n<p>La <strong>Misa Andina<\/strong> no es solo una obra coral; es un di\u00e1logo t\u00e9cnico y espiritual. En su estructura, Mauricio Vicencio logra que el rigor de la m\u00fasica sacra conviva con la libertad de la m\u00fasica nacional andina. Al analizar sus partituras, encontramos una amalgama de ritmos como el <strong>sanjuan, el danzante y el yarav\u00ed<\/strong>, que sirven de base para las armon\u00edas corales.<\/p>\n\n\n\n<h4 class=\"wp-block-heading\"><strong><em>La Orquesta de la Misa Andina<\/em><\/strong><\/h4>\n\n\n\n<p>A diferencia de una misa tradicional, aqu\u00ed la orquesta se viste de madera y ca\u00f1a. Los elementos clave incluyen:<\/p>\n\n\n\n<ul class=\"wp-block-list\">\n<li><strong>Vientos:<\/strong> Quenas y zampo\u00f1as que llevan las melod\u00edas principales, evocando el viento de los Andes.<\/li>\n\n\n\n<li><strong>Cuerdas:<\/strong> El charango, con su brillo caracter\u00edstico, aporta la r\u00edtmica y el color folcl\u00f3rico.<\/li>\n\n\n\n<li><strong>Percusi\u00f3n:<\/strong> El bombo leg\u00fcero, que marca el latido del coraz\u00f3n de la obra.<\/li>\n<\/ul>\n\n\n\n<div class=\"wp-block-group is-nowrap is-layout-flex wp-container-core-group-is-layout-ad2f72ca wp-block-group-is-layout-flex\">\n<figure class=\"wp-block-embed is-type-video is-provider-youtube wp-block-embed-youtube wp-embed-aspect-4-3 wp-has-aspect-ratio\"><div class=\"wp-block-embed__wrapper\">\n<iframe loading=\"lazy\" title=\"Credo\" width=\"843\" height=\"632\" src=\"https:\/\/www.youtube.com\/embed\/cUAJ_JAKdOE?feature=oembed\" frameborder=\"0\" allow=\"accelerometer; autoplay; clipboard-write; encrypted-media; gyroscope; picture-in-picture; web-share\" referrerpolicy=\"strict-origin-when-cross-origin\" allowfullscreen><\/iframe>\n<\/div><\/figure>\n\n\n\n<figure class=\"wp-block-embed is-type-video is-provider-youtube wp-block-embed-youtube wp-embed-aspect-4-3 wp-has-aspect-ratio\"><div class=\"wp-block-embed__wrapper\">\n<iframe loading=\"lazy\" title=\"Santo\" width=\"843\" height=\"632\" src=\"https:\/\/www.youtube.com\/embed\/hSCryOaEciE?feature=oembed\" frameborder=\"0\" allow=\"accelerometer; autoplay; clipboard-write; encrypted-media; gyroscope; picture-in-picture; web-share\" referrerpolicy=\"strict-origin-when-cross-origin\" allowfullscreen><\/iframe>\n<\/div><\/figure>\n<\/div>\n\n\n<div class=\"wp-block-image\">\n<figure class=\"aligncenter size-full is-resized\"><img loading=\"lazy\" decoding=\"async\" width=\"452\" height=\"640\" src=\"https:\/\/soybelu.com\/wp-content\/uploads\/2026\/01\/01.-ENTRADA-MISA-ANDINA-Altiplano.jpg\" alt=\"\" class=\"wp-image-436\" style=\"aspect-ratio:0.7062511756222961;width:446px;height:auto\" srcset=\"https:\/\/soybelu.com\/wp-content\/uploads\/2026\/01\/01.-ENTRADA-MISA-ANDINA-Altiplano.jpg 452w, https:\/\/soybelu.com\/wp-content\/uploads\/2026\/01\/01.-ENTRADA-MISA-ANDINA-Altiplano-212x300.jpg 212w\" sizes=\"auto, (max-width: 452px) 100vw, 452px\" \/><figcaption class=\"wp-element-caption\">Sitio Web <a href=\"https:\/\/partiturasjosecorh.blogspot.com\/2023\/01\/entrada-de-misa-andina-altiplano.html\">JoseCor<\/a><\/figcaption><\/figure>\n<\/div>\n\n\n<p><strong>Dato Clave:<\/strong> El proceso de montaje incluye desde la primera lectura de la partitura hasta la concertaci\u00f3n final, donde los m\u00fasicos deben aprender a \u00abrespirar\u00bb al mismo ritmo que los instrumentos de viento. <\/p>\n\n\n\n<p>Ahora quiero hablarte de tres obras importantes, es muy importante que hagas click en los links para que escuches las obras&#8230; habr\u00e1 prueba.<\/p>\n\n\n\n<h4 class=\"wp-block-heading\"><strong><em>1. El Gloria: El j\u00fabilo del ritmo<\/em><\/strong><\/h4>\n\n\n\n<div class=\"wp-block-columns is-layout-flex wp-container-core-columns-is-layout-9d6595d7 wp-block-columns-is-layout-flex\">\n<div class=\"wp-block-column is-layout-flow wp-block-column-is-layout-flow\">\n<p>En la Misa Andina, el <a href=\"https:\/\/youtu.be\/3T94_Gm_GcQ?si=4WNPrsWcOanyPINd\"><strong>Gloria<\/strong> <\/a>entra en un estado de celebraci\u00f3n.<\/p>\n\n\n\n<ul class=\"wp-block-list\">\n<li><strong>Fusi\u00f3n r\u00edtmica:<\/strong> Suele interpretarse con la fuerza del <strong>Sanjuanito<\/strong> o el <strong>Danzante<\/strong>, ritmos que invitan al movimiento y al regocijo.<\/li>\n\n\n\n<li><strong>El rol de los instrumentos:<\/strong> Aqu\u00ed el <strong>charango<\/strong> y las <strong>zampo\u00f1as<\/strong> adquieren un protagonismo absoluto, marcando un pulso acelerado que simboliza la alabanza comunitaria.<\/li>\n\n\n\n<li><strong>Significado dual:<\/strong> Representa el encuentro entre el \u00abGloria in excelsis Deo\u00bb cat\u00f3lico y la alegr\u00eda de las fiestas de la cosecha andinas.<\/li>\n<\/ul>\n<\/div>\n\n\n\n<div class=\"wp-block-column is-layout-flow wp-block-column-is-layout-flow\">\n<figure class=\"wp-block-image size-full is-resized\"><img loading=\"lazy\" decoding=\"async\" width=\"1024\" height=\"1024\" src=\"https:\/\/soybelu.com\/wp-content\/uploads\/2026\/01\/Gemini_Generated_Image_lg03lnlg03lnlg03.png\" alt=\"\" class=\"wp-image-459\" style=\"width:387px;height:auto\" srcset=\"https:\/\/soybelu.com\/wp-content\/uploads\/2026\/01\/Gemini_Generated_Image_lg03lnlg03lnlg03.png 1024w, https:\/\/soybelu.com\/wp-content\/uploads\/2026\/01\/Gemini_Generated_Image_lg03lnlg03lnlg03-300x300.png 300w, https:\/\/soybelu.com\/wp-content\/uploads\/2026\/01\/Gemini_Generated_Image_lg03lnlg03lnlg03-150x150.png 150w, https:\/\/soybelu.com\/wp-content\/uploads\/2026\/01\/Gemini_Generated_Image_lg03lnlg03lnlg03-768x768.png 768w\" sizes=\"auto, (max-width: 1024px) 100vw, 1024px\" \/><figcaption class=\"wp-element-caption\"><strong><em>Imagen creada por IA Gemini<\/em><\/strong><\/figcaption><\/figure>\n<\/div>\n<\/div>\n\n\n\n<h4 class=\"wp-block-heading\"><strong><em>2. El Credo: La declaraci\u00f3n de identidad<\/em><\/strong><\/h4>\n\n\n\n<div class=\"wp-block-columns is-layout-flex wp-container-core-columns-is-layout-9d6595d7 wp-block-columns-is-layout-flex\">\n<div class=\"wp-block-column is-layout-flow wp-block-column-is-layout-flow\">\n<p>Es quiz\u00e1s la parte m\u00e1s compleja y extensa de la obra. El <a href=\"https:\/\/youtu.be\/cUAJ_JAKdOE?si=idGnX8-4wKLBQ_G8\"><strong>Credo <\/strong><\/a>donde se asientan las bases de la fe y la cultura.<\/p>\n\n\n\n<ul class=\"wp-block-list\">\n<li><strong>Estructura sonora:<\/strong> Se aleja de la monoton\u00eda del rezo para convertirse en una narraci\u00f3n \u00e9pica. Mauricio Vicencio utiliza aqu\u00ed <strong>armon\u00edas y melod\u00edas andinas<\/strong> que refuerzan la convicci\u00f3n de lo que se cree.<\/li>\n\n\n\n<li><strong>El desaf\u00edo coral:<\/strong> Para coros como el de la <strong>PUCE<\/strong>, el Credo representa un reto de <strong>entonaci\u00f3n y balance<\/strong>, ya que el texto es denso y debe fluir con la base r\u00edtmica de los instrumentos.<\/li>\n\n\n\n<li><strong>Instrumentaci\u00f3n:<\/strong> El <strong>bombo leg\u00fcero<\/strong> marca un latido constante, como un cimiento sobre el cual las voces masculinas y femeninas proclaman su verdad.<\/li>\n<\/ul>\n<\/div>\n\n\n\n<div class=\"wp-block-column is-layout-flow wp-block-column-is-layout-flow\">\n<figure class=\"wp-block-image size-full is-resized\"><img loading=\"lazy\" decoding=\"async\" width=\"1024\" height=\"1024\" src=\"https:\/\/soybelu.com\/wp-content\/uploads\/2026\/01\/Gemini_Generated_Image_6vuev66vuev66vue-1.png\" alt=\"\" class=\"wp-image-461\" style=\"width:388px;height:auto\" srcset=\"https:\/\/soybelu.com\/wp-content\/uploads\/2026\/01\/Gemini_Generated_Image_6vuev66vuev66vue-1.png 1024w, https:\/\/soybelu.com\/wp-content\/uploads\/2026\/01\/Gemini_Generated_Image_6vuev66vuev66vue-1-300x300.png 300w, https:\/\/soybelu.com\/wp-content\/uploads\/2026\/01\/Gemini_Generated_Image_6vuev66vuev66vue-1-150x150.png 150w, https:\/\/soybelu.com\/wp-content\/uploads\/2026\/01\/Gemini_Generated_Image_6vuev66vuev66vue-1-768x768.png 768w\" sizes=\"auto, (max-width: 1024px) 100vw, 1024px\" \/><figcaption class=\"wp-element-caption\"><strong><em>Imagen creada por IA Gemini<\/em><\/strong><\/figcaption><\/figure>\n<\/div>\n<\/div>\n\n\n\n<h4 class=\"wp-block-heading\"><strong><em>3. El Santo: La conexi\u00f3n con lo sagrado<\/em><\/strong><\/h4>\n\n\n\n<div class=\"wp-block-columns is-layout-flex wp-container-core-columns-is-layout-9d6595d7 wp-block-columns-is-layout-flex\">\n<div class=\"wp-block-column is-layout-flow wp-block-column-is-layout-flow\">\n<p>El <a href=\"https:\/\/youtu.be\/hSCryOaEciE?si=RPIAp-GhduehKm1T\"><strong>Santo<\/strong> <\/a>es el momento de mayor misticismo y elevaci\u00f3n espiritual en la obra.<\/p>\n\n\n\n<ul class=\"wp-block-list\">\n<li><strong>Atm\u00f3sfera sonora:<\/strong> En este pasaje, la instrumentaci\u00f3n suele volverse m\u00e1s et\u00e9rea. Las <strong>quenas<\/strong> imitan sonidos de la naturaleza, creando un puente entre la fe y la espiritualidad de la tierra.<\/li>\n\n\n\n<li><strong>Fusi\u00f3n estil\u00edstica:<\/strong> Se entrelazan los ritmos de <strong>Yarav\u00ed<\/strong> (m\u00e1s melanc\u00f3lico y profundo) con momentos de mayor intensidad, reflejando la \u00abmajestad\u00bb divina desde una perspectiva ind\u00edgena.<\/li>\n\n\n\n<li><strong>Interpretaci\u00f3n:<\/strong> Desde el punto de vista del director musical, este movimiento requiere un manejo delicado de la <strong>t\u00e9cnica vocal<\/strong> para transmitir tanto fragilidad como poder.<\/li>\n<\/ul>\n<\/div>\n\n\n\n<div class=\"wp-block-column is-layout-flow wp-block-column-is-layout-flow\">\n<figure class=\"wp-block-image size-full is-resized\"><img loading=\"lazy\" decoding=\"async\" width=\"1024\" height=\"1024\" src=\"https:\/\/soybelu.com\/wp-content\/uploads\/2026\/01\/Gemini_Generated_Image_f2e25pf2e25pf2e2.png\" alt=\"\" class=\"wp-image-462\" style=\"width:379px;height:auto\" srcset=\"https:\/\/soybelu.com\/wp-content\/uploads\/2026\/01\/Gemini_Generated_Image_f2e25pf2e25pf2e2.png 1024w, https:\/\/soybelu.com\/wp-content\/uploads\/2026\/01\/Gemini_Generated_Image_f2e25pf2e25pf2e2-300x300.png 300w, https:\/\/soybelu.com\/wp-content\/uploads\/2026\/01\/Gemini_Generated_Image_f2e25pf2e25pf2e2-150x150.png 150w, https:\/\/soybelu.com\/wp-content\/uploads\/2026\/01\/Gemini_Generated_Image_f2e25pf2e25pf2e2-768x768.png 768w\" sizes=\"auto, (max-width: 1024px) 100vw, 1024px\" \/><figcaption class=\"wp-element-caption\"><strong><em>Imagen creada por IA Gemini<\/em><\/strong><\/figcaption><\/figure>\n<\/div>\n<\/div>\n\n\n\n<h4 class=\"wp-block-heading\"><strong><em>\u00bfQu\u00e9 tanto conoces la letra?<\/em><\/strong><\/h4>\n\n\n\n<p>La l\u00edrica de la Misa Andina es un puente entre la fe cat\u00f3lica y la cosmovisi\u00f3n ind\u00edgena. \u00bfEres capaz de reconocer los versos que han unido a generaciones?<\/p>\n\n\n\n<div style=\"width: 100%;\"><div style=\"position: relative; padding-bottom: 56.25%; padding-top: 0; height: 0;\"><iframe loading=\"lazy\" title=\"\u00a1Completa la letra!\" frameborder=\"0\" width=\"1200\" height=\"675\" style=\"position: absolute; top: 0; left: 0; width: 100%; height: 100%;\" src=\"https:\/\/view.genially.com\/696e3900d58b0edec80936ab\" type=\"text\/html\" allowscriptaccess=\"always\" allowfullscreen=\"true\" scrolling=\"yes\" allownetworking=\"all\"><\/iframe> <\/div> <\/div>\n\n\n\n<div style=\"height:29px\" aria-hidden=\"true\" class=\"wp-block-spacer\"><\/div>\n\n\n\n<div class=\"wp-block-buttons is-content-justification-center is-layout-flex wp-container-core-buttons-is-layout-16018d1d wp-block-buttons-is-layout-flex\">\n<div class=\"wp-block-button\"><a class=\"wp-block-button__link wp-element-button\" href=\"https:\/\/soybelu.com\/index.php\/que-es-lo-andino\/un-dialogo-entre-la-tierra-y-el-cielo-la-misa-andina\/\"><span class=\"wp-rich-text-font-awesome-icon wp-font-awesome-icon\"><svg aria-hidden=\"true\" focusable=\"false\" data-prefix=\"fas\" data-icon=\"rainbow\" class=\"svg-inline--fa fa-rainbow \" role=\"img\" xmlns=\"http:\/\/www.w3.org\/2000\/svg\" viewBox=\"0 0 640 512\"><path fill=\"currentColor\" d=\"M320 96C178.6 96 64 210.6 64 352l0 64c0 17.7-14.3 32-32 32S0 433.7 0 416l0-64C0 175.3 143.3 32 320 32S640 175.3 640 352l0 64c0 17.7-14.3 32-32 32s-32-14.3-32-32l0-64C576 210.6 461.4 96 320 96zm0 112c-79.5 0-144 64.5-144 144l0 64c0 17.7-14.3 32-32 32s-32-14.3-32-32l0-64c0-114.9 93.1-208 208-208s208 93.1 208 208l0 64c0 17.7-14.3 32-32 32s-32-14.3-32-32l0-64c0-79.5-64.5-144-144-144zM288 352l0 64c0 17.7-14.3 32-32 32s-32-14.3-32-32l0-64c0-53 43-96 96-96s96 43 96 96l0 64c0 17.7-14.3 32-32 32s-32-14.3-32-32l0-64c0-17.7-14.3-32-32-32s-32 14.3-32 32z\"><\/path><\/svg><\/span> Un di\u00e1logo entre la tierra y el cielo<\/a><\/div>\n\n\n\n<div class=\"wp-block-button\"><a class=\"wp-block-button__link wp-element-button\" href=\"https:\/\/soybelu.com\/index.php\/que-es-lo-andino\/\"><span class=\"wp-rich-text-font-awesome-icon wp-font-awesome-icon\"><svg aria-hidden=\"true\" focusable=\"false\" data-prefix=\"fas\" data-icon=\"sun\" class=\"svg-inline--fa fa-sun \" role=\"img\" xmlns=\"http:\/\/www.w3.org\/2000\/svg\" viewBox=\"0 0 576 512\"><path fill=\"currentColor\" d=\"M178.2-10.1c7.4-3.1 15.8-2.2 22.5 2.2l87.8 58.2 87.8-58.2c6.7-4.4 15.1-5.2 22.5-2.2S411.4-.5 413 7.3l20.9 103.2 103.2 20.9c7.8 1.6 14.4 7 17.4 14.3s2.2 15.8-2.2 22.5l-58.2 87.8 58.2 87.8c4.4 6.7 5.2 15.1 2.2 22.5s-9.6 12.8-17.4 14.3L433.8 401.4 413 504.7c-1.6 7.8-7 14.4-14.3 17.4s-15.8 2.2-22.5-2.2l-87.8-58.2-87.8 58.2c-6.7 4.4-15.1 5.2-22.5 2.2s-12.8-9.6-14.3-17.4L143 401.4 39.7 380.5c-7.8-1.6-14.4-7-17.4-14.3s-2.2-15.8 2.2-22.5L82.7 256 24.5 168.2c-4.4-6.7-5.2-15.1-2.2-22.5s9.6-12.8 17.4-14.3L143 110.6 163.9 7.3c1.6-7.8 7-14.4 14.3-17.4zM207.6 256a80.4 80.4 0 1 1 160.8 0 80.4 80.4 0 1 1 -160.8 0zm208.8 0a128.4 128.4 0 1 0 -256.8 0 128.4 128.4 0 1 0 256.8 0z\"><\/path><\/svg><\/span> \u00bfQu\u00e9 es lo Andino?<\/a><\/div>\n\n\n\n<div class=\"wp-block-button\"><a class=\"wp-block-button__link wp-element-button\" href=\"https:\/\/soybelu.com\/index.php\/los-elementos-de-la-misa\/\"><span class=\"wp-rich-text-font-awesome-icon wp-font-awesome-icon\"><svg aria-hidden=\"true\" focusable=\"false\" data-prefix=\"fas\" data-icon=\"panorama\" class=\"svg-inline--fa fa-panorama \" role=\"img\" xmlns=\"http:\/\/www.w3.org\/2000\/svg\" viewBox=\"0 0 576 512\"><path fill=\"currentColor\" d=\"M43.9 48C19.7 48 0 67.7 0 91.9L0 420.1c0 24.3 19.7 43.9 43.9 43.9 5.5 0 10.7-1 15.7-2.9 12.9-4.9 103.4-37.1 228.4-37.1s215.5 32.3 228.4 37.1c5 1.9 10.2 2.9 15.7 2.9 24.3 0 43.9-19.7 43.9-43.9l0-328.2c0-24.3-19.7-43.9-43.9-43.9-5.5 0-10.7 1-15.7 2.9-12.9 4.9-103.4 37.1-228.4 37.1S72.5 55.7 59.6 50.9C54.6 49 49.4 48 43.9 48zM72 176a40 40 0 1 1 80 0 40 40 0 1 1 -80 0zm264.1-16c7.5 0 14.6 3.6 19.1 9.6L479.7 336.2c5.9 7.9 6.4 18.5 1.3 26.9s-14.8 12.8-24.5 11.1c-45.8-7.8-103.3-14.2-168.4-14.2-65.6 0-123.4 6.5-169.3 14.4-9.8 1.7-19.7-2.9-24.7-11.5s-4.3-19.4 1.9-27.2L165.3 249c4.6-5.7 11.5-9 18.7-9s14.2 3.3 18.7 9l27.5 34.4 86.7-113.9c4.6-6 11.7-9.5 19.2-9.5z\"><\/path><\/svg><\/span> Los elementos de la Misa<\/a><\/div>\n<\/div>\n","protected":false},"excerpt":{"rendered":"<p>Explora la arquitectura musical de la Misa Andina de Mauricio Vicencio. Un viaje desde el papel de la partitura hasta el sonido del charango, donde la liturgia se fusiona con el ritmo del sanjuanito y el danzante.<\/p>\n","protected":false},"author":1,"featured_media":146,"parent":470,"menu_order":3,"comment_status":"closed","ping_status":"closed","template":"","meta":{"footnotes":""},"class_list":["post-434","page","type-page","status-publish","has-post-thumbnail","hentry"],"yoast_head":"<!-- This site is optimized with the Yoast SEO plugin v26.7 - https:\/\/yoast.com\/wordpress\/plugins\/seo\/ -->\n<title>El esqueleto que compone la Misa Andina - soy belu<\/title>\n<meta name=\"robots\" content=\"index, follow, max-snippet:-1, max-image-preview:large, max-video-preview:-1\" \/>\n<link rel=\"canonical\" href=\"https:\/\/soybelu.com\/index.php\/que-es-lo-andino\/el-esqueleto-que-compone-la-misa-andina\/\" \/>\n<meta property=\"og:locale\" content=\"es_ES\" \/>\n<meta property=\"og:type\" content=\"article\" \/>\n<meta property=\"og:title\" content=\"El esqueleto que compone la Misa Andina - soy belu\" \/>\n<meta property=\"og:description\" content=\"Explora la arquitectura musical de la Misa Andina de Mauricio Vicencio. Un viaje desde el papel de la partitura hasta el sonido del charango, donde la liturgia se fusiona con el ritmo del sanjuanito y el danzante.\" \/>\n<meta property=\"og:url\" content=\"https:\/\/soybelu.com\/index.php\/que-es-lo-andino\/el-esqueleto-que-compone-la-misa-andina\/\" \/>\n<meta property=\"og:site_name\" content=\"soy belu\" \/>\n<meta property=\"article:modified_time\" content=\"2026-01-22T20:00:00+00:00\" \/>\n<meta property=\"og:image\" content=\"https:\/\/soybelu.com\/wp-content\/uploads\/2025\/12\/cropped-pexels-ian-panelo-3731014-scaled-1.jpg\" \/>\n\t<meta property=\"og:image:width\" content=\"1600\" \/>\n\t<meta property=\"og:image:height\" content=\"1068\" \/>\n\t<meta property=\"og:image:type\" content=\"image\/jpeg\" \/>\n<meta name=\"twitter:card\" content=\"summary_large_image\" \/>\n<meta name=\"twitter:label1\" content=\"Tiempo de lectura\" \/>\n\t<meta name=\"twitter:data1\" content=\"4 minutos\" \/>\n<script type=\"application\/ld+json\" class=\"yoast-schema-graph\">{\"@context\":\"https:\/\/schema.org\",\"@graph\":[{\"@type\":\"WebPage\",\"@id\":\"https:\/\/soybelu.com\/index.php\/que-es-lo-andino\/el-esqueleto-que-compone-la-misa-andina\/\",\"url\":\"https:\/\/soybelu.com\/index.php\/que-es-lo-andino\/el-esqueleto-que-compone-la-misa-andina\/\",\"name\":\"El esqueleto que compone la Misa Andina - soy belu\",\"isPartOf\":{\"@id\":\"https:\/\/soybelu.com\/#website\"},\"primaryImageOfPage\":{\"@id\":\"https:\/\/soybelu.com\/index.php\/que-es-lo-andino\/el-esqueleto-que-compone-la-misa-andina\/#primaryimage\"},\"image\":{\"@id\":\"https:\/\/soybelu.com\/index.php\/que-es-lo-andino\/el-esqueleto-que-compone-la-misa-andina\/#primaryimage\"},\"thumbnailUrl\":\"https:\/\/soybelu.com\/wp-content\/uploads\/2025\/12\/cropped-pexels-ian-panelo-3731014-scaled-1.jpg\",\"datePublished\":\"2026-01-21T02:21:31+00:00\",\"dateModified\":\"2026-01-22T20:00:00+00:00\",\"breadcrumb\":{\"@id\":\"https:\/\/soybelu.com\/index.php\/que-es-lo-andino\/el-esqueleto-que-compone-la-misa-andina\/#breadcrumb\"},\"inLanguage\":\"es\",\"potentialAction\":[{\"@type\":\"ReadAction\",\"target\":[\"https:\/\/soybelu.com\/index.php\/que-es-lo-andino\/el-esqueleto-que-compone-la-misa-andina\/\"]}]},{\"@type\":\"ImageObject\",\"inLanguage\":\"es\",\"@id\":\"https:\/\/soybelu.com\/index.php\/que-es-lo-andino\/el-esqueleto-que-compone-la-misa-andina\/#primaryimage\",\"url\":\"https:\/\/soybelu.com\/wp-content\/uploads\/2025\/12\/cropped-pexels-ian-panelo-3731014-scaled-1.jpg\",\"contentUrl\":\"https:\/\/soybelu.com\/wp-content\/uploads\/2025\/12\/cropped-pexels-ian-panelo-3731014-scaled-1.jpg\",\"width\":1600,\"height\":1068,\"caption\":\"partituras\"},{\"@type\":\"BreadcrumbList\",\"@id\":\"https:\/\/soybelu.com\/index.php\/que-es-lo-andino\/el-esqueleto-que-compone-la-misa-andina\/#breadcrumb\",\"itemListElement\":[{\"@type\":\"ListItem\",\"position\":1,\"name\":\"Portada\",\"item\":\"https:\/\/soybelu.com\/\"},{\"@type\":\"ListItem\",\"position\":2,\"name\":\"\u00bfQu\u00e9 es lo Andino?\",\"item\":\"https:\/\/soybelu.com\/index.php\/que-es-lo-andino\/\"},{\"@type\":\"ListItem\",\"position\":3,\"name\":\"El esqueleto que compone la Misa Andina\"}]},{\"@type\":\"WebSite\",\"@id\":\"https:\/\/soybelu.com\/#website\",\"url\":\"https:\/\/soybelu.com\/\",\"name\":\"soy belu\",\"description\":\"soy belu\",\"publisher\":{\"@id\":\"https:\/\/soybelu.com\/#organization\"},\"potentialAction\":[{\"@type\":\"SearchAction\",\"target\":{\"@type\":\"EntryPoint\",\"urlTemplate\":\"https:\/\/soybelu.com\/?s={search_term_string}\"},\"query-input\":{\"@type\":\"PropertyValueSpecification\",\"valueRequired\":true,\"valueName\":\"search_term_string\"}}],\"inLanguage\":\"es\"},{\"@type\":\"Organization\",\"@id\":\"https:\/\/soybelu.com\/#organization\",\"name\":\"soy belu\",\"url\":\"https:\/\/soybelu.com\/\",\"logo\":{\"@type\":\"ImageObject\",\"inLanguage\":\"es\",\"@id\":\"https:\/\/soybelu.com\/#\/schema\/logo\/image\/\",\"url\":\"https:\/\/soybelu.com\/wp-content\/uploads\/2025\/12\/cropped-40403.png\",\"contentUrl\":\"https:\/\/soybelu.com\/wp-content\/uploads\/2025\/12\/cropped-40403.png\",\"width\":512,\"height\":512,\"caption\":\"soy belu\"},\"image\":{\"@id\":\"https:\/\/soybelu.com\/#\/schema\/logo\/image\/\"}}]}<\/script>\n<!-- \/ Yoast SEO plugin. -->","yoast_head_json":{"title":"El esqueleto que compone la Misa Andina - soy belu","robots":{"index":"index","follow":"follow","max-snippet":"max-snippet:-1","max-image-preview":"max-image-preview:large","max-video-preview":"max-video-preview:-1"},"canonical":"https:\/\/soybelu.com\/index.php\/que-es-lo-andino\/el-esqueleto-que-compone-la-misa-andina\/","og_locale":"es_ES","og_type":"article","og_title":"El esqueleto que compone la Misa Andina - soy belu","og_description":"Explora la arquitectura musical de la Misa Andina de Mauricio Vicencio. Un viaje desde el papel de la partitura hasta el sonido del charango, donde la liturgia se fusiona con el ritmo del sanjuanito y el danzante.","og_url":"https:\/\/soybelu.com\/index.php\/que-es-lo-andino\/el-esqueleto-que-compone-la-misa-andina\/","og_site_name":"soy belu","article_modified_time":"2026-01-22T20:00:00+00:00","og_image":[{"width":1600,"height":1068,"url":"https:\/\/soybelu.com\/wp-content\/uploads\/2025\/12\/cropped-pexels-ian-panelo-3731014-scaled-1.jpg","type":"image\/jpeg"}],"twitter_card":"summary_large_image","twitter_misc":{"Tiempo de lectura":"4 minutos"},"schema":{"@context":"https:\/\/schema.org","@graph":[{"@type":"WebPage","@id":"https:\/\/soybelu.com\/index.php\/que-es-lo-andino\/el-esqueleto-que-compone-la-misa-andina\/","url":"https:\/\/soybelu.com\/index.php\/que-es-lo-andino\/el-esqueleto-que-compone-la-misa-andina\/","name":"El esqueleto que compone la Misa Andina - soy belu","isPartOf":{"@id":"https:\/\/soybelu.com\/#website"},"primaryImageOfPage":{"@id":"https:\/\/soybelu.com\/index.php\/que-es-lo-andino\/el-esqueleto-que-compone-la-misa-andina\/#primaryimage"},"image":{"@id":"https:\/\/soybelu.com\/index.php\/que-es-lo-andino\/el-esqueleto-que-compone-la-misa-andina\/#primaryimage"},"thumbnailUrl":"https:\/\/soybelu.com\/wp-content\/uploads\/2025\/12\/cropped-pexels-ian-panelo-3731014-scaled-1.jpg","datePublished":"2026-01-21T02:21:31+00:00","dateModified":"2026-01-22T20:00:00+00:00","breadcrumb":{"@id":"https:\/\/soybelu.com\/index.php\/que-es-lo-andino\/el-esqueleto-que-compone-la-misa-andina\/#breadcrumb"},"inLanguage":"es","potentialAction":[{"@type":"ReadAction","target":["https:\/\/soybelu.com\/index.php\/que-es-lo-andino\/el-esqueleto-que-compone-la-misa-andina\/"]}]},{"@type":"ImageObject","inLanguage":"es","@id":"https:\/\/soybelu.com\/index.php\/que-es-lo-andino\/el-esqueleto-que-compone-la-misa-andina\/#primaryimage","url":"https:\/\/soybelu.com\/wp-content\/uploads\/2025\/12\/cropped-pexels-ian-panelo-3731014-scaled-1.jpg","contentUrl":"https:\/\/soybelu.com\/wp-content\/uploads\/2025\/12\/cropped-pexels-ian-panelo-3731014-scaled-1.jpg","width":1600,"height":1068,"caption":"partituras"},{"@type":"BreadcrumbList","@id":"https:\/\/soybelu.com\/index.php\/que-es-lo-andino\/el-esqueleto-que-compone-la-misa-andina\/#breadcrumb","itemListElement":[{"@type":"ListItem","position":1,"name":"Portada","item":"https:\/\/soybelu.com\/"},{"@type":"ListItem","position":2,"name":"\u00bfQu\u00e9 es lo Andino?","item":"https:\/\/soybelu.com\/index.php\/que-es-lo-andino\/"},{"@type":"ListItem","position":3,"name":"El esqueleto que compone la Misa Andina"}]},{"@type":"WebSite","@id":"https:\/\/soybelu.com\/#website","url":"https:\/\/soybelu.com\/","name":"soy belu","description":"soy belu","publisher":{"@id":"https:\/\/soybelu.com\/#organization"},"potentialAction":[{"@type":"SearchAction","target":{"@type":"EntryPoint","urlTemplate":"https:\/\/soybelu.com\/?s={search_term_string}"},"query-input":{"@type":"PropertyValueSpecification","valueRequired":true,"valueName":"search_term_string"}}],"inLanguage":"es"},{"@type":"Organization","@id":"https:\/\/soybelu.com\/#organization","name":"soy belu","url":"https:\/\/soybelu.com\/","logo":{"@type":"ImageObject","inLanguage":"es","@id":"https:\/\/soybelu.com\/#\/schema\/logo\/image\/","url":"https:\/\/soybelu.com\/wp-content\/uploads\/2025\/12\/cropped-40403.png","contentUrl":"https:\/\/soybelu.com\/wp-content\/uploads\/2025\/12\/cropped-40403.png","width":512,"height":512,"caption":"soy belu"},"image":{"@id":"https:\/\/soybelu.com\/#\/schema\/logo\/image\/"}}]}},"_links":{"self":[{"href":"https:\/\/soybelu.com\/index.php\/wp-json\/wp\/v2\/pages\/434","targetHints":{"allow":["GET"]}}],"collection":[{"href":"https:\/\/soybelu.com\/index.php\/wp-json\/wp\/v2\/pages"}],"about":[{"href":"https:\/\/soybelu.com\/index.php\/wp-json\/wp\/v2\/types\/page"}],"author":[{"embeddable":true,"href":"https:\/\/soybelu.com\/index.php\/wp-json\/wp\/v2\/users\/1"}],"replies":[{"embeddable":true,"href":"https:\/\/soybelu.com\/index.php\/wp-json\/wp\/v2\/comments?post=434"}],"version-history":[{"count":7,"href":"https:\/\/soybelu.com\/index.php\/wp-json\/wp\/v2\/pages\/434\/revisions"}],"predecessor-version":[{"id":553,"href":"https:\/\/soybelu.com\/index.php\/wp-json\/wp\/v2\/pages\/434\/revisions\/553"}],"up":[{"embeddable":true,"href":"https:\/\/soybelu.com\/index.php\/wp-json\/wp\/v2\/pages\/470"}],"wp:featuredmedia":[{"embeddable":true,"href":"https:\/\/soybelu.com\/index.php\/wp-json\/wp\/v2\/media\/146"}],"wp:attachment":[{"href":"https:\/\/soybelu.com\/index.php\/wp-json\/wp\/v2\/media?parent=434"}],"curies":[{"name":"wp","href":"https:\/\/api.w.org\/{rel}","templated":true}]}}