{"id":441,"date":"2026-01-20T21:45:48","date_gmt":"2026-01-21T02:45:48","guid":{"rendered":"https:\/\/soybelu.com\/?page_id=441"},"modified":"2026-01-27T17:06:13","modified_gmt":"2026-01-27T22:06:13","slug":"detras-de-la-partitura-con-juan-carlos-velasco","status":"publish","type":"page","link":"https:\/\/soybelu.com\/index.php\/los-elementos-de-la-misa\/detras-de-la-partitura-con-juan-carlos-velasco\/","title":{"rendered":"Detr\u00e1s de la partitura con Juan Carlos Velasco"},"content":{"rendered":"\n<div class=\"wp-block-columns is-layout-flex wp-container-core-columns-is-layout-9d6595d7 wp-block-columns-is-layout-flex\">\n<div class=\"wp-block-column is-layout-flow wp-block-column-is-layout-flow\">\n<p>Llevar la <em>Misa Andina<\/em> del papel al escenario es mucho m\u00e1s que seguir una partitura; es un acto de traducci\u00f3n cultural. Para entender c\u00f3mo conviven la rigurosidad de la polifon\u00eda acad\u00e9mica con la libertad del ritmo ancestral, conversamos con <strong>Juan Carlos Velasco<\/strong>, director del <strong>Coro de la PUCE:<\/strong> \u00bfC\u00f3mo fue la primera vez que se le plante\u00f3 que el Coro participe en el festival de M\u00fasica Sacra? \u00bfC\u00f3mo reaccion\u00f3 el coro?<\/p>\n<\/div>\n\n\n\n<div class=\"wp-block-column is-layout-flow wp-block-column-is-layout-flow\">\n<figure class=\"wp-block-image size-full\"><img loading=\"lazy\" decoding=\"async\" width=\"800\" height=\"600\" src=\"https:\/\/soybelu.com\/wp-content\/uploads\/2025\/12\/Juan-Carlos-Velasco-premio-Pedro-Pablo-Traversari.jpg\" alt=\"\" class=\"wp-image-108\" srcset=\"https:\/\/soybelu.com\/wp-content\/uploads\/2025\/12\/Juan-Carlos-Velasco-premio-Pedro-Pablo-Traversari.jpg 800w, https:\/\/soybelu.com\/wp-content\/uploads\/2025\/12\/Juan-Carlos-Velasco-premio-Pedro-Pablo-Traversari-300x225.jpg 300w, https:\/\/soybelu.com\/wp-content\/uploads\/2025\/12\/Juan-Carlos-Velasco-premio-Pedro-Pablo-Traversari-768x576.jpg 768w\" sizes=\"auto, (max-width: 800px) 100vw, 800px\" \/><\/figure>\n<\/div>\n<\/div>\n\n\n\n<p><strong>P: \u00bfC\u00f3mo fue el primer encuentro entre el coro y los instrumentistas? \u00bfCost\u00f3 lograr que ambos grupos se entiendan y \u00abrespiren\u00bb juntos?<\/strong><\/p>\n\n\n\n<p><strong>R: <\/strong> Cuando hablamos de la Misa Andina de Mauricio Vicencio, la alegr\u00eda fue extrema por la calidad de la m\u00fasica de esa obra, y trabajamos fuertemente para estar a la altura de la misa y cuando ya lleg\u00f3 el d\u00eda de juntarnos con los instrumentistas nosotros estuvimos muy bien preparados que no result\u00f3 dif\u00edcil conectarnos con los dem\u00e1s m\u00fasicos, y despu\u00e9s ya solo se trata de ensayar y llegar a acuerdos m\u00ednimos en secciones que lo necesitaban.<\/p>\n\n\n\n<p><strong>P:<\/strong> <strong>\u00bfCu\u00e1l es el principal desaf\u00edo al dirigir un coro que debe mezclar la t\u00e9cnica acad\u00e9mica con la soltura de ritmos como el sanjuanito o el danzante?<\/strong><\/p>\n\n\n\n<p><strong>R:<\/strong> Si el trabajo de preparaci\u00f3n musical en las agrupaciones corales est\u00e1 bien encaminado, se logra la interpretaci\u00f3n de diferentes estilos musicales con la coherencia t\u00e9cnica y concepto que dichos estilos lo requieren, y en nuestro caso logramos interpretar la m\u00fasica acad\u00e9mica con el rigor necesario y a la vez mantuvimos lo esencial de los ritmos populares y estilos de m\u00fasica andina.<\/p>\n\n\n\n<p><strong>P:<\/strong> <strong>\u00bfC\u00f3mo trabaj\u00f3 el balance sonoro para que las voces no cubran a instrumentos tan sutiles y org\u00e1nicos como la quena o el charango?<\/strong><\/p>\n\n\n\n<p><strong>R:<\/strong> Tuvimos que afrontar dos momentos muy diferentes, el primero fue los ensayos sin equipo de sonido, en donde siempre el coro tuvo mas sonoridad que los instrumentos y eso result\u00f3 muy bueno para la concepci\u00f3n de la obra; y segundo fueron los conciertos con toda la infraestructura de sonido, en donde los instrumentos superaron por mucho el balance de volumen respecto al coro, as\u00ed que ah\u00ed debimos solventar con m\u00e1s esfuerzo y t\u00e9cnica vocal el equilibrio necesario entre voces e instrumentos de la obra.<\/p>\n\n\n\n<p><strong>P: Al revisar la partitura, \u00bfen qu\u00e9 momentos se nota m\u00e1s esa conversaci\u00f3n entre la estructura r\u00edgida de la misa y la libertad de la m\u00fasica andina?<\/strong><\/p>\n\n\n\n<p><strong>R:<\/strong> Debo ser honesto y decir que la Misa Andina propone un di\u00e1logo natural permanente y equilibrado entre lo que son los ritmos andinos y lo acad\u00e9mico de la composici\u00f3n, de hecho, la parte coral es el componente acad\u00e9mico que se suma a la obra, y lo instrumental es una identidad musical bastante trabajada y \u00fanica, que el grupo Altiplano de Chile mantiene a trav\u00e9s de las composiciones de su director Mauricio Vicencio. Desde el concepto musical de Mauricio, la estructura de la misa no llega a ser r\u00edgida u ortodoxa, por el contrario, la estructura de la misa se enriquece con toda la din\u00e1mica musical propuesta por el compositor.<\/p>\n\n\n\n<figure class=\"wp-block-gallery has-nested-images columns-default is-cropped wp-block-gallery-1 is-layout-flex wp-block-gallery-is-layout-flex\">\n<figure class=\"wp-block-image size-large is-resized\"><img loading=\"lazy\" decoding=\"async\" width=\"1024\" height=\"768\" data-id=\"579\" src=\"https:\/\/soybelu.com\/wp-content\/uploads\/2026\/01\/WhatsApp-Image-2026-01-20-at-21.44.53-1-1024x768.jpeg\" alt=\"\" class=\"wp-image-579\" style=\"width:428px;height:auto\" srcset=\"https:\/\/soybelu.com\/wp-content\/uploads\/2026\/01\/WhatsApp-Image-2026-01-20-at-21.44.53-1-1024x768.jpeg 1024w, https:\/\/soybelu.com\/wp-content\/uploads\/2026\/01\/WhatsApp-Image-2026-01-20-at-21.44.53-1-300x225.jpeg 300w, https:\/\/soybelu.com\/wp-content\/uploads\/2026\/01\/WhatsApp-Image-2026-01-20-at-21.44.53-1-768x576.jpeg 768w, https:\/\/soybelu.com\/wp-content\/uploads\/2026\/01\/WhatsApp-Image-2026-01-20-at-21.44.53-1-1536x1152.jpeg 1536w, https:\/\/soybelu.com\/wp-content\/uploads\/2026\/01\/WhatsApp-Image-2026-01-20-at-21.44.53-1-2048x1536.jpeg 2048w\" sizes=\"auto, (max-width: 1024px) 100vw, 1024px\" \/><\/figure>\n\n\n\n<figure class=\"wp-block-image size-large is-resized\"><img loading=\"lazy\" decoding=\"async\" width=\"1024\" height=\"768\" data-id=\"578\" src=\"https:\/\/soybelu.com\/wp-content\/uploads\/2026\/01\/WhatsApp-Image-2026-01-21-at-20.21.08-1024x768.jpeg\" alt=\"\" class=\"wp-image-578\" style=\"width:432px;height:auto\" srcset=\"https:\/\/soybelu.com\/wp-content\/uploads\/2026\/01\/WhatsApp-Image-2026-01-21-at-20.21.08-1024x768.jpeg 1024w, https:\/\/soybelu.com\/wp-content\/uploads\/2026\/01\/WhatsApp-Image-2026-01-21-at-20.21.08-300x225.jpeg 300w, https:\/\/soybelu.com\/wp-content\/uploads\/2026\/01\/WhatsApp-Image-2026-01-21-at-20.21.08-768x576.jpeg 768w, https:\/\/soybelu.com\/wp-content\/uploads\/2026\/01\/WhatsApp-Image-2026-01-21-at-20.21.08-1536x1152.jpeg 1536w, https:\/\/soybelu.com\/wp-content\/uploads\/2026\/01\/WhatsApp-Image-2026-01-21-at-20.21.08-2048x1536.jpeg 2048w\" sizes=\"auto, (max-width: 1024px) 100vw, 1024px\" \/><figcaption class=\"wp-element-caption\"><strong><em>Presentaci\u00f3n en el Festival de M\u00fasica Sacra<\/em><\/strong><\/figcaption><\/figure>\n<\/figure>\n\n\n\n<p><strong>P:<\/strong> <strong>\u00bfQu\u00e9 le pide a los coristas para que su interpretaci\u00f3n suene aut\u00e9ntica y conectada con el estilo andino, m\u00e1s all\u00e1 de simplemente leer las notas?<\/strong><\/p>\n\n\n\n<p><strong>R:<\/strong> Estoy consciente de quienes conforman los coros que dirijo, es decir que me fijo en la procedencia, cultura general, formaci\u00f3n, influencias culturales que nutren a cada integrante, y con ese antecedente, intento que el lenguaje musical con el que propongo el trabajo sea lo m\u00e1s accesible, f\u00e1cil de entender y natural posible; por lo que estoy absolutamente seguro que la m\u00fasica andina nos atraviesa a todos los que habitamos en esta parte del planeta y que en alg\u00fan punto de nuestra vida la escuchamos y la asociamos a nuestra cotidianidad de diversas formas. Entonces solo tengo que abrir el espacio para que la memoria de cada integrante traiga a escena la natural influencia de la m\u00fasica andina ejerce en nuestras vidas.<\/p>\n\n\n\n<p><strong>P:<\/strong> <strong>\u00bfCu\u00e1les son los elementos importantes que lo ayudan\/ayudaron a dirigir al coro y conectarse con el Altiplano?<\/strong><\/p>\n\n\n\n<p><strong>R:<\/strong> Mi total admiraci\u00f3n y respeto que tengo hacia el trabajo de Altiplano de Chile desde hace 42 a\u00f1os, es la llave para disfrutar y deleitarme de su m\u00fasica, y esa es la conexi\u00f3n necesaria para afrontar la direcci\u00f3n de la obra.<\/p>\n\n\n\n<p><strong>P:<\/strong> <strong>Si tuvi\u00e9ramos que resumir el montaje, \u00bfc\u00f3mo es el camino desde la primera lectura del papel hasta que la obra est\u00e1 lista para el escenario?<\/strong><\/p>\n\n\n\n<p><strong>R: <\/strong>La planificaci\u00f3n del trabajo es la clave, se requiere del tiempo necesario para escuchar, aprender, adaptarse t\u00e9cnicamente e interpretar la obra, sin el tiempo necesario, nuestro coro no lograr\u00eda cantar mucho y menos esta obra, as\u00ed que es vital ser consciente de las posibilidades reales del coro y seg\u00fan eso aceptar o no los proyectos musicales que nos llegan. En el caso de la misa logramos reunir todos los elementos fundamentales para que la planificaci\u00f3n propuesta se hiciera realidad.<\/p>\n\n\n\n<p><strong>P:<\/strong> <strong>\u00bfQu\u00e9 parte de la Misa suele ser la m\u00e1s complicada de pulir en los ensayos, ya sea por la complejidad del ritmo o la afinaci\u00f3n?<\/strong><\/p>\n\n\n\n<p><strong>R:<\/strong> Definitivamente la parte t\u00e9cnico vocal es lo m\u00e1s complejo de resolver porque los integrantes del coro nos son cantantes profesionales y eso si afecta en el resultado musical que se busca, entonces no se puede interpretar la obra con la referencia de la m\u00fasica cl\u00e1sica, y por el contrario proponemos una adaptaci\u00f3n sonora de acuerdo a las posibilidades del coro, y logramos un gran resultado que fue honesto y guard\u00f3 la coherencia y respeto hacia la m\u00fasica de la obra.<\/p>\n\n\n\n<p><strong>P: \u00bfQu\u00e9 energ\u00eda distinta aporta un coro universitario como el de la PUCE al interpretar esta obra en comparaci\u00f3n con un coro profesional?<\/strong><\/p>\n\n\n\n<p><strong>R:<\/strong> Tengo dos perspectivas para esta respuesta: la primera es la percepci\u00f3n de los integrantes de Altiplano que en todo el proceso confiaron en el trabajo del coro y por sobre todo de la vital energ\u00eda del coro, esto nos lo compartieron durante todo el proceso. y la otra perspectiva es la m\u00eda, en donde aseguro siempre que hacer m\u00fasica con el coro Puce es un disfrute total y permanente, la fuerza y energ\u00eda que alcanzan las interpretaciones del coro son \u00fanicas, honestas y sin pretensiones ajenas al respeto y reverencia que la m\u00fasica del mundo requiere, es genial escuchar al coro, y eso el p\u00fablico lo valora mucho.<\/p>\n\n\n\n<p><strong>P: \u00bfPor qu\u00e9 cree que la Misa Andina de Mauricio Vicencio sigue conectando tanto con el p\u00fablico y los m\u00fasicos despu\u00e9s de tantos a\u00f1os?<\/strong><\/p>\n\n\n\n<p><strong>R: <\/strong>Cuando las composiciones musicales guardan los elementos t\u00e9cnicos y el concepto claro de procedencia, entorno, historia e identidad, perduran en el tiempo y logran conectar con el p\u00fablico que escucha sin importar el lapso de tiempo que haya transcurrido desde que esas obras fueron compuestas; y para mi la Misa Andina re\u00fane todos estos elementos, lo que la hace una obra de estudio e interpretaci\u00f3n para los coros del mundo.<\/p>\n\n\n\n<div class=\"wp-block-buttons is-content-justification-center is-layout-flex wp-container-core-buttons-is-layout-16018d1d wp-block-buttons-is-layout-flex\">\n<div class=\"wp-block-button\"><a class=\"wp-block-button__link wp-element-button\" href=\"https:\/\/soybelu.com\/index.php\/el-latido-del-ensayo-como-se-prepara-la-misa\/\"><span class=\"wp-rich-text-font-awesome-icon wp-font-awesome-icon\"><svg aria-hidden=\"true\" focusable=\"false\" data-prefix=\"fas\" data-icon=\"book-open\" class=\"svg-inline--fa fa-book-open \" role=\"img\" xmlns=\"http:\/\/www.w3.org\/2000\/svg\" viewBox=\"0 0 512 512\"><path fill=\"currentColor\" d=\"M256 141.3l0 309.3 .5-.2C311.1 427.7 369.7 416 428.8 416l19.2 0 0-320-19.2 0c-42.2 0-84.1 8.4-123.1 24.6-16.8 7-33.4 13.9-49.7 20.7zM230.9 61.5L256 72 281.1 61.5C327.9 42 378.1 32 428.8 32L464 32c26.5 0 48 21.5 48 48l0 352c0 26.5-21.5 48-48 48l-35.2 0c-50.7 0-100.9 10-147.7 29.5l-12.8 5.3c-7.9 3.3-16.7 3.3-24.6 0l-12.8-5.3C184.1 490 133.9 480 83.2 480L48 480c-26.5 0-48-21.5-48-48L0 80C0 53.5 21.5 32 48 32l35.2 0c50.7 0 100.9 10 147.7 29.5z\"><\/path><\/svg><\/span> \u00bfC\u00f3mo se prepara la Misa?<\/a><\/div>\n\n\n\n<div class=\"wp-block-button\"><a class=\"wp-block-button__link wp-element-button\" href=\"https:\/\/soybelu.com\/index.php\/los-elementos-de-la-misa\/los-instrumentos-sagrados-de-la-musica-andina\/\"><span class=\"wp-rich-text-font-awesome-icon wp-font-awesome-icon\"><svg aria-hidden=\"true\" focusable=\"false\" data-prefix=\"fas\" data-icon=\"guitar\" class=\"svg-inline--fa fa-guitar \" role=\"img\" xmlns=\"http:\/\/www.w3.org\/2000\/svg\" viewBox=\"0 0 512 512\"><path fill=\"currentColor\" d=\"M465 7c-9.4-9.4-24.6-9.4-33.9 0L383 55c-2.4 2.4-4.3 5.3-5.5 8.5l-15.4 41-77.5 77.6c-45.1-29.4-99.3-30.2-131 1.6-11 11-18 24.6-21.4 39.6-3.7 16.6-19.1 30.7-36.1 31.6-25.6 1.3-49.3 10.7-67.3 28.6-44.8 44.8-36.4 125.8 18.7 180.9S183.6 528 228.4 483.2c17.9-17.9 27.4-41.7 28.6-67.3 .9-17 15-32.3 31.6-36.1 15-3.4 28.6-10.5 39.6-21.4 31.8-31.8 31-85.9 1.6-131l77.6-77.6 41-15.4c3.2-1.2 6.1-3.1 8.5-5.5l48-48c9.4-9.4 9.4-24.6 0-33.9L465 7zM208 256a48 48 0 1 1 0 96 48 48 0 1 1 0-96z\"><\/path><\/svg><\/span> Los instrumentos de la M\u00fasica Andina<\/a><\/div>\n\n\n\n<div class=\"wp-block-button\"><a class=\"wp-block-button__link wp-element-button\" href=\"https:\/\/soybelu.com\/index.php\/los-elementos-de-la-misa\/\"><span class=\"wp-rich-text-font-awesome-icon wp-font-awesome-icon\"><svg aria-hidden=\"true\" focusable=\"false\" data-prefix=\"fas\" data-icon=\"panorama\" class=\"svg-inline--fa fa-panorama \" role=\"img\" xmlns=\"http:\/\/www.w3.org\/2000\/svg\" viewBox=\"0 0 576 512\"><path fill=\"currentColor\" d=\"M43.9 48C19.7 48 0 67.7 0 91.9L0 420.1c0 24.3 19.7 43.9 43.9 43.9 5.5 0 10.7-1 15.7-2.9 12.9-4.9 103.4-37.1 228.4-37.1s215.5 32.3 228.4 37.1c5 1.9 10.2 2.9 15.7 2.9 24.3 0 43.9-19.7 43.9-43.9l0-328.2c0-24.3-19.7-43.9-43.9-43.9-5.5 0-10.7 1-15.7 2.9-12.9 4.9-103.4 37.1-228.4 37.1S72.5 55.7 59.6 50.9C54.6 49 49.4 48 43.9 48zM72 176a40 40 0 1 1 80 0 40 40 0 1 1 -80 0zm264.1-16c7.5 0 14.6 3.6 19.1 9.6L479.7 336.2c5.9 7.9 6.4 18.5 1.3 26.9s-14.8 12.8-24.5 11.1c-45.8-7.8-103.3-14.2-168.4-14.2-65.6 0-123.4 6.5-169.3 14.4-9.8 1.7-19.7-2.9-24.7-11.5s-4.3-19.4 1.9-27.2L165.3 249c4.6-5.7 11.5-9 18.7-9s14.2 3.3 18.7 9l27.5 34.4 86.7-113.9c4.6-6 11.7-9.5 19.2-9.5z\"><\/path><\/svg><\/span> Los elementos de la Misa Andina<\/a><\/div>\n<\/div>\n","protected":false},"excerpt":{"rendered":"<p>\u00bfC\u00f3mo se logra que un coro polif\u00f3nico suene a los Andes? Juan Carlos Velasco, director del Coro PUCE, nos revela los secretos t\u00e9cnicos, los retos r\u00edtmicos y la fusi\u00f3n de instrumentos que dan vida a la obra maestra de Mauricio Vicencio.<\/p>\n","protected":false},"author":1,"featured_media":0,"parent":495,"menu_order":3,"comment_status":"closed","ping_status":"closed","template":"","meta":{"footnotes":""},"class_list":["post-441","page","type-page","status-publish","hentry"],"yoast_head":"<!-- This site is optimized with the Yoast SEO plugin v26.7 - https:\/\/yoast.com\/wordpress\/plugins\/seo\/ -->\n<title>Detr\u00e1s de la partitura con Juan Carlos Velasco - soy belu<\/title>\n<meta name=\"robots\" content=\"index, follow, max-snippet:-1, max-image-preview:large, max-video-preview:-1\" \/>\n<link rel=\"canonical\" href=\"https:\/\/soybelu.com\/index.php\/los-elementos-de-la-misa\/detras-de-la-partitura-con-juan-carlos-velasco\/\" \/>\n<meta property=\"og:locale\" content=\"es_ES\" \/>\n<meta property=\"og:type\" content=\"article\" \/>\n<meta property=\"og:title\" content=\"Detr\u00e1s de la partitura con Juan Carlos Velasco - soy belu\" \/>\n<meta property=\"og:description\" content=\"\u00bfC\u00f3mo se logra que un coro polif\u00f3nico suene a los Andes? Juan Carlos Velasco, director del Coro PUCE, nos revela los secretos t\u00e9cnicos, los retos r\u00edtmicos y la fusi\u00f3n de instrumentos que dan vida a la obra maestra de Mauricio Vicencio.\" \/>\n<meta property=\"og:url\" content=\"https:\/\/soybelu.com\/index.php\/los-elementos-de-la-misa\/detras-de-la-partitura-con-juan-carlos-velasco\/\" \/>\n<meta property=\"og:site_name\" content=\"soy belu\" \/>\n<meta property=\"article:modified_time\" content=\"2026-01-27T22:06:13+00:00\" \/>\n<meta property=\"og:image\" content=\"https:\/\/soybelu.com\/wp-content\/uploads\/2025\/12\/Juan-Carlos-Velasco-premio-Pedro-Pablo-Traversari.jpg\" \/>\n\t<meta property=\"og:image:width\" content=\"800\" \/>\n\t<meta property=\"og:image:height\" content=\"600\" \/>\n\t<meta property=\"og:image:type\" content=\"image\/jpeg\" \/>\n<meta name=\"twitter:card\" content=\"summary_large_image\" \/>\n<meta name=\"twitter:label1\" content=\"Tiempo de lectura\" \/>\n\t<meta name=\"twitter:data1\" content=\"6 minutos\" \/>\n<script type=\"application\/ld+json\" class=\"yoast-schema-graph\">{\"@context\":\"https:\/\/schema.org\",\"@graph\":[{\"@type\":\"WebPage\",\"@id\":\"https:\/\/soybelu.com\/index.php\/los-elementos-de-la-misa\/detras-de-la-partitura-con-juan-carlos-velasco\/\",\"url\":\"https:\/\/soybelu.com\/index.php\/los-elementos-de-la-misa\/detras-de-la-partitura-con-juan-carlos-velasco\/\",\"name\":\"Detr\u00e1s de la partitura con Juan Carlos Velasco - soy belu\",\"isPartOf\":{\"@id\":\"https:\/\/soybelu.com\/#website\"},\"primaryImageOfPage\":{\"@id\":\"https:\/\/soybelu.com\/index.php\/los-elementos-de-la-misa\/detras-de-la-partitura-con-juan-carlos-velasco\/#primaryimage\"},\"image\":{\"@id\":\"https:\/\/soybelu.com\/index.php\/los-elementos-de-la-misa\/detras-de-la-partitura-con-juan-carlos-velasco\/#primaryimage\"},\"thumbnailUrl\":\"https:\/\/soybelu.com\/wp-content\/uploads\/2025\/12\/Juan-Carlos-Velasco-premio-Pedro-Pablo-Traversari.jpg\",\"datePublished\":\"2026-01-21T02:45:48+00:00\",\"dateModified\":\"2026-01-27T22:06:13+00:00\",\"breadcrumb\":{\"@id\":\"https:\/\/soybelu.com\/index.php\/los-elementos-de-la-misa\/detras-de-la-partitura-con-juan-carlos-velasco\/#breadcrumb\"},\"inLanguage\":\"es\",\"potentialAction\":[{\"@type\":\"ReadAction\",\"target\":[\"https:\/\/soybelu.com\/index.php\/los-elementos-de-la-misa\/detras-de-la-partitura-con-juan-carlos-velasco\/\"]}]},{\"@type\":\"ImageObject\",\"inLanguage\":\"es\",\"@id\":\"https:\/\/soybelu.com\/index.php\/los-elementos-de-la-misa\/detras-de-la-partitura-con-juan-carlos-velasco\/#primaryimage\",\"url\":\"https:\/\/soybelu.com\/wp-content\/uploads\/2025\/12\/Juan-Carlos-Velasco-premio-Pedro-Pablo-Traversari.jpg\",\"contentUrl\":\"https:\/\/soybelu.com\/wp-content\/uploads\/2025\/12\/Juan-Carlos-Velasco-premio-Pedro-Pablo-Traversari.jpg\",\"width\":800,\"height\":600},{\"@type\":\"BreadcrumbList\",\"@id\":\"https:\/\/soybelu.com\/index.php\/los-elementos-de-la-misa\/detras-de-la-partitura-con-juan-carlos-velasco\/#breadcrumb\",\"itemListElement\":[{\"@type\":\"ListItem\",\"position\":1,\"name\":\"Portada\",\"item\":\"https:\/\/soybelu.com\/\"},{\"@type\":\"ListItem\",\"position\":2,\"name\":\"Los elementos de la Misa\",\"item\":\"https:\/\/soybelu.com\/index.php\/los-elementos-de-la-misa\/\"},{\"@type\":\"ListItem\",\"position\":3,\"name\":\"Detr\u00e1s de la partitura con Juan Carlos Velasco\"}]},{\"@type\":\"WebSite\",\"@id\":\"https:\/\/soybelu.com\/#website\",\"url\":\"https:\/\/soybelu.com\/\",\"name\":\"soy belu\",\"description\":\"soy belu\",\"publisher\":{\"@id\":\"https:\/\/soybelu.com\/#organization\"},\"potentialAction\":[{\"@type\":\"SearchAction\",\"target\":{\"@type\":\"EntryPoint\",\"urlTemplate\":\"https:\/\/soybelu.com\/?s={search_term_string}\"},\"query-input\":{\"@type\":\"PropertyValueSpecification\",\"valueRequired\":true,\"valueName\":\"search_term_string\"}}],\"inLanguage\":\"es\"},{\"@type\":\"Organization\",\"@id\":\"https:\/\/soybelu.com\/#organization\",\"name\":\"soy belu\",\"url\":\"https:\/\/soybelu.com\/\",\"logo\":{\"@type\":\"ImageObject\",\"inLanguage\":\"es\",\"@id\":\"https:\/\/soybelu.com\/#\/schema\/logo\/image\/\",\"url\":\"https:\/\/soybelu.com\/wp-content\/uploads\/2025\/12\/cropped-40403.png\",\"contentUrl\":\"https:\/\/soybelu.com\/wp-content\/uploads\/2025\/12\/cropped-40403.png\",\"width\":512,\"height\":512,\"caption\":\"soy belu\"},\"image\":{\"@id\":\"https:\/\/soybelu.com\/#\/schema\/logo\/image\/\"}}]}<\/script>\n<!-- \/ Yoast SEO plugin. -->","yoast_head_json":{"title":"Detr\u00e1s de la partitura con Juan Carlos Velasco - soy belu","robots":{"index":"index","follow":"follow","max-snippet":"max-snippet:-1","max-image-preview":"max-image-preview:large","max-video-preview":"max-video-preview:-1"},"canonical":"https:\/\/soybelu.com\/index.php\/los-elementos-de-la-misa\/detras-de-la-partitura-con-juan-carlos-velasco\/","og_locale":"es_ES","og_type":"article","og_title":"Detr\u00e1s de la partitura con Juan Carlos Velasco - soy belu","og_description":"\u00bfC\u00f3mo se logra que un coro polif\u00f3nico suene a los Andes? Juan Carlos Velasco, director del Coro PUCE, nos revela los secretos t\u00e9cnicos, los retos r\u00edtmicos y la fusi\u00f3n de instrumentos que dan vida a la obra maestra de Mauricio Vicencio.","og_url":"https:\/\/soybelu.com\/index.php\/los-elementos-de-la-misa\/detras-de-la-partitura-con-juan-carlos-velasco\/","og_site_name":"soy belu","article_modified_time":"2026-01-27T22:06:13+00:00","og_image":[{"width":800,"height":600,"url":"https:\/\/soybelu.com\/wp-content\/uploads\/2025\/12\/Juan-Carlos-Velasco-premio-Pedro-Pablo-Traversari.jpg","type":"image\/jpeg"}],"twitter_card":"summary_large_image","twitter_misc":{"Tiempo de lectura":"6 minutos"},"schema":{"@context":"https:\/\/schema.org","@graph":[{"@type":"WebPage","@id":"https:\/\/soybelu.com\/index.php\/los-elementos-de-la-misa\/detras-de-la-partitura-con-juan-carlos-velasco\/","url":"https:\/\/soybelu.com\/index.php\/los-elementos-de-la-misa\/detras-de-la-partitura-con-juan-carlos-velasco\/","name":"Detr\u00e1s de la partitura con Juan Carlos Velasco - soy belu","isPartOf":{"@id":"https:\/\/soybelu.com\/#website"},"primaryImageOfPage":{"@id":"https:\/\/soybelu.com\/index.php\/los-elementos-de-la-misa\/detras-de-la-partitura-con-juan-carlos-velasco\/#primaryimage"},"image":{"@id":"https:\/\/soybelu.com\/index.php\/los-elementos-de-la-misa\/detras-de-la-partitura-con-juan-carlos-velasco\/#primaryimage"},"thumbnailUrl":"https:\/\/soybelu.com\/wp-content\/uploads\/2025\/12\/Juan-Carlos-Velasco-premio-Pedro-Pablo-Traversari.jpg","datePublished":"2026-01-21T02:45:48+00:00","dateModified":"2026-01-27T22:06:13+00:00","breadcrumb":{"@id":"https:\/\/soybelu.com\/index.php\/los-elementos-de-la-misa\/detras-de-la-partitura-con-juan-carlos-velasco\/#breadcrumb"},"inLanguage":"es","potentialAction":[{"@type":"ReadAction","target":["https:\/\/soybelu.com\/index.php\/los-elementos-de-la-misa\/detras-de-la-partitura-con-juan-carlos-velasco\/"]}]},{"@type":"ImageObject","inLanguage":"es","@id":"https:\/\/soybelu.com\/index.php\/los-elementos-de-la-misa\/detras-de-la-partitura-con-juan-carlos-velasco\/#primaryimage","url":"https:\/\/soybelu.com\/wp-content\/uploads\/2025\/12\/Juan-Carlos-Velasco-premio-Pedro-Pablo-Traversari.jpg","contentUrl":"https:\/\/soybelu.com\/wp-content\/uploads\/2025\/12\/Juan-Carlos-Velasco-premio-Pedro-Pablo-Traversari.jpg","width":800,"height":600},{"@type":"BreadcrumbList","@id":"https:\/\/soybelu.com\/index.php\/los-elementos-de-la-misa\/detras-de-la-partitura-con-juan-carlos-velasco\/#breadcrumb","itemListElement":[{"@type":"ListItem","position":1,"name":"Portada","item":"https:\/\/soybelu.com\/"},{"@type":"ListItem","position":2,"name":"Los elementos de la Misa","item":"https:\/\/soybelu.com\/index.php\/los-elementos-de-la-misa\/"},{"@type":"ListItem","position":3,"name":"Detr\u00e1s de la partitura con Juan Carlos Velasco"}]},{"@type":"WebSite","@id":"https:\/\/soybelu.com\/#website","url":"https:\/\/soybelu.com\/","name":"soy belu","description":"soy belu","publisher":{"@id":"https:\/\/soybelu.com\/#organization"},"potentialAction":[{"@type":"SearchAction","target":{"@type":"EntryPoint","urlTemplate":"https:\/\/soybelu.com\/?s={search_term_string}"},"query-input":{"@type":"PropertyValueSpecification","valueRequired":true,"valueName":"search_term_string"}}],"inLanguage":"es"},{"@type":"Organization","@id":"https:\/\/soybelu.com\/#organization","name":"soy belu","url":"https:\/\/soybelu.com\/","logo":{"@type":"ImageObject","inLanguage":"es","@id":"https:\/\/soybelu.com\/#\/schema\/logo\/image\/","url":"https:\/\/soybelu.com\/wp-content\/uploads\/2025\/12\/cropped-40403.png","contentUrl":"https:\/\/soybelu.com\/wp-content\/uploads\/2025\/12\/cropped-40403.png","width":512,"height":512,"caption":"soy belu"},"image":{"@id":"https:\/\/soybelu.com\/#\/schema\/logo\/image\/"}}]}},"_links":{"self":[{"href":"https:\/\/soybelu.com\/index.php\/wp-json\/wp\/v2\/pages\/441","targetHints":{"allow":["GET"]}}],"collection":[{"href":"https:\/\/soybelu.com\/index.php\/wp-json\/wp\/v2\/pages"}],"about":[{"href":"https:\/\/soybelu.com\/index.php\/wp-json\/wp\/v2\/types\/page"}],"author":[{"embeddable":true,"href":"https:\/\/soybelu.com\/index.php\/wp-json\/wp\/v2\/users\/1"}],"replies":[{"embeddable":true,"href":"https:\/\/soybelu.com\/index.php\/wp-json\/wp\/v2\/comments?post=441"}],"version-history":[{"count":9,"href":"https:\/\/soybelu.com\/index.php\/wp-json\/wp\/v2\/pages\/441\/revisions"}],"predecessor-version":[{"id":657,"href":"https:\/\/soybelu.com\/index.php\/wp-json\/wp\/v2\/pages\/441\/revisions\/657"}],"up":[{"embeddable":true,"href":"https:\/\/soybelu.com\/index.php\/wp-json\/wp\/v2\/pages\/495"}],"wp:attachment":[{"href":"https:\/\/soybelu.com\/index.php\/wp-json\/wp\/v2\/media?parent=441"}],"curies":[{"name":"wp","href":"https:\/\/api.w.org\/{rel}","templated":true}]}}