{"id":470,"date":"2026-01-21T09:54:35","date_gmt":"2026-01-21T14:54:35","guid":{"rendered":"https:\/\/soybelu.com\/?page_id=470"},"modified":"2026-01-22T15:13:39","modified_gmt":"2026-01-22T20:13:39","slug":"que-es-lo-andino","status":"publish","type":"page","link":"https:\/\/soybelu.com\/index.php\/que-es-lo-andino\/","title":{"rendered":"\u00bfQu\u00e9 es lo Andino?"},"content":{"rendered":"\n<p>Hablar de \u00ablo andino\u00bb no es solo referirse a una cadena de monta\u00f1as que atraviesa el continente. Es evocar una <strong>cosmovisi\u00f3n milenaria<\/strong> que ha sobrevivido y se ha transformado a lo largo de los siglos. Es una herencia que define c\u00f3mo nos relacionamos con la tierra, con los dem\u00e1s y con lo sagrado.<\/p>\n\n\n\n<div class=\"wp-block-columns is-layout-flex wp-container-core-columns-is-layout-9d6595d7 wp-block-columns-is-layout-flex\">\n<div class=\"wp-block-column is-layout-flow wp-block-column-is-layout-flow\">\n<p><strong><em>Sentido de Pertenencia:<\/em><\/strong><\/p>\n\n\n\n<p>Existe una conciencia profunda de que somos parte de un todo vivo. Esta conexi\u00f3n no es solo espiritual, es f\u00edsica; el paisaje, los cerros, el viento, el fr\u00edo de la altura. Moldea el car\u00e1cter y la sensibilidad de su gente. Esta visi\u00f3n permite que lo ancestral y lo contempor\u00e1neo convivan sin conflicto.<\/p>\n<\/div>\n\n\n\n<div class=\"wp-block-column is-layout-flow wp-block-column-is-layout-flow\">\n<p><strong><em>El Ayni:<\/em><\/strong><\/p>\n\n\n\n<p>Lo andino se construye en comunidad. El concepto de <strong>Ayni<\/strong> (hoy por ti, ma\u00f1ana por m\u00ed) es la base de la organizaci\u00f3n social. Nada existe de forma aislada. Por eso, cuando escuchamos una obra andina, sentimos esa fuerza colectiva: es el individuo fundi\u00e9ndose en el grupo, tal como sucede en las comunidades durante las siembras o las cosechas.<\/p>\n<\/div>\n\n\n\n<div class=\"wp-block-column is-layout-flow wp-block-column-is-layout-flow\">\n<p><strong><em>Dualidad Arm\u00f3nica:<\/em><\/strong><\/p>\n\n\n\n<p>Todo en los Andes tiene su par: el sol y la luna, el hombre y la mujer, lo agudo y lo grave. Esta b\u00fasqueda de equilibrio es lo que otorga esa sonoridad tan particular a su cultura; una mezcla de melancol\u00eda profunda (el <em>yarav\u00ed<\/em>) y alegr\u00eda explosiva (el <em>sanjuanito<\/em>), que refleja las luces y sombras de la vida en la monta\u00f1a.<\/p>\n<\/div>\n<\/div>\n\n\n<div class=\"wp-block-image\">\n<figure class=\"aligncenter size-full is-resized\"><img loading=\"lazy\" decoding=\"async\" width=\"1024\" height=\"1024\" src=\"https:\/\/soybelu.com\/wp-content\/uploads\/2026\/01\/Gemini_Generated_Image_g7u60g7u60g7u60g.png\" alt=\"\" class=\"wp-image-478\" style=\"width:504px;height:auto\" srcset=\"https:\/\/soybelu.com\/wp-content\/uploads\/2026\/01\/Gemini_Generated_Image_g7u60g7u60g7u60g.png 1024w, https:\/\/soybelu.com\/wp-content\/uploads\/2026\/01\/Gemini_Generated_Image_g7u60g7u60g7u60g-300x300.png 300w, https:\/\/soybelu.com\/wp-content\/uploads\/2026\/01\/Gemini_Generated_Image_g7u60g7u60g7u60g-150x150.png 150w, https:\/\/soybelu.com\/wp-content\/uploads\/2026\/01\/Gemini_Generated_Image_g7u60g7u60g7u60g-768x768.png 768w\" sizes=\"auto, (max-width: 1024px) 100vw, 1024px\" \/><figcaption class=\"wp-element-caption\"><strong><em>Generado por IA Gemini<\/em><\/strong><\/figcaption><\/figure>\n<\/div>\n\n\n<div class=\"wp-block-buttons is-content-justification-center is-layout-flex wp-container-core-buttons-is-layout-16018d1d wp-block-buttons-is-layout-flex\">\n<div class=\"wp-block-button\"><a class=\"wp-block-button__link wp-element-button\" href=\"https:\/\/soybelu.com\/index.php\/2026\/01\/21\/un-dialogo-entre-la-tierra-y-el-cielo-musica-andina\/\"><span class=\"wp-rich-text-font-awesome-icon wp-font-awesome-icon\"><svg aria-hidden=\"true\" focusable=\"false\" data-prefix=\"fas\" data-icon=\"house-chimney-window\" class=\"svg-inline--fa fa-house-chimney-window \" role=\"img\" xmlns=\"http:\/\/www.w3.org\/2000\/svg\" viewBox=\"0 0 512 512\"><path fill=\"currentColor\" d=\"M234.2 8.6c12.3-11.4 31.3-11.4 43.5 0L368 92.3 368 80c0-17.7 14.3-32 32-32l32 0c17.7 0 32 14.3 32 32l0 101.5 37.8 35.1c9.6 9 12.8 22.9 8 35.1S493.2 272 480 272l-16 0 0 176c0 35.3-28.7 64-64 64l-288 0c-35.3 0-64-28.7-64-64l0-176-16 0c-13.2 0-25-8.1-29.8-20.3s-1.6-26.2 8-35.1l224-208zM216 224c-13.3 0-24 10.7-24 24l0 80c0 13.3 10.7 24 24 24l80 0c13.3 0 24-10.7 24-24l0-80c0-13.3-10.7-24-24-24l-80 0z\"><\/path><\/svg><\/span><\/a><\/div>\n\n\n\n<div class=\"wp-block-button\"><a class=\"wp-block-button__link wp-element-button\" href=\"https:\/\/soybelu.com\/index.php\/la-voz-y-el-charango-del-altiplano-de-chile\/\"><span class=\"wp-rich-text-font-awesome-icon wp-font-awesome-icon\"><svg aria-hidden=\"true\" focusable=\"false\" data-prefix=\"fas\" data-icon=\"person\" class=\"svg-inline--fa fa-person \" role=\"img\" xmlns=\"http:\/\/www.w3.org\/2000\/svg\" viewBox=\"0 0 384 512\"><path fill=\"currentColor\" d=\"M248 24a56 56 0 1 0 -112 0 56 56 0 1 0 112 0zm24 212.7l46.3 62.4c10.5 14.2 30.6 17.2 44.8 6.6s17.2-30.6 6.6-44.8l-70.5-95C274 132 234.3 112 192 112s-82 20-107.2 53.9l-70.5 95c-10.5 14.2-7.6 34.2 6.6 44.8s34.2 7.6 44.8-6.6L112 236.7 112 512c0 17.7 14.3 32 32 32s32-14.3 32-32l0-160c0-8.8 7.2-16 16-16s16 7.2 16 16l0 160c0 17.7 14.3 32 32 32s32-14.3 32-32l0-275.3z\"><\/path><\/svg><\/span> La voz y charango del Altiplano<\/a><\/div>\n\n\n\n<div class=\"wp-block-button\"><a class=\"wp-block-button__link wp-element-button\" href=\"https:\/\/soybelu.com\/index.php\/que-es-lo-andino\/un-dialogo-entre-la-tierra-y-el-cielo-la-misa-andina\/\"><span class=\"wp-rich-text-font-awesome-icon wp-font-awesome-icon\"><svg aria-hidden=\"true\" focusable=\"false\" data-prefix=\"fas\" data-icon=\"rainbow\" class=\"svg-inline--fa fa-rainbow \" role=\"img\" xmlns=\"http:\/\/www.w3.org\/2000\/svg\" viewBox=\"0 0 640 512\"><path fill=\"currentColor\" d=\"M320 96C178.6 96 64 210.6 64 352l0 64c0 17.7-14.3 32-32 32S0 433.7 0 416l0-64C0 175.3 143.3 32 320 32S640 175.3 640 352l0 64c0 17.7-14.3 32-32 32s-32-14.3-32-32l0-64C576 210.6 461.4 96 320 96zm0 112c-79.5 0-144 64.5-144 144l0 64c0 17.7-14.3 32-32 32s-32-14.3-32-32l0-64c0-114.9 93.1-208 208-208s208 93.1 208 208l0 64c0 17.7-14.3 32-32 32s-32-14.3-32-32l0-64c0-79.5-64.5-144-144-144zM288 352l0 64c0 17.7-14.3 32-32 32s-32-14.3-32-32l0-64c0-53 43-96 96-96s96 43 96 96l0 64c0 17.7-14.3 32-32 32s-32-14.3-32-32l0-64c0-17.7-14.3-32-32-32s-32 14.3-32 32z\"><\/path><\/svg><\/span> Un di\u00e1logo entre la tierra y el cielo<\/a><\/div>\n\n\n\n<div class=\"wp-block-button\"><a class=\"wp-block-button__link wp-element-button\" href=\"https:\/\/soybelu.com\/index.php\/el-esqueleto-que-compone-la-misa-andina\/\"><span class=\"wp-rich-text-font-awesome-icon wp-font-awesome-icon\"><svg aria-hidden=\"true\" focusable=\"false\" data-prefix=\"fas\" data-icon=\"music\" class=\"svg-inline--fa fa-music \" role=\"img\" xmlns=\"http:\/\/www.w3.org\/2000\/svg\" viewBox=\"0 0 512 512\"><path fill=\"currentColor\" d=\"M468 7c7.6 6.1 12 15.3 12 25l0 304c0 44.2-43 80-96 80s-96-35.8-96-80 43-80 96-80c11.2 0 22 1.6 32 4.6l0-116.7-224 49.8 0 206.3c0 44.2-43 80-96 80s-96-35.8-96-80 43-80 96-80c11.2 0 22 1.6 32 4.6L128 96c0-15 10.4-28 25.1-31.2l288-64c9.5-2.1 19.4 .2 27 6.3z\"><\/path><\/svg><\/span> El esqueleto de la Misa Andina<\/a><\/div>\n<\/div>\n","protected":false},"excerpt":{"rendered":"<p>Hablar de \u00ablo andino\u00bb no es solo referirse a una cadena de monta\u00f1as que atraviesa el continente. Es evocar una cosmovisi\u00f3n milenaria que ha sobrevivido&hellip;<\/p>\n","protected":false},"author":1,"featured_media":0,"parent":0,"menu_order":1,"comment_status":"closed","ping_status":"closed","template":"","meta":{"footnotes":""},"class_list":["post-470","page","type-page","status-publish","hentry"],"yoast_head":"<!-- This site is optimized with the Yoast SEO plugin v26.7 - https:\/\/yoast.com\/wordpress\/plugins\/seo\/ -->\n<title>\u00bfQu\u00e9 es lo Andino? - soy belu<\/title>\n<meta name=\"robots\" content=\"index, follow, max-snippet:-1, max-image-preview:large, max-video-preview:-1\" \/>\n<link rel=\"canonical\" href=\"https:\/\/soybelu.com\/index.php\/que-es-lo-andino\/\" \/>\n<meta property=\"og:locale\" content=\"es_ES\" \/>\n<meta property=\"og:type\" content=\"article\" \/>\n<meta property=\"og:title\" content=\"\u00bfQu\u00e9 es lo Andino? - soy belu\" \/>\n<meta property=\"og:description\" content=\"Hablar de \u00ablo andino\u00bb no es solo referirse a una cadena de monta\u00f1as que atraviesa el continente. Es evocar una cosmovisi\u00f3n milenaria que ha sobrevivido&hellip;\" \/>\n<meta property=\"og:url\" content=\"https:\/\/soybelu.com\/index.php\/que-es-lo-andino\/\" \/>\n<meta property=\"og:site_name\" content=\"soy belu\" \/>\n<meta property=\"article:modified_time\" content=\"2026-01-22T20:13:39+00:00\" \/>\n<meta property=\"og:image\" content=\"https:\/\/soybelu.com\/wp-content\/uploads\/2026\/01\/Gemini_Generated_Image_g7u60g7u60g7u60g.png\" \/>\n\t<meta property=\"og:image:width\" content=\"843\" \/>\n\t<meta property=\"og:image:height\" content=\"843\" \/>\n\t<meta property=\"og:image:type\" content=\"image\/png\" \/>\n<meta name=\"twitter:card\" content=\"summary_large_image\" \/>\n<meta name=\"twitter:label1\" content=\"Tiempo de lectura\" \/>\n\t<meta name=\"twitter:data1\" content=\"2 minutos\" \/>\n<script type=\"application\/ld+json\" class=\"yoast-schema-graph\">{\"@context\":\"https:\/\/schema.org\",\"@graph\":[{\"@type\":\"WebPage\",\"@id\":\"https:\/\/soybelu.com\/index.php\/que-es-lo-andino\/\",\"url\":\"https:\/\/soybelu.com\/index.php\/que-es-lo-andino\/\",\"name\":\"\u00bfQu\u00e9 es lo Andino? - soy belu\",\"isPartOf\":{\"@id\":\"https:\/\/soybelu.com\/#website\"},\"primaryImageOfPage\":{\"@id\":\"https:\/\/soybelu.com\/index.php\/que-es-lo-andino\/#primaryimage\"},\"image\":{\"@id\":\"https:\/\/soybelu.com\/index.php\/que-es-lo-andino\/#primaryimage\"},\"thumbnailUrl\":\"https:\/\/soybelu.com\/wp-content\/uploads\/2026\/01\/Gemini_Generated_Image_g7u60g7u60g7u60g.png\",\"datePublished\":\"2026-01-21T14:54:35+00:00\",\"dateModified\":\"2026-01-22T20:13:39+00:00\",\"breadcrumb\":{\"@id\":\"https:\/\/soybelu.com\/index.php\/que-es-lo-andino\/#breadcrumb\"},\"inLanguage\":\"es\",\"potentialAction\":[{\"@type\":\"ReadAction\",\"target\":[\"https:\/\/soybelu.com\/index.php\/que-es-lo-andino\/\"]}]},{\"@type\":\"ImageObject\",\"inLanguage\":\"es\",\"@id\":\"https:\/\/soybelu.com\/index.php\/que-es-lo-andino\/#primaryimage\",\"url\":\"https:\/\/soybelu.com\/wp-content\/uploads\/2026\/01\/Gemini_Generated_Image_g7u60g7u60g7u60g.png\",\"contentUrl\":\"https:\/\/soybelu.com\/wp-content\/uploads\/2026\/01\/Gemini_Generated_Image_g7u60g7u60g7u60g.png\",\"width\":1024,\"height\":1024},{\"@type\":\"BreadcrumbList\",\"@id\":\"https:\/\/soybelu.com\/index.php\/que-es-lo-andino\/#breadcrumb\",\"itemListElement\":[{\"@type\":\"ListItem\",\"position\":1,\"name\":\"Portada\",\"item\":\"https:\/\/soybelu.com\/\"},{\"@type\":\"ListItem\",\"position\":2,\"name\":\"\u00bfQu\u00e9 es lo Andino?\"}]},{\"@type\":\"WebSite\",\"@id\":\"https:\/\/soybelu.com\/#website\",\"url\":\"https:\/\/soybelu.com\/\",\"name\":\"soy belu\",\"description\":\"soy belu\",\"publisher\":{\"@id\":\"https:\/\/soybelu.com\/#organization\"},\"potentialAction\":[{\"@type\":\"SearchAction\",\"target\":{\"@type\":\"EntryPoint\",\"urlTemplate\":\"https:\/\/soybelu.com\/?s={search_term_string}\"},\"query-input\":{\"@type\":\"PropertyValueSpecification\",\"valueRequired\":true,\"valueName\":\"search_term_string\"}}],\"inLanguage\":\"es\"},{\"@type\":\"Organization\",\"@id\":\"https:\/\/soybelu.com\/#organization\",\"name\":\"soy belu\",\"url\":\"https:\/\/soybelu.com\/\",\"logo\":{\"@type\":\"ImageObject\",\"inLanguage\":\"es\",\"@id\":\"https:\/\/soybelu.com\/#\/schema\/logo\/image\/\",\"url\":\"https:\/\/soybelu.com\/wp-content\/uploads\/2025\/12\/cropped-40403.png\",\"contentUrl\":\"https:\/\/soybelu.com\/wp-content\/uploads\/2025\/12\/cropped-40403.png\",\"width\":512,\"height\":512,\"caption\":\"soy belu\"},\"image\":{\"@id\":\"https:\/\/soybelu.com\/#\/schema\/logo\/image\/\"}}]}<\/script>\n<!-- \/ Yoast SEO plugin. -->","yoast_head_json":{"title":"\u00bfQu\u00e9 es lo Andino? - soy belu","robots":{"index":"index","follow":"follow","max-snippet":"max-snippet:-1","max-image-preview":"max-image-preview:large","max-video-preview":"max-video-preview:-1"},"canonical":"https:\/\/soybelu.com\/index.php\/que-es-lo-andino\/","og_locale":"es_ES","og_type":"article","og_title":"\u00bfQu\u00e9 es lo Andino? - soy belu","og_description":"Hablar de \u00ablo andino\u00bb no es solo referirse a una cadena de monta\u00f1as que atraviesa el continente. Es evocar una cosmovisi\u00f3n milenaria que ha sobrevivido&hellip;","og_url":"https:\/\/soybelu.com\/index.php\/que-es-lo-andino\/","og_site_name":"soy belu","article_modified_time":"2026-01-22T20:13:39+00:00","og_image":[{"url":"https:\/\/soybelu.com\/wp-content\/uploads\/2026\/01\/Gemini_Generated_Image_g7u60g7u60g7u60g.png","width":843,"height":843,"type":"image\/png"}],"twitter_card":"summary_large_image","twitter_misc":{"Tiempo de lectura":"2 minutos"},"schema":{"@context":"https:\/\/schema.org","@graph":[{"@type":"WebPage","@id":"https:\/\/soybelu.com\/index.php\/que-es-lo-andino\/","url":"https:\/\/soybelu.com\/index.php\/que-es-lo-andino\/","name":"\u00bfQu\u00e9 es lo Andino? - soy belu","isPartOf":{"@id":"https:\/\/soybelu.com\/#website"},"primaryImageOfPage":{"@id":"https:\/\/soybelu.com\/index.php\/que-es-lo-andino\/#primaryimage"},"image":{"@id":"https:\/\/soybelu.com\/index.php\/que-es-lo-andino\/#primaryimage"},"thumbnailUrl":"https:\/\/soybelu.com\/wp-content\/uploads\/2026\/01\/Gemini_Generated_Image_g7u60g7u60g7u60g.png","datePublished":"2026-01-21T14:54:35+00:00","dateModified":"2026-01-22T20:13:39+00:00","breadcrumb":{"@id":"https:\/\/soybelu.com\/index.php\/que-es-lo-andino\/#breadcrumb"},"inLanguage":"es","potentialAction":[{"@type":"ReadAction","target":["https:\/\/soybelu.com\/index.php\/que-es-lo-andino\/"]}]},{"@type":"ImageObject","inLanguage":"es","@id":"https:\/\/soybelu.com\/index.php\/que-es-lo-andino\/#primaryimage","url":"https:\/\/soybelu.com\/wp-content\/uploads\/2026\/01\/Gemini_Generated_Image_g7u60g7u60g7u60g.png","contentUrl":"https:\/\/soybelu.com\/wp-content\/uploads\/2026\/01\/Gemini_Generated_Image_g7u60g7u60g7u60g.png","width":1024,"height":1024},{"@type":"BreadcrumbList","@id":"https:\/\/soybelu.com\/index.php\/que-es-lo-andino\/#breadcrumb","itemListElement":[{"@type":"ListItem","position":1,"name":"Portada","item":"https:\/\/soybelu.com\/"},{"@type":"ListItem","position":2,"name":"\u00bfQu\u00e9 es lo Andino?"}]},{"@type":"WebSite","@id":"https:\/\/soybelu.com\/#website","url":"https:\/\/soybelu.com\/","name":"soy belu","description":"soy belu","publisher":{"@id":"https:\/\/soybelu.com\/#organization"},"potentialAction":[{"@type":"SearchAction","target":{"@type":"EntryPoint","urlTemplate":"https:\/\/soybelu.com\/?s={search_term_string}"},"query-input":{"@type":"PropertyValueSpecification","valueRequired":true,"valueName":"search_term_string"}}],"inLanguage":"es"},{"@type":"Organization","@id":"https:\/\/soybelu.com\/#organization","name":"soy belu","url":"https:\/\/soybelu.com\/","logo":{"@type":"ImageObject","inLanguage":"es","@id":"https:\/\/soybelu.com\/#\/schema\/logo\/image\/","url":"https:\/\/soybelu.com\/wp-content\/uploads\/2025\/12\/cropped-40403.png","contentUrl":"https:\/\/soybelu.com\/wp-content\/uploads\/2025\/12\/cropped-40403.png","width":512,"height":512,"caption":"soy belu"},"image":{"@id":"https:\/\/soybelu.com\/#\/schema\/logo\/image\/"}}]}},"_links":{"self":[{"href":"https:\/\/soybelu.com\/index.php\/wp-json\/wp\/v2\/pages\/470","targetHints":{"allow":["GET"]}}],"collection":[{"href":"https:\/\/soybelu.com\/index.php\/wp-json\/wp\/v2\/pages"}],"about":[{"href":"https:\/\/soybelu.com\/index.php\/wp-json\/wp\/v2\/types\/page"}],"author":[{"embeddable":true,"href":"https:\/\/soybelu.com\/index.php\/wp-json\/wp\/v2\/users\/1"}],"replies":[{"embeddable":true,"href":"https:\/\/soybelu.com\/index.php\/wp-json\/wp\/v2\/comments?post=470"}],"version-history":[{"count":7,"href":"https:\/\/soybelu.com\/index.php\/wp-json\/wp\/v2\/pages\/470\/revisions"}],"predecessor-version":[{"id":558,"href":"https:\/\/soybelu.com\/index.php\/wp-json\/wp\/v2\/pages\/470\/revisions\/558"}],"wp:attachment":[{"href":"https:\/\/soybelu.com\/index.php\/wp-json\/wp\/v2\/media?parent=470"}],"curies":[{"name":"wp","href":"https:\/\/api.w.org\/{rel}","templated":true}]}}