{"id":483,"date":"2026-01-21T10:22:46","date_gmt":"2026-01-21T15:22:46","guid":{"rendered":"https:\/\/soybelu.com\/?page_id=483"},"modified":"2026-01-22T14:49:23","modified_gmt":"2026-01-22T19:49:23","slug":"un-dialogo-entre-la-tierra-y-el-cielo-la-misa-andina","status":"publish","type":"page","link":"https:\/\/soybelu.com\/index.php\/que-es-lo-andino\/un-dialogo-entre-la-tierra-y-el-cielo-la-misa-andina\/","title":{"rendered":"Un di\u00e1logo entre la tierra y el cielo, la Misa Andina"},"content":{"rendered":"\n<p>Si alguna vez has escuchado el llamado de una quena en la quietud de la monta\u00f1a, o el pulso vibrante de un bombo en una festividad, has conectado con la esencia de la m\u00fasica andina. No es simplemente un g\u00e9nero folcl\u00f3rico; es el sistema nervioso de una cultura, la memoria colectiva de pueblos que han habitado la cordillera por milenios. Su funci\u00f3n trasciende lo art\u00edstico: es un lenguaje sagrado para dialogar con la Pachamama (la Madre Tierra), honrar a los Apus (los cerros esp\u00edritu) y sostener la vida en comunidad. Cada ritmo, desde el profundo huayno hasta la euf\u00f3rica diablada, estructura el calendario agr\u00edcola y festivo. Es el sonido puro de una cosmovisi\u00f3n donde todo est\u00e1 interconectado. <\/p>\n\n\n\n<h3 class=\"wp-block-heading\"><strong>En este espacio te contar\u00e9 todos los elementos de la Misa Andina, prep\u00e1rate para este viaje que est\u00e1 a punto de comenzar.<\/strong> <strong>Reportaje de la Misa Andina<\/strong><\/h3>\n\n\n\n<h3 class=\"wp-block-heading\"><strong>M\u00fasica Andina<\/strong><\/h3>\n\n\n\n<div class=\"wp-block-group\"><div class=\"wp-block-group__inner-container is-layout-constrained wp-block-group-is-layout-constrained\">\n<p>Durante el siglo XX, esta tradici\u00f3n se enfrent\u00f3 a transformaciones sociales profundas. Sin embargo, en un acto de profunda resiliencia, inici\u00f3 un di\u00e1logo \u00edntimo con otra tradici\u00f3n espiritual que hab\u00eda llegado siglos atr\u00e1s. De este encuentro naci\u00f3 una de las expresiones m\u00e1s genuinas y conmovedoras de su capacidad de adaptaci\u00f3n sin perder su alma: la M\u00fasica Andina.<\/p>\n\n\n<div class=\"wp-block-image\">\n<figure class=\"alignright size-large is-resized\"><img loading=\"lazy\" decoding=\"async\" width=\"768\" height=\"1024\" src=\"https:\/\/soybelu.com\/wp-content\/uploads\/2026\/01\/pexels-alex-moron-campos-1485593813-26977486-2-768x1024.jpg\" alt=\"\" class=\"wp-image-299\" style=\"width:263px;height:auto\" srcset=\"https:\/\/soybelu.com\/wp-content\/uploads\/2026\/01\/pexels-alex-moron-campos-1485593813-26977486-2-768x1024.jpg 768w, https:\/\/soybelu.com\/wp-content\/uploads\/2026\/01\/pexels-alex-moron-campos-1485593813-26977486-2-225x300.jpg 225w, https:\/\/soybelu.com\/wp-content\/uploads\/2026\/01\/pexels-alex-moron-campos-1485593813-26977486-2-1152x1536.jpg 1152w, https:\/\/soybelu.com\/wp-content\/uploads\/2026\/01\/pexels-alex-moron-campos-1485593813-26977486-2-1536x2048.jpg 1536w, https:\/\/soybelu.com\/wp-content\/uploads\/2026\/01\/pexels-alex-moron-campos-1485593813-26977486-2-scaled.jpg 1920w\" sizes=\"auto, (max-width: 768px) 100vw, 768px\" \/><figcaption class=\"wp-element-caption\"><em><strong>Foto por Alex Mor\u00f3n Campos en Pexels<\/strong><\/em><\/figcaption><\/figure>\n<\/div><\/div><\/div>\n\n\n\n<blockquote class=\"wp-block-quote is-layout-flow wp-block-quote-is-layout-flow\">\n<p><strong>El origen de la m\u00fasica andina se pierde en la oscuridad de los tiempos, podr\u00edamos decir que naci\u00f3 por primera vez cuando un hom\u00ednido cogi\u00f3 un palo de ca\u00f1a y sopl\u00f3 sobre \u00e9l para hacerlo sonar, o bien cuando alguien descubri\u00f3 que golpear una piel de animal extendida sobre un hueco o caja de resonancia produc\u00eda un sonido particular.<\/strong><\/p>\n<\/blockquote>\n\n\n<div class=\"wp-block-image\">\n<figure class=\"aligncenter size-large is-resized\"><img loading=\"lazy\" decoding=\"async\" width=\"1024\" height=\"683\" src=\"https:\/\/soybelu.com\/wp-content\/uploads\/2026\/01\/pexels-csurubi-4486770-1024x683.jpg\" alt=\"\" class=\"wp-image-294\" style=\"aspect-ratio:1.4996234204580323;width:342px;height:auto\" srcset=\"https:\/\/soybelu.com\/wp-content\/uploads\/2026\/01\/pexels-csurubi-4486770-1024x683.jpg 1024w, https:\/\/soybelu.com\/wp-content\/uploads\/2026\/01\/pexels-csurubi-4486770-300x200.jpg 300w, https:\/\/soybelu.com\/wp-content\/uploads\/2026\/01\/pexels-csurubi-4486770-768x512.jpg 768w, https:\/\/soybelu.com\/wp-content\/uploads\/2026\/01\/pexels-csurubi-4486770-1536x1024.jpg 1536w, https:\/\/soybelu.com\/wp-content\/uploads\/2026\/01\/pexels-csurubi-4486770-2048x1366.jpg 2048w\" sizes=\"auto, (max-width: 1024px) 100vw, 1024px\" \/><figcaption class=\"wp-element-caption\"><em><strong>Foto por Carlos Surubi Ribera en Pexels<\/strong><\/em><\/figcaption><\/figure>\n<\/div>\n\n\n<p>A pesar de la gran variedad de estilos y formas de interpretar, hay algo que casi nunca falta en este tipo de canciones: su cl\u00e1sica instrumentaci\u00f3n que consiste b\u00e1sicamente en&nbsp;<a href=\"http:\/\/www.musicaandina2011.blogspot.com.es\/2011\/11\/la-quena.html\">quena<\/a>,&nbsp;<a href=\"http:\/\/www.musicaandina2011.blogspot.com.es\/2011\/11\/la-zampona.html\">siku<\/a>,&nbsp;<a href=\"http:\/\/www.musicaandina2011.blogspot.com.es\/2011\/12\/el-charango.html\">charango<\/a>, guitarra y percusi\u00f3n, aunque los artistas modernos y visionarios de hoy d\u00eda tambi\u00e9n a\u00f1aden otros instrumentos ya puramente europeos como la guitarra el\u00e9ctrica, el bajo, la bater\u00eda, el viol\u00edn.<\/p>\n\n\n\n<blockquote class=\"wp-block-quote is-layout-flow wp-block-quote-is-layout-flow\">\n<p><strong>Los antiguos habitantes andinos poco a poco sentaron las bases r\u00edtmicas musicales que caracterizar\u00edan m\u00e1s adelante el folklore de los Andes.<\/strong><\/p>\n<\/blockquote>\n\n\n\n<h3 class=\"wp-block-heading\"><strong><em>La Misa Andina<\/em><\/strong><\/h3>\n\n\n<div class=\"wp-block-image\">\n<figure class=\"alignright size-full is-resized\"><img loading=\"lazy\" decoding=\"async\" width=\"640\" height=\"427\" src=\"https:\/\/soybelu.com\/wp-content\/uploads\/2026\/01\/01.jpg\" alt=\"\" class=\"wp-image-289\" style=\"width:460px;height:auto\" srcset=\"https:\/\/soybelu.com\/wp-content\/uploads\/2026\/01\/01.jpg 640w, https:\/\/soybelu.com\/wp-content\/uploads\/2026\/01\/01-300x200.jpg 300w\" sizes=\"auto, (max-width: 640px) 100vw, 640px\" \/><\/figure>\n<\/div>\n\n\n<p>La Misa Andina o Misa Altip\u00e1nica no es una simple traducci\u00f3n de textos al quechua o aymara. Es un fen\u00f3meno de inculturaci\u00f3n lit\u00fargica org\u00e1nico y profundo, gestado desde el coraz\u00f3n mismo de las comunidades cat\u00f3licas ind\u00edgenas y mestizas del Altiplano. Su objetivo era claro y revolucionario: vivir la fe cristiana sin tener que abandonar la propia identidad cultural. No se trataba de adornar una liturgia europea con sonidos ex\u00f3ticos, sino de permitir que la espiritualidad se expresara naturalmente a trav\u00e9s de los c\u00f3digos simb\u00f3licos y sonoros de la cultura andina.<\/p>\n\n\n\n<p>As\u00ed, la estructura de la misa cat\u00f3lica se revisti\u00f3 de una piel nueva y familiar:<\/p>\n\n\n\n<ul class=\"wp-block-list\">\n<li>Los cantos del Gloria o el Santo se entonan con melod\u00edas, armon\u00edas y ritmos aut\u00f3ctonos, heredados de los cantos a la tierra y al trabajo.<\/li>\n\n\n\n<li>Los instrumentos sagrados dejan de ser el \u00f3rgano o el viol\u00edn para ser el charango de caparaz\u00f3n de quirquincho, la quena de ca\u00f1a, la zampo\u00f1a de bamb\u00fa y el bombo de madera y cuero. Su sonido no es acompa\u00f1amiento, es la voz misma de la celebraci\u00f3n.<\/li>\n\n\n\n<li>El espacio sagrado se expande; la misa puede entrelazarse con gestos de reciprocidad hacia la tierra, y la comunidad no es solo feligres\u00eda, sino un ayllu reunido en oraci\u00f3n.<\/li>\n<\/ul>\n\n\n<div class=\"wp-block-image\">\n<figure class=\"aligncenter size-large is-resized\"><img loading=\"lazy\" decoding=\"async\" width=\"1024\" height=\"1024\" src=\"https:\/\/soybelu.com\/wp-content\/uploads\/2026\/01\/0x1900-000000-80-0-0-1-1024x1024.jpg\" alt=\"\" class=\"wp-image-291\" style=\"width:292px;height:auto\" srcset=\"https:\/\/soybelu.com\/wp-content\/uploads\/2026\/01\/0x1900-000000-80-0-0-1-1024x1024.jpg 1024w, https:\/\/soybelu.com\/wp-content\/uploads\/2026\/01\/0x1900-000000-80-0-0-1-300x300.jpg 300w, https:\/\/soybelu.com\/wp-content\/uploads\/2026\/01\/0x1900-000000-80-0-0-1-150x150.jpg 150w, https:\/\/soybelu.com\/wp-content\/uploads\/2026\/01\/0x1900-000000-80-0-0-1-768x768.jpg 768w, https:\/\/soybelu.com\/wp-content\/uploads\/2026\/01\/0x1900-000000-80-0-0-1.jpg 1200w\" sizes=\"auto, (max-width: 1024px) 100vw, 1024px\" \/><\/figure>\n<\/div>\n\n\n<div class=\"wp-block-group is-nowrap is-layout-flex wp-container-core-group-is-layout-ad2f72ca wp-block-group-is-layout-flex\">\n<p>Este proceso no fue dirigido por un compositor individual, sino que fue colectivo y an\u00f3nimo en su ra\u00edz, surgiendo de la necesidad pastoral y el sentir popular. La Misa Andina es, en esencia, un acto de afirmaci\u00f3n identitaria. Es la prueba de que lo sagrado puede respirar con el aire de la altura y que la fe puede danzar al ritmo del coraz\u00f3n de la monta\u00f1a. Escucharla y vivirla es ser testigo de c\u00f3mo un pueblo canta su historia, su resistencia y su esperanza, fundiendo el cielo y la cordillera en un \u00fanico canto de alabanza.<\/p>\n\n\n\n<figure class=\"wp-block-image size-large\"><img loading=\"lazy\" decoding=\"async\" width=\"1024\" height=\"906\" src=\"https:\/\/soybelu.com\/wp-content\/uploads\/2026\/01\/FXCD127-1024x906.webp\" alt=\"\" class=\"wp-image-295\" srcset=\"https:\/\/soybelu.com\/wp-content\/uploads\/2026\/01\/FXCD127-1024x906.webp 1024w, https:\/\/soybelu.com\/wp-content\/uploads\/2026\/01\/FXCD127-300x265.webp 300w, https:\/\/soybelu.com\/wp-content\/uploads\/2026\/01\/FXCD127-768x679.webp 768w, https:\/\/soybelu.com\/wp-content\/uploads\/2026\/01\/FXCD127-1536x1359.webp 1536w, https:\/\/soybelu.com\/wp-content\/uploads\/2026\/01\/FXCD127-2048x1812.webp 2048w\" sizes=\"auto, (max-width: 1024px) 100vw, 1024px\" \/><\/figure>\n<\/div>\n\n\n\n<p>Me encantar\u00eda saber qu\u00e9 opinas de la obra, <a href=\"https:\/\/youtu.be\/dbsLkX3ffh8?list=PLuBzcGRySw0TMXadfkipy_SFihPixt4Yd\">\u00a1\u00a1Haz click para escuchar la Misa!! <\/a>Adem\u00e1s, conoce a los que traen a la vida la Misa.<\/p>\n\n\n\n<figure class=\"wp-block-embed is-type-video is-provider-youtube wp-block-embed-youtube wp-embed-aspect-4-3 wp-has-aspect-ratio\"><div class=\"wp-block-embed__wrapper\">\n<iframe loading=\"lazy\" title=\"Entrada\" width=\"843\" height=\"632\" src=\"https:\/\/www.youtube.com\/embed\/dbsLkX3ffh8?list=PLuBzcGRySw0TMXadfkipy_SFihPixt4Yd\" frameborder=\"0\" allow=\"accelerometer; autoplay; clipboard-write; encrypted-media; gyroscope; picture-in-picture; web-share\" referrerpolicy=\"strict-origin-when-cross-origin\" allowfullscreen><\/iframe>\n<\/div><\/figure>\n\n\n\n<div style=\"height:30px\" aria-hidden=\"true\" class=\"wp-block-spacer\"><\/div>\n\n\n\n<div class=\"wp-block-buttons is-content-justification-center is-layout-flex wp-container-core-buttons-is-layout-16018d1d wp-block-buttons-is-layout-flex\">\n<div class=\"wp-block-button\"><a class=\"wp-block-button__link wp-element-button\" href=\"https:\/\/soybelu.com\/index.php\/que-es-lo-andino\/el-esqueleto-que-compone-la-misa-andina\/\"><span class=\"wp-rich-text-font-awesome-icon wp-font-awesome-icon\"><svg aria-hidden=\"true\" focusable=\"false\" data-prefix=\"fas\" data-icon=\"music\" class=\"svg-inline--fa fa-music \" role=\"img\" xmlns=\"http:\/\/www.w3.org\/2000\/svg\" viewBox=\"0 0 512 512\"><path fill=\"currentColor\" d=\"M468 7c7.6 6.1 12 15.3 12 25l0 304c0 44.2-43 80-96 80s-96-35.8-96-80 43-80 96-80c11.2 0 22 1.6 32 4.6l0-116.7-224 49.8 0 206.3c0 44.2-43 80-96 80s-96-35.8-96-80 43-80 96-80c11.2 0 22 1.6 32 4.6L128 96c0-15 10.4-28 25.1-31.2l288-64c9.5-2.1 19.4 .2 27 6.3z\"><\/path><\/svg><\/span> El esqueleto que compone la Misa Andina<\/a><\/div>\n\n\n\n<div class=\"wp-block-button\"><a class=\"wp-block-button__link wp-element-button\" href=\"https:\/\/soybelu.com\/index.php\/la-voz-y-el-charango-del-altiplano-de-chile\/\"><span class=\"wp-rich-text-font-awesome-icon wp-font-awesome-icon\"><svg aria-hidden=\"true\" focusable=\"false\" data-prefix=\"fas\" data-icon=\"person\" class=\"svg-inline--fa fa-person \" role=\"img\" xmlns=\"http:\/\/www.w3.org\/2000\/svg\" viewBox=\"0 0 384 512\"><path fill=\"currentColor\" d=\"M248 24a56 56 0 1 0 -112 0 56 56 0 1 0 112 0zm24 212.7l46.3 62.4c10.5 14.2 30.6 17.2 44.8 6.6s17.2-30.6 6.6-44.8l-70.5-95C274 132 234.3 112 192 112s-82 20-107.2 53.9l-70.5 95c-10.5 14.2-7.6 34.2 6.6 44.8s34.2 7.6 44.8-6.6L112 236.7 112 512c0 17.7 14.3 32 32 32s32-14.3 32-32l0-160c0-8.8 7.2-16 16-16s16 7.2 16 16l0 160c0 17.7 14.3 32 32 32s32-14.3 32-32l0-275.3z\"><\/path><\/svg><\/span> La voz y el charango del Altiplano de Chile<\/a><\/div>\n<\/div>\n","protected":false},"excerpt":{"rendered":"<p>El origen de la m\u00fasica andina se pierde en la oscuridad de los tiempos, podr\u00edamos decir que naci\u00f3 por primera vez cuando un hom\u00ednido cogi\u00f3 un palo de ca\u00f1a y sopl\u00f3 sobre \u00e9l para hacerlo sonar<\/p>\n","protected":false},"author":1,"featured_media":0,"parent":470,"menu_order":2,"comment_status":"closed","ping_status":"closed","template":"","meta":{"footnotes":""},"class_list":["post-483","page","type-page","status-publish","hentry"],"yoast_head":"<!-- This site is optimized with the Yoast SEO plugin v26.7 - https:\/\/yoast.com\/wordpress\/plugins\/seo\/ -->\n<title>Un di\u00e1logo entre la tierra y el cielo, la Misa Andina - soy belu<\/title>\n<meta name=\"robots\" content=\"index, follow, max-snippet:-1, max-image-preview:large, max-video-preview:-1\" \/>\n<link rel=\"canonical\" href=\"https:\/\/soybelu.com\/index.php\/que-es-lo-andino\/un-dialogo-entre-la-tierra-y-el-cielo-la-misa-andina\/\" \/>\n<meta property=\"og:locale\" content=\"es_ES\" \/>\n<meta property=\"og:type\" content=\"article\" \/>\n<meta property=\"og:title\" content=\"Un di\u00e1logo entre la tierra y el cielo, la Misa Andina - soy belu\" \/>\n<meta property=\"og:description\" content=\"El origen de la m\u00fasica andina se pierde en la oscuridad de los tiempos, podr\u00edamos decir que naci\u00f3 por primera vez cuando un hom\u00ednido cogi\u00f3 un palo de ca\u00f1a y sopl\u00f3 sobre \u00e9l para hacerlo sonar\" \/>\n<meta property=\"og:url\" content=\"https:\/\/soybelu.com\/index.php\/que-es-lo-andino\/un-dialogo-entre-la-tierra-y-el-cielo-la-misa-andina\/\" \/>\n<meta property=\"og:site_name\" content=\"soy belu\" \/>\n<meta property=\"article:modified_time\" content=\"2026-01-22T19:49:23+00:00\" \/>\n<meta property=\"og:image\" content=\"https:\/\/soybelu.com\/wp-content\/uploads\/2026\/01\/pexels-alex-moron-campos-1485593813-26977486-2-scaled.jpg\" \/>\n\t<meta property=\"og:image:width\" content=\"1920\" \/>\n\t<meta property=\"og:image:height\" content=\"2560\" \/>\n\t<meta property=\"og:image:type\" content=\"image\/jpeg\" \/>\n<meta name=\"twitter:card\" content=\"summary_large_image\" \/>\n<meta name=\"twitter:label1\" content=\"Tiempo de lectura\" \/>\n\t<meta name=\"twitter:data1\" content=\"4 minutos\" \/>\n<script type=\"application\/ld+json\" class=\"yoast-schema-graph\">{\"@context\":\"https:\/\/schema.org\",\"@graph\":[{\"@type\":\"WebPage\",\"@id\":\"https:\/\/soybelu.com\/index.php\/que-es-lo-andino\/un-dialogo-entre-la-tierra-y-el-cielo-la-misa-andina\/\",\"url\":\"https:\/\/soybelu.com\/index.php\/que-es-lo-andino\/un-dialogo-entre-la-tierra-y-el-cielo-la-misa-andina\/\",\"name\":\"Un di\u00e1logo entre la tierra y el cielo, la Misa Andina - soy belu\",\"isPartOf\":{\"@id\":\"https:\/\/soybelu.com\/#website\"},\"primaryImageOfPage\":{\"@id\":\"https:\/\/soybelu.com\/index.php\/que-es-lo-andino\/un-dialogo-entre-la-tierra-y-el-cielo-la-misa-andina\/#primaryimage\"},\"image\":{\"@id\":\"https:\/\/soybelu.com\/index.php\/que-es-lo-andino\/un-dialogo-entre-la-tierra-y-el-cielo-la-misa-andina\/#primaryimage\"},\"thumbnailUrl\":\"https:\/\/soybelu.com\/wp-content\/uploads\/2026\/01\/pexels-alex-moron-campos-1485593813-26977486-2-768x1024.jpg\",\"datePublished\":\"2026-01-21T15:22:46+00:00\",\"dateModified\":\"2026-01-22T19:49:23+00:00\",\"breadcrumb\":{\"@id\":\"https:\/\/soybelu.com\/index.php\/que-es-lo-andino\/un-dialogo-entre-la-tierra-y-el-cielo-la-misa-andina\/#breadcrumb\"},\"inLanguage\":\"es\",\"potentialAction\":[{\"@type\":\"ReadAction\",\"target\":[\"https:\/\/soybelu.com\/index.php\/que-es-lo-andino\/un-dialogo-entre-la-tierra-y-el-cielo-la-misa-andina\/\"]}]},{\"@type\":\"ImageObject\",\"inLanguage\":\"es\",\"@id\":\"https:\/\/soybelu.com\/index.php\/que-es-lo-andino\/un-dialogo-entre-la-tierra-y-el-cielo-la-misa-andina\/#primaryimage\",\"url\":\"https:\/\/soybelu.com\/wp-content\/uploads\/2026\/01\/pexels-alex-moron-campos-1485593813-26977486-2-scaled.jpg\",\"contentUrl\":\"https:\/\/soybelu.com\/wp-content\/uploads\/2026\/01\/pexels-alex-moron-campos-1485593813-26977486-2-scaled.jpg\",\"width\":1920,\"height\":2560},{\"@type\":\"BreadcrumbList\",\"@id\":\"https:\/\/soybelu.com\/index.php\/que-es-lo-andino\/un-dialogo-entre-la-tierra-y-el-cielo-la-misa-andina\/#breadcrumb\",\"itemListElement\":[{\"@type\":\"ListItem\",\"position\":1,\"name\":\"Portada\",\"item\":\"https:\/\/soybelu.com\/\"},{\"@type\":\"ListItem\",\"position\":2,\"name\":\"\u00bfQu\u00e9 es lo Andino?\",\"item\":\"https:\/\/soybelu.com\/index.php\/que-es-lo-andino\/\"},{\"@type\":\"ListItem\",\"position\":3,\"name\":\"Un di\u00e1logo entre la tierra y el cielo, la Misa Andina\"}]},{\"@type\":\"WebSite\",\"@id\":\"https:\/\/soybelu.com\/#website\",\"url\":\"https:\/\/soybelu.com\/\",\"name\":\"soy belu\",\"description\":\"soy belu\",\"publisher\":{\"@id\":\"https:\/\/soybelu.com\/#organization\"},\"potentialAction\":[{\"@type\":\"SearchAction\",\"target\":{\"@type\":\"EntryPoint\",\"urlTemplate\":\"https:\/\/soybelu.com\/?s={search_term_string}\"},\"query-input\":{\"@type\":\"PropertyValueSpecification\",\"valueRequired\":true,\"valueName\":\"search_term_string\"}}],\"inLanguage\":\"es\"},{\"@type\":\"Organization\",\"@id\":\"https:\/\/soybelu.com\/#organization\",\"name\":\"soy belu\",\"url\":\"https:\/\/soybelu.com\/\",\"logo\":{\"@type\":\"ImageObject\",\"inLanguage\":\"es\",\"@id\":\"https:\/\/soybelu.com\/#\/schema\/logo\/image\/\",\"url\":\"https:\/\/soybelu.com\/wp-content\/uploads\/2025\/12\/cropped-40403.png\",\"contentUrl\":\"https:\/\/soybelu.com\/wp-content\/uploads\/2025\/12\/cropped-40403.png\",\"width\":512,\"height\":512,\"caption\":\"soy belu\"},\"image\":{\"@id\":\"https:\/\/soybelu.com\/#\/schema\/logo\/image\/\"}}]}<\/script>\n<!-- \/ Yoast SEO plugin. -->","yoast_head_json":{"title":"Un di\u00e1logo entre la tierra y el cielo, la Misa Andina - soy belu","robots":{"index":"index","follow":"follow","max-snippet":"max-snippet:-1","max-image-preview":"max-image-preview:large","max-video-preview":"max-video-preview:-1"},"canonical":"https:\/\/soybelu.com\/index.php\/que-es-lo-andino\/un-dialogo-entre-la-tierra-y-el-cielo-la-misa-andina\/","og_locale":"es_ES","og_type":"article","og_title":"Un di\u00e1logo entre la tierra y el cielo, la Misa Andina - soy belu","og_description":"El origen de la m\u00fasica andina se pierde en la oscuridad de los tiempos, podr\u00edamos decir que naci\u00f3 por primera vez cuando un hom\u00ednido cogi\u00f3 un palo de ca\u00f1a y sopl\u00f3 sobre \u00e9l para hacerlo sonar","og_url":"https:\/\/soybelu.com\/index.php\/que-es-lo-andino\/un-dialogo-entre-la-tierra-y-el-cielo-la-misa-andina\/","og_site_name":"soy belu","article_modified_time":"2026-01-22T19:49:23+00:00","og_image":[{"width":1920,"height":2560,"url":"https:\/\/soybelu.com\/wp-content\/uploads\/2026\/01\/pexels-alex-moron-campos-1485593813-26977486-2-scaled.jpg","type":"image\/jpeg"}],"twitter_card":"summary_large_image","twitter_misc":{"Tiempo de lectura":"4 minutos"},"schema":{"@context":"https:\/\/schema.org","@graph":[{"@type":"WebPage","@id":"https:\/\/soybelu.com\/index.php\/que-es-lo-andino\/un-dialogo-entre-la-tierra-y-el-cielo-la-misa-andina\/","url":"https:\/\/soybelu.com\/index.php\/que-es-lo-andino\/un-dialogo-entre-la-tierra-y-el-cielo-la-misa-andina\/","name":"Un di\u00e1logo entre la tierra y el cielo, la Misa Andina - soy belu","isPartOf":{"@id":"https:\/\/soybelu.com\/#website"},"primaryImageOfPage":{"@id":"https:\/\/soybelu.com\/index.php\/que-es-lo-andino\/un-dialogo-entre-la-tierra-y-el-cielo-la-misa-andina\/#primaryimage"},"image":{"@id":"https:\/\/soybelu.com\/index.php\/que-es-lo-andino\/un-dialogo-entre-la-tierra-y-el-cielo-la-misa-andina\/#primaryimage"},"thumbnailUrl":"https:\/\/soybelu.com\/wp-content\/uploads\/2026\/01\/pexels-alex-moron-campos-1485593813-26977486-2-768x1024.jpg","datePublished":"2026-01-21T15:22:46+00:00","dateModified":"2026-01-22T19:49:23+00:00","breadcrumb":{"@id":"https:\/\/soybelu.com\/index.php\/que-es-lo-andino\/un-dialogo-entre-la-tierra-y-el-cielo-la-misa-andina\/#breadcrumb"},"inLanguage":"es","potentialAction":[{"@type":"ReadAction","target":["https:\/\/soybelu.com\/index.php\/que-es-lo-andino\/un-dialogo-entre-la-tierra-y-el-cielo-la-misa-andina\/"]}]},{"@type":"ImageObject","inLanguage":"es","@id":"https:\/\/soybelu.com\/index.php\/que-es-lo-andino\/un-dialogo-entre-la-tierra-y-el-cielo-la-misa-andina\/#primaryimage","url":"https:\/\/soybelu.com\/wp-content\/uploads\/2026\/01\/pexels-alex-moron-campos-1485593813-26977486-2-scaled.jpg","contentUrl":"https:\/\/soybelu.com\/wp-content\/uploads\/2026\/01\/pexels-alex-moron-campos-1485593813-26977486-2-scaled.jpg","width":1920,"height":2560},{"@type":"BreadcrumbList","@id":"https:\/\/soybelu.com\/index.php\/que-es-lo-andino\/un-dialogo-entre-la-tierra-y-el-cielo-la-misa-andina\/#breadcrumb","itemListElement":[{"@type":"ListItem","position":1,"name":"Portada","item":"https:\/\/soybelu.com\/"},{"@type":"ListItem","position":2,"name":"\u00bfQu\u00e9 es lo Andino?","item":"https:\/\/soybelu.com\/index.php\/que-es-lo-andino\/"},{"@type":"ListItem","position":3,"name":"Un di\u00e1logo entre la tierra y el cielo, la Misa Andina"}]},{"@type":"WebSite","@id":"https:\/\/soybelu.com\/#website","url":"https:\/\/soybelu.com\/","name":"soy belu","description":"soy belu","publisher":{"@id":"https:\/\/soybelu.com\/#organization"},"potentialAction":[{"@type":"SearchAction","target":{"@type":"EntryPoint","urlTemplate":"https:\/\/soybelu.com\/?s={search_term_string}"},"query-input":{"@type":"PropertyValueSpecification","valueRequired":true,"valueName":"search_term_string"}}],"inLanguage":"es"},{"@type":"Organization","@id":"https:\/\/soybelu.com\/#organization","name":"soy belu","url":"https:\/\/soybelu.com\/","logo":{"@type":"ImageObject","inLanguage":"es","@id":"https:\/\/soybelu.com\/#\/schema\/logo\/image\/","url":"https:\/\/soybelu.com\/wp-content\/uploads\/2025\/12\/cropped-40403.png","contentUrl":"https:\/\/soybelu.com\/wp-content\/uploads\/2025\/12\/cropped-40403.png","width":512,"height":512,"caption":"soy belu"},"image":{"@id":"https:\/\/soybelu.com\/#\/schema\/logo\/image\/"}}]}},"_links":{"self":[{"href":"https:\/\/soybelu.com\/index.php\/wp-json\/wp\/v2\/pages\/483","targetHints":{"allow":["GET"]}}],"collection":[{"href":"https:\/\/soybelu.com\/index.php\/wp-json\/wp\/v2\/pages"}],"about":[{"href":"https:\/\/soybelu.com\/index.php\/wp-json\/wp\/v2\/types\/page"}],"author":[{"embeddable":true,"href":"https:\/\/soybelu.com\/index.php\/wp-json\/wp\/v2\/users\/1"}],"replies":[{"embeddable":true,"href":"https:\/\/soybelu.com\/index.php\/wp-json\/wp\/v2\/comments?post=483"}],"version-history":[{"count":2,"href":"https:\/\/soybelu.com\/index.php\/wp-json\/wp\/v2\/pages\/483\/revisions"}],"predecessor-version":[{"id":549,"href":"https:\/\/soybelu.com\/index.php\/wp-json\/wp\/v2\/pages\/483\/revisions\/549"}],"up":[{"embeddable":true,"href":"https:\/\/soybelu.com\/index.php\/wp-json\/wp\/v2\/pages\/470"}],"wp:attachment":[{"href":"https:\/\/soybelu.com\/index.php\/wp-json\/wp\/v2\/media?parent=483"}],"curies":[{"name":"wp","href":"https:\/\/api.w.org\/{rel}","templated":true}]}}