{"id":495,"date":"2026-01-21T10:35:13","date_gmt":"2026-01-21T15:35:13","guid":{"rendered":"https:\/\/soybelu.com\/?page_id=495"},"modified":"2026-01-22T15:19:26","modified_gmt":"2026-01-22T20:19:26","slug":"los-elementos-de-la-misa","status":"publish","type":"page","link":"https:\/\/soybelu.com\/index.php\/los-elementos-de-la-misa\/","title":{"rendered":"Los elementos de la Misa"},"content":{"rendered":"<div class=\"wp-block-image\">\n<figure class=\"aligncenter size-full is-resized\"><img loading=\"lazy\" decoding=\"async\" width=\"1024\" height=\"1024\" src=\"https:\/\/soybelu.com\/wp-content\/uploads\/2026\/01\/Gemini_Generated_Image_xhsb9dxhsb9dxhsb.png\" alt=\"\" class=\"wp-image-502\" style=\"width:512px;height:auto\" srcset=\"https:\/\/soybelu.com\/wp-content\/uploads\/2026\/01\/Gemini_Generated_Image_xhsb9dxhsb9dxhsb.png 1024w, https:\/\/soybelu.com\/wp-content\/uploads\/2026\/01\/Gemini_Generated_Image_xhsb9dxhsb9dxhsb-300x300.png 300w, https:\/\/soybelu.com\/wp-content\/uploads\/2026\/01\/Gemini_Generated_Image_xhsb9dxhsb9dxhsb-150x150.png 150w, https:\/\/soybelu.com\/wp-content\/uploads\/2026\/01\/Gemini_Generated_Image_xhsb9dxhsb9dxhsb-768x768.png 768w\" sizes=\"auto, (max-width: 1024px) 100vw, 1024px\" \/><figcaption class=\"wp-element-caption\"><strong><em>Imagen creada por IA Gemini<\/em><\/strong><\/figcaption><\/figure>\n<\/div>\n\n\n<p>Entrar en los elementos de la <strong>Misa Andina<\/strong> es descubrir un rompecabezas donde cada pieza tiene un significado espiritual y t\u00e9cnico. Aqu\u00ed, la m\u00fasica no solo se escucha, se construye a trav\u00e9s de una instrumentaci\u00f3n espec\u00edfica que Mauricio Vicencio seleccion\u00f3 para dar voz a los Andes<sup><\/sup>.<\/p>\n\n\n\n<p>En esta secci\u00f3n de nuestro reportaje, te invitamos a explorar los componentes fundamentales que hacen que esta obra sea \u00fanica:<\/p>\n\n\n\n<h4 class=\"wp-block-heading\"><strong><em>1. Los Instrumentos Sagrados<\/em><\/strong><\/h4>\n\n\n\n<p>La Misa abandona la orquesta convencional para dar paso a la \u00aborquesta de la tierra\u00bb. Cada instrumento aporta una textura que evoca un elemento del paisaje andino<sup><\/sup>:<\/p>\n\n\n\n<ul class=\"wp-block-list\">\n<li><strong>Vientos (Quenas y Zampo\u00f1as):<\/strong> Representan el aire y el susurro de las monta\u00f1as.<\/li>\n\n\n\n<li><strong>Cuerdas (Charango):<\/strong> Aporta el brillo r\u00edtmico y la energ\u00eda festiva.<\/li>\n\n\n\n<li><strong>Percusi\u00f3n (Bombo Leg\u00fcero):<\/strong> Es el latido constante, el pulso que conecta la m\u00fasica con el suelo que pisamos.<\/li>\n<\/ul>\n\n\n\n<h4 class=\"wp-block-heading\"><strong><em>2. La Fusi\u00f3n Estil\u00edstica<\/em><\/strong><\/h4>\n\n\n\n<p>La estructura de la Misa Andina es un di\u00e1logo t\u00e9cnico. No se limita a un solo g\u00e9nero; en sus partituras conviven ritmos tradicionales como el <strong>sanjuan, el danzante y el yarav\u00ed<\/strong><sup><\/sup>. Esta mezcla crea una \u00abfusi\u00f3n estil\u00edstica\u00bb donde las armon\u00edas corales se adaptan a la m\u00e9trica y el sentimiento de la m\u00fasica nacional ecuatoriana y latinoamericana<sup><\/sup>.<\/p>\n\n\n\n<h4 class=\"wp-block-heading\"><strong><em>3. La Voz como Instrumento<\/em><\/strong><\/h4>\n\n\n\n<p>El <strong>Coro<\/strong>, bajo la direcci\u00f3n de maestros como Juan Carlos Velasco, enfrenta el reto de integrar la t\u00e9cnica vocal acad\u00e9mica con la sensibilidad andina<sup><\/sup>. Es aqu\u00ed donde la liturgia cat\u00f3lica se encuentra con la melod\u00eda ind\u00edgena, creando un nuevo significado sonoro que trasciende la religi\u00f3n para convertirse en cultura pura<sup><\/sup><\/p>\n\n\n\n<div class=\"wp-block-buttons is-content-justification-center is-layout-flex wp-container-core-buttons-is-layout-16018d1d wp-block-buttons-is-layout-flex\">\n<div class=\"wp-block-button\"><a class=\"wp-block-button__link wp-element-button\" href=\"https:\/\/soybelu.com\/index.php\/2026\/01\/21\/un-dialogo-entre-la-tierra-y-el-cielo-musica-andina\/\"><span class=\"wp-rich-text-font-awesome-icon wp-font-awesome-icon\"><svg aria-hidden=\"true\" focusable=\"false\" data-prefix=\"fas\" data-icon=\"house\" class=\"svg-inline--fa fa-house \" role=\"img\" xmlns=\"http:\/\/www.w3.org\/2000\/svg\" viewBox=\"0 0 512 512\"><path fill=\"currentColor\" d=\"M277.8 8.6c-12.3-11.4-31.3-11.4-43.5 0l-224 208c-9.6 9-12.8 22.9-8 35.1S18.8 272 32 272l16 0 0 176c0 35.3 28.7 64 64 64l288 0c35.3 0 64-28.7 64-64l0-176 16 0c13.2 0 25-8.1 29.8-20.3s1.6-26.2-8-35.1l-224-208zM240 320l32 0c26.5 0 48 21.5 48 48l0 96-128 0 0-96c0-26.5 21.5-48 48-48z\"><\/path><\/svg><\/span><\/a><\/div>\n\n\n\n<div class=\"wp-block-button\"><a class=\"wp-block-button__link wp-element-button\" href=\"https:\/\/soybelu.com\/index.php\/que-es-lo-andino\/\"><span class=\"wp-rich-text-font-awesome-icon wp-font-awesome-icon\"><svg aria-hidden=\"true\" focusable=\"false\" data-prefix=\"fas\" data-icon=\"sun\" class=\"svg-inline--fa fa-sun \" role=\"img\" xmlns=\"http:\/\/www.w3.org\/2000\/svg\" viewBox=\"0 0 576 512\"><path fill=\"currentColor\" d=\"M178.2-10.1c7.4-3.1 15.8-2.2 22.5 2.2l87.8 58.2 87.8-58.2c6.7-4.4 15.1-5.2 22.5-2.2S411.4-.5 413 7.3l20.9 103.2 103.2 20.9c7.8 1.6 14.4 7 17.4 14.3s2.2 15.8-2.2 22.5l-58.2 87.8 58.2 87.8c4.4 6.7 5.2 15.1 2.2 22.5s-9.6 12.8-17.4 14.3L433.8 401.4 413 504.7c-1.6 7.8-7 14.4-14.3 17.4s-15.8 2.2-22.5-2.2l-87.8-58.2-87.8 58.2c-6.7 4.4-15.1 5.2-22.5 2.2s-12.8-9.6-14.3-17.4L143 401.4 39.7 380.5c-7.8-1.6-14.4-7-17.4-14.3s-2.2-15.8 2.2-22.5L82.7 256 24.5 168.2c-4.4-6.7-5.2-15.1-2.2-22.5s9.6-12.8 17.4-14.3L143 110.6 163.9 7.3c1.6-7.8 7-14.4 14.3-17.4zM207.6 256a80.4 80.4 0 1 1 160.8 0 80.4 80.4 0 1 1 -160.8 0zm208.8 0a128.4 128.4 0 1 0 -256.8 0 128.4 128.4 0 1 0 256.8 0z\"><\/path><\/svg><\/span> \u00bfQu\u00e9 es lo Andino?<\/a><\/div>\n\n\n\n<div class=\"wp-block-button\"><a class=\"wp-block-button__link wp-element-button\" href=\"https:\/\/soybelu.com\/index.php\/los-elementos-de-la-misa\/las-voces-del-andes\/\"><span class=\"wp-rich-text-font-awesome-icon wp-font-awesome-icon\"><svg aria-hidden=\"true\" focusable=\"false\" data-prefix=\"fas\" data-icon=\"people-group\" class=\"svg-inline--fa fa-people-group \" role=\"img\" xmlns=\"http:\/\/www.w3.org\/2000\/svg\" viewBox=\"0 0 512 512\"><path fill=\"currentColor\" d=\"M256 0a64 64 0 1 1 0 128 64 64 0 1 1 0-128zm96 312c0 25-12.7 47-32 59.9l0 92.1c0 26.5-21.5 48-48 48l-32 0c-26.5 0-48-21.5-48-48l0-92.1C172.7 359 160 337 160 312l0-40c0-53 43-96 96-96s96 43 96 96l0 40zM96 32a56 56 0 1 1 0 112 56 56 0 1 1 0-112zm16 240l0 32c0 32.5 12.1 62.1 32 84.7l0 75.3c0 1.2 0 2.5 .1 3.7-8.5 7.6-19.7 12.3-32.1 12.3l-32 0c-26.5 0-48-21.5-48-48l0-56.6C12.9 364.4 0 343.7 0 320l0-32c0-53 43-96 96-96 12.7 0 24.8 2.5 35.9 6.9-12.6 21.4-19.9 46.4-19.9 73.1zM368 464l0-75.3c19.9-22.5 32-52.2 32-84.7l0-32c0-26.7-7.3-51.6-19.9-73.1 11.1-4.5 23.2-6.9 35.9-6.9 53 0 96 43 96 96l0 32c0 23.7-12.9 44.4-32 55.4l0 56.6c0 26.5-21.5 48-48 48l-32 0c-12.3 0-23.6-4.6-32.1-12.3 0-1.2 .1-2.5 .1-3.7zM416 32a56 56 0 1 1 0 112 56 56 0 1 1 0-112z\"><\/path><\/svg><\/span> Altiplano de Chile<\/a><\/div>\n\n\n\n<div class=\"wp-block-button\"><a class=\"wp-block-button__link wp-element-button\" href=\"https:\/\/soybelu.com\/index.php\/los-elementos-de-la-misa\/los-instrumentos-sagrados-de-la-musica-andina\/\"><span class=\"wp-rich-text-font-awesome-icon wp-font-awesome-icon\"><svg aria-hidden=\"true\" focusable=\"false\" data-prefix=\"fas\" data-icon=\"guitar\" class=\"svg-inline--fa fa-guitar \" role=\"img\" xmlns=\"http:\/\/www.w3.org\/2000\/svg\" viewBox=\"0 0 512 512\"><path fill=\"currentColor\" d=\"M465 7c-9.4-9.4-24.6-9.4-33.9 0L383 55c-2.4 2.4-4.3 5.3-5.5 8.5l-15.4 41-77.5 77.6c-45.1-29.4-99.3-30.2-131 1.6-11 11-18 24.6-21.4 39.6-3.7 16.6-19.1 30.7-36.1 31.6-25.6 1.3-49.3 10.7-67.3 28.6-44.8 44.8-36.4 125.8 18.7 180.9S183.6 528 228.4 483.2c17.9-17.9 27.4-41.7 28.6-67.3 .9-17 15-32.3 31.6-36.1 15-3.4 28.6-10.5 39.6-21.4 31.8-31.8 31-85.9 1.6-131l77.6-77.6 41-15.4c3.2-1.2 6.1-3.1 8.5-5.5l48-48c9.4-9.4 9.4-24.6 0-33.9L465 7zM208 256a48 48 0 1 1 0 96 48 48 0 1 1 0-96z\"><\/path><\/svg><\/span> Los instrumentos de la M\u00fasica Andina<\/a><\/div>\n\n\n\n<div class=\"wp-block-button\"><a class=\"wp-block-button__link wp-element-button\" href=\"https:\/\/soybelu.com\/index.php\/los-elementos-de-la-misa\/detras-de-la-partitura-con-juan-carlos-velasco\/\"><span class=\"wp-rich-text-font-awesome-icon wp-font-awesome-icon\"><svg aria-hidden=\"true\" focusable=\"false\" data-prefix=\"fas\" data-icon=\"compact-disc\" class=\"svg-inline--fa fa-compact-disc \" role=\"img\" xmlns=\"http:\/\/www.w3.org\/2000\/svg\" viewBox=\"0 0 512 512\"><path fill=\"currentColor\" d=\"M0 256a256 256 0 1 1 512 0 256 256 0 1 1 -512 0zm256 32a32 32 0 1 1 0-64 32 32 0 1 1 0 64zm-96-32a96 96 0 1 0 192 0 96 96 0 1 0 -192 0zm-56-16c0-32.4 16.3-66.6 42.8-93.2S207.6 104 240 104c13.3 0 24-10.7 24-24s-10.7-24-24-24c-47.9 0-93.7 23.5-127.1 56.9S56 192.1 56 240c0 13.3 10.7 24 24 24s24-10.7 24-24z\"><\/path><\/svg><\/span> Detr\u00e1s de la partitura<\/a><\/div>\n<\/div>\n","protected":false},"excerpt":{"rendered":"<p>\u00bfC\u00f3mo se construye un puente sonoro entre el cielo y la tierra? Desarmamos la Misa Andina para explorar su &#8216;esqueleto&#8217;: una combinaci\u00f3n magistral de instrumentos sagrados, partituras h\u00edbridas y la fuerza del coro polif\u00f3nico.<\/p>\n","protected":false},"author":1,"featured_media":0,"parent":0,"menu_order":2,"comment_status":"closed","ping_status":"closed","template":"","meta":{"footnotes":""},"class_list":["post-495","page","type-page","status-publish","hentry"],"yoast_head":"<!-- This site is optimized with the Yoast SEO plugin v26.7 - https:\/\/yoast.com\/wordpress\/plugins\/seo\/ -->\n<title>Los elementos de la Misa - soy belu<\/title>\n<meta name=\"robots\" content=\"index, follow, max-snippet:-1, max-image-preview:large, max-video-preview:-1\" \/>\n<link rel=\"canonical\" href=\"https:\/\/soybelu.com\/index.php\/los-elementos-de-la-misa\/\" \/>\n<meta property=\"og:locale\" content=\"es_ES\" \/>\n<meta property=\"og:type\" content=\"article\" \/>\n<meta property=\"og:title\" content=\"Los elementos de la Misa - soy belu\" \/>\n<meta property=\"og:description\" content=\"\u00bfC\u00f3mo se construye un puente sonoro entre el cielo y la tierra? Desarmamos la Misa Andina para explorar su &#039;esqueleto&#039;: una combinaci\u00f3n magistral de instrumentos sagrados, partituras h\u00edbridas y la fuerza del coro polif\u00f3nico.\" \/>\n<meta property=\"og:url\" content=\"https:\/\/soybelu.com\/index.php\/los-elementos-de-la-misa\/\" \/>\n<meta property=\"og:site_name\" content=\"soy belu\" \/>\n<meta property=\"article:modified_time\" content=\"2026-01-22T20:19:26+00:00\" \/>\n<meta property=\"og:image\" content=\"https:\/\/soybelu.com\/wp-content\/uploads\/2026\/01\/Gemini_Generated_Image_xhsb9dxhsb9dxhsb.png\" \/>\n\t<meta property=\"og:image:width\" content=\"843\" \/>\n\t<meta property=\"og:image:height\" content=\"843\" \/>\n\t<meta property=\"og:image:type\" content=\"image\/png\" \/>\n<meta name=\"twitter:card\" content=\"summary_large_image\" \/>\n<meta name=\"twitter:label1\" content=\"Tiempo de lectura\" \/>\n\t<meta name=\"twitter:data1\" content=\"2 minutos\" \/>\n<script type=\"application\/ld+json\" class=\"yoast-schema-graph\">{\"@context\":\"https:\/\/schema.org\",\"@graph\":[{\"@type\":\"WebPage\",\"@id\":\"https:\/\/soybelu.com\/index.php\/los-elementos-de-la-misa\/\",\"url\":\"https:\/\/soybelu.com\/index.php\/los-elementos-de-la-misa\/\",\"name\":\"Los elementos de la Misa - soy belu\",\"isPartOf\":{\"@id\":\"https:\/\/soybelu.com\/#website\"},\"primaryImageOfPage\":{\"@id\":\"https:\/\/soybelu.com\/index.php\/los-elementos-de-la-misa\/#primaryimage\"},\"image\":{\"@id\":\"https:\/\/soybelu.com\/index.php\/los-elementos-de-la-misa\/#primaryimage\"},\"thumbnailUrl\":\"https:\/\/soybelu.com\/wp-content\/uploads\/2026\/01\/Gemini_Generated_Image_xhsb9dxhsb9dxhsb.png\",\"datePublished\":\"2026-01-21T15:35:13+00:00\",\"dateModified\":\"2026-01-22T20:19:26+00:00\",\"breadcrumb\":{\"@id\":\"https:\/\/soybelu.com\/index.php\/los-elementos-de-la-misa\/#breadcrumb\"},\"inLanguage\":\"es\",\"potentialAction\":[{\"@type\":\"ReadAction\",\"target\":[\"https:\/\/soybelu.com\/index.php\/los-elementos-de-la-misa\/\"]}]},{\"@type\":\"ImageObject\",\"inLanguage\":\"es\",\"@id\":\"https:\/\/soybelu.com\/index.php\/los-elementos-de-la-misa\/#primaryimage\",\"url\":\"https:\/\/soybelu.com\/wp-content\/uploads\/2026\/01\/Gemini_Generated_Image_xhsb9dxhsb9dxhsb.png\",\"contentUrl\":\"https:\/\/soybelu.com\/wp-content\/uploads\/2026\/01\/Gemini_Generated_Image_xhsb9dxhsb9dxhsb.png\",\"width\":1024,\"height\":1024},{\"@type\":\"BreadcrumbList\",\"@id\":\"https:\/\/soybelu.com\/index.php\/los-elementos-de-la-misa\/#breadcrumb\",\"itemListElement\":[{\"@type\":\"ListItem\",\"position\":1,\"name\":\"Portada\",\"item\":\"https:\/\/soybelu.com\/\"},{\"@type\":\"ListItem\",\"position\":2,\"name\":\"Los elementos de la Misa\"}]},{\"@type\":\"WebSite\",\"@id\":\"https:\/\/soybelu.com\/#website\",\"url\":\"https:\/\/soybelu.com\/\",\"name\":\"soy belu\",\"description\":\"soy belu\",\"publisher\":{\"@id\":\"https:\/\/soybelu.com\/#organization\"},\"potentialAction\":[{\"@type\":\"SearchAction\",\"target\":{\"@type\":\"EntryPoint\",\"urlTemplate\":\"https:\/\/soybelu.com\/?s={search_term_string}\"},\"query-input\":{\"@type\":\"PropertyValueSpecification\",\"valueRequired\":true,\"valueName\":\"search_term_string\"}}],\"inLanguage\":\"es\"},{\"@type\":\"Organization\",\"@id\":\"https:\/\/soybelu.com\/#organization\",\"name\":\"soy belu\",\"url\":\"https:\/\/soybelu.com\/\",\"logo\":{\"@type\":\"ImageObject\",\"inLanguage\":\"es\",\"@id\":\"https:\/\/soybelu.com\/#\/schema\/logo\/image\/\",\"url\":\"https:\/\/soybelu.com\/wp-content\/uploads\/2025\/12\/cropped-40403.png\",\"contentUrl\":\"https:\/\/soybelu.com\/wp-content\/uploads\/2025\/12\/cropped-40403.png\",\"width\":512,\"height\":512,\"caption\":\"soy belu\"},\"image\":{\"@id\":\"https:\/\/soybelu.com\/#\/schema\/logo\/image\/\"}}]}<\/script>\n<!-- \/ Yoast SEO plugin. -->","yoast_head_json":{"title":"Los elementos de la Misa - soy belu","robots":{"index":"index","follow":"follow","max-snippet":"max-snippet:-1","max-image-preview":"max-image-preview:large","max-video-preview":"max-video-preview:-1"},"canonical":"https:\/\/soybelu.com\/index.php\/los-elementos-de-la-misa\/","og_locale":"es_ES","og_type":"article","og_title":"Los elementos de la Misa - soy belu","og_description":"\u00bfC\u00f3mo se construye un puente sonoro entre el cielo y la tierra? Desarmamos la Misa Andina para explorar su 'esqueleto': una combinaci\u00f3n magistral de instrumentos sagrados, partituras h\u00edbridas y la fuerza del coro polif\u00f3nico.","og_url":"https:\/\/soybelu.com\/index.php\/los-elementos-de-la-misa\/","og_site_name":"soy belu","article_modified_time":"2026-01-22T20:19:26+00:00","og_image":[{"url":"https:\/\/soybelu.com\/wp-content\/uploads\/2026\/01\/Gemini_Generated_Image_xhsb9dxhsb9dxhsb.png","width":843,"height":843,"type":"image\/png"}],"twitter_card":"summary_large_image","twitter_misc":{"Tiempo de lectura":"2 minutos"},"schema":{"@context":"https:\/\/schema.org","@graph":[{"@type":"WebPage","@id":"https:\/\/soybelu.com\/index.php\/los-elementos-de-la-misa\/","url":"https:\/\/soybelu.com\/index.php\/los-elementos-de-la-misa\/","name":"Los elementos de la Misa - soy belu","isPartOf":{"@id":"https:\/\/soybelu.com\/#website"},"primaryImageOfPage":{"@id":"https:\/\/soybelu.com\/index.php\/los-elementos-de-la-misa\/#primaryimage"},"image":{"@id":"https:\/\/soybelu.com\/index.php\/los-elementos-de-la-misa\/#primaryimage"},"thumbnailUrl":"https:\/\/soybelu.com\/wp-content\/uploads\/2026\/01\/Gemini_Generated_Image_xhsb9dxhsb9dxhsb.png","datePublished":"2026-01-21T15:35:13+00:00","dateModified":"2026-01-22T20:19:26+00:00","breadcrumb":{"@id":"https:\/\/soybelu.com\/index.php\/los-elementos-de-la-misa\/#breadcrumb"},"inLanguage":"es","potentialAction":[{"@type":"ReadAction","target":["https:\/\/soybelu.com\/index.php\/los-elementos-de-la-misa\/"]}]},{"@type":"ImageObject","inLanguage":"es","@id":"https:\/\/soybelu.com\/index.php\/los-elementos-de-la-misa\/#primaryimage","url":"https:\/\/soybelu.com\/wp-content\/uploads\/2026\/01\/Gemini_Generated_Image_xhsb9dxhsb9dxhsb.png","contentUrl":"https:\/\/soybelu.com\/wp-content\/uploads\/2026\/01\/Gemini_Generated_Image_xhsb9dxhsb9dxhsb.png","width":1024,"height":1024},{"@type":"BreadcrumbList","@id":"https:\/\/soybelu.com\/index.php\/los-elementos-de-la-misa\/#breadcrumb","itemListElement":[{"@type":"ListItem","position":1,"name":"Portada","item":"https:\/\/soybelu.com\/"},{"@type":"ListItem","position":2,"name":"Los elementos de la Misa"}]},{"@type":"WebSite","@id":"https:\/\/soybelu.com\/#website","url":"https:\/\/soybelu.com\/","name":"soy belu","description":"soy belu","publisher":{"@id":"https:\/\/soybelu.com\/#organization"},"potentialAction":[{"@type":"SearchAction","target":{"@type":"EntryPoint","urlTemplate":"https:\/\/soybelu.com\/?s={search_term_string}"},"query-input":{"@type":"PropertyValueSpecification","valueRequired":true,"valueName":"search_term_string"}}],"inLanguage":"es"},{"@type":"Organization","@id":"https:\/\/soybelu.com\/#organization","name":"soy belu","url":"https:\/\/soybelu.com\/","logo":{"@type":"ImageObject","inLanguage":"es","@id":"https:\/\/soybelu.com\/#\/schema\/logo\/image\/","url":"https:\/\/soybelu.com\/wp-content\/uploads\/2025\/12\/cropped-40403.png","contentUrl":"https:\/\/soybelu.com\/wp-content\/uploads\/2025\/12\/cropped-40403.png","width":512,"height":512,"caption":"soy belu"},"image":{"@id":"https:\/\/soybelu.com\/#\/schema\/logo\/image\/"}}]}},"_links":{"self":[{"href":"https:\/\/soybelu.com\/index.php\/wp-json\/wp\/v2\/pages\/495","targetHints":{"allow":["GET"]}}],"collection":[{"href":"https:\/\/soybelu.com\/index.php\/wp-json\/wp\/v2\/pages"}],"about":[{"href":"https:\/\/soybelu.com\/index.php\/wp-json\/wp\/v2\/types\/page"}],"author":[{"embeddable":true,"href":"https:\/\/soybelu.com\/index.php\/wp-json\/wp\/v2\/users\/1"}],"replies":[{"embeddable":true,"href":"https:\/\/soybelu.com\/index.php\/wp-json\/wp\/v2\/comments?post=495"}],"version-history":[{"count":9,"href":"https:\/\/soybelu.com\/index.php\/wp-json\/wp\/v2\/pages\/495\/revisions"}],"predecessor-version":[{"id":562,"href":"https:\/\/soybelu.com\/index.php\/wp-json\/wp\/v2\/pages\/495\/revisions\/562"}],"wp:attachment":[{"href":"https:\/\/soybelu.com\/index.php\/wp-json\/wp\/v2\/media?parent=495"}],"curies":[{"name":"wp","href":"https:\/\/api.w.org\/{rel}","templated":true}]}}