{"id":509,"date":"2026-01-21T18:15:06","date_gmt":"2026-01-21T23:15:06","guid":{"rendered":"https:\/\/soybelu.com\/?page_id=509"},"modified":"2026-01-22T16:00:50","modified_gmt":"2026-01-22T21:00:50","slug":"el-latido-del-ensayo-como-se-prepara-la-misa","status":"publish","type":"page","link":"https:\/\/soybelu.com\/index.php\/el-latido-del-ensayo-como-se-prepara-la-misa\/","title":{"rendered":"El latido del ensayo: \u00bfC\u00f3mo se prepara la Misa?"},"content":{"rendered":"\n<p>Montar la <strong>Misa Andina<\/strong> no es un proceso coral ordinario. Requiere que los artistas \u00abdesaprendan\u00bb ciertas rigideces para dejar que el pulso gu\u00ede sus voces. En esta secci\u00f3n, las puertas se abren en la sala de ensayo para que seas testigo de c\u00f3mo una partitura se transforma en un ritual vivo.<\/p>\n\n\n<div class=\"wp-block-image\">\n<figure class=\"aligncenter size-full is-resized\"><img loading=\"lazy\" decoding=\"async\" width=\"1024\" height=\"1024\" src=\"https:\/\/soybelu.com\/wp-content\/uploads\/2026\/01\/Gemini_Generated_Image_oao205oao205oao2.png\" alt=\"\" class=\"wp-image-510\" style=\"width:443px;height:auto\" srcset=\"https:\/\/soybelu.com\/wp-content\/uploads\/2026\/01\/Gemini_Generated_Image_oao205oao205oao2.png 1024w, https:\/\/soybelu.com\/wp-content\/uploads\/2026\/01\/Gemini_Generated_Image_oao205oao205oao2-300x300.png 300w, https:\/\/soybelu.com\/wp-content\/uploads\/2026\/01\/Gemini_Generated_Image_oao205oao205oao2-150x150.png 150w, https:\/\/soybelu.com\/wp-content\/uploads\/2026\/01\/Gemini_Generated_Image_oao205oao205oao2-768x768.png 768w\" sizes=\"auto, (max-width: 1024px) 100vw, 1024px\" \/><figcaption class=\"wp-element-caption\"><strong><em>Imagen generada por IA Gemini<\/em><\/strong><\/figcaption><\/figure>\n<\/div>\n\n\n<div class=\"wp-block-buttons is-content-justification-center is-layout-flex wp-container-core-buttons-is-layout-16018d1d wp-block-buttons-is-layout-flex\">\n<div class=\"wp-block-button is-style-fill\"><a class=\"wp-block-button__link wp-element-button\" href=\"https:\/\/soybelu.com\/index.php\/2026\/01\/21\/un-dialogo-entre-la-tierra-y-el-cielo-musica-andina\/\"><span class=\"wp-rich-text-font-awesome-icon wp-font-awesome-icon\"><svg aria-hidden=\"true\" focusable=\"false\" data-prefix=\"fas\" data-icon=\"house\" class=\"svg-inline--fa fa-house \" role=\"img\" xmlns=\"http:\/\/www.w3.org\/2000\/svg\" viewBox=\"0 0 512 512\"><path fill=\"currentColor\" d=\"M277.8 8.6c-12.3-11.4-31.3-11.4-43.5 0l-224 208c-9.6 9-12.8 22.9-8 35.1S18.8 272 32 272l16 0 0 176c0 35.3 28.7 64 64 64l288 0c35.3 0 64-28.7 64-64l0-176 16 0c13.2 0 25-8.1 29.8-20.3s1.6-26.2-8-35.1l-224-208zM240 320l32 0c26.5 0 48 21.5 48 48l0 96-128 0 0-96c0-26.5 21.5-48 48-48z\"><\/path><\/svg><\/span><\/a><\/div>\n\n\n\n<div class=\"wp-block-button\"><a class=\"wp-block-button__link wp-element-button\" href=\"https:\/\/soybelu.com\/index.php\/que-es-lo-andino\/\"><span class=\"wp-rich-text-font-awesome-icon wp-font-awesome-icon\"><svg aria-hidden=\"true\" focusable=\"false\" data-prefix=\"fas\" data-icon=\"sun\" class=\"svg-inline--fa fa-sun \" role=\"img\" xmlns=\"http:\/\/www.w3.org\/2000\/svg\" viewBox=\"0 0 576 512\"><path fill=\"currentColor\" d=\"M178.2-10.1c7.4-3.1 15.8-2.2 22.5 2.2l87.8 58.2 87.8-58.2c6.7-4.4 15.1-5.2 22.5-2.2S411.4-.5 413 7.3l20.9 103.2 103.2 20.9c7.8 1.6 14.4 7 17.4 14.3s2.2 15.8-2.2 22.5l-58.2 87.8 58.2 87.8c4.4 6.7 5.2 15.1 2.2 22.5s-9.6 12.8-17.4 14.3L433.8 401.4 413 504.7c-1.6 7.8-7 14.4-14.3 17.4s-15.8 2.2-22.5-2.2l-87.8-58.2-87.8 58.2c-6.7 4.4-15.1 5.2-22.5 2.2s-12.8-9.6-14.3-17.4L143 401.4 39.7 380.5c-7.8-1.6-14.4-7-17.4-14.3s-2.2-15.8 2.2-22.5L82.7 256 24.5 168.2c-4.4-6.7-5.2-15.1-2.2-22.5s9.6-12.8 17.4-14.3L143 110.6 163.9 7.3c1.6-7.8 7-14.4 14.3-17.4zM207.6 256a80.4 80.4 0 1 1 160.8 0 80.4 80.4 0 1 1 -160.8 0zm208.8 0a128.4 128.4 0 1 0 -256.8 0 128.4 128.4 0 1 0 256.8 0z\"><\/path><\/svg><\/span> \u00bfQu\u00e9 es lo andino?<\/a><\/div>\n\n\n\n<div class=\"wp-block-button\"><a class=\"wp-block-button__link wp-element-button\" href=\"https:\/\/soybelu.com\/index.php\/el-latido-del-ensayo-como-se-prepara-la-misa\/el-jubilo-en-el-ensayo\/\"><span class=\"wp-rich-text-font-awesome-icon wp-font-awesome-icon\"><svg aria-hidden=\"true\" focusable=\"false\" data-prefix=\"fas\" data-icon=\"face-laugh-wink\" class=\"svg-inline--fa fa-face-laugh-wink \" role=\"img\" xmlns=\"http:\/\/www.w3.org\/2000\/svg\" viewBox=\"0 0 512 512\"><path fill=\"currentColor\" d=\"M256 512a256 256 0 1 0 0-512 256 256 0 1 0 0 512zM101.6 314c-3.7-13.7 7.5-26 21.7-26l265.4 0c14.2 0 25.4 12.3 21.7 26-18.5 68-80.6 118-154.4 118S120 382 101.6 314zM144 192a32 32 0 1 1 64 0 32 32 0 1 1 -64 0zm164 8c0 11-9 20-20 20s-20-9-20-20c0-33.1 26.9-60 60-60l16 0c33.1 0 60 26.9 60 60 0 11-9 20-20 20s-20-9-20-20-9-20-20-20l-16 0c-11 0-20 9-20 20z\"><\/path><\/svg><\/span> El j\u00fabilo en el ensayo<\/a><\/div>\n\n\n\n<div class=\"wp-block-button\"><a class=\"wp-block-button__link wp-element-button\" href=\"https:\/\/soybelu.com\/index.php\/el-latido-del-ensayo-como-se-prepara-la-misa\/testimonios-desde-el-corazon-del-coro\/\"><span class=\"wp-rich-text-font-awesome-icon wp-font-awesome-icon\"><svg aria-hidden=\"true\" focusable=\"false\" data-prefix=\"fas\" data-icon=\"feather-pointed\" class=\"svg-inline--fa fa-feather-pointed \" role=\"img\" xmlns=\"http:\/\/www.w3.org\/2000\/svg\" viewBox=\"0 0 512 512\"><path fill=\"currentColor\" d=\"M475.3 .1c9.9-.8 19.6 3 26.6 10s10.8 16.7 10 26.6c-4 49.3-17.4 126.2-46.3 199.7-1.8 4.5-5.5 7.9-10.2 9.3L374.5 270c-3.9 1.2-6.5 4.7-6.5 8.8 0 5.1 4.1 9.2 9.2 9.2l38.6 0c12 0 19.7 12.8 13.5 23.1-4 6.7-8.3 13.2-12.7 19.6-2 2.9-5 5-8.4 6.1L310.5 366c-3.9 1.2-6.5 4.7-6.5 8.8 0 5.1 4.1 9.2 9.2 9.2l16 0c14.6 0 21 17.4 8.8 25.4-68 45-137.7 43.3-182.4 31.3-12.7-3.4-24-9.9-34.4-17.9L48 496c-8.8 8.8-23.2 8.8-32 0s-8.8-23.2 0-32l80-80 .5 .5c.7-1.3 1.6-2.5 2.7-3.6L256 224c8.8-8.8 8.8-23.2 0-32s-23.2-8.8-32 0L89.7 326.2c-8.9 8.9-24 4.4-25-8.2-4.3-53.2 9.3-123.1 72.6-186.4 91.1-91.1 254.2-124.7 337.9-131.5z\"><\/path><\/svg><\/span> Testimonios<\/a><\/div>\n\n\n\n<div class=\"wp-block-button\"><a class=\"wp-block-button__link wp-element-button\" href=\"https:\/\/soybelu.com\/index.php\/el-latido-del-ensayo-como-se-prepara-la-misa\/el-kit-de-preparacion-antes-del-gran-dia\/\"><span class=\"wp-rich-text-font-awesome-icon wp-font-awesome-icon\"><svg aria-hidden=\"true\" focusable=\"false\" data-prefix=\"fas\" data-icon=\"suitcase\" class=\"svg-inline--fa fa-suitcase \" role=\"img\" xmlns=\"http:\/\/www.w3.org\/2000\/svg\" viewBox=\"0 0 512 512\"><path fill=\"currentColor\" d=\"M200 48l112 0c4.4 0 8 3.6 8 8l0 40-128 0 0-40c0-4.4 3.6-8 8-8zm-56 8l0 424 224 0 0-424c0-30.9-25.1-56-56-56L200 0c-30.9 0-56 25.1-56 56zM416 96l0 384 32 0c35.3 0 64-28.7 64-64l0-256c0-35.3-28.7-64-64-64l-32 0zM96 480l0-384-32 0C28.7 96 0 124.7 0 160L0 416c0 35.3 28.7 64 64 64l32 0z\"><\/path><\/svg><\/span> El kit de preparaci\u00f3n<\/a><\/div>\n<\/div>\n","protected":false},"excerpt":{"rendered":"<p>Entra al coraz\u00f3n del Coro PUCE. Descubre el proceso de montaje de la Misa Andina: desde los retos de afinaci\u00f3n y ritmo hasta la conexi\u00f3n espiritual entre coristas e instrumentos. El camino detr\u00e1s del escenario, revelado en sonidos e im\u00e1genes.<\/p>\n","protected":false},"author":1,"featured_media":0,"parent":0,"menu_order":3,"comment_status":"closed","ping_status":"closed","template":"","meta":{"footnotes":""},"class_list":["post-509","page","type-page","status-publish","hentry"],"yoast_head":"<!-- This site is optimized with the Yoast SEO plugin v26.7 - https:\/\/yoast.com\/wordpress\/plugins\/seo\/ -->\n<title>El latido del ensayo: \u00bfC\u00f3mo se prepara la Misa? - soy belu<\/title>\n<meta name=\"robots\" content=\"index, follow, max-snippet:-1, max-image-preview:large, max-video-preview:-1\" \/>\n<link rel=\"canonical\" href=\"https:\/\/soybelu.com\/index.php\/el-latido-del-ensayo-como-se-prepara-la-misa\/\" \/>\n<meta property=\"og:locale\" content=\"es_ES\" \/>\n<meta property=\"og:type\" content=\"article\" \/>\n<meta property=\"og:title\" content=\"El latido del ensayo: \u00bfC\u00f3mo se prepara la Misa? - soy belu\" \/>\n<meta property=\"og:description\" content=\"Entra al coraz\u00f3n del Coro PUCE. Descubre el proceso de montaje de la Misa Andina: desde los retos de afinaci\u00f3n y ritmo hasta la conexi\u00f3n espiritual entre coristas e instrumentos. El camino detr\u00e1s del escenario, revelado en sonidos e im\u00e1genes.\" \/>\n<meta property=\"og:url\" content=\"https:\/\/soybelu.com\/index.php\/el-latido-del-ensayo-como-se-prepara-la-misa\/\" \/>\n<meta property=\"og:site_name\" content=\"soy belu\" \/>\n<meta property=\"article:modified_time\" content=\"2026-01-22T21:00:50+00:00\" \/>\n<meta property=\"og:image\" content=\"https:\/\/soybelu.com\/wp-content\/uploads\/2026\/01\/Gemini_Generated_Image_oao205oao205oao2.png\" \/>\n\t<meta property=\"og:image:width\" content=\"1024\" \/>\n\t<meta property=\"og:image:height\" content=\"1024\" \/>\n\t<meta property=\"og:image:type\" content=\"image\/png\" \/>\n<meta name=\"twitter:card\" content=\"summary_large_image\" \/>\n<meta name=\"twitter:label1\" content=\"Tiempo de lectura\" \/>\n\t<meta name=\"twitter:data1\" content=\"1 minuto\" \/>\n<script type=\"application\/ld+json\" class=\"yoast-schema-graph\">{\"@context\":\"https:\/\/schema.org\",\"@graph\":[{\"@type\":\"WebPage\",\"@id\":\"https:\/\/soybelu.com\/index.php\/el-latido-del-ensayo-como-se-prepara-la-misa\/\",\"url\":\"https:\/\/soybelu.com\/index.php\/el-latido-del-ensayo-como-se-prepara-la-misa\/\",\"name\":\"El latido del ensayo: \u00bfC\u00f3mo se prepara la Misa? - soy belu\",\"isPartOf\":{\"@id\":\"https:\/\/soybelu.com\/#website\"},\"primaryImageOfPage\":{\"@id\":\"https:\/\/soybelu.com\/index.php\/el-latido-del-ensayo-como-se-prepara-la-misa\/#primaryimage\"},\"image\":{\"@id\":\"https:\/\/soybelu.com\/index.php\/el-latido-del-ensayo-como-se-prepara-la-misa\/#primaryimage\"},\"thumbnailUrl\":\"https:\/\/soybelu.com\/wp-content\/uploads\/2026\/01\/Gemini_Generated_Image_oao205oao205oao2.png\",\"datePublished\":\"2026-01-21T23:15:06+00:00\",\"dateModified\":\"2026-01-22T21:00:50+00:00\",\"breadcrumb\":{\"@id\":\"https:\/\/soybelu.com\/index.php\/el-latido-del-ensayo-como-se-prepara-la-misa\/#breadcrumb\"},\"inLanguage\":\"es\",\"potentialAction\":[{\"@type\":\"ReadAction\",\"target\":[\"https:\/\/soybelu.com\/index.php\/el-latido-del-ensayo-como-se-prepara-la-misa\/\"]}]},{\"@type\":\"ImageObject\",\"inLanguage\":\"es\",\"@id\":\"https:\/\/soybelu.com\/index.php\/el-latido-del-ensayo-como-se-prepara-la-misa\/#primaryimage\",\"url\":\"https:\/\/soybelu.com\/wp-content\/uploads\/2026\/01\/Gemini_Generated_Image_oao205oao205oao2.png\",\"contentUrl\":\"https:\/\/soybelu.com\/wp-content\/uploads\/2026\/01\/Gemini_Generated_Image_oao205oao205oao2.png\",\"width\":1024,\"height\":1024},{\"@type\":\"BreadcrumbList\",\"@id\":\"https:\/\/soybelu.com\/index.php\/el-latido-del-ensayo-como-se-prepara-la-misa\/#breadcrumb\",\"itemListElement\":[{\"@type\":\"ListItem\",\"position\":1,\"name\":\"Portada\",\"item\":\"https:\/\/soybelu.com\/\"},{\"@type\":\"ListItem\",\"position\":2,\"name\":\"El latido del ensayo: \u00bfC\u00f3mo se prepara la Misa?\"}]},{\"@type\":\"WebSite\",\"@id\":\"https:\/\/soybelu.com\/#website\",\"url\":\"https:\/\/soybelu.com\/\",\"name\":\"soy belu\",\"description\":\"soy belu\",\"publisher\":{\"@id\":\"https:\/\/soybelu.com\/#organization\"},\"potentialAction\":[{\"@type\":\"SearchAction\",\"target\":{\"@type\":\"EntryPoint\",\"urlTemplate\":\"https:\/\/soybelu.com\/?s={search_term_string}\"},\"query-input\":{\"@type\":\"PropertyValueSpecification\",\"valueRequired\":true,\"valueName\":\"search_term_string\"}}],\"inLanguage\":\"es\"},{\"@type\":\"Organization\",\"@id\":\"https:\/\/soybelu.com\/#organization\",\"name\":\"soy belu\",\"url\":\"https:\/\/soybelu.com\/\",\"logo\":{\"@type\":\"ImageObject\",\"inLanguage\":\"es\",\"@id\":\"https:\/\/soybelu.com\/#\/schema\/logo\/image\/\",\"url\":\"https:\/\/soybelu.com\/wp-content\/uploads\/2025\/12\/cropped-40403.png\",\"contentUrl\":\"https:\/\/soybelu.com\/wp-content\/uploads\/2025\/12\/cropped-40403.png\",\"width\":512,\"height\":512,\"caption\":\"soy belu\"},\"image\":{\"@id\":\"https:\/\/soybelu.com\/#\/schema\/logo\/image\/\"}}]}<\/script>\n<!-- \/ Yoast SEO plugin. -->","yoast_head_json":{"title":"El latido del ensayo: \u00bfC\u00f3mo se prepara la Misa? - soy belu","robots":{"index":"index","follow":"follow","max-snippet":"max-snippet:-1","max-image-preview":"max-image-preview:large","max-video-preview":"max-video-preview:-1"},"canonical":"https:\/\/soybelu.com\/index.php\/el-latido-del-ensayo-como-se-prepara-la-misa\/","og_locale":"es_ES","og_type":"article","og_title":"El latido del ensayo: \u00bfC\u00f3mo se prepara la Misa? - soy belu","og_description":"Entra al coraz\u00f3n del Coro PUCE. Descubre el proceso de montaje de la Misa Andina: desde los retos de afinaci\u00f3n y ritmo hasta la conexi\u00f3n espiritual entre coristas e instrumentos. El camino detr\u00e1s del escenario, revelado en sonidos e im\u00e1genes.","og_url":"https:\/\/soybelu.com\/index.php\/el-latido-del-ensayo-como-se-prepara-la-misa\/","og_site_name":"soy belu","article_modified_time":"2026-01-22T21:00:50+00:00","og_image":[{"width":1024,"height":1024,"url":"https:\/\/soybelu.com\/wp-content\/uploads\/2026\/01\/Gemini_Generated_Image_oao205oao205oao2.png","type":"image\/png"}],"twitter_card":"summary_large_image","twitter_misc":{"Tiempo de lectura":"1 minuto"},"schema":{"@context":"https:\/\/schema.org","@graph":[{"@type":"WebPage","@id":"https:\/\/soybelu.com\/index.php\/el-latido-del-ensayo-como-se-prepara-la-misa\/","url":"https:\/\/soybelu.com\/index.php\/el-latido-del-ensayo-como-se-prepara-la-misa\/","name":"El latido del ensayo: \u00bfC\u00f3mo se prepara la Misa? - soy belu","isPartOf":{"@id":"https:\/\/soybelu.com\/#website"},"primaryImageOfPage":{"@id":"https:\/\/soybelu.com\/index.php\/el-latido-del-ensayo-como-se-prepara-la-misa\/#primaryimage"},"image":{"@id":"https:\/\/soybelu.com\/index.php\/el-latido-del-ensayo-como-se-prepara-la-misa\/#primaryimage"},"thumbnailUrl":"https:\/\/soybelu.com\/wp-content\/uploads\/2026\/01\/Gemini_Generated_Image_oao205oao205oao2.png","datePublished":"2026-01-21T23:15:06+00:00","dateModified":"2026-01-22T21:00:50+00:00","breadcrumb":{"@id":"https:\/\/soybelu.com\/index.php\/el-latido-del-ensayo-como-se-prepara-la-misa\/#breadcrumb"},"inLanguage":"es","potentialAction":[{"@type":"ReadAction","target":["https:\/\/soybelu.com\/index.php\/el-latido-del-ensayo-como-se-prepara-la-misa\/"]}]},{"@type":"ImageObject","inLanguage":"es","@id":"https:\/\/soybelu.com\/index.php\/el-latido-del-ensayo-como-se-prepara-la-misa\/#primaryimage","url":"https:\/\/soybelu.com\/wp-content\/uploads\/2026\/01\/Gemini_Generated_Image_oao205oao205oao2.png","contentUrl":"https:\/\/soybelu.com\/wp-content\/uploads\/2026\/01\/Gemini_Generated_Image_oao205oao205oao2.png","width":1024,"height":1024},{"@type":"BreadcrumbList","@id":"https:\/\/soybelu.com\/index.php\/el-latido-del-ensayo-como-se-prepara-la-misa\/#breadcrumb","itemListElement":[{"@type":"ListItem","position":1,"name":"Portada","item":"https:\/\/soybelu.com\/"},{"@type":"ListItem","position":2,"name":"El latido del ensayo: \u00bfC\u00f3mo se prepara la Misa?"}]},{"@type":"WebSite","@id":"https:\/\/soybelu.com\/#website","url":"https:\/\/soybelu.com\/","name":"soy belu","description":"soy belu","publisher":{"@id":"https:\/\/soybelu.com\/#organization"},"potentialAction":[{"@type":"SearchAction","target":{"@type":"EntryPoint","urlTemplate":"https:\/\/soybelu.com\/?s={search_term_string}"},"query-input":{"@type":"PropertyValueSpecification","valueRequired":true,"valueName":"search_term_string"}}],"inLanguage":"es"},{"@type":"Organization","@id":"https:\/\/soybelu.com\/#organization","name":"soy belu","url":"https:\/\/soybelu.com\/","logo":{"@type":"ImageObject","inLanguage":"es","@id":"https:\/\/soybelu.com\/#\/schema\/logo\/image\/","url":"https:\/\/soybelu.com\/wp-content\/uploads\/2025\/12\/cropped-40403.png","contentUrl":"https:\/\/soybelu.com\/wp-content\/uploads\/2025\/12\/cropped-40403.png","width":512,"height":512,"caption":"soy belu"},"image":{"@id":"https:\/\/soybelu.com\/#\/schema\/logo\/image\/"}}]}},"_links":{"self":[{"href":"https:\/\/soybelu.com\/index.php\/wp-json\/wp\/v2\/pages\/509","targetHints":{"allow":["GET"]}}],"collection":[{"href":"https:\/\/soybelu.com\/index.php\/wp-json\/wp\/v2\/pages"}],"about":[{"href":"https:\/\/soybelu.com\/index.php\/wp-json\/wp\/v2\/types\/page"}],"author":[{"embeddable":true,"href":"https:\/\/soybelu.com\/index.php\/wp-json\/wp\/v2\/users\/1"}],"replies":[{"embeddable":true,"href":"https:\/\/soybelu.com\/index.php\/wp-json\/wp\/v2\/comments?post=509"}],"version-history":[{"count":5,"href":"https:\/\/soybelu.com\/index.php\/wp-json\/wp\/v2\/pages\/509\/revisions"}],"predecessor-version":[{"id":586,"href":"https:\/\/soybelu.com\/index.php\/wp-json\/wp\/v2\/pages\/509\/revisions\/586"}],"wp:attachment":[{"href":"https:\/\/soybelu.com\/index.php\/wp-json\/wp\/v2\/media?parent=509"}],"curies":[{"name":"wp","href":"https:\/\/api.w.org\/{rel}","templated":true}]}}