{"id":512,"date":"2026-01-21T19:51:59","date_gmt":"2026-01-22T00:51:59","guid":{"rendered":"https:\/\/soybelu.com\/?page_id=512"},"modified":"2026-01-27T17:06:42","modified_gmt":"2026-01-27T22:06:42","slug":"el-jubilo-en-el-ensayo","status":"publish","type":"page","link":"https:\/\/soybelu.com\/index.php\/el-latido-del-ensayo-como-se-prepara-la-misa\/el-jubilo-en-el-ensayo\/","title":{"rendered":"El J\u00fabilo en el ensayo"},"content":{"rendered":"\n<p>La Misa Andina es una de las obras m\u00e1s dif\u00edciles a las que el coro se ha tenido que enfrentar. Mauricio Vicencio utiliza aqu\u00ed el pulso del <strong>sanjuanito<\/strong>, un ritmo que invita a la celebraci\u00f3n y al movimiento. El coro PUCE trabaj\u00f3 por meses para lograr converger los instrumentos y sus voces, lograron as\u00ed que todo el Teatro Sucre se llene por completo en el <em><a href=\"https:\/\/teatrosucre.com\/event\/conversatorio-con-antonio-arnedo-y-mauricio-vicencio\/\" target=\"_blank\" rel=\"noreferrer noopener\">XXII Festival Internacional de M\u00fasica Sacra de Quito (FIMUSAQ),\u00a0 \u201cEl Rito\u201d.\u00a0<\/a><\/em><\/p>\n\n\n\n<div style=\"width: 100%;\"><div style=\"position: relative; padding-bottom: 56.25%; padding-top: 0; height: 0;\"><iframe loading=\"lazy\" title=\"\u00bfQu\u00e9 dice el coro?\" frameborder=\"0\" width=\"1200\" height=\"675\" style=\"position: absolute; top: 0; left: 0; width: 100%; height: 100%;\" src=\"https:\/\/view.genially.com\/697171d4f133f0ae9e168725\" type=\"text\/html\" allowscriptaccess=\"always\" allowfullscreen=\"true\" scrolling=\"yes\" allownetworking=\"all\"><\/iframe> <\/div> <\/div>\n\n\n\n<p>En este video, te invito a observar el proceso de montaje de este tema. Podr\u00e1s ver c\u00f3mo los estudiantes del coro trabajan en:<\/p>\n\n\n\n<ul class=\"wp-block-list\">\n<li><strong>La agilidad r\u00edtmica:<\/strong> La velocidad del \u00abAleluya\u00bb exige una dicci\u00f3n clara y un manejo del aire muy preciso para no perder el ritmo.<\/li>\n\n\n\n<li><strong>La conexi\u00f3n grupal:<\/strong> Al ser una obra comunitaria, el ensayo busca que todas las voces se fundan en un solo sentimiento de j\u00fabilo.<\/li>\n\n\n\n<li><strong>El rol del director:<\/strong> Nota c\u00f3mo el director marca no solo el tiempo, sino la intenci\u00f3n \u00abandina\u00bb en cada frase musical.<\/li>\n<\/ul>\n\n\n\n<figure class=\"wp-block-embed is-type-video is-provider-youtube wp-block-embed-youtube wp-embed-aspect-16-9 wp-has-aspect-ratio\"><div class=\"wp-block-embed__wrapper\">\n<iframe loading=\"lazy\" title=\"ENSAYO DEL CORO PUCE\" width=\"843\" height=\"474\" src=\"https:\/\/www.youtube.com\/embed\/VMXrLs830OQ?feature=oembed\" frameborder=\"0\" allow=\"accelerometer; autoplay; clipboard-write; encrypted-media; gyroscope; picture-in-picture; web-share\" referrerpolicy=\"strict-origin-when-cross-origin\" allowfullscreen><\/iframe>\n<\/div><\/figure>\n\n\n\n<div class=\"wp-block-buttons is-content-justification-center is-layout-flex wp-container-core-buttons-is-layout-16018d1d wp-block-buttons-is-layout-flex\">\n<div class=\"wp-block-button\"><a class=\"wp-block-button__link wp-element-button\" href=\"https:\/\/soybelu.com\/index.php\/el-latido-del-ensayo-como-se-prepara-la-misa\/testimonios-desde-el-corazon-del-coro\/\"><span class=\"wp-rich-text-font-awesome-icon wp-font-awesome-icon\"><svg aria-hidden=\"true\" focusable=\"false\" data-prefix=\"fas\" data-icon=\"feather-pointed\" class=\"svg-inline--fa fa-feather-pointed \" role=\"img\" xmlns=\"http:\/\/www.w3.org\/2000\/svg\" viewBox=\"0 0 512 512\"><path fill=\"currentColor\" d=\"M475.3 .1c9.9-.8 19.6 3 26.6 10s10.8 16.7 10 26.6c-4 49.3-17.4 126.2-46.3 199.7-1.8 4.5-5.5 7.9-10.2 9.3L374.5 270c-3.9 1.2-6.5 4.7-6.5 8.8 0 5.1 4.1 9.2 9.2 9.2l38.6 0c12 0 19.7 12.8 13.5 23.1-4 6.7-8.3 13.2-12.7 19.6-2 2.9-5 5-8.4 6.1L310.5 366c-3.9 1.2-6.5 4.7-6.5 8.8 0 5.1 4.1 9.2 9.2 9.2l16 0c14.6 0 21 17.4 8.8 25.4-68 45-137.7 43.3-182.4 31.3-12.7-3.4-24-9.9-34.4-17.9L48 496c-8.8 8.8-23.2 8.8-32 0s-8.8-23.2 0-32l80-80 .5 .5c.7-1.3 1.6-2.5 2.7-3.6L256 224c8.8-8.8 8.8-23.2 0-32s-23.2-8.8-32 0L89.7 326.2c-8.9 8.9-24 4.4-25-8.2-4.3-53.2 9.3-123.1 72.6-186.4 91.1-91.1 254.2-124.7 337.9-131.5z\"><\/path><\/svg><\/span> Testimonios<\/a><\/div>\n\n\n\n<div class=\"wp-block-button\"><a class=\"wp-block-button__link wp-element-button\" href=\"https:\/\/soybelu.com\/index.php\/el-latido-del-ensayo-como-se-prepara-la-misa\/el-kit-de-preparacion-antes-del-gran-dia\/\"><span class=\"wp-rich-text-font-awesome-icon wp-font-awesome-icon\"><svg aria-hidden=\"true\" focusable=\"false\" data-prefix=\"fas\" data-icon=\"suitcase\" class=\"svg-inline--fa fa-suitcase \" role=\"img\" xmlns=\"http:\/\/www.w3.org\/2000\/svg\" viewBox=\"0 0 512 512\"><path fill=\"currentColor\" d=\"M200 48l112 0c4.4 0 8 3.6 8 8l0 40-128 0 0-40c0-4.4 3.6-8 8-8zm-56 8l0 424 224 0 0-424c0-30.9-25.1-56-56-56L200 0c-30.9 0-56 25.1-56 56zM416 96l0 384 32 0c35.3 0 64-28.7 64-64l0-256c0-35.3-28.7-64-64-64l-32 0zM96 480l0-384-32 0C28.7 96 0 124.7 0 160L0 416c0 35.3 28.7 64 64 64l32 0z\"><\/path><\/svg><\/span> El kit de preparaci\u00f3n<\/a><\/div>\n<\/div>\n","protected":false},"excerpt":{"rendered":"<p>\u00bfQu\u00e9 hay detr\u00e1s de la armon\u00eda perfecta? Entramos a la sala de ensayo del Coro PUCE para mostrarte el lado m\u00e1s humano y t\u00e9cnico de la Misa Andina.<\/p>\n","protected":false},"author":1,"featured_media":0,"parent":509,"menu_order":1,"comment_status":"closed","ping_status":"closed","template":"","meta":{"footnotes":""},"class_list":["post-512","page","type-page","status-publish","hentry"],"yoast_head":"<!-- This site is optimized with the Yoast SEO plugin v26.7 - https:\/\/yoast.com\/wordpress\/plugins\/seo\/ -->\n<title>El J\u00fabilo en el ensayo - soy belu<\/title>\n<meta name=\"robots\" content=\"index, follow, max-snippet:-1, max-image-preview:large, max-video-preview:-1\" \/>\n<link rel=\"canonical\" href=\"https:\/\/soybelu.com\/index.php\/el-latido-del-ensayo-como-se-prepara-la-misa\/el-jubilo-en-el-ensayo\/\" \/>\n<meta property=\"og:locale\" content=\"es_ES\" \/>\n<meta property=\"og:type\" content=\"article\" \/>\n<meta property=\"og:title\" content=\"El J\u00fabilo en el ensayo - soy belu\" \/>\n<meta property=\"og:description\" content=\"\u00bfQu\u00e9 hay detr\u00e1s de la armon\u00eda perfecta? Entramos a la sala de ensayo del Coro PUCE para mostrarte el lado m\u00e1s humano y t\u00e9cnico de la Misa Andina.\" \/>\n<meta property=\"og:url\" content=\"https:\/\/soybelu.com\/index.php\/el-latido-del-ensayo-como-se-prepara-la-misa\/el-jubilo-en-el-ensayo\/\" \/>\n<meta property=\"og:site_name\" content=\"soy belu\" \/>\n<meta property=\"article:modified_time\" content=\"2026-01-27T22:06:42+00:00\" \/>\n<meta name=\"twitter:card\" content=\"summary_large_image\" \/>\n<meta name=\"twitter:label1\" content=\"Tiempo de lectura\" \/>\n\t<meta name=\"twitter:data1\" content=\"1 minuto\" \/>\n<script type=\"application\/ld+json\" class=\"yoast-schema-graph\">{\"@context\":\"https:\/\/schema.org\",\"@graph\":[{\"@type\":\"WebPage\",\"@id\":\"https:\/\/soybelu.com\/index.php\/el-latido-del-ensayo-como-se-prepara-la-misa\/el-jubilo-en-el-ensayo\/\",\"url\":\"https:\/\/soybelu.com\/index.php\/el-latido-del-ensayo-como-se-prepara-la-misa\/el-jubilo-en-el-ensayo\/\",\"name\":\"El J\u00fabilo en el ensayo - soy belu\",\"isPartOf\":{\"@id\":\"https:\/\/soybelu.com\/#website\"},\"datePublished\":\"2026-01-22T00:51:59+00:00\",\"dateModified\":\"2026-01-27T22:06:42+00:00\",\"breadcrumb\":{\"@id\":\"https:\/\/soybelu.com\/index.php\/el-latido-del-ensayo-como-se-prepara-la-misa\/el-jubilo-en-el-ensayo\/#breadcrumb\"},\"inLanguage\":\"es\",\"potentialAction\":[{\"@type\":\"ReadAction\",\"target\":[\"https:\/\/soybelu.com\/index.php\/el-latido-del-ensayo-como-se-prepara-la-misa\/el-jubilo-en-el-ensayo\/\"]}]},{\"@type\":\"BreadcrumbList\",\"@id\":\"https:\/\/soybelu.com\/index.php\/el-latido-del-ensayo-como-se-prepara-la-misa\/el-jubilo-en-el-ensayo\/#breadcrumb\",\"itemListElement\":[{\"@type\":\"ListItem\",\"position\":1,\"name\":\"Portada\",\"item\":\"https:\/\/soybelu.com\/\"},{\"@type\":\"ListItem\",\"position\":2,\"name\":\"El latido del ensayo: \u00bfC\u00f3mo se prepara la Misa?\",\"item\":\"https:\/\/soybelu.com\/index.php\/el-latido-del-ensayo-como-se-prepara-la-misa\/\"},{\"@type\":\"ListItem\",\"position\":3,\"name\":\"El J\u00fabilo en el ensayo\"}]},{\"@type\":\"WebSite\",\"@id\":\"https:\/\/soybelu.com\/#website\",\"url\":\"https:\/\/soybelu.com\/\",\"name\":\"soy belu\",\"description\":\"soy belu\",\"publisher\":{\"@id\":\"https:\/\/soybelu.com\/#organization\"},\"potentialAction\":[{\"@type\":\"SearchAction\",\"target\":{\"@type\":\"EntryPoint\",\"urlTemplate\":\"https:\/\/soybelu.com\/?s={search_term_string}\"},\"query-input\":{\"@type\":\"PropertyValueSpecification\",\"valueRequired\":true,\"valueName\":\"search_term_string\"}}],\"inLanguage\":\"es\"},{\"@type\":\"Organization\",\"@id\":\"https:\/\/soybelu.com\/#organization\",\"name\":\"soy belu\",\"url\":\"https:\/\/soybelu.com\/\",\"logo\":{\"@type\":\"ImageObject\",\"inLanguage\":\"es\",\"@id\":\"https:\/\/soybelu.com\/#\/schema\/logo\/image\/\",\"url\":\"https:\/\/soybelu.com\/wp-content\/uploads\/2025\/12\/cropped-40403.png\",\"contentUrl\":\"https:\/\/soybelu.com\/wp-content\/uploads\/2025\/12\/cropped-40403.png\",\"width\":512,\"height\":512,\"caption\":\"soy belu\"},\"image\":{\"@id\":\"https:\/\/soybelu.com\/#\/schema\/logo\/image\/\"}}]}<\/script>\n<!-- \/ Yoast SEO plugin. -->","yoast_head_json":{"title":"El J\u00fabilo en el ensayo - soy belu","robots":{"index":"index","follow":"follow","max-snippet":"max-snippet:-1","max-image-preview":"max-image-preview:large","max-video-preview":"max-video-preview:-1"},"canonical":"https:\/\/soybelu.com\/index.php\/el-latido-del-ensayo-como-se-prepara-la-misa\/el-jubilo-en-el-ensayo\/","og_locale":"es_ES","og_type":"article","og_title":"El J\u00fabilo en el ensayo - soy belu","og_description":"\u00bfQu\u00e9 hay detr\u00e1s de la armon\u00eda perfecta? Entramos a la sala de ensayo del Coro PUCE para mostrarte el lado m\u00e1s humano y t\u00e9cnico de la Misa Andina.","og_url":"https:\/\/soybelu.com\/index.php\/el-latido-del-ensayo-como-se-prepara-la-misa\/el-jubilo-en-el-ensayo\/","og_site_name":"soy belu","article_modified_time":"2026-01-27T22:06:42+00:00","twitter_card":"summary_large_image","twitter_misc":{"Tiempo de lectura":"1 minuto"},"schema":{"@context":"https:\/\/schema.org","@graph":[{"@type":"WebPage","@id":"https:\/\/soybelu.com\/index.php\/el-latido-del-ensayo-como-se-prepara-la-misa\/el-jubilo-en-el-ensayo\/","url":"https:\/\/soybelu.com\/index.php\/el-latido-del-ensayo-como-se-prepara-la-misa\/el-jubilo-en-el-ensayo\/","name":"El J\u00fabilo en el ensayo - soy belu","isPartOf":{"@id":"https:\/\/soybelu.com\/#website"},"datePublished":"2026-01-22T00:51:59+00:00","dateModified":"2026-01-27T22:06:42+00:00","breadcrumb":{"@id":"https:\/\/soybelu.com\/index.php\/el-latido-del-ensayo-como-se-prepara-la-misa\/el-jubilo-en-el-ensayo\/#breadcrumb"},"inLanguage":"es","potentialAction":[{"@type":"ReadAction","target":["https:\/\/soybelu.com\/index.php\/el-latido-del-ensayo-como-se-prepara-la-misa\/el-jubilo-en-el-ensayo\/"]}]},{"@type":"BreadcrumbList","@id":"https:\/\/soybelu.com\/index.php\/el-latido-del-ensayo-como-se-prepara-la-misa\/el-jubilo-en-el-ensayo\/#breadcrumb","itemListElement":[{"@type":"ListItem","position":1,"name":"Portada","item":"https:\/\/soybelu.com\/"},{"@type":"ListItem","position":2,"name":"El latido del ensayo: \u00bfC\u00f3mo se prepara la Misa?","item":"https:\/\/soybelu.com\/index.php\/el-latido-del-ensayo-como-se-prepara-la-misa\/"},{"@type":"ListItem","position":3,"name":"El J\u00fabilo en el ensayo"}]},{"@type":"WebSite","@id":"https:\/\/soybelu.com\/#website","url":"https:\/\/soybelu.com\/","name":"soy belu","description":"soy belu","publisher":{"@id":"https:\/\/soybelu.com\/#organization"},"potentialAction":[{"@type":"SearchAction","target":{"@type":"EntryPoint","urlTemplate":"https:\/\/soybelu.com\/?s={search_term_string}"},"query-input":{"@type":"PropertyValueSpecification","valueRequired":true,"valueName":"search_term_string"}}],"inLanguage":"es"},{"@type":"Organization","@id":"https:\/\/soybelu.com\/#organization","name":"soy belu","url":"https:\/\/soybelu.com\/","logo":{"@type":"ImageObject","inLanguage":"es","@id":"https:\/\/soybelu.com\/#\/schema\/logo\/image\/","url":"https:\/\/soybelu.com\/wp-content\/uploads\/2025\/12\/cropped-40403.png","contentUrl":"https:\/\/soybelu.com\/wp-content\/uploads\/2025\/12\/cropped-40403.png","width":512,"height":512,"caption":"soy belu"},"image":{"@id":"https:\/\/soybelu.com\/#\/schema\/logo\/image\/"}}]}},"_links":{"self":[{"href":"https:\/\/soybelu.com\/index.php\/wp-json\/wp\/v2\/pages\/512","targetHints":{"allow":["GET"]}}],"collection":[{"href":"https:\/\/soybelu.com\/index.php\/wp-json\/wp\/v2\/pages"}],"about":[{"href":"https:\/\/soybelu.com\/index.php\/wp-json\/wp\/v2\/types\/page"}],"author":[{"embeddable":true,"href":"https:\/\/soybelu.com\/index.php\/wp-json\/wp\/v2\/users\/1"}],"replies":[{"embeddable":true,"href":"https:\/\/soybelu.com\/index.php\/wp-json\/wp\/v2\/comments?post=512"}],"version-history":[{"count":9,"href":"https:\/\/soybelu.com\/index.php\/wp-json\/wp\/v2\/pages\/512\/revisions"}],"predecessor-version":[{"id":658,"href":"https:\/\/soybelu.com\/index.php\/wp-json\/wp\/v2\/pages\/512\/revisions\/658"}],"up":[{"embeddable":true,"href":"https:\/\/soybelu.com\/index.php\/wp-json\/wp\/v2\/pages\/509"}],"wp:attachment":[{"href":"https:\/\/soybelu.com\/index.php\/wp-json\/wp\/v2\/media?parent=512"}],"curies":[{"name":"wp","href":"https:\/\/api.w.org\/{rel}","templated":true}]}}