{"id":528,"date":"2026-01-22T11:23:49","date_gmt":"2026-01-22T16:23:49","guid":{"rendered":"https:\/\/soybelu.com\/?page_id=528"},"modified":"2026-01-22T15:58:15","modified_gmt":"2026-01-22T20:58:15","slug":"testimonios-desde-el-corazon-del-coro","status":"publish","type":"page","link":"https:\/\/soybelu.com\/index.php\/el-latido-del-ensayo-como-se-prepara-la-misa\/testimonios-desde-el-corazon-del-coro\/","title":{"rendered":"Testimonios desde el coraz\u00f3n del coro"},"content":{"rendered":"\n<p>Para un corista, la <strong>Misa Andina de Mauricio Vicencio<\/strong> es un viaje emocional. En esta secci\u00f3n, dejamos de lado la t\u00e9cnica por un momento para escuchar a quienes dan vida a la obra. A trav\u00e9s de estos testimonios, descubrimos que la m\u00fasica sacra andina es una herramienta de identidad y renovaci\u00f3n espiritual.<\/p>\n\n\n\n<p>Los coristas comparten esa sensaci\u00f3n de \u00abrevitalizaci\u00f3n\u00bb y la energ\u00eda especial que surge cuando el coro empieza a vibrar en sinton\u00eda con los instrumentos ancestrales. <strong><em>Freddy Gua\u00f1a<\/em><\/strong>, un estudiante de s\u00e9ptimo semestre nos cuenta c\u00f3mo fue su experiencia montando la Misa Andina. Freddy se uni\u00f3 al coro en 2022, en su primer semestre de la universidad, encontr\u00f3 en el coro una familia.<\/p>\n\n\n\n<figure class=\"wp-block-embed is-type-video is-provider-youtube wp-block-embed-youtube wp-embed-aspect-16-9 wp-has-aspect-ratio\"><div class=\"wp-block-embed__wrapper\">\n<iframe loading=\"lazy\" title=\"ENTREVISTA FREDDY\" width=\"843\" height=\"474\" src=\"https:\/\/www.youtube.com\/embed\/3AYfVOO9fVs?feature=oembed\" frameborder=\"0\" allow=\"accelerometer; autoplay; clipboard-write; encrypted-media; gyroscope; picture-in-picture; web-share\" referrerpolicy=\"strict-origin-when-cross-origin\" allowfullscreen><\/iframe>\n<\/div><\/figure>\n\n\n\n<div class=\"wp-block-columns is-layout-flex wp-container-core-columns-is-layout-9d6595d7 wp-block-columns-is-layout-flex\">\n<div class=\"wp-block-column is-layout-flow wp-block-column-is-layout-flow\">\n<blockquote class=\"wp-block-quote is-layout-flow wp-block-quote-is-layout-flow\">\n<p>\u00abSiento que este tipo de ritmos, escuchar estos isntrumentos lleva a otra perspectiva de c\u00f3mo llevar la canci\u00f3n\u00bb.<\/p>\n\n\n\n<p>\u00abExpresar este tipo de canciones es dif\u00edcil por el componente de lo sagrado, entonces fue un desaf\u00edo bastante grande\u00bb.<\/p>\n<\/blockquote>\n<\/div>\n\n\n\n<div class=\"wp-block-column is-layout-flow wp-block-column-is-layout-flow\"><div class=\"wp-block-image\">\n<figure class=\"aligncenter size-large is-resized\"><img loading=\"lazy\" decoding=\"async\" width=\"786\" height=\"1024\" src=\"https:\/\/soybelu.com\/wp-content\/uploads\/2026\/01\/WhatsApp-Image-2026-01-22-at-11.11.36-786x1024.jpeg\" alt=\"\" class=\"wp-image-529\" style=\"aspect-ratio:0.7676047975299846;width:190px;height:auto\" srcset=\"https:\/\/soybelu.com\/wp-content\/uploads\/2026\/01\/WhatsApp-Image-2026-01-22-at-11.11.36-786x1024.jpeg 786w, https:\/\/soybelu.com\/wp-content\/uploads\/2026\/01\/WhatsApp-Image-2026-01-22-at-11.11.36-230x300.jpeg 230w, https:\/\/soybelu.com\/wp-content\/uploads\/2026\/01\/WhatsApp-Image-2026-01-22-at-11.11.36-768x1001.jpeg 768w, https:\/\/soybelu.com\/wp-content\/uploads\/2026\/01\/WhatsApp-Image-2026-01-22-at-11.11.36.jpeg 1004w\" sizes=\"auto, (max-width: 786px) 100vw, 786px\" \/><\/figure>\n<\/div><\/div>\n<\/div>\n\n\n\n<p>Cantar esta misa es un desaf\u00edo que une a distintas generaciones. En este video, <strong><em>Judy (Judith de la Torre)<\/em><\/strong>, una psic\u00f3loga cl\u00edinca graduada de la PUCE, nos cuenta c\u00f3mo el coro se desarroll\u00f3 a partir de esta experiencia.<\/p>\n\n\n\n<figure class=\"wp-block-embed is-type-video is-provider-youtube wp-block-embed-youtube wp-embed-aspect-16-9 wp-has-aspect-ratio\"><div class=\"wp-block-embed__wrapper\">\n<iframe loading=\"lazy\" title=\"ENTREVISTA JUDITH DE LA TORRE\" width=\"843\" height=\"474\" src=\"https:\/\/www.youtube.com\/embed\/wFaRbmemgfA?feature=oembed\" frameborder=\"0\" allow=\"accelerometer; autoplay; clipboard-write; encrypted-media; gyroscope; picture-in-picture; web-share\" referrerpolicy=\"strict-origin-when-cross-origin\" allowfullscreen><\/iframe>\n<\/div><\/figure>\n\n\n\n<div class=\"wp-block-columns is-layout-flex wp-container-core-columns-is-layout-9d6595d7 wp-block-columns-is-layout-flex\">\n<div class=\"wp-block-column is-layout-flow wp-block-column-is-layout-flow\">\n<blockquote class=\"wp-block-quote is-layout-flow wp-block-quote-is-layout-flow\">\n<p>\u00abSaber el contexto de la obra me llev\u00f3 a concectar m\u00e1s con mi voz y con el coro, con mi familia\u00bb.<\/p>\n\n\n\n<p>\u00abNo fue un concierto m\u00e1s, fue como un ritual, fue como compartir un espacio diferente; nunca me he sentido igual\u00bb.<\/p>\n\n\n\n<p>\u00abA pertir de esta experiencia nos unimos m\u00e1s, m\u00e1s de el uno con el uno, somos m\u00e1s familia entre nosotors\u00bb.<\/p>\n<\/blockquote>\n<\/div>\n\n\n\n<div class=\"wp-block-column is-layout-flow wp-block-column-is-layout-flow\"><div class=\"wp-block-image\">\n<figure class=\"aligncenter size-large is-resized\"><img loading=\"lazy\" decoding=\"async\" width=\"886\" height=\"1024\" src=\"https:\/\/soybelu.com\/wp-content\/uploads\/2026\/01\/WhatsApp-Image-2026-01-22-at-11.11.24-886x1024.jpeg\" alt=\"\" class=\"wp-image-530\" style=\"aspect-ratio:0.865356939656615;width:254px;height:auto\" srcset=\"https:\/\/soybelu.com\/wp-content\/uploads\/2026\/01\/WhatsApp-Image-2026-01-22-at-11.11.24-886x1024.jpeg 886w, https:\/\/soybelu.com\/wp-content\/uploads\/2026\/01\/WhatsApp-Image-2026-01-22-at-11.11.24-260x300.jpeg 260w, https:\/\/soybelu.com\/wp-content\/uploads\/2026\/01\/WhatsApp-Image-2026-01-22-at-11.11.24-768x887.jpeg 768w, https:\/\/soybelu.com\/wp-content\/uploads\/2026\/01\/WhatsApp-Image-2026-01-22-at-11.11.24.jpeg 1099w\" sizes=\"auto, (max-width: 886px) 100vw, 886px\" \/><\/figure>\n<\/div><\/div>\n<\/div>\n\n\n\n<div class=\"wp-block-buttons is-content-justification-center is-layout-flex wp-container-core-buttons-is-layout-16018d1d wp-block-buttons-is-layout-flex\">\n<div class=\"wp-block-button\"><a class=\"wp-block-button__link wp-element-button\" href=\"https:\/\/soybelu.com\/index.php\/el-latido-del-ensayo-como-se-prepara-la-misa\/el-jubilo-en-el-ensayo\/\"><span class=\"wp-rich-text-font-awesome-icon wp-font-awesome-icon\"><svg aria-hidden=\"true\" focusable=\"false\" data-prefix=\"fas\" data-icon=\"face-laugh-wink\" class=\"svg-inline--fa fa-face-laugh-wink \" role=\"img\" xmlns=\"http:\/\/www.w3.org\/2000\/svg\" viewBox=\"0 0 512 512\"><path fill=\"currentColor\" d=\"M256 512a256 256 0 1 0 0-512 256 256 0 1 0 0 512zM101.6 314c-3.7-13.7 7.5-26 21.7-26l265.4 0c14.2 0 25.4 12.3 21.7 26-18.5 68-80.6 118-154.4 118S120 382 101.6 314zM144 192a32 32 0 1 1 64 0 32 32 0 1 1 -64 0zm164 8c0 11-9 20-20 20s-20-9-20-20c0-33.1 26.9-60 60-60l16 0c33.1 0 60 26.9 60 60 0 11-9 20-20 20s-20-9-20-20-9-20-20-20l-16 0c-11 0-20 9-20 20z\"><\/path><\/svg><\/span> El j\u00fabilo en el ensayo<\/a><\/div>\n\n\n\n<div class=\"wp-block-button\"><a class=\"wp-block-button__link wp-element-button\" href=\"https:\/\/soybelu.com\/index.php\/el-latido-del-ensayo-como-se-prepara-la-misa\/el-kit-de-preparacion-antes-del-gran-dia\/\"><span class=\"wp-rich-text-font-awesome-icon wp-font-awesome-icon\"><svg aria-hidden=\"true\" focusable=\"false\" data-prefix=\"fas\" data-icon=\"suitcase\" class=\"svg-inline--fa fa-suitcase \" role=\"img\" xmlns=\"http:\/\/www.w3.org\/2000\/svg\" viewBox=\"0 0 512 512\"><path fill=\"currentColor\" d=\"M200 48l112 0c4.4 0 8 3.6 8 8l0 40-128 0 0-40c0-4.4 3.6-8 8-8zm-56 8l0 424 224 0 0-424c0-30.9-25.1-56-56-56L200 0c-30.9 0-56 25.1-56 56zM416 96l0 384 32 0c35.3 0 64-28.7 64-64l0-256c0-35.3-28.7-64-64-64l-32 0zM96 480l0-384-32 0C28.7 96 0 124.7 0 160L0 416c0 35.3 28.7 64 64 64l32 0z\"><\/path><\/svg><\/span> El kit de preparaci\u00f3n<\/a><\/div>\n<\/div>\n","protected":false},"excerpt":{"rendered":"<p>Cantar la Misa Andina no es solo seguir una partitura; es una experiencia que transforma. Los integrantes del Coro PUCE nos cuentan, en primera persona, c\u00f3mo esta obra les ha permitido conectar con sus ra\u00edces, superar retos t\u00e9cnicos y vibrar en una sinton\u00eda \u00fanica que trasciende el escenario.<\/p>\n","protected":false},"author":1,"featured_media":0,"parent":509,"menu_order":2,"comment_status":"closed","ping_status":"closed","template":"","meta":{"footnotes":""},"class_list":["post-528","page","type-page","status-publish","hentry"],"yoast_head":"<!-- This site is optimized with the Yoast SEO plugin v26.7 - https:\/\/yoast.com\/wordpress\/plugins\/seo\/ -->\n<title>Testimonios desde el coraz\u00f3n del coro - soy belu<\/title>\n<meta name=\"robots\" content=\"index, follow, max-snippet:-1, max-image-preview:large, max-video-preview:-1\" \/>\n<link rel=\"canonical\" href=\"https:\/\/soybelu.com\/index.php\/el-latido-del-ensayo-como-se-prepara-la-misa\/testimonios-desde-el-corazon-del-coro\/\" \/>\n<meta property=\"og:locale\" content=\"es_ES\" \/>\n<meta property=\"og:type\" content=\"article\" \/>\n<meta property=\"og:title\" content=\"Testimonios desde el coraz\u00f3n del coro - soy belu\" \/>\n<meta property=\"og:description\" content=\"Cantar la Misa Andina no es solo seguir una partitura; es una experiencia que transforma. Los integrantes del Coro PUCE nos cuentan, en primera persona, c\u00f3mo esta obra les ha permitido conectar con sus ra\u00edces, superar retos t\u00e9cnicos y vibrar en una sinton\u00eda \u00fanica que trasciende el escenario.\" \/>\n<meta property=\"og:url\" content=\"https:\/\/soybelu.com\/index.php\/el-latido-del-ensayo-como-se-prepara-la-misa\/testimonios-desde-el-corazon-del-coro\/\" \/>\n<meta property=\"og:site_name\" content=\"soy belu\" \/>\n<meta property=\"article:modified_time\" content=\"2026-01-22T20:58:15+00:00\" \/>\n<meta property=\"og:image\" content=\"https:\/\/soybelu.com\/wp-content\/uploads\/2026\/01\/WhatsApp-Image-2026-01-22-at-11.11.36.jpeg\" \/>\n\t<meta property=\"og:image:width\" content=\"1004\" \/>\n\t<meta property=\"og:image:height\" content=\"1308\" \/>\n\t<meta property=\"og:image:type\" content=\"image\/jpeg\" \/>\n<meta name=\"twitter:card\" content=\"summary_large_image\" \/>\n<meta name=\"twitter:label1\" content=\"Tiempo de lectura\" \/>\n\t<meta name=\"twitter:data1\" content=\"2 minutos\" \/>\n<script type=\"application\/ld+json\" class=\"yoast-schema-graph\">{\"@context\":\"https:\/\/schema.org\",\"@graph\":[{\"@type\":\"WebPage\",\"@id\":\"https:\/\/soybelu.com\/index.php\/el-latido-del-ensayo-como-se-prepara-la-misa\/testimonios-desde-el-corazon-del-coro\/\",\"url\":\"https:\/\/soybelu.com\/index.php\/el-latido-del-ensayo-como-se-prepara-la-misa\/testimonios-desde-el-corazon-del-coro\/\",\"name\":\"Testimonios desde el coraz\u00f3n del coro - soy belu\",\"isPartOf\":{\"@id\":\"https:\/\/soybelu.com\/#website\"},\"primaryImageOfPage\":{\"@id\":\"https:\/\/soybelu.com\/index.php\/el-latido-del-ensayo-como-se-prepara-la-misa\/testimonios-desde-el-corazon-del-coro\/#primaryimage\"},\"image\":{\"@id\":\"https:\/\/soybelu.com\/index.php\/el-latido-del-ensayo-como-se-prepara-la-misa\/testimonios-desde-el-corazon-del-coro\/#primaryimage\"},\"thumbnailUrl\":\"https:\/\/soybelu.com\/wp-content\/uploads\/2026\/01\/WhatsApp-Image-2026-01-22-at-11.11.36-786x1024.jpeg\",\"datePublished\":\"2026-01-22T16:23:49+00:00\",\"dateModified\":\"2026-01-22T20:58:15+00:00\",\"breadcrumb\":{\"@id\":\"https:\/\/soybelu.com\/index.php\/el-latido-del-ensayo-como-se-prepara-la-misa\/testimonios-desde-el-corazon-del-coro\/#breadcrumb\"},\"inLanguage\":\"es\",\"potentialAction\":[{\"@type\":\"ReadAction\",\"target\":[\"https:\/\/soybelu.com\/index.php\/el-latido-del-ensayo-como-se-prepara-la-misa\/testimonios-desde-el-corazon-del-coro\/\"]}]},{\"@type\":\"ImageObject\",\"inLanguage\":\"es\",\"@id\":\"https:\/\/soybelu.com\/index.php\/el-latido-del-ensayo-como-se-prepara-la-misa\/testimonios-desde-el-corazon-del-coro\/#primaryimage\",\"url\":\"https:\/\/soybelu.com\/wp-content\/uploads\/2026\/01\/WhatsApp-Image-2026-01-22-at-11.11.36.jpeg\",\"contentUrl\":\"https:\/\/soybelu.com\/wp-content\/uploads\/2026\/01\/WhatsApp-Image-2026-01-22-at-11.11.36.jpeg\",\"width\":1004,\"height\":1308},{\"@type\":\"BreadcrumbList\",\"@id\":\"https:\/\/soybelu.com\/index.php\/el-latido-del-ensayo-como-se-prepara-la-misa\/testimonios-desde-el-corazon-del-coro\/#breadcrumb\",\"itemListElement\":[{\"@type\":\"ListItem\",\"position\":1,\"name\":\"Portada\",\"item\":\"https:\/\/soybelu.com\/\"},{\"@type\":\"ListItem\",\"position\":2,\"name\":\"El latido del ensayo: \u00bfC\u00f3mo se prepara la Misa?\",\"item\":\"https:\/\/soybelu.com\/index.php\/el-latido-del-ensayo-como-se-prepara-la-misa\/\"},{\"@type\":\"ListItem\",\"position\":3,\"name\":\"Testimonios desde el coraz\u00f3n del coro\"}]},{\"@type\":\"WebSite\",\"@id\":\"https:\/\/soybelu.com\/#website\",\"url\":\"https:\/\/soybelu.com\/\",\"name\":\"soy belu\",\"description\":\"soy belu\",\"publisher\":{\"@id\":\"https:\/\/soybelu.com\/#organization\"},\"potentialAction\":[{\"@type\":\"SearchAction\",\"target\":{\"@type\":\"EntryPoint\",\"urlTemplate\":\"https:\/\/soybelu.com\/?s={search_term_string}\"},\"query-input\":{\"@type\":\"PropertyValueSpecification\",\"valueRequired\":true,\"valueName\":\"search_term_string\"}}],\"inLanguage\":\"es\"},{\"@type\":\"Organization\",\"@id\":\"https:\/\/soybelu.com\/#organization\",\"name\":\"soy belu\",\"url\":\"https:\/\/soybelu.com\/\",\"logo\":{\"@type\":\"ImageObject\",\"inLanguage\":\"es\",\"@id\":\"https:\/\/soybelu.com\/#\/schema\/logo\/image\/\",\"url\":\"https:\/\/soybelu.com\/wp-content\/uploads\/2025\/12\/cropped-40403.png\",\"contentUrl\":\"https:\/\/soybelu.com\/wp-content\/uploads\/2025\/12\/cropped-40403.png\",\"width\":512,\"height\":512,\"caption\":\"soy belu\"},\"image\":{\"@id\":\"https:\/\/soybelu.com\/#\/schema\/logo\/image\/\"}}]}<\/script>\n<!-- \/ Yoast SEO plugin. -->","yoast_head_json":{"title":"Testimonios desde el coraz\u00f3n del coro - soy belu","robots":{"index":"index","follow":"follow","max-snippet":"max-snippet:-1","max-image-preview":"max-image-preview:large","max-video-preview":"max-video-preview:-1"},"canonical":"https:\/\/soybelu.com\/index.php\/el-latido-del-ensayo-como-se-prepara-la-misa\/testimonios-desde-el-corazon-del-coro\/","og_locale":"es_ES","og_type":"article","og_title":"Testimonios desde el coraz\u00f3n del coro - soy belu","og_description":"Cantar la Misa Andina no es solo seguir una partitura; es una experiencia que transforma. Los integrantes del Coro PUCE nos cuentan, en primera persona, c\u00f3mo esta obra les ha permitido conectar con sus ra\u00edces, superar retos t\u00e9cnicos y vibrar en una sinton\u00eda \u00fanica que trasciende el escenario.","og_url":"https:\/\/soybelu.com\/index.php\/el-latido-del-ensayo-como-se-prepara-la-misa\/testimonios-desde-el-corazon-del-coro\/","og_site_name":"soy belu","article_modified_time":"2026-01-22T20:58:15+00:00","og_image":[{"width":1004,"height":1308,"url":"https:\/\/soybelu.com\/wp-content\/uploads\/2026\/01\/WhatsApp-Image-2026-01-22-at-11.11.36.jpeg","type":"image\/jpeg"}],"twitter_card":"summary_large_image","twitter_misc":{"Tiempo de lectura":"2 minutos"},"schema":{"@context":"https:\/\/schema.org","@graph":[{"@type":"WebPage","@id":"https:\/\/soybelu.com\/index.php\/el-latido-del-ensayo-como-se-prepara-la-misa\/testimonios-desde-el-corazon-del-coro\/","url":"https:\/\/soybelu.com\/index.php\/el-latido-del-ensayo-como-se-prepara-la-misa\/testimonios-desde-el-corazon-del-coro\/","name":"Testimonios desde el coraz\u00f3n del coro - soy belu","isPartOf":{"@id":"https:\/\/soybelu.com\/#website"},"primaryImageOfPage":{"@id":"https:\/\/soybelu.com\/index.php\/el-latido-del-ensayo-como-se-prepara-la-misa\/testimonios-desde-el-corazon-del-coro\/#primaryimage"},"image":{"@id":"https:\/\/soybelu.com\/index.php\/el-latido-del-ensayo-como-se-prepara-la-misa\/testimonios-desde-el-corazon-del-coro\/#primaryimage"},"thumbnailUrl":"https:\/\/soybelu.com\/wp-content\/uploads\/2026\/01\/WhatsApp-Image-2026-01-22-at-11.11.36-786x1024.jpeg","datePublished":"2026-01-22T16:23:49+00:00","dateModified":"2026-01-22T20:58:15+00:00","breadcrumb":{"@id":"https:\/\/soybelu.com\/index.php\/el-latido-del-ensayo-como-se-prepara-la-misa\/testimonios-desde-el-corazon-del-coro\/#breadcrumb"},"inLanguage":"es","potentialAction":[{"@type":"ReadAction","target":["https:\/\/soybelu.com\/index.php\/el-latido-del-ensayo-como-se-prepara-la-misa\/testimonios-desde-el-corazon-del-coro\/"]}]},{"@type":"ImageObject","inLanguage":"es","@id":"https:\/\/soybelu.com\/index.php\/el-latido-del-ensayo-como-se-prepara-la-misa\/testimonios-desde-el-corazon-del-coro\/#primaryimage","url":"https:\/\/soybelu.com\/wp-content\/uploads\/2026\/01\/WhatsApp-Image-2026-01-22-at-11.11.36.jpeg","contentUrl":"https:\/\/soybelu.com\/wp-content\/uploads\/2026\/01\/WhatsApp-Image-2026-01-22-at-11.11.36.jpeg","width":1004,"height":1308},{"@type":"BreadcrumbList","@id":"https:\/\/soybelu.com\/index.php\/el-latido-del-ensayo-como-se-prepara-la-misa\/testimonios-desde-el-corazon-del-coro\/#breadcrumb","itemListElement":[{"@type":"ListItem","position":1,"name":"Portada","item":"https:\/\/soybelu.com\/"},{"@type":"ListItem","position":2,"name":"El latido del ensayo: \u00bfC\u00f3mo se prepara la Misa?","item":"https:\/\/soybelu.com\/index.php\/el-latido-del-ensayo-como-se-prepara-la-misa\/"},{"@type":"ListItem","position":3,"name":"Testimonios desde el coraz\u00f3n del coro"}]},{"@type":"WebSite","@id":"https:\/\/soybelu.com\/#website","url":"https:\/\/soybelu.com\/","name":"soy belu","description":"soy belu","publisher":{"@id":"https:\/\/soybelu.com\/#organization"},"potentialAction":[{"@type":"SearchAction","target":{"@type":"EntryPoint","urlTemplate":"https:\/\/soybelu.com\/?s={search_term_string}"},"query-input":{"@type":"PropertyValueSpecification","valueRequired":true,"valueName":"search_term_string"}}],"inLanguage":"es"},{"@type":"Organization","@id":"https:\/\/soybelu.com\/#organization","name":"soy belu","url":"https:\/\/soybelu.com\/","logo":{"@type":"ImageObject","inLanguage":"es","@id":"https:\/\/soybelu.com\/#\/schema\/logo\/image\/","url":"https:\/\/soybelu.com\/wp-content\/uploads\/2025\/12\/cropped-40403.png","contentUrl":"https:\/\/soybelu.com\/wp-content\/uploads\/2025\/12\/cropped-40403.png","width":512,"height":512,"caption":"soy belu"},"image":{"@id":"https:\/\/soybelu.com\/#\/schema\/logo\/image\/"}}]}},"_links":{"self":[{"href":"https:\/\/soybelu.com\/index.php\/wp-json\/wp\/v2\/pages\/528","targetHints":{"allow":["GET"]}}],"collection":[{"href":"https:\/\/soybelu.com\/index.php\/wp-json\/wp\/v2\/pages"}],"about":[{"href":"https:\/\/soybelu.com\/index.php\/wp-json\/wp\/v2\/types\/page"}],"author":[{"embeddable":true,"href":"https:\/\/soybelu.com\/index.php\/wp-json\/wp\/v2\/users\/1"}],"replies":[{"embeddable":true,"href":"https:\/\/soybelu.com\/index.php\/wp-json\/wp\/v2\/comments?post=528"}],"version-history":[{"count":2,"href":"https:\/\/soybelu.com\/index.php\/wp-json\/wp\/v2\/pages\/528\/revisions"}],"predecessor-version":[{"id":584,"href":"https:\/\/soybelu.com\/index.php\/wp-json\/wp\/v2\/pages\/528\/revisions\/584"}],"up":[{"embeddable":true,"href":"https:\/\/soybelu.com\/index.php\/wp-json\/wp\/v2\/pages\/509"}],"wp:attachment":[{"href":"https:\/\/soybelu.com\/index.php\/wp-json\/wp\/v2\/media?parent=528"}],"curies":[{"name":"wp","href":"https:\/\/api.w.org\/{rel}","templated":true}]}}