{"id":589,"date":"2026-01-22T16:09:30","date_gmt":"2026-01-22T21:09:30","guid":{"rendered":"https:\/\/soybelu.com\/?page_id=589"},"modified":"2026-01-22T19:45:18","modified_gmt":"2026-01-23T00:45:18","slug":"el-coro-como-lenguaje-global","status":"publish","type":"page","link":"https:\/\/soybelu.com\/index.php\/el-coro-como-lenguaje-global\/","title":{"rendered":"El coro como lenguaje global"},"content":{"rendered":"\n<p>M\u00e1s all\u00e1 de las fronteras de Ecuador, el coro ha sido hist\u00f3ricamente la forma m\u00e1s pura de organizaci\u00f3n humana. En cualquier cultura, el acto de unir voces representa el esfuerzo m\u00e1ximo de paz y entendimiento, convirti\u00e9ndose en el \u00fanico lenguaje que no necesita traducci\u00f3n. <strong><em>La pr\u00e1ctica de cantar en grupo es una de las tradiciones m\u00e1s persistentes de la humanidad. <\/em><\/strong>Desde las tragedias de la <strong><em>Grecia <\/em><\/strong>antigua, donde el coro actuaba como la voz de la conciencia social, hasta la sofisticaci\u00f3n de la polifon\u00eda europea, la uni\u00f3n de voces ha servido como el registro sonoro de nuestra evoluci\u00f3n.<\/p>\n\n\n\n<p>En este apartado vamos a analizar c\u00f3mo el coro dej\u00f3 de ser un rito exclusivo de los templos para convertirse en un fen\u00f3meno global de cohesi\u00f3n ciudadana. Al repasar su historia, entendemos que el coro no solo interpreta m\u00fasica, sino que preserva la memoria colectiva y proyecta hacia el futuro la capacidad humana de generar armon\u00eda en medio de la diversidad. En un mundo hiperconectado pero a menudo fragmentado, el coro permanece como el lenguaje universal que no requiere traducci\u00f3n.<\/p>\n\n\n\n<div style=\"width: 100%;\"><div style=\"position: relative; padding-bottom: 56.25%; padding-top: 0; height: 0;\"><iframe loading=\"lazy\" title=\"Adivina la palabra\" frameborder=\"0\" width=\"1200\" height=\"675\" style=\"position: absolute; top: 0; left: 0; width: 100%; height: 100%;\" src=\"https:\/\/view.genially.com\/696e3d7482647d47ee6aa65f\" type=\"text\/html\" allowscriptaccess=\"always\" allowfullscreen=\"true\" scrolling=\"yes\" allownetworking=\"all\"><\/iframe> <\/div> <\/div>\n\n\n\n<div style=\"height:38px\" aria-hidden=\"true\" class=\"wp-block-spacer\"><\/div>\n\n\n\n<div class=\"wp-block-buttons is-content-justification-center is-layout-flex wp-container-core-buttons-is-layout-16018d1d wp-block-buttons-is-layout-flex\">\n<div class=\"wp-block-button is-style-fill\"><a class=\"wp-block-button__link wp-element-button\" href=\"https:\/\/soybelu.com\/index.php\/2026\/01\/21\/un-dialogo-entre-la-tierra-y-el-cielo-musica-andina\/\"><span class=\"wp-rich-text-font-awesome-icon wp-font-awesome-icon\"><svg aria-hidden=\"true\" focusable=\"false\" data-prefix=\"fas\" data-icon=\"house\" class=\"svg-inline--fa fa-house \" role=\"img\" xmlns=\"http:\/\/www.w3.org\/2000\/svg\" viewBox=\"0 0 512 512\"><path fill=\"currentColor\" d=\"M277.8 8.6c-12.3-11.4-31.3-11.4-43.5 0l-224 208c-9.6 9-12.8 22.9-8 35.1S18.8 272 32 272l16 0 0 176c0 35.3 28.7 64 64 64l288 0c35.3 0 64-28.7 64-64l0-176 16 0c13.2 0 25-8.1 29.8-20.3s1.6-26.2-8-35.1l-224-208zM240 320l32 0c26.5 0 48 21.5 48 48l0 96-128 0 0-96c0-26.5 21.5-48 48-48z\"><\/path><\/svg><\/span><\/a><\/div>\n\n\n\n<div class=\"wp-block-button\"><a class=\"wp-block-button__link wp-element-button\" href=\"https:\/\/soybelu.com\/index.php\/que-es-lo-andino\/\"><span class=\"wp-rich-text-font-awesome-icon wp-font-awesome-icon\"><svg aria-hidden=\"true\" focusable=\"false\" data-prefix=\"fas\" data-icon=\"sun\" class=\"svg-inline--fa fa-sun \" role=\"img\" xmlns=\"http:\/\/www.w3.org\/2000\/svg\" viewBox=\"0 0 576 512\"><path fill=\"currentColor\" d=\"M178.2-10.1c7.4-3.1 15.8-2.2 22.5 2.2l87.8 58.2 87.8-58.2c6.7-4.4 15.1-5.2 22.5-2.2S411.4-.5 413 7.3l20.9 103.2 103.2 20.9c7.8 1.6 14.4 7 17.4 14.3s2.2 15.8-2.2 22.5l-58.2 87.8 58.2 87.8c4.4 6.7 5.2 15.1 2.2 22.5s-9.6 12.8-17.4 14.3L433.8 401.4 413 504.7c-1.6 7.8-7 14.4-14.3 17.4s-15.8 2.2-22.5-2.2l-87.8-58.2-87.8 58.2c-6.7 4.4-15.1 5.2-22.5 2.2s-12.8-9.6-14.3-17.4L143 401.4 39.7 380.5c-7.8-1.6-14.4-7-17.4-14.3s-2.2-15.8 2.2-22.5L82.7 256 24.5 168.2c-4.4-6.7-5.2-15.1-2.2-22.5s9.6-12.8 17.4-14.3L143 110.6 163.9 7.3c1.6-7.8 7-14.4 14.3-17.4zM207.6 256a80.4 80.4 0 1 1 160.8 0 80.4 80.4 0 1 1 -160.8 0zm208.8 0a128.4 128.4 0 1 0 -256.8 0 128.4 128.4 0 1 0 256.8 0z\"><\/path><\/svg><\/span> \u00bfQu\u00e9 es lo andino?<\/a><\/div>\n\n\n\n<div class=\"wp-block-button\"><a class=\"wp-block-button__link wp-element-button\" href=\"https:\/\/soybelu.com\/index.php\/el-coro-como-lenguaje-global\/historia-de-los-coros-en-el-mundo\/\"><span class=\"wp-rich-text-font-awesome-icon wp-font-awesome-icon\"><svg aria-hidden=\"true\" focusable=\"false\" data-prefix=\"fas\" data-icon=\"landmark\" class=\"svg-inline--fa fa-landmark \" role=\"img\" xmlns=\"http:\/\/www.w3.org\/2000\/svg\" viewBox=\"0 0 512 512\"><path fill=\"currentColor\" d=\"M238.7 5.1c10.5-6.8 24.1-6.8 34.6 0l224 144c11.9 7.7 17.4 22.3 13.4 35.9s-16.5 23-30.7 23l-32 0 0 208 51.2 38.4c8.1 6 12.8 15.5 12.8 25.6 0 17.7-14.3 32-32 32L32 512c-17.7 0-32-14.3-32-32 0-10.1 4.7-19.6 12.8-25.6l51.2-38.4 0 0 0-208-32 0c-14.2 0-26.7-9.4-30.7-23s1.5-28.3 13.4-35.9l224-144zM336 208l0 208 64 0 0-208-64 0zM224 416l64 0 0-208-64 0 0 208zM112 208l0 208 64 0 0-208-64 0z\"><\/path><\/svg><\/span> Historia de los coros<\/a><\/div>\n\n\n\n<div class=\"wp-block-button\"><a class=\"wp-block-button__link wp-element-button\" href=\"https:\/\/soybelu.com\/index.php\/el-coro-como-lenguaje-global\/movimiento-coral-en-ecuador\/\"><span class=\"wp-rich-text-font-awesome-icon wp-font-awesome-icon\"><svg aria-hidden=\"true\" focusable=\"false\" data-prefix=\"fas\" data-icon=\"flag\" class=\"svg-inline--fa fa-flag \" role=\"img\" xmlns=\"http:\/\/www.w3.org\/2000\/svg\" viewBox=\"0 0 448 512\"><path fill=\"currentColor\" d=\"M64 32C64 14.3 49.7 0 32 0S0 14.3 0 32L0 480c0 17.7 14.3 32 32 32s32-14.3 32-32l0-121.6 62.7-18.8c41.9-12.6 87.1-8.7 126.2 10.9 42.7 21.4 92.5 24 137.2 7.2l37.1-13.9c12.5-4.7 20.8-16.6 20.8-30l0-247.7c0-23-24.2-38-44.8-27.7l-11.8 5.9c-44.9 22.5-97.8 22.5-142.8 0-36.4-18.2-78.3-21.8-117.2-10.1L64 54.4 64 32z\"><\/path><\/svg><\/span> Movimiento coral en Ecuador<\/a><\/div>\n\n\n\n<div class=\"wp-block-button\"><a class=\"wp-block-button__link wp-element-button\" href=\"https:\/\/soybelu.com\/index.php\/el-coro-como-lenguaje-global\/la-musica-el-lenguaje-universal\/\"><span class=\"wp-rich-text-font-awesome-icon wp-font-awesome-icon\"><svg aria-hidden=\"true\" focusable=\"false\" data-prefix=\"fas\" data-icon=\"language\" class=\"svg-inline--fa fa-language \" role=\"img\" xmlns=\"http:\/\/www.w3.org\/2000\/svg\" viewBox=\"0 0 576 512\"><path fill=\"currentColor\" d=\"M160 0c17.7 0 32 14.3 32 32l0 32 128 0c17.7 0 32 14.3 32 32s-14.3 32-32 32l-9.6 0-8.4 23.1c-16.4 45.2-41.1 86.5-72.2 122 14.2 8.8 29 16.6 44.4 23.5l50.4 22.4 62.2-140c5.1-11.6 16.6-19 29.2-19s24.1 7.4 29.2 19l128 288c7.2 16.2-.1 35.1-16.2 42.2s-35.1-.1-42.2-16.2l-20-45-157.5 0-20 45c-7.2 16.2-26.1 23.4-42.2 16.2s-23.4-26.1-16.2-42.2l39.8-89.5-50.4-22.4c-23-10.2-45-22.4-65.8-36.4-21.3 17.2-44.6 32.2-69.5 44.7L78.3 380.6c-15.8 7.9-35 1.5-42.9-14.3s-1.5-35 14.3-42.9l34.5-17.3c16.3-8.2 31.8-17.7 46.4-28.3-13.8-12.7-26.8-26.4-38.9-40.9L81.6 224.7c-11.3-13.6-9.5-33.8 4.1-45.1s33.8-9.5 45.1 4.1l10.2 12.2c11.5 13.9 24.1 26.8 37.4 38.7 27.5-30.4 49.2-66.1 63.5-105.4l.5-1.2-210.3 0C14.3 128 0 113.7 0 96S14.3 64 32 64l96 0 0-32c0-17.7 14.3-32 32-32zM416 270.8L365.7 384 466.3 384 416 270.8z\"><\/path><\/svg><\/span> La m\u00fasica, el lenguaje universal<\/a><\/div>\n<\/div>\n","protected":false},"excerpt":{"rendered":"<p>M\u00e1s all\u00e1 de las fronteras de Ecuador, el coro ha sido hist\u00f3ricamente la forma m\u00e1s pura de organizaci\u00f3n humana. En cualquier cultura, el acto de&hellip;<\/p>\n","protected":false},"author":1,"featured_media":0,"parent":0,"menu_order":4,"comment_status":"closed","ping_status":"closed","template":"","meta":{"footnotes":""},"class_list":["post-589","page","type-page","status-publish","hentry"],"yoast_head":"<!-- This site is optimized with the Yoast SEO plugin v26.7 - https:\/\/yoast.com\/wordpress\/plugins\/seo\/ -->\n<title>El coro como lenguaje global - soy belu<\/title>\n<meta name=\"robots\" content=\"index, follow, max-snippet:-1, max-image-preview:large, max-video-preview:-1\" \/>\n<link rel=\"canonical\" href=\"https:\/\/soybelu.com\/index.php\/el-coro-como-lenguaje-global\/\" \/>\n<meta property=\"og:locale\" content=\"es_ES\" \/>\n<meta property=\"og:type\" content=\"article\" \/>\n<meta property=\"og:title\" content=\"El coro como lenguaje global - soy belu\" \/>\n<meta property=\"og:description\" content=\"M\u00e1s all\u00e1 de las fronteras de Ecuador, el coro ha sido hist\u00f3ricamente la forma m\u00e1s pura de organizaci\u00f3n humana. En cualquier cultura, el acto de&hellip;\" \/>\n<meta property=\"og:url\" content=\"https:\/\/soybelu.com\/index.php\/el-coro-como-lenguaje-global\/\" \/>\n<meta property=\"og:site_name\" content=\"soy belu\" \/>\n<meta property=\"article:modified_time\" content=\"2026-01-23T00:45:18+00:00\" \/>\n<meta name=\"twitter:card\" content=\"summary_large_image\" \/>\n<meta name=\"twitter:label1\" content=\"Tiempo de lectura\" \/>\n\t<meta name=\"twitter:data1\" content=\"1 minuto\" \/>\n<script type=\"application\/ld+json\" class=\"yoast-schema-graph\">{\"@context\":\"https:\/\/schema.org\",\"@graph\":[{\"@type\":\"WebPage\",\"@id\":\"https:\/\/soybelu.com\/index.php\/el-coro-como-lenguaje-global\/\",\"url\":\"https:\/\/soybelu.com\/index.php\/el-coro-como-lenguaje-global\/\",\"name\":\"El coro como lenguaje global - soy belu\",\"isPartOf\":{\"@id\":\"https:\/\/soybelu.com\/#website\"},\"datePublished\":\"2026-01-22T21:09:30+00:00\",\"dateModified\":\"2026-01-23T00:45:18+00:00\",\"breadcrumb\":{\"@id\":\"https:\/\/soybelu.com\/index.php\/el-coro-como-lenguaje-global\/#breadcrumb\"},\"inLanguage\":\"es\",\"potentialAction\":[{\"@type\":\"ReadAction\",\"target\":[\"https:\/\/soybelu.com\/index.php\/el-coro-como-lenguaje-global\/\"]}]},{\"@type\":\"BreadcrumbList\",\"@id\":\"https:\/\/soybelu.com\/index.php\/el-coro-como-lenguaje-global\/#breadcrumb\",\"itemListElement\":[{\"@type\":\"ListItem\",\"position\":1,\"name\":\"Portada\",\"item\":\"https:\/\/soybelu.com\/\"},{\"@type\":\"ListItem\",\"position\":2,\"name\":\"El coro como lenguaje global\"}]},{\"@type\":\"WebSite\",\"@id\":\"https:\/\/soybelu.com\/#website\",\"url\":\"https:\/\/soybelu.com\/\",\"name\":\"soy belu\",\"description\":\"soy belu\",\"publisher\":{\"@id\":\"https:\/\/soybelu.com\/#organization\"},\"potentialAction\":[{\"@type\":\"SearchAction\",\"target\":{\"@type\":\"EntryPoint\",\"urlTemplate\":\"https:\/\/soybelu.com\/?s={search_term_string}\"},\"query-input\":{\"@type\":\"PropertyValueSpecification\",\"valueRequired\":true,\"valueName\":\"search_term_string\"}}],\"inLanguage\":\"es\"},{\"@type\":\"Organization\",\"@id\":\"https:\/\/soybelu.com\/#organization\",\"name\":\"soy belu\",\"url\":\"https:\/\/soybelu.com\/\",\"logo\":{\"@type\":\"ImageObject\",\"inLanguage\":\"es\",\"@id\":\"https:\/\/soybelu.com\/#\/schema\/logo\/image\/\",\"url\":\"https:\/\/soybelu.com\/wp-content\/uploads\/2025\/12\/cropped-40403.png\",\"contentUrl\":\"https:\/\/soybelu.com\/wp-content\/uploads\/2025\/12\/cropped-40403.png\",\"width\":512,\"height\":512,\"caption\":\"soy belu\"},\"image\":{\"@id\":\"https:\/\/soybelu.com\/#\/schema\/logo\/image\/\"}}]}<\/script>\n<!-- \/ Yoast SEO plugin. -->","yoast_head_json":{"title":"El coro como lenguaje global - soy belu","robots":{"index":"index","follow":"follow","max-snippet":"max-snippet:-1","max-image-preview":"max-image-preview:large","max-video-preview":"max-video-preview:-1"},"canonical":"https:\/\/soybelu.com\/index.php\/el-coro-como-lenguaje-global\/","og_locale":"es_ES","og_type":"article","og_title":"El coro como lenguaje global - soy belu","og_description":"M\u00e1s all\u00e1 de las fronteras de Ecuador, el coro ha sido hist\u00f3ricamente la forma m\u00e1s pura de organizaci\u00f3n humana. En cualquier cultura, el acto de&hellip;","og_url":"https:\/\/soybelu.com\/index.php\/el-coro-como-lenguaje-global\/","og_site_name":"soy belu","article_modified_time":"2026-01-23T00:45:18+00:00","twitter_card":"summary_large_image","twitter_misc":{"Tiempo de lectura":"1 minuto"},"schema":{"@context":"https:\/\/schema.org","@graph":[{"@type":"WebPage","@id":"https:\/\/soybelu.com\/index.php\/el-coro-como-lenguaje-global\/","url":"https:\/\/soybelu.com\/index.php\/el-coro-como-lenguaje-global\/","name":"El coro como lenguaje global - soy belu","isPartOf":{"@id":"https:\/\/soybelu.com\/#website"},"datePublished":"2026-01-22T21:09:30+00:00","dateModified":"2026-01-23T00:45:18+00:00","breadcrumb":{"@id":"https:\/\/soybelu.com\/index.php\/el-coro-como-lenguaje-global\/#breadcrumb"},"inLanguage":"es","potentialAction":[{"@type":"ReadAction","target":["https:\/\/soybelu.com\/index.php\/el-coro-como-lenguaje-global\/"]}]},{"@type":"BreadcrumbList","@id":"https:\/\/soybelu.com\/index.php\/el-coro-como-lenguaje-global\/#breadcrumb","itemListElement":[{"@type":"ListItem","position":1,"name":"Portada","item":"https:\/\/soybelu.com\/"},{"@type":"ListItem","position":2,"name":"El coro como lenguaje global"}]},{"@type":"WebSite","@id":"https:\/\/soybelu.com\/#website","url":"https:\/\/soybelu.com\/","name":"soy belu","description":"soy belu","publisher":{"@id":"https:\/\/soybelu.com\/#organization"},"potentialAction":[{"@type":"SearchAction","target":{"@type":"EntryPoint","urlTemplate":"https:\/\/soybelu.com\/?s={search_term_string}"},"query-input":{"@type":"PropertyValueSpecification","valueRequired":true,"valueName":"search_term_string"}}],"inLanguage":"es"},{"@type":"Organization","@id":"https:\/\/soybelu.com\/#organization","name":"soy belu","url":"https:\/\/soybelu.com\/","logo":{"@type":"ImageObject","inLanguage":"es","@id":"https:\/\/soybelu.com\/#\/schema\/logo\/image\/","url":"https:\/\/soybelu.com\/wp-content\/uploads\/2025\/12\/cropped-40403.png","contentUrl":"https:\/\/soybelu.com\/wp-content\/uploads\/2025\/12\/cropped-40403.png","width":512,"height":512,"caption":"soy belu"},"image":{"@id":"https:\/\/soybelu.com\/#\/schema\/logo\/image\/"}}]}},"_links":{"self":[{"href":"https:\/\/soybelu.com\/index.php\/wp-json\/wp\/v2\/pages\/589","targetHints":{"allow":["GET"]}}],"collection":[{"href":"https:\/\/soybelu.com\/index.php\/wp-json\/wp\/v2\/pages"}],"about":[{"href":"https:\/\/soybelu.com\/index.php\/wp-json\/wp\/v2\/types\/page"}],"author":[{"embeddable":true,"href":"https:\/\/soybelu.com\/index.php\/wp-json\/wp\/v2\/users\/1"}],"replies":[{"embeddable":true,"href":"https:\/\/soybelu.com\/index.php\/wp-json\/wp\/v2\/comments?post=589"}],"version-history":[{"count":4,"href":"https:\/\/soybelu.com\/index.php\/wp-json\/wp\/v2\/pages\/589\/revisions"}],"predecessor-version":[{"id":608,"href":"https:\/\/soybelu.com\/index.php\/wp-json\/wp\/v2\/pages\/589\/revisions\/608"}],"wp:attachment":[{"href":"https:\/\/soybelu.com\/index.php\/wp-json\/wp\/v2\/media?parent=589"}],"curies":[{"name":"wp","href":"https:\/\/api.w.org\/{rel}","templated":true}]}}