{"id":597,"date":"2026-01-22T18:10:30","date_gmt":"2026-01-22T23:10:30","guid":{"rendered":"https:\/\/soybelu.com\/?page_id=597"},"modified":"2026-01-27T17:07:37","modified_gmt":"2026-01-27T22:07:37","slug":"historia-de-los-coros-en-el-mundo","status":"publish","type":"page","link":"https:\/\/soybelu.com\/index.php\/el-coro-como-lenguaje-global\/historia-de-los-coros-en-el-mundo\/","title":{"rendered":"Historia de los coros en el mundo"},"content":{"rendered":"\n<h4 class=\"wp-block-heading\"><strong><em>Contexto Global<\/em><\/strong><\/h4>\n\n\n\n<p>El canto coral m\u00e1s que ser una disciplina art\u00edstica; es una de las manifestaciones m\u00e1s antiguas de la organizaci\u00f3n humana. Como se\u00f1ala el especialista <a href=\"https:\/\/alfonsoserra.com\/los-coros-en-la-historia-un-breve-viaje\/\" target=\"_blank\" rel=\"noreferrer noopener\">Alfonso Serra<\/a>, desde las ceremonias de la Grecia Cl\u00e1sica, donde el coro era un puente sagrado con los dioses, hasta la polifon\u00eda compleja del Renacimiento, unir voces ha sido la forma en que las sociedades han procesado su fe, su historia y su identidad. Lo que hoy vemos en un escenario es el resultado de siglos de evoluci\u00f3n: desde el canto mon\u00f3dico en las abad\u00edas medievales hasta los grandes orfeones del siglo XIX que convirtieron la m\u00fasica en un movimiento popular y comunitario.<\/p>\n\n\n\n<hr class=\"wp-block-separator has-alpha-channel-opacity\"\/>\n\n\n\n<h4 class=\"wp-block-heading\"><strong><em>Tres hitos que definen el coro hoy (Basado en la historia)<\/em><\/strong><\/h4>\n\n\n\n<ol start=\"1\" class=\"wp-block-list\">\n<li><strong>De lo Sagrado a lo P\u00fablico:<\/strong> Durante siglos, el coro fue exclusivo de la liturgia. En el siglo XVIII, con figuras como Bach y Handel, las voces salieron de las iglesias para ocupar los teatros, democratizando el acceso a la armon\u00eda colectiva.<\/li>\n\n\n\n<li><strong>El Poder de la Masa Coral:<\/strong> En el siglo XIX, los coros se convirtieron en el s\u00edmbolo de las comunidades. Surgieron los coros ciudadanos como una forma de resistencia cultural y de uni\u00f3n social, un fen\u00f3meno que a\u00fan resuena en las agrupaciones modernas.<\/li>\n\n\n\n<li><strong>Un Lenguaje Universal:<\/strong> Hoy, la m\u00fasica coral trasciende el idioma. Es una herramienta de conexi\u00f3n humana que permite aprender sobre otras culturas y fortalecer el tejido social, demostrando que, sin importar la \u00e9poca, el ser humano siempre ha buscado resonar junto al otro.<\/li>\n<\/ol>\n\n\n\n<div class=\"wp-block-columns is-layout-flex wp-container-core-columns-is-layout-9d6595d7 wp-block-columns-is-layout-flex\">\n<div class=\"wp-block-column is-layout-flow wp-block-column-is-layout-flow\">\n<div style=\"width: 100%;\"><div style=\"position: relative; padding-bottom: 177.78%; padding-top: 0; height: 0;\"><iframe loading=\"lazy\" title=\"L\u00ednea de tiempo\" frameborder=\"0\" width=\"360\" height=\"640\" style=\"position: absolute; top: 0; left: 0; width: 100%; height: 100%;\" src=\"https:\/\/view.genially.com\/6972aa15e19529c0c0b72b51\" type=\"text\/html\" allowscriptaccess=\"always\" allowfullscreen=\"true\" scrolling=\"yes\" allownetworking=\"all\"><\/iframe> <\/div> <\/div>\n<\/div>\n\n\n\n<div class=\"wp-block-column is-layout-flow wp-block-column-is-layout-flow\">\n<blockquote class=\"wp-block-quote is-layout-flow wp-block-quote-is-layout-flow\">\n<p>Hoy, la ciencia ha demostrado que cantar en coro sincroniza los latidos del coraz\u00f3n de los participantes y reduce el estr\u00e9s, convirti\u00e9ndose en una actividad de salud p\u00fablica y conexi\u00f3n social.<\/p>\n<\/blockquote>\n\n\n\n<p><strong><em>Te invito a ver una l\u00ednea de tiempo que muestra los pasos y procesos del coro hasta lo que es el d\u00eda de hoy.<\/em><\/strong><\/p>\n<\/div>\n<\/div>\n\n\n\n<div style=\"height:27px\" aria-hidden=\"true\" class=\"wp-block-spacer\"><\/div>\n\n\n\n<div class=\"wp-block-buttons is-content-justification-center is-layout-flex wp-container-core-buttons-is-layout-16018d1d wp-block-buttons-is-layout-flex\">\n<div class=\"wp-block-button\"><a class=\"wp-block-button__link wp-element-button\" href=\"https:\/\/soybelu.com\/index.php\/el-coro-como-lenguaje-global\/movimiento-coral-en-ecuador\/\"><span class=\"wp-rich-text-font-awesome-icon wp-font-awesome-icon\"><svg aria-hidden=\"true\" focusable=\"false\" data-prefix=\"fas\" data-icon=\"flag\" class=\"svg-inline--fa fa-flag \" role=\"img\" xmlns=\"http:\/\/www.w3.org\/2000\/svg\" viewBox=\"0 0 448 512\"><path fill=\"currentColor\" d=\"M64 32C64 14.3 49.7 0 32 0S0 14.3 0 32L0 480c0 17.7 14.3 32 32 32s32-14.3 32-32l0-121.6 62.7-18.8c41.9-12.6 87.1-8.7 126.2 10.9 42.7 21.4 92.5 24 137.2 7.2l37.1-13.9c12.5-4.7 20.8-16.6 20.8-30l0-247.7c0-23-24.2-38-44.8-27.7l-11.8 5.9c-44.9 22.5-97.8 22.5-142.8 0-36.4-18.2-78.3-21.8-117.2-10.1L64 54.4 64 32z\"><\/path><\/svg><\/span> Movimiento coral en Ecuador<\/a><\/div>\n\n\n\n<div class=\"wp-block-button\"><a class=\"wp-block-button__link wp-element-button\" href=\"https:\/\/soybelu.com\/index.php\/el-coro-como-lenguaje-global\/la-musica-el-lenguaje-universal\/\"><span class=\"wp-rich-text-font-awesome-icon wp-font-awesome-icon\"><svg aria-hidden=\"true\" focusable=\"false\" data-prefix=\"fas\" data-icon=\"language\" class=\"svg-inline--fa fa-language \" role=\"img\" xmlns=\"http:\/\/www.w3.org\/2000\/svg\" viewBox=\"0 0 576 512\"><path fill=\"currentColor\" d=\"M160 0c17.7 0 32 14.3 32 32l0 32 128 0c17.7 0 32 14.3 32 32s-14.3 32-32 32l-9.6 0-8.4 23.1c-16.4 45.2-41.1 86.5-72.2 122 14.2 8.8 29 16.6 44.4 23.5l50.4 22.4 62.2-140c5.1-11.6 16.6-19 29.2-19s24.1 7.4 29.2 19l128 288c7.2 16.2-.1 35.1-16.2 42.2s-35.1-.1-42.2-16.2l-20-45-157.5 0-20 45c-7.2 16.2-26.1 23.4-42.2 16.2s-23.4-26.1-16.2-42.2l39.8-89.5-50.4-22.4c-23-10.2-45-22.4-65.8-36.4-21.3 17.2-44.6 32.2-69.5 44.7L78.3 380.6c-15.8 7.9-35 1.5-42.9-14.3s-1.5-35 14.3-42.9l34.5-17.3c16.3-8.2 31.8-17.7 46.4-28.3-13.8-12.7-26.8-26.4-38.9-40.9L81.6 224.7c-11.3-13.6-9.5-33.8 4.1-45.1s33.8-9.5 45.1 4.1l10.2 12.2c11.5 13.9 24.1 26.8 37.4 38.7 27.5-30.4 49.2-66.1 63.5-105.4l.5-1.2-210.3 0C14.3 128 0 113.7 0 96S14.3 64 32 64l96 0 0-32c0-17.7 14.3-32 32-32zM416 270.8L365.7 384 466.3 384 416 270.8z\"><\/path><\/svg><\/span> La m\u00fasica, el lenguaje universal<\/a><\/div>\n<\/div>\n","protected":false},"excerpt":{"rendered":"<p>Desde los rituales de la antigua Grecia hasta la sofisticaci\u00f3n de la polifon\u00eda moderna, el canto coral ha sido el registro sonoro de nuestra evoluci\u00f3n. Recorre este viaje milenario donde la voz humana trasciende el tiempo para convertirse en el lenguaje universal de la armon\u00eda<\/p>\n","protected":false},"author":1,"featured_media":0,"parent":589,"menu_order":1,"comment_status":"closed","ping_status":"closed","template":"","meta":{"footnotes":""},"class_list":["post-597","page","type-page","status-publish","hentry"],"yoast_head":"<!-- This site is optimized with the Yoast SEO plugin v26.7 - https:\/\/yoast.com\/wordpress\/plugins\/seo\/ -->\n<title>Historia de los coros en el mundo - soy belu<\/title>\n<meta name=\"robots\" content=\"index, follow, max-snippet:-1, max-image-preview:large, max-video-preview:-1\" \/>\n<link rel=\"canonical\" href=\"https:\/\/soybelu.com\/index.php\/el-coro-como-lenguaje-global\/historia-de-los-coros-en-el-mundo\/\" \/>\n<meta property=\"og:locale\" content=\"es_ES\" \/>\n<meta property=\"og:type\" content=\"article\" \/>\n<meta property=\"og:title\" content=\"Historia de los coros en el mundo - soy belu\" \/>\n<meta property=\"og:description\" content=\"Desde los rituales de la antigua Grecia hasta la sofisticaci\u00f3n de la polifon\u00eda moderna, el canto coral ha sido el registro sonoro de nuestra evoluci\u00f3n. Recorre este viaje milenario donde la voz humana trasciende el tiempo para convertirse en el lenguaje universal de la armon\u00eda\" \/>\n<meta property=\"og:url\" content=\"https:\/\/soybelu.com\/index.php\/el-coro-como-lenguaje-global\/historia-de-los-coros-en-el-mundo\/\" \/>\n<meta property=\"og:site_name\" content=\"soy belu\" \/>\n<meta property=\"article:modified_time\" content=\"2026-01-27T22:07:37+00:00\" \/>\n<meta name=\"twitter:card\" content=\"summary_large_image\" \/>\n<meta name=\"twitter:label1\" content=\"Tiempo de lectura\" \/>\n\t<meta name=\"twitter:data1\" content=\"2 minutos\" \/>\n<script type=\"application\/ld+json\" class=\"yoast-schema-graph\">{\"@context\":\"https:\/\/schema.org\",\"@graph\":[{\"@type\":\"WebPage\",\"@id\":\"https:\/\/soybelu.com\/index.php\/el-coro-como-lenguaje-global\/historia-de-los-coros-en-el-mundo\/\",\"url\":\"https:\/\/soybelu.com\/index.php\/el-coro-como-lenguaje-global\/historia-de-los-coros-en-el-mundo\/\",\"name\":\"Historia de los coros en el mundo - soy belu\",\"isPartOf\":{\"@id\":\"https:\/\/soybelu.com\/#website\"},\"datePublished\":\"2026-01-22T23:10:30+00:00\",\"dateModified\":\"2026-01-27T22:07:37+00:00\",\"breadcrumb\":{\"@id\":\"https:\/\/soybelu.com\/index.php\/el-coro-como-lenguaje-global\/historia-de-los-coros-en-el-mundo\/#breadcrumb\"},\"inLanguage\":\"es\",\"potentialAction\":[{\"@type\":\"ReadAction\",\"target\":[\"https:\/\/soybelu.com\/index.php\/el-coro-como-lenguaje-global\/historia-de-los-coros-en-el-mundo\/\"]}]},{\"@type\":\"BreadcrumbList\",\"@id\":\"https:\/\/soybelu.com\/index.php\/el-coro-como-lenguaje-global\/historia-de-los-coros-en-el-mundo\/#breadcrumb\",\"itemListElement\":[{\"@type\":\"ListItem\",\"position\":1,\"name\":\"Portada\",\"item\":\"https:\/\/soybelu.com\/\"},{\"@type\":\"ListItem\",\"position\":2,\"name\":\"El coro como lenguaje global\",\"item\":\"https:\/\/soybelu.com\/index.php\/el-coro-como-lenguaje-global\/\"},{\"@type\":\"ListItem\",\"position\":3,\"name\":\"Historia de los coros en el mundo\"}]},{\"@type\":\"WebSite\",\"@id\":\"https:\/\/soybelu.com\/#website\",\"url\":\"https:\/\/soybelu.com\/\",\"name\":\"soy belu\",\"description\":\"soy belu\",\"publisher\":{\"@id\":\"https:\/\/soybelu.com\/#organization\"},\"potentialAction\":[{\"@type\":\"SearchAction\",\"target\":{\"@type\":\"EntryPoint\",\"urlTemplate\":\"https:\/\/soybelu.com\/?s={search_term_string}\"},\"query-input\":{\"@type\":\"PropertyValueSpecification\",\"valueRequired\":true,\"valueName\":\"search_term_string\"}}],\"inLanguage\":\"es\"},{\"@type\":\"Organization\",\"@id\":\"https:\/\/soybelu.com\/#organization\",\"name\":\"soy belu\",\"url\":\"https:\/\/soybelu.com\/\",\"logo\":{\"@type\":\"ImageObject\",\"inLanguage\":\"es\",\"@id\":\"https:\/\/soybelu.com\/#\/schema\/logo\/image\/\",\"url\":\"https:\/\/soybelu.com\/wp-content\/uploads\/2025\/12\/cropped-40403.png\",\"contentUrl\":\"https:\/\/soybelu.com\/wp-content\/uploads\/2025\/12\/cropped-40403.png\",\"width\":512,\"height\":512,\"caption\":\"soy belu\"},\"image\":{\"@id\":\"https:\/\/soybelu.com\/#\/schema\/logo\/image\/\"}}]}<\/script>\n<!-- \/ Yoast SEO plugin. -->","yoast_head_json":{"title":"Historia de los coros en el mundo - soy belu","robots":{"index":"index","follow":"follow","max-snippet":"max-snippet:-1","max-image-preview":"max-image-preview:large","max-video-preview":"max-video-preview:-1"},"canonical":"https:\/\/soybelu.com\/index.php\/el-coro-como-lenguaje-global\/historia-de-los-coros-en-el-mundo\/","og_locale":"es_ES","og_type":"article","og_title":"Historia de los coros en el mundo - soy belu","og_description":"Desde los rituales de la antigua Grecia hasta la sofisticaci\u00f3n de la polifon\u00eda moderna, el canto coral ha sido el registro sonoro de nuestra evoluci\u00f3n. Recorre este viaje milenario donde la voz humana trasciende el tiempo para convertirse en el lenguaje universal de la armon\u00eda","og_url":"https:\/\/soybelu.com\/index.php\/el-coro-como-lenguaje-global\/historia-de-los-coros-en-el-mundo\/","og_site_name":"soy belu","article_modified_time":"2026-01-27T22:07:37+00:00","twitter_card":"summary_large_image","twitter_misc":{"Tiempo de lectura":"2 minutos"},"schema":{"@context":"https:\/\/schema.org","@graph":[{"@type":"WebPage","@id":"https:\/\/soybelu.com\/index.php\/el-coro-como-lenguaje-global\/historia-de-los-coros-en-el-mundo\/","url":"https:\/\/soybelu.com\/index.php\/el-coro-como-lenguaje-global\/historia-de-los-coros-en-el-mundo\/","name":"Historia de los coros en el mundo - soy belu","isPartOf":{"@id":"https:\/\/soybelu.com\/#website"},"datePublished":"2026-01-22T23:10:30+00:00","dateModified":"2026-01-27T22:07:37+00:00","breadcrumb":{"@id":"https:\/\/soybelu.com\/index.php\/el-coro-como-lenguaje-global\/historia-de-los-coros-en-el-mundo\/#breadcrumb"},"inLanguage":"es","potentialAction":[{"@type":"ReadAction","target":["https:\/\/soybelu.com\/index.php\/el-coro-como-lenguaje-global\/historia-de-los-coros-en-el-mundo\/"]}]},{"@type":"BreadcrumbList","@id":"https:\/\/soybelu.com\/index.php\/el-coro-como-lenguaje-global\/historia-de-los-coros-en-el-mundo\/#breadcrumb","itemListElement":[{"@type":"ListItem","position":1,"name":"Portada","item":"https:\/\/soybelu.com\/"},{"@type":"ListItem","position":2,"name":"El coro como lenguaje global","item":"https:\/\/soybelu.com\/index.php\/el-coro-como-lenguaje-global\/"},{"@type":"ListItem","position":3,"name":"Historia de los coros en el mundo"}]},{"@type":"WebSite","@id":"https:\/\/soybelu.com\/#website","url":"https:\/\/soybelu.com\/","name":"soy belu","description":"soy belu","publisher":{"@id":"https:\/\/soybelu.com\/#organization"},"potentialAction":[{"@type":"SearchAction","target":{"@type":"EntryPoint","urlTemplate":"https:\/\/soybelu.com\/?s={search_term_string}"},"query-input":{"@type":"PropertyValueSpecification","valueRequired":true,"valueName":"search_term_string"}}],"inLanguage":"es"},{"@type":"Organization","@id":"https:\/\/soybelu.com\/#organization","name":"soy belu","url":"https:\/\/soybelu.com\/","logo":{"@type":"ImageObject","inLanguage":"es","@id":"https:\/\/soybelu.com\/#\/schema\/logo\/image\/","url":"https:\/\/soybelu.com\/wp-content\/uploads\/2025\/12\/cropped-40403.png","contentUrl":"https:\/\/soybelu.com\/wp-content\/uploads\/2025\/12\/cropped-40403.png","width":512,"height":512,"caption":"soy belu"},"image":{"@id":"https:\/\/soybelu.com\/#\/schema\/logo\/image\/"}}]}},"_links":{"self":[{"href":"https:\/\/soybelu.com\/index.php\/wp-json\/wp\/v2\/pages\/597","targetHints":{"allow":["GET"]}}],"collection":[{"href":"https:\/\/soybelu.com\/index.php\/wp-json\/wp\/v2\/pages"}],"about":[{"href":"https:\/\/soybelu.com\/index.php\/wp-json\/wp\/v2\/types\/page"}],"author":[{"embeddable":true,"href":"https:\/\/soybelu.com\/index.php\/wp-json\/wp\/v2\/users\/1"}],"replies":[{"embeddable":true,"href":"https:\/\/soybelu.com\/index.php\/wp-json\/wp\/v2\/comments?post=597"}],"version-history":[{"count":3,"href":"https:\/\/soybelu.com\/index.php\/wp-json\/wp\/v2\/pages\/597\/revisions"}],"predecessor-version":[{"id":659,"href":"https:\/\/soybelu.com\/index.php\/wp-json\/wp\/v2\/pages\/597\/revisions\/659"}],"up":[{"embeddable":true,"href":"https:\/\/soybelu.com\/index.php\/wp-json\/wp\/v2\/pages\/589"}],"wp:attachment":[{"href":"https:\/\/soybelu.com\/index.php\/wp-json\/wp\/v2\/media?parent=597"}],"curies":[{"name":"wp","href":"https:\/\/api.w.org\/{rel}","templated":true}]}}