{"id":599,"date":"2026-01-22T18:48:42","date_gmt":"2026-01-22T23:48:42","guid":{"rendered":"https:\/\/soybelu.com\/?page_id=599"},"modified":"2026-01-27T17:08:26","modified_gmt":"2026-01-27T22:08:26","slug":"movimiento-coral-en-ecuador","status":"publish","type":"page","link":"https:\/\/soybelu.com\/index.php\/el-coro-como-lenguaje-global\/movimiento-coral-en-ecuador\/","title":{"rendered":"Movimiento coral en Ecuador"},"content":{"rendered":"\n<div class=\"wp-block-columns is-layout-flex wp-container-core-columns-is-layout-9d6595d7 wp-block-columns-is-layout-flex\">\n<div class=\"wp-block-column is-layout-flow wp-block-column-is-layout-flow\" style=\"flex-basis:33.33%\">\n<p>El movimiento coral en Ecuador ha dejado de ser un fen\u00f3meno de nicho para convertirse en un pilar de la identidad nacional. Investigadores y directores han trabajado por d\u00e9cadas en la <strong>transcripci\u00f3n de ritmos vern\u00e1culos<\/strong> (como el yarav\u00ed o el pasillo) al formato coral, permitiendo que nuestra m\u00fasica llegue a conservatorios de todo el mundo.<\/p>\n\n\n\n<p>Investigaciones acad\u00e9micas en universidades como la <a href=\"https:\/\/bibliotecadigital.academia.cl\/server\/api\/core\/bitstreams\/36192bd9-f37e-49b5-8ab4-5459471bcf3f\/content\" target=\"_blank\" rel=\"noreferrer noopener\"><strong>PUCE<\/strong> y la <strong>Universidad de Cuenca<\/strong> (por autores como Jimena Pe\u00f1aherrera y Bel\u00e9n Neira) <\/a>han demostrado que la pr\u00e1ctica coral en Ecuador no solo mejora la t\u00e9cnica vocal, sino que desarrolla <strong>habilidades psicosociales<\/strong>.<\/p>\n<\/div>\n\n\n\n<div class=\"wp-block-column is-layout-flow wp-block-column-is-layout-flow\" style=\"flex-basis:66.66%\"><div class=\"wp-block-image\">\n<figure class=\"aligncenter size-full is-resized\"><img loading=\"lazy\" decoding=\"async\" width=\"1024\" height=\"1024\" src=\"https:\/\/soybelu.com\/wp-content\/uploads\/2026\/01\/Gemini_Generated_Image_8snqvk8snqvk8snq.png\" alt=\"\" class=\"wp-image-600\" style=\"width:461px;height:auto\" srcset=\"https:\/\/soybelu.com\/wp-content\/uploads\/2026\/01\/Gemini_Generated_Image_8snqvk8snqvk8snq.png 1024w, https:\/\/soybelu.com\/wp-content\/uploads\/2026\/01\/Gemini_Generated_Image_8snqvk8snqvk8snq-300x300.png 300w, https:\/\/soybelu.com\/wp-content\/uploads\/2026\/01\/Gemini_Generated_Image_8snqvk8snqvk8snq-150x150.png 150w, https:\/\/soybelu.com\/wp-content\/uploads\/2026\/01\/Gemini_Generated_Image_8snqvk8snqvk8snq-768x768.png 768w\" sizes=\"auto, (max-width: 1024px) 100vw, 1024px\" \/><figcaption class=\"wp-element-caption\"><strong><em>Imagen creada por IA Gemini<\/em><\/strong><\/figcaption><\/figure>\n<\/div><\/div>\n<\/div>\n\n\n\n<p><strong><em>Los estudios destacan tres impactos fundamentales en el pa\u00eds:<\/em><\/strong><\/p>\n\n\n\n<ol class=\"wp-block-list\">\n<li><strong>Bienestar en el Adulto Mayor:<\/strong> Proyectos de musicolog\u00eda en ciudades como Cuenca y Quito han probado que el canto coral reduce la soledad y la depresi\u00f3n en los mayores, activando su memoria y sentido de pertenencia.<\/li>\n\n\n\n<li><strong>Construcci\u00f3n de Identidad:<\/strong> El coro permite a los j\u00f3venes apropiarse de ritmos tradicionales (pasillo, yarav\u00ed) al estudiarlos con rigor acad\u00e9mico, evitando que estas ra\u00edces se pierdan.<\/li>\n\n\n\n<li><strong>Factor de Protecci\u00f3n Social:<\/strong> En sectores vulnerables, el coro funciona como un \u00abapego seguro\u00bb, fomentando la disciplina, la solidaridad y el trabajo en equipo, alejando a los j\u00f3venes de contextos de riesgo.<\/li>\n<\/ol>\n\n\n\n<p data-wp-context---core-fit-text=\"core\/fit-text::{&quot;fontSize&quot;:&quot;&quot;}\" data-wp-init---core-fit-text=\"core\/fit-text::callbacks.init\" data-wp-interactive data-wp-style--font-size=\"core\/fit-text::context.fontSize\" class=\"has-fit-text\"><span class=\"wp-rich-text-font-awesome-icon wp-font-awesome-icon\" data-transform=\"{}\"><svg aria-hidden=\"true\" focusable=\"false\" data-prefix=\"fas\" data-icon=\"circle-play\" class=\"svg-inline--fa fa-circle-play fa-bounce \" role=\"img\" xmlns=\"http:\/\/www.w3.org\/2000\/svg\" viewBox=\"0 0 512 512\" color=\"#9b51e0\"><path fill=\"currentColor\" d=\"M0 256a256 256 0 1 1 512 0 256 256 0 1 1 -512 0zM188.3 147.1c-7.6 4.2-12.3 12.3-12.3 20.9l0 176c0 8.7 4.7 16.7 12.3 20.9s16.8 4.1 24.3-.5l144-88c7.1-4.4 11.5-12.1 11.5-20.5s-4.4-16.1-11.5-20.5l-144-88c-7.4-4.5-16.7-4.7-24.3-.5z\"><\/path><\/svg><\/span> Escucha el testimonio de <strong><em>Michelle Gualoto<\/em><\/strong>, graduada de la PUCE, miembro del coro de la universidad e Ingeniera Civil.<\/p>\n\n\n\n<figure class=\"wp-block-audio\"><audio controls src=\"https:\/\/soybelu.com\/wp-content\/uploads\/2026\/01\/WhatsApp-Ptt-2026-01-21-at-20.37.06.ogg\"><\/audio><\/figure>\n\n\n\n<hr class=\"wp-block-separator has-alpha-channel-opacity\"\/>\n\n\n\n<p>Ahora, sabemos la gran importancia de los coros en Ecuador, \u00bfSab\u00edas que este pa\u00eds es el hogar de muchos ritmos y espacios de arte? En este mapa interactivo te muestro cu\u00e1les han sido los escensarios para la Misa Andina&#8230; y si \u00a1Adivinaste! El Ecuador tambi\u00e9n prest\u00f3 sus teatros para esta gran obra.<\/p>\n\n\n\n<div style=\"width: 100%;\"><div style=\"position: relative; padding-bottom: 56.25%; padding-top: 0; height: 0;\"><iframe loading=\"lazy\" title=\"La Misa Andina por el mundo\" frameborder=\"0\" width=\"1200\" height=\"675\" style=\"position: absolute; top: 0; left: 0; width: 100%; height: 100%;\" src=\"https:\/\/view.genially.com\/6972b2bc63785e82f21de989\" type=\"text\/html\" allowscriptaccess=\"always\" allowfullscreen=\"true\" scrolling=\"yes\" allownetworking=\"all\"><\/iframe> <\/div> <\/div>\n\n\n\n<div style=\"height:37px\" aria-hidden=\"true\" class=\"wp-block-spacer\"><\/div>\n\n\n\n<div class=\"wp-block-buttons is-content-justification-center is-layout-flex wp-container-core-buttons-is-layout-16018d1d wp-block-buttons-is-layout-flex\">\n<div class=\"wp-block-button\"><a class=\"wp-block-button__link wp-element-button\" href=\"https:\/\/soybelu.com\/index.php\/el-coro-como-lenguaje-global\/historia-de-los-coros-en-el-mundo\/\"><span class=\"wp-rich-text-font-awesome-icon wp-font-awesome-icon\"><svg aria-hidden=\"true\" focusable=\"false\" data-prefix=\"fas\" data-icon=\"landmark\" class=\"svg-inline--fa fa-landmark \" role=\"img\" xmlns=\"http:\/\/www.w3.org\/2000\/svg\" viewBox=\"0 0 512 512\"><path fill=\"currentColor\" d=\"M238.7 5.1c10.5-6.8 24.1-6.8 34.6 0l224 144c11.9 7.7 17.4 22.3 13.4 35.9s-16.5 23-30.7 23l-32 0 0 208 51.2 38.4c8.1 6 12.8 15.5 12.8 25.6 0 17.7-14.3 32-32 32L32 512c-17.7 0-32-14.3-32-32 0-10.1 4.7-19.6 12.8-25.6l51.2-38.4 0 0 0-208-32 0c-14.2 0-26.7-9.4-30.7-23s1.5-28.3 13.4-35.9l224-144zM336 208l0 208 64 0 0-208-64 0zM224 416l64 0 0-208-64 0 0 208zM112 208l0 208 64 0 0-208-64 0z\"><\/path><\/svg><\/span> Historia de los coros<\/a><\/div>\n\n\n\n<div class=\"wp-block-button\"><a class=\"wp-block-button__link wp-element-button\" href=\"https:\/\/soybelu.com\/index.php\/el-coro-como-lenguaje-global\/la-musica-el-lenguaje-universal\/\"><span class=\"wp-rich-text-font-awesome-icon wp-font-awesome-icon\"><svg aria-hidden=\"true\" focusable=\"false\" data-prefix=\"fas\" data-icon=\"language\" class=\"svg-inline--fa fa-language \" role=\"img\" xmlns=\"http:\/\/www.w3.org\/2000\/svg\" viewBox=\"0 0 576 512\"><path fill=\"currentColor\" d=\"M160 0c17.7 0 32 14.3 32 32l0 32 128 0c17.7 0 32 14.3 32 32s-14.3 32-32 32l-9.6 0-8.4 23.1c-16.4 45.2-41.1 86.5-72.2 122 14.2 8.8 29 16.6 44.4 23.5l50.4 22.4 62.2-140c5.1-11.6 16.6-19 29.2-19s24.1 7.4 29.2 19l128 288c7.2 16.2-.1 35.1-16.2 42.2s-35.1-.1-42.2-16.2l-20-45-157.5 0-20 45c-7.2 16.2-26.1 23.4-42.2 16.2s-23.4-26.1-16.2-42.2l39.8-89.5-50.4-22.4c-23-10.2-45-22.4-65.8-36.4-21.3 17.2-44.6 32.2-69.5 44.7L78.3 380.6c-15.8 7.9-35 1.5-42.9-14.3s-1.5-35 14.3-42.9l34.5-17.3c16.3-8.2 31.8-17.7 46.4-28.3-13.8-12.7-26.8-26.4-38.9-40.9L81.6 224.7c-11.3-13.6-9.5-33.8 4.1-45.1s33.8-9.5 45.1 4.1l10.2 12.2c11.5 13.9 24.1 26.8 37.4 38.7 27.5-30.4 49.2-66.1 63.5-105.4l.5-1.2-210.3 0C14.3 128 0 113.7 0 96S14.3 64 32 64l96 0 0-32c0-17.7 14.3-32 32-32zM416 270.8L365.7 384 466.3 384 416 270.8z\"><\/path><\/svg><\/span> La m\u00fasica, el lenguaje universal<\/a><\/div>\n<\/div>\n","protected":false},"excerpt":{"rendered":"<p>Ecuador se organiza a trav\u00e9s de la voz. Desde las investigaciones que rescatan la polifon\u00eda andina hasta la expansi\u00f3n de la Misa Andina por el continente, analizamos el tejido coral que une a nuestras regiones y las voces que dan sentido a esta disciplina en la actualidad.<\/p>\n","protected":false},"author":1,"featured_media":0,"parent":589,"menu_order":2,"comment_status":"closed","ping_status":"closed","template":"","meta":{"footnotes":""},"class_list":["post-599","page","type-page","status-publish","hentry"],"yoast_head":"<!-- This site is optimized with the Yoast SEO plugin v26.7 - https:\/\/yoast.com\/wordpress\/plugins\/seo\/ -->\n<title>Movimiento coral en Ecuador - soy belu<\/title>\n<meta name=\"robots\" content=\"index, follow, max-snippet:-1, max-image-preview:large, max-video-preview:-1\" \/>\n<link rel=\"canonical\" href=\"https:\/\/soybelu.com\/index.php\/el-coro-como-lenguaje-global\/movimiento-coral-en-ecuador\/\" \/>\n<meta property=\"og:locale\" content=\"es_ES\" \/>\n<meta property=\"og:type\" content=\"article\" \/>\n<meta property=\"og:title\" content=\"Movimiento coral en Ecuador - soy belu\" \/>\n<meta property=\"og:description\" content=\"Ecuador se organiza a trav\u00e9s de la voz. Desde las investigaciones que rescatan la polifon\u00eda andina hasta la expansi\u00f3n de la Misa Andina por el continente, analizamos el tejido coral que une a nuestras regiones y las voces que dan sentido a esta disciplina en la actualidad.\" \/>\n<meta property=\"og:url\" content=\"https:\/\/soybelu.com\/index.php\/el-coro-como-lenguaje-global\/movimiento-coral-en-ecuador\/\" \/>\n<meta property=\"og:site_name\" content=\"soy belu\" \/>\n<meta property=\"article:modified_time\" content=\"2026-01-27T22:08:26+00:00\" \/>\n<meta property=\"og:image\" content=\"https:\/\/soybelu.com\/wp-content\/uploads\/2026\/01\/Gemini_Generated_Image_8snqvk8snqvk8snq.png\" \/>\n\t<meta property=\"og:image:width\" content=\"1024\" \/>\n\t<meta property=\"og:image:height\" content=\"1024\" \/>\n\t<meta property=\"og:image:type\" content=\"image\/png\" \/>\n<meta name=\"twitter:card\" content=\"summary_large_image\" \/>\n<script type=\"application\/ld+json\" class=\"yoast-schema-graph\">{\"@context\":\"https:\/\/schema.org\",\"@graph\":[{\"@type\":\"WebPage\",\"@id\":\"https:\/\/soybelu.com\/index.php\/el-coro-como-lenguaje-global\/movimiento-coral-en-ecuador\/\",\"url\":\"https:\/\/soybelu.com\/index.php\/el-coro-como-lenguaje-global\/movimiento-coral-en-ecuador\/\",\"name\":\"Movimiento coral en Ecuador - soy belu\",\"isPartOf\":{\"@id\":\"https:\/\/soybelu.com\/#website\"},\"primaryImageOfPage\":{\"@id\":\"https:\/\/soybelu.com\/index.php\/el-coro-como-lenguaje-global\/movimiento-coral-en-ecuador\/#primaryimage\"},\"image\":{\"@id\":\"https:\/\/soybelu.com\/index.php\/el-coro-como-lenguaje-global\/movimiento-coral-en-ecuador\/#primaryimage\"},\"thumbnailUrl\":\"https:\/\/soybelu.com\/wp-content\/uploads\/2026\/01\/Gemini_Generated_Image_8snqvk8snqvk8snq.png\",\"datePublished\":\"2026-01-22T23:48:42+00:00\",\"dateModified\":\"2026-01-27T22:08:26+00:00\",\"breadcrumb\":{\"@id\":\"https:\/\/soybelu.com\/index.php\/el-coro-como-lenguaje-global\/movimiento-coral-en-ecuador\/#breadcrumb\"},\"inLanguage\":\"es\",\"potentialAction\":[{\"@type\":\"ReadAction\",\"target\":[\"https:\/\/soybelu.com\/index.php\/el-coro-como-lenguaje-global\/movimiento-coral-en-ecuador\/\"]}]},{\"@type\":\"ImageObject\",\"inLanguage\":\"es\",\"@id\":\"https:\/\/soybelu.com\/index.php\/el-coro-como-lenguaje-global\/movimiento-coral-en-ecuador\/#primaryimage\",\"url\":\"https:\/\/soybelu.com\/wp-content\/uploads\/2026\/01\/Gemini_Generated_Image_8snqvk8snqvk8snq.png\",\"contentUrl\":\"https:\/\/soybelu.com\/wp-content\/uploads\/2026\/01\/Gemini_Generated_Image_8snqvk8snqvk8snq.png\",\"width\":1024,\"height\":1024},{\"@type\":\"BreadcrumbList\",\"@id\":\"https:\/\/soybelu.com\/index.php\/el-coro-como-lenguaje-global\/movimiento-coral-en-ecuador\/#breadcrumb\",\"itemListElement\":[{\"@type\":\"ListItem\",\"position\":1,\"name\":\"Portada\",\"item\":\"https:\/\/soybelu.com\/\"},{\"@type\":\"ListItem\",\"position\":2,\"name\":\"El coro como lenguaje global\",\"item\":\"https:\/\/soybelu.com\/index.php\/el-coro-como-lenguaje-global\/\"},{\"@type\":\"ListItem\",\"position\":3,\"name\":\"Movimiento coral en Ecuador\"}]},{\"@type\":\"WebSite\",\"@id\":\"https:\/\/soybelu.com\/#website\",\"url\":\"https:\/\/soybelu.com\/\",\"name\":\"soy belu\",\"description\":\"soy belu\",\"publisher\":{\"@id\":\"https:\/\/soybelu.com\/#organization\"},\"potentialAction\":[{\"@type\":\"SearchAction\",\"target\":{\"@type\":\"EntryPoint\",\"urlTemplate\":\"https:\/\/soybelu.com\/?s={search_term_string}\"},\"query-input\":{\"@type\":\"PropertyValueSpecification\",\"valueRequired\":true,\"valueName\":\"search_term_string\"}}],\"inLanguage\":\"es\"},{\"@type\":\"Organization\",\"@id\":\"https:\/\/soybelu.com\/#organization\",\"name\":\"soy belu\",\"url\":\"https:\/\/soybelu.com\/\",\"logo\":{\"@type\":\"ImageObject\",\"inLanguage\":\"es\",\"@id\":\"https:\/\/soybelu.com\/#\/schema\/logo\/image\/\",\"url\":\"https:\/\/soybelu.com\/wp-content\/uploads\/2025\/12\/cropped-40403.png\",\"contentUrl\":\"https:\/\/soybelu.com\/wp-content\/uploads\/2025\/12\/cropped-40403.png\",\"width\":512,\"height\":512,\"caption\":\"soy belu\"},\"image\":{\"@id\":\"https:\/\/soybelu.com\/#\/schema\/logo\/image\/\"}}]}<\/script>\n<!-- \/ Yoast SEO plugin. -->","yoast_head_json":{"title":"Movimiento coral en Ecuador - soy belu","robots":{"index":"index","follow":"follow","max-snippet":"max-snippet:-1","max-image-preview":"max-image-preview:large","max-video-preview":"max-video-preview:-1"},"canonical":"https:\/\/soybelu.com\/index.php\/el-coro-como-lenguaje-global\/movimiento-coral-en-ecuador\/","og_locale":"es_ES","og_type":"article","og_title":"Movimiento coral en Ecuador - soy belu","og_description":"Ecuador se organiza a trav\u00e9s de la voz. Desde las investigaciones que rescatan la polifon\u00eda andina hasta la expansi\u00f3n de la Misa Andina por el continente, analizamos el tejido coral que une a nuestras regiones y las voces que dan sentido a esta disciplina en la actualidad.","og_url":"https:\/\/soybelu.com\/index.php\/el-coro-como-lenguaje-global\/movimiento-coral-en-ecuador\/","og_site_name":"soy belu","article_modified_time":"2026-01-27T22:08:26+00:00","og_image":[{"width":1024,"height":1024,"url":"https:\/\/soybelu.com\/wp-content\/uploads\/2026\/01\/Gemini_Generated_Image_8snqvk8snqvk8snq.png","type":"image\/png"}],"twitter_card":"summary_large_image","schema":{"@context":"https:\/\/schema.org","@graph":[{"@type":"WebPage","@id":"https:\/\/soybelu.com\/index.php\/el-coro-como-lenguaje-global\/movimiento-coral-en-ecuador\/","url":"https:\/\/soybelu.com\/index.php\/el-coro-como-lenguaje-global\/movimiento-coral-en-ecuador\/","name":"Movimiento coral en Ecuador - soy belu","isPartOf":{"@id":"https:\/\/soybelu.com\/#website"},"primaryImageOfPage":{"@id":"https:\/\/soybelu.com\/index.php\/el-coro-como-lenguaje-global\/movimiento-coral-en-ecuador\/#primaryimage"},"image":{"@id":"https:\/\/soybelu.com\/index.php\/el-coro-como-lenguaje-global\/movimiento-coral-en-ecuador\/#primaryimage"},"thumbnailUrl":"https:\/\/soybelu.com\/wp-content\/uploads\/2026\/01\/Gemini_Generated_Image_8snqvk8snqvk8snq.png","datePublished":"2026-01-22T23:48:42+00:00","dateModified":"2026-01-27T22:08:26+00:00","breadcrumb":{"@id":"https:\/\/soybelu.com\/index.php\/el-coro-como-lenguaje-global\/movimiento-coral-en-ecuador\/#breadcrumb"},"inLanguage":"es","potentialAction":[{"@type":"ReadAction","target":["https:\/\/soybelu.com\/index.php\/el-coro-como-lenguaje-global\/movimiento-coral-en-ecuador\/"]}]},{"@type":"ImageObject","inLanguage":"es","@id":"https:\/\/soybelu.com\/index.php\/el-coro-como-lenguaje-global\/movimiento-coral-en-ecuador\/#primaryimage","url":"https:\/\/soybelu.com\/wp-content\/uploads\/2026\/01\/Gemini_Generated_Image_8snqvk8snqvk8snq.png","contentUrl":"https:\/\/soybelu.com\/wp-content\/uploads\/2026\/01\/Gemini_Generated_Image_8snqvk8snqvk8snq.png","width":1024,"height":1024},{"@type":"BreadcrumbList","@id":"https:\/\/soybelu.com\/index.php\/el-coro-como-lenguaje-global\/movimiento-coral-en-ecuador\/#breadcrumb","itemListElement":[{"@type":"ListItem","position":1,"name":"Portada","item":"https:\/\/soybelu.com\/"},{"@type":"ListItem","position":2,"name":"El coro como lenguaje global","item":"https:\/\/soybelu.com\/index.php\/el-coro-como-lenguaje-global\/"},{"@type":"ListItem","position":3,"name":"Movimiento coral en Ecuador"}]},{"@type":"WebSite","@id":"https:\/\/soybelu.com\/#website","url":"https:\/\/soybelu.com\/","name":"soy belu","description":"soy belu","publisher":{"@id":"https:\/\/soybelu.com\/#organization"},"potentialAction":[{"@type":"SearchAction","target":{"@type":"EntryPoint","urlTemplate":"https:\/\/soybelu.com\/?s={search_term_string}"},"query-input":{"@type":"PropertyValueSpecification","valueRequired":true,"valueName":"search_term_string"}}],"inLanguage":"es"},{"@type":"Organization","@id":"https:\/\/soybelu.com\/#organization","name":"soy belu","url":"https:\/\/soybelu.com\/","logo":{"@type":"ImageObject","inLanguage":"es","@id":"https:\/\/soybelu.com\/#\/schema\/logo\/image\/","url":"https:\/\/soybelu.com\/wp-content\/uploads\/2025\/12\/cropped-40403.png","contentUrl":"https:\/\/soybelu.com\/wp-content\/uploads\/2025\/12\/cropped-40403.png","width":512,"height":512,"caption":"soy belu"},"image":{"@id":"https:\/\/soybelu.com\/#\/schema\/logo\/image\/"}}]}},"_links":{"self":[{"href":"https:\/\/soybelu.com\/index.php\/wp-json\/wp\/v2\/pages\/599","targetHints":{"allow":["GET"]}}],"collection":[{"href":"https:\/\/soybelu.com\/index.php\/wp-json\/wp\/v2\/pages"}],"about":[{"href":"https:\/\/soybelu.com\/index.php\/wp-json\/wp\/v2\/types\/page"}],"author":[{"embeddable":true,"href":"https:\/\/soybelu.com\/index.php\/wp-json\/wp\/v2\/users\/1"}],"replies":[{"embeddable":true,"href":"https:\/\/soybelu.com\/index.php\/wp-json\/wp\/v2\/comments?post=599"}],"version-history":[{"count":4,"href":"https:\/\/soybelu.com\/index.php\/wp-json\/wp\/v2\/pages\/599\/revisions"}],"predecessor-version":[{"id":661,"href":"https:\/\/soybelu.com\/index.php\/wp-json\/wp\/v2\/pages\/599\/revisions\/661"}],"up":[{"embeddable":true,"href":"https:\/\/soybelu.com\/index.php\/wp-json\/wp\/v2\/pages\/589"}],"wp:attachment":[{"href":"https:\/\/soybelu.com\/index.php\/wp-json\/wp\/v2\/media?parent=599"}],"curies":[{"name":"wp","href":"https:\/\/api.w.org\/{rel}","templated":true}]}}