{"id":615,"date":"2026-01-23T13:25:14","date_gmt":"2026-01-23T18:25:14","guid":{"rendered":"https:\/\/soybelu.com\/?page_id=615"},"modified":"2026-01-23T17:10:41","modified_gmt":"2026-01-23T22:10:41","slug":"un-encuentro-de-fe-y-cultura","status":"publish","type":"page","link":"https:\/\/soybelu.com\/index.php\/un-encuentro-de-fe-y-cultura\/","title":{"rendered":"Un encuentro de fe y cultura"},"content":{"rendered":"\n<p>La Misa Andina recoge la sabidur\u00eda ancestral, tradiciones y ritos que nos muestran la riqueza de los Andes. <strong>\u00bfQu\u00e9 sucede en el plano espiritual cuando un grupo de personas armoniza sus voces en devoci\u00f3n? <\/strong>Conversamos con un doctor en teolog\u00eda para explorar la dimensi\u00f3n trascendental del canto en la relaci\u00f3n con lo divino. Luego iremos por el lado m\u00e1s ancestral, viviremos la cosmovisi\u00f3n andina y c\u00f3mo esta es otra perspectiva para entender a la Misa. Por \u00faltimo, conoceremos a testigos de la Misa en vivo, de sus propias palabras y reacciones, descubrimos que el impacto de este movimiento coral trasciende el espect\u00e1culo: es una experiencia m\u00edstica compartida que deja una huella imborrable en la memoria de la audiencia. <\/p>\n\n\n<div class=\"wp-block-image\">\n<figure class=\"aligncenter size-full is-resized\"><img loading=\"lazy\" decoding=\"async\" width=\"1024\" height=\"1024\" src=\"https:\/\/soybelu.com\/wp-content\/uploads\/2026\/01\/Gemini_Generated_Image_cpw1g5cpw1g5cpw1.png\" alt=\"\" class=\"wp-image-624\" style=\"width:350px;height:auto\" srcset=\"https:\/\/soybelu.com\/wp-content\/uploads\/2026\/01\/Gemini_Generated_Image_cpw1g5cpw1g5cpw1.png 1024w, https:\/\/soybelu.com\/wp-content\/uploads\/2026\/01\/Gemini_Generated_Image_cpw1g5cpw1g5cpw1-300x300.png 300w, https:\/\/soybelu.com\/wp-content\/uploads\/2026\/01\/Gemini_Generated_Image_cpw1g5cpw1g5cpw1-150x150.png 150w, https:\/\/soybelu.com\/wp-content\/uploads\/2026\/01\/Gemini_Generated_Image_cpw1g5cpw1g5cpw1-768x768.png 768w\" sizes=\"auto, (max-width: 1024px) 100vw, 1024px\" \/><figcaption class=\"wp-element-caption\"><strong><em>Imagen creada con IA Gemini<\/em><\/strong><\/figcaption><\/figure>\n<\/div>\n\n\n<div style=\"width: 100%;\"><div style=\"position: relative; padding-bottom: 56.25%; padding-top: 0; height: 0;\"><iframe loading=\"lazy\" title=\"Recordemos...\" frameborder=\"0\" width=\"1200\" height=\"675\" style=\"position: absolute; top: 0; left: 0; width: 100%; height: 100%;\" src=\"https:\/\/view.genially.com\/6973b5c849b19f75c28b7b64\" type=\"text\/html\" allowscriptaccess=\"always\" allowfullscreen=\"true\" scrolling=\"yes\" allownetworking=\"all\"><\/iframe> <\/div> <\/div>\n\n\n\n<div style=\"height:28px\" aria-hidden=\"true\" class=\"wp-block-spacer\"><\/div>\n\n\n\n<div class=\"wp-block-buttons is-content-justification-center is-layout-flex wp-container-core-buttons-is-layout-16018d1d wp-block-buttons-is-layout-flex\">\n<div class=\"wp-block-button is-style-fill\"><a class=\"wp-block-button__link wp-element-button\" href=\"https:\/\/soybelu.com\/index.php\/2026\/01\/21\/un-dialogo-entre-la-tierra-y-el-cielo-musica-andina\/\"><span class=\"wp-rich-text-font-awesome-icon wp-font-awesome-icon\"><svg aria-hidden=\"true\" focusable=\"false\" data-prefix=\"fas\" data-icon=\"house\" class=\"svg-inline--fa fa-house \" role=\"img\" xmlns=\"http:\/\/www.w3.org\/2000\/svg\" viewBox=\"0 0 512 512\"><path fill=\"currentColor\" d=\"M277.8 8.6c-12.3-11.4-31.3-11.4-43.5 0l-224 208c-9.6 9-12.8 22.9-8 35.1S18.8 272 32 272l16 0 0 176c0 35.3 28.7 64 64 64l288 0c35.3 0 64-28.7 64-64l0-176 16 0c13.2 0 25-8.1 29.8-20.3s1.6-26.2-8-35.1l-224-208zM240 320l32 0c26.5 0 48 21.5 48 48l0 96-128 0 0-96c0-26.5 21.5-48 48-48z\"><\/path><\/svg><\/span><\/a><\/div>\n\n\n\n<div class=\"wp-block-button\"><a class=\"wp-block-button__link wp-element-button\" href=\"https:\/\/soybelu.com\/index.php\/que-es-lo-andino\/\"><span class=\"wp-rich-text-font-awesome-icon wp-font-awesome-icon\"><svg aria-hidden=\"true\" focusable=\"false\" data-prefix=\"fas\" data-icon=\"sun\" class=\"svg-inline--fa fa-sun \" role=\"img\" xmlns=\"http:\/\/www.w3.org\/2000\/svg\" viewBox=\"0 0 576 512\"><path fill=\"currentColor\" d=\"M178.2-10.1c7.4-3.1 15.8-2.2 22.5 2.2l87.8 58.2 87.8-58.2c6.7-4.4 15.1-5.2 22.5-2.2S411.4-.5 413 7.3l20.9 103.2 103.2 20.9c7.8 1.6 14.4 7 17.4 14.3s2.2 15.8-2.2 22.5l-58.2 87.8 58.2 87.8c4.4 6.7 5.2 15.1 2.2 22.5s-9.6 12.8-17.4 14.3L433.8 401.4 413 504.7c-1.6 7.8-7 14.4-14.3 17.4s-15.8 2.2-22.5-2.2l-87.8-58.2-87.8 58.2c-6.7 4.4-15.1 5.2-22.5 2.2s-12.8-9.6-14.3-17.4L143 401.4 39.7 380.5c-7.8-1.6-14.4-7-17.4-14.3s-2.2-15.8 2.2-22.5L82.7 256 24.5 168.2c-4.4-6.7-5.2-15.1-2.2-22.5s9.6-12.8 17.4-14.3L143 110.6 163.9 7.3c1.6-7.8 7-14.4 14.3-17.4zM207.6 256a80.4 80.4 0 1 1 160.8 0 80.4 80.4 0 1 1 -160.8 0zm208.8 0a128.4 128.4 0 1 0 -256.8 0 128.4 128.4 0 1 0 256.8 0z\"><\/path><\/svg><\/span> \u00bfQu\u00e9 es lo andino?<\/a><\/div>\n\n\n\n<div class=\"wp-block-button\"><a class=\"wp-block-button__link wp-element-button\" href=\"https:\/\/soybelu.com\/index.php\/la-espiritualidad-una-mirada-teologica\/\"><span class=\"wp-rich-text-font-awesome-icon wp-font-awesome-icon\"><svg aria-hidden=\"true\" focusable=\"false\" data-prefix=\"fas\" data-icon=\"book-bible\" class=\"svg-inline--fa fa-book-bible \" role=\"img\" xmlns=\"http:\/\/www.w3.org\/2000\/svg\" viewBox=\"0 0 448 512\"><path fill=\"currentColor\" d=\"M96 512c-53 0-96-43-96-96L0 96C0 43 43 0 96 0L400 0c26.5 0 48 21.5 48 48l0 288c0 20.9-13.4 38.7-32 45.3l0 66.7c17.7 0 32 14.3 32 32s-14.3 32-32 32L96 512zm0-128c-17.7 0-32 14.3-32 32s14.3 32 32 32l256 0 0-64-256 0zM192 80l0 48-48 0c-8.8 0-16 7.2-16 16l0 32c0 8.8 7.2 16 16 16l48 0 0 112c0 8.8 7.2 16 16 16l32 0c8.8 0 16-7.2 16-16l0-112 48 0c8.8 0 16-7.2 16-16l0-32c0-8.8-7.2-16-16-16l-48 0 0-48c0-8.8-7.2-16-16-16l-32 0c-8.8 0-16 7.2-16 16z\"><\/path><\/svg><\/span> Mirada teol\u00f3gica<\/a><\/div>\n\n\n\n<div class=\"wp-block-button\"><a class=\"wp-block-button__link wp-element-button\" href=\"https:\/\/soybelu.com\/index.php\/la-sabiduria-ancestral-de-los-andes\/\"><span class=\"wp-rich-text-font-awesome-icon wp-font-awesome-icon\"><svg aria-hidden=\"true\" focusable=\"false\" data-prefix=\"fas\" data-icon=\"star-and-crescent\" class=\"svg-inline--fa fa-star-and-crescent \" role=\"img\" xmlns=\"http:\/\/www.w3.org\/2000\/svg\" viewBox=\"0 0 512 512\"><path fill=\"currentColor\" d=\"M0 256c0-141.4 114.6-256 256-256 33 0 64.6 6.3 93.6 17.7 7.4 2.9 11.5 10.7 9.8 18.4s-8.8 13-16.7 12.4c-4.8-.3-9.7-.5-14.6-.5-114.9 0-208 93.1-208 208s93.1 208 208 208c4.9 0 9.8-.2 14.6-.5 7.9-.5 15 4.7 16.7 12.4s-2.4 15.5-9.8 18.4C320.6 505.7 289 512 256 512 114.6 512 0 397.4 0 256zM375.4 137.4c3.5-7.1 13.7-7.1 17.2 0l31.5 63.8c1.4 2.8 4.1 4.8 7.2 5.3l70.4 10.2c7.9 1.1 11 10.8 5.3 16.4l-50.9 49.6c-2.3 2.2-3.3 5.4-2.8 8.5l12 70.1c1.3 7.8-6.9 13.8-13.9 10.1l-63-33.1c-2.8-1.5-6.1-1.5-8.9 0l-63 33.1c-7 3.7-15.3-2.3-13.9-10.1l12-70.1c.5-3.1-.5-6.3-2.8-8.5L261 233.1c-5.7-5.6-2.6-15.2 5.3-16.4l70.4-10.2c3.1-.5 5.8-2.4 7.2-5.3l31.5-63.8z\"><\/path><\/svg><\/span> La sabidur\u00eda ancestral<\/a><\/div>\n\n\n\n<div class=\"wp-block-button\"><a class=\"wp-block-button__link wp-element-button\" href=\"https:\/\/soybelu.com\/index.php\/desde-la-butaca\/\"><span class=\"wp-rich-text-font-awesome-icon wp-font-awesome-icon\"><svg aria-hidden=\"true\" focusable=\"false\" data-prefix=\"fas\" data-icon=\"ticket-simple\" class=\"svg-inline--fa fa-ticket-simple \" role=\"img\" xmlns=\"http:\/\/www.w3.org\/2000\/svg\" viewBox=\"0 0 576 512\"><path fill=\"currentColor\" d=\"M0 128C0 92.7 28.7 64 64 64l448 0c35.3 0 64 28.7 64 64l0 64c0 8.8-7.4 15.7-15.7 18.6-18.8 6.5-32.3 24.4-32.3 45.4s13.5 38.9 32.3 45.4c8.3 2.9 15.7 9.8 15.7 18.6l0 64c0 35.3-28.7 64-64 64L64 448c-35.3 0-64-28.7-64-64l0-64C0 311.2 7.4 304.3 15.7 301.4 34.5 294.9 48 277 48 256s-13.5-38.9-32.3-45.4C7.4 207.7 0 200.8 0 192l0-64z\"><\/path><\/svg><\/span> Desde la butaca<\/a><\/div>\n\n\n\n<div class=\"wp-block-button\"><a class=\"wp-block-button__link wp-element-button\" href=\"https:\/\/soybelu.com\/index.php\/el-coro-como-lenguaje-global\/\"><span class=\"wp-rich-text-font-awesome-icon wp-font-awesome-icon\"><svg aria-hidden=\"true\" focusable=\"false\" data-prefix=\"fas\" data-icon=\"earth-americas\" class=\"svg-inline--fa fa-earth-americas \" role=\"img\" xmlns=\"http:\/\/www.w3.org\/2000\/svg\" viewBox=\"0 0 512 512\"><path fill=\"currentColor\" d=\"M55.7 199.7l30.9 30.9c6 6 14.1 9.4 22.6 9.4l21.5 0c8.5 0 16.6 3.4 22.6 9.4l29.3 29.3c6 6 9.4 14.1 9.4 22.6l0 37.5c0 8.5 3.4 16.6 9.4 22.6l13.3 13.3c6 6 9.4 14.1 9.4 22.6l0 18.7c0 17.7 14.3 32 32 32s32-14.3 32-32l0-2.7c0-8.5 3.4-16.6 9.4-22.6l45.3-45.3c6-6 9.4-14.1 9.4-22.6l0-34.7c0-17.7-14.3-32-32-32l-82.7 0c-8.5 0-16.6-3.4-22.6-9.4l-16-16c-4.2-4.2-6.6-10-6.6-16 0-12.5 10.1-22.6 22.6-22.6l34.7 0c12.5 0 22.6-10.1 22.6-22.6 0-6-2.4-11.8-6.6-16l-19.7-19.7C242 130 240 125.1 240 120s2-10 5.7-13.7l17.3-17.3c5.8-5.8 9.1-13.7 9.1-21.9 0-7.2-2.4-13.7-6.4-18.9-3.2-.1-6.4-.2-9.6-.2-95.4 0-175.7 64.2-200.3 151.7zM464 256c0-34.6-8.4-67.2-23.4-95.8-6.4 .9-12.7 3.9-17.9 9.1l-13.4 13.4c-6 6-9.4 14.1-9.4 22.6l0 34.7c0 17.7 14.3 32 32 32l24.1 0c2.5 0 5-.3 7.3-.8 .4-5 .5-10.1 .5-15.2zM0 256a256 256 0 1 1 512 0 256 256 0 1 1 -512 0z\"><\/path><\/svg><\/span> El coro como lenguaje global<\/a><\/div>\n<\/div>\n","protected":false},"excerpt":{"rendered":"<p>El canto coral no termina cuando se cierra la partitura; su verdadera resonancia empieza en el esp\u00edritu. Nos adentramos en la dimensi\u00f3n sagrada de la voz para entender c\u00f3mo la m\u00fasica se convierte en oraci\u00f3n, c\u00f3mo los Andes guardan una sabidur\u00eda milenaria en sus cantos y c\u00f3mo la audiencia experimenta una transformaci\u00f3n que va desde el o\u00eddo hasta el coraz\u00f3n.<\/p>\n","protected":false},"author":1,"featured_media":0,"parent":0,"menu_order":5,"comment_status":"closed","ping_status":"closed","template":"","meta":{"footnotes":""},"class_list":["post-615","page","type-page","status-publish","hentry"],"yoast_head":"<!-- This site is optimized with the Yoast SEO plugin v26.7 - https:\/\/yoast.com\/wordpress\/plugins\/seo\/ -->\n<title>Un encuentro de fe y cultura - soy belu<\/title>\n<meta name=\"robots\" content=\"index, follow, max-snippet:-1, max-image-preview:large, max-video-preview:-1\" \/>\n<link rel=\"canonical\" href=\"https:\/\/soybelu.com\/index.php\/un-encuentro-de-fe-y-cultura\/\" \/>\n<meta property=\"og:locale\" content=\"es_ES\" \/>\n<meta property=\"og:type\" content=\"article\" \/>\n<meta property=\"og:title\" content=\"Un encuentro de fe y cultura - soy belu\" \/>\n<meta property=\"og:description\" content=\"El canto coral no termina cuando se cierra la partitura; su verdadera resonancia empieza en el esp\u00edritu. Nos adentramos en la dimensi\u00f3n sagrada de la voz para entender c\u00f3mo la m\u00fasica se convierte en oraci\u00f3n, c\u00f3mo los Andes guardan una sabidur\u00eda milenaria en sus cantos y c\u00f3mo la audiencia experimenta una transformaci\u00f3n que va desde el o\u00eddo hasta el coraz\u00f3n.\" \/>\n<meta property=\"og:url\" content=\"https:\/\/soybelu.com\/index.php\/un-encuentro-de-fe-y-cultura\/\" \/>\n<meta property=\"og:site_name\" content=\"soy belu\" \/>\n<meta property=\"article:modified_time\" content=\"2026-01-23T22:10:41+00:00\" \/>\n<meta property=\"og:image\" content=\"https:\/\/soybelu.com\/wp-content\/uploads\/2026\/01\/Gemini_Generated_Image_cpw1g5cpw1g5cpw1.png\" \/>\n\t<meta property=\"og:image:width\" content=\"1024\" \/>\n\t<meta property=\"og:image:height\" content=\"1024\" \/>\n\t<meta property=\"og:image:type\" content=\"image\/png\" \/>\n<meta name=\"twitter:card\" content=\"summary_large_image\" \/>\n<script type=\"application\/ld+json\" class=\"yoast-schema-graph\">{\"@context\":\"https:\/\/schema.org\",\"@graph\":[{\"@type\":\"WebPage\",\"@id\":\"https:\/\/soybelu.com\/index.php\/un-encuentro-de-fe-y-cultura\/\",\"url\":\"https:\/\/soybelu.com\/index.php\/un-encuentro-de-fe-y-cultura\/\",\"name\":\"Un encuentro de fe y cultura - soy belu\",\"isPartOf\":{\"@id\":\"https:\/\/soybelu.com\/#website\"},\"primaryImageOfPage\":{\"@id\":\"https:\/\/soybelu.com\/index.php\/un-encuentro-de-fe-y-cultura\/#primaryimage\"},\"image\":{\"@id\":\"https:\/\/soybelu.com\/index.php\/un-encuentro-de-fe-y-cultura\/#primaryimage\"},\"thumbnailUrl\":\"https:\/\/soybelu.com\/wp-content\/uploads\/2026\/01\/Gemini_Generated_Image_cpw1g5cpw1g5cpw1.png\",\"datePublished\":\"2026-01-23T18:25:14+00:00\",\"dateModified\":\"2026-01-23T22:10:41+00:00\",\"breadcrumb\":{\"@id\":\"https:\/\/soybelu.com\/index.php\/un-encuentro-de-fe-y-cultura\/#breadcrumb\"},\"inLanguage\":\"es\",\"potentialAction\":[{\"@type\":\"ReadAction\",\"target\":[\"https:\/\/soybelu.com\/index.php\/un-encuentro-de-fe-y-cultura\/\"]}]},{\"@type\":\"ImageObject\",\"inLanguage\":\"es\",\"@id\":\"https:\/\/soybelu.com\/index.php\/un-encuentro-de-fe-y-cultura\/#primaryimage\",\"url\":\"https:\/\/soybelu.com\/wp-content\/uploads\/2026\/01\/Gemini_Generated_Image_cpw1g5cpw1g5cpw1.png\",\"contentUrl\":\"https:\/\/soybelu.com\/wp-content\/uploads\/2026\/01\/Gemini_Generated_Image_cpw1g5cpw1g5cpw1.png\",\"width\":1024,\"height\":1024},{\"@type\":\"BreadcrumbList\",\"@id\":\"https:\/\/soybelu.com\/index.php\/un-encuentro-de-fe-y-cultura\/#breadcrumb\",\"itemListElement\":[{\"@type\":\"ListItem\",\"position\":1,\"name\":\"Portada\",\"item\":\"https:\/\/soybelu.com\/\"},{\"@type\":\"ListItem\",\"position\":2,\"name\":\"Un encuentro de fe y cultura\"}]},{\"@type\":\"WebSite\",\"@id\":\"https:\/\/soybelu.com\/#website\",\"url\":\"https:\/\/soybelu.com\/\",\"name\":\"soy belu\",\"description\":\"soy belu\",\"publisher\":{\"@id\":\"https:\/\/soybelu.com\/#organization\"},\"potentialAction\":[{\"@type\":\"SearchAction\",\"target\":{\"@type\":\"EntryPoint\",\"urlTemplate\":\"https:\/\/soybelu.com\/?s={search_term_string}\"},\"query-input\":{\"@type\":\"PropertyValueSpecification\",\"valueRequired\":true,\"valueName\":\"search_term_string\"}}],\"inLanguage\":\"es\"},{\"@type\":\"Organization\",\"@id\":\"https:\/\/soybelu.com\/#organization\",\"name\":\"soy belu\",\"url\":\"https:\/\/soybelu.com\/\",\"logo\":{\"@type\":\"ImageObject\",\"inLanguage\":\"es\",\"@id\":\"https:\/\/soybelu.com\/#\/schema\/logo\/image\/\",\"url\":\"https:\/\/soybelu.com\/wp-content\/uploads\/2025\/12\/cropped-40403.png\",\"contentUrl\":\"https:\/\/soybelu.com\/wp-content\/uploads\/2025\/12\/cropped-40403.png\",\"width\":512,\"height\":512,\"caption\":\"soy belu\"},\"image\":{\"@id\":\"https:\/\/soybelu.com\/#\/schema\/logo\/image\/\"}}]}<\/script>\n<!-- \/ Yoast SEO plugin. -->","yoast_head_json":{"title":"Un encuentro de fe y cultura - soy belu","robots":{"index":"index","follow":"follow","max-snippet":"max-snippet:-1","max-image-preview":"max-image-preview:large","max-video-preview":"max-video-preview:-1"},"canonical":"https:\/\/soybelu.com\/index.php\/un-encuentro-de-fe-y-cultura\/","og_locale":"es_ES","og_type":"article","og_title":"Un encuentro de fe y cultura - soy belu","og_description":"El canto coral no termina cuando se cierra la partitura; su verdadera resonancia empieza en el esp\u00edritu. Nos adentramos en la dimensi\u00f3n sagrada de la voz para entender c\u00f3mo la m\u00fasica se convierte en oraci\u00f3n, c\u00f3mo los Andes guardan una sabidur\u00eda milenaria en sus cantos y c\u00f3mo la audiencia experimenta una transformaci\u00f3n que va desde el o\u00eddo hasta el coraz\u00f3n.","og_url":"https:\/\/soybelu.com\/index.php\/un-encuentro-de-fe-y-cultura\/","og_site_name":"soy belu","article_modified_time":"2026-01-23T22:10:41+00:00","og_image":[{"width":1024,"height":1024,"url":"https:\/\/soybelu.com\/wp-content\/uploads\/2026\/01\/Gemini_Generated_Image_cpw1g5cpw1g5cpw1.png","type":"image\/png"}],"twitter_card":"summary_large_image","schema":{"@context":"https:\/\/schema.org","@graph":[{"@type":"WebPage","@id":"https:\/\/soybelu.com\/index.php\/un-encuentro-de-fe-y-cultura\/","url":"https:\/\/soybelu.com\/index.php\/un-encuentro-de-fe-y-cultura\/","name":"Un encuentro de fe y cultura - soy belu","isPartOf":{"@id":"https:\/\/soybelu.com\/#website"},"primaryImageOfPage":{"@id":"https:\/\/soybelu.com\/index.php\/un-encuentro-de-fe-y-cultura\/#primaryimage"},"image":{"@id":"https:\/\/soybelu.com\/index.php\/un-encuentro-de-fe-y-cultura\/#primaryimage"},"thumbnailUrl":"https:\/\/soybelu.com\/wp-content\/uploads\/2026\/01\/Gemini_Generated_Image_cpw1g5cpw1g5cpw1.png","datePublished":"2026-01-23T18:25:14+00:00","dateModified":"2026-01-23T22:10:41+00:00","breadcrumb":{"@id":"https:\/\/soybelu.com\/index.php\/un-encuentro-de-fe-y-cultura\/#breadcrumb"},"inLanguage":"es","potentialAction":[{"@type":"ReadAction","target":["https:\/\/soybelu.com\/index.php\/un-encuentro-de-fe-y-cultura\/"]}]},{"@type":"ImageObject","inLanguage":"es","@id":"https:\/\/soybelu.com\/index.php\/un-encuentro-de-fe-y-cultura\/#primaryimage","url":"https:\/\/soybelu.com\/wp-content\/uploads\/2026\/01\/Gemini_Generated_Image_cpw1g5cpw1g5cpw1.png","contentUrl":"https:\/\/soybelu.com\/wp-content\/uploads\/2026\/01\/Gemini_Generated_Image_cpw1g5cpw1g5cpw1.png","width":1024,"height":1024},{"@type":"BreadcrumbList","@id":"https:\/\/soybelu.com\/index.php\/un-encuentro-de-fe-y-cultura\/#breadcrumb","itemListElement":[{"@type":"ListItem","position":1,"name":"Portada","item":"https:\/\/soybelu.com\/"},{"@type":"ListItem","position":2,"name":"Un encuentro de fe y cultura"}]},{"@type":"WebSite","@id":"https:\/\/soybelu.com\/#website","url":"https:\/\/soybelu.com\/","name":"soy belu","description":"soy belu","publisher":{"@id":"https:\/\/soybelu.com\/#organization"},"potentialAction":[{"@type":"SearchAction","target":{"@type":"EntryPoint","urlTemplate":"https:\/\/soybelu.com\/?s={search_term_string}"},"query-input":{"@type":"PropertyValueSpecification","valueRequired":true,"valueName":"search_term_string"}}],"inLanguage":"es"},{"@type":"Organization","@id":"https:\/\/soybelu.com\/#organization","name":"soy belu","url":"https:\/\/soybelu.com\/","logo":{"@type":"ImageObject","inLanguage":"es","@id":"https:\/\/soybelu.com\/#\/schema\/logo\/image\/","url":"https:\/\/soybelu.com\/wp-content\/uploads\/2025\/12\/cropped-40403.png","contentUrl":"https:\/\/soybelu.com\/wp-content\/uploads\/2025\/12\/cropped-40403.png","width":512,"height":512,"caption":"soy belu"},"image":{"@id":"https:\/\/soybelu.com\/#\/schema\/logo\/image\/"}}]}},"_links":{"self":[{"href":"https:\/\/soybelu.com\/index.php\/wp-json\/wp\/v2\/pages\/615","targetHints":{"allow":["GET"]}}],"collection":[{"href":"https:\/\/soybelu.com\/index.php\/wp-json\/wp\/v2\/pages"}],"about":[{"href":"https:\/\/soybelu.com\/index.php\/wp-json\/wp\/v2\/types\/page"}],"author":[{"embeddable":true,"href":"https:\/\/soybelu.com\/index.php\/wp-json\/wp\/v2\/users\/1"}],"replies":[{"embeddable":true,"href":"https:\/\/soybelu.com\/index.php\/wp-json\/wp\/v2\/comments?post=615"}],"version-history":[{"count":5,"href":"https:\/\/soybelu.com\/index.php\/wp-json\/wp\/v2\/pages\/615\/revisions"}],"predecessor-version":[{"id":634,"href":"https:\/\/soybelu.com\/index.php\/wp-json\/wp\/v2\/pages\/615\/revisions\/634"}],"wp:attachment":[{"href":"https:\/\/soybelu.com\/index.php\/wp-json\/wp\/v2\/media?parent=615"}],"curies":[{"name":"wp","href":"https:\/\/api.w.org\/{rel}","templated":true}]}}