{"id":616,"date":"2026-01-23T16:18:55","date_gmt":"2026-01-23T21:18:55","guid":{"rendered":"https:\/\/soybelu.com\/?page_id=616"},"modified":"2026-01-23T20:24:20","modified_gmt":"2026-01-24T01:24:20","slug":"la-espiritualidad-una-mirada-teologica","status":"publish","type":"page","link":"https:\/\/soybelu.com\/index.php\/un-encuentro-de-fe-y-cultura\/la-espiritualidad-una-mirada-teologica\/","title":{"rendered":"La espiritualidad: una mirada teol\u00f3gica"},"content":{"rendered":"\n<p>Sabemos que la Misa Andina conecta lo cl\u00e1sico con lo ancestral, pero \u00bfC\u00f3mo es desde la perspectiva biblica? El Dr. <strong>Joselito Orellana Mora<\/strong> es un reconocido te\u00f3logo, pastor y acad\u00e9mico ecuatoriano, con un Ph.D. en Teolog\u00eda y una amplia trayectoria en el an\u00e1lisis de la fe desde el contexto social y educativo en Ecuador. Nos contar\u00e1 estas dudas que nos pueden surgir.<\/p>\n\n\n\n<div class=\"wp-block-columns is-layout-flex wp-container-core-columns-is-layout-9d6595d7 wp-block-columns-is-layout-flex\">\n<div class=\"wp-block-column is-layout-flow wp-block-column-is-layout-flow\" style=\"flex-basis:33.33%\">\n<h4 class=\"wp-block-heading has-black-color has-text-color has-link-color wp-elements-bf0288ace9ace4b9e50cbc0fbe70540f\"><strong>1. <em>\u00bfQu\u00e9 sabe de la Misa Andina?<\/em><\/strong><\/h4>\n<\/div>\n\n\n\n<div class=\"wp-block-column is-layout-flow wp-block-column-is-layout-flow\" style=\"flex-basis:66.66%\">\n<figure class=\"wp-block-embed is-type-video is-provider-youtube wp-block-embed-youtube wp-embed-aspect-16-9 wp-has-aspect-ratio\"><div class=\"wp-block-embed__wrapper\">\n<iframe loading=\"lazy\" title=\"Entrevista Joselito Orellana P1\" width=\"843\" height=\"474\" src=\"https:\/\/www.youtube.com\/embed\/DEusGi7TmXA?feature=oembed\" frameborder=\"0\" allow=\"accelerometer; autoplay; clipboard-write; encrypted-media; gyroscope; picture-in-picture; web-share\" referrerpolicy=\"strict-origin-when-cross-origin\" allowfullscreen><\/iframe>\n<\/div><\/figure>\n<\/div>\n<\/div>\n\n\n\n<div class=\"wp-block-columns is-layout-flex wp-container-core-columns-is-layout-9d6595d7 wp-block-columns-is-layout-flex\">\n<div class=\"wp-block-column is-layout-flow wp-block-column-is-layout-flow\" style=\"flex-basis:33.33%\">\n<h4 class=\"wp-block-heading has-black-color has-text-color has-link-color wp-elements-b34454a2ff2c3c25bda62f4ca0610773\"><strong><em>2. \u00bfPor qu\u00e9 cree que el canto coral ha sido el veh\u00edculo preferido por el ser humano para intentar comunicarse con lo divino?<\/em><\/strong><\/h4>\n<\/div>\n\n\n\n<div class=\"wp-block-column is-layout-flow wp-block-column-is-layout-flow\" style=\"flex-basis:66.66%\">\n<figure class=\"wp-block-embed is-type-video is-provider-youtube wp-block-embed-youtube wp-embed-aspect-16-9 wp-has-aspect-ratio\"><div class=\"wp-block-embed__wrapper\">\n<iframe loading=\"lazy\" title=\"Entrevista Joselito Orellana P2\" width=\"843\" height=\"474\" src=\"https:\/\/www.youtube.com\/embed\/laLwEUlzdIw?feature=oembed\" frameborder=\"0\" allow=\"accelerometer; autoplay; clipboard-write; encrypted-media; gyroscope; picture-in-picture; web-share\" referrerpolicy=\"strict-origin-when-cross-origin\" allowfullscreen><\/iframe>\n<\/div><\/figure>\n<\/div>\n<\/div>\n\n\n\n<div class=\"wp-block-columns is-layout-flex wp-container-core-columns-is-layout-9d6595d7 wp-block-columns-is-layout-flex\">\n<div class=\"wp-block-column is-layout-flow wp-block-column-is-layout-flow\" style=\"flex-basis:33.33%\">\n<h4 class=\"wp-block-heading has-black-color has-text-color has-link-color wp-elements-38a37bef66323f839131f5fb2efd6938\"><strong><em>3. En la teolog\u00eda se habla mucho del \u00abcuerpo\u00bb y la uni\u00f3n. \u00bfC\u00f3mo se refleja este concepto en la armon\u00eda de un coro donde muchas voces distintas deben sonar como una sola?<\/em><\/strong><\/h4>\n<\/div>\n\n\n\n<div class=\"wp-block-column is-layout-flow wp-block-column-is-layout-flow\" style=\"flex-basis:66.66%\">\n<figure class=\"wp-block-embed is-type-video is-provider-youtube wp-block-embed-youtube wp-embed-aspect-16-9 wp-has-aspect-ratio\"><div class=\"wp-block-embed__wrapper\">\n<iframe loading=\"lazy\" title=\"Entrevista Joselito Orellana P3\" width=\"843\" height=\"474\" src=\"https:\/\/www.youtube.com\/embed\/9tSuFkSnsy0?feature=oembed\" frameborder=\"0\" allow=\"accelerometer; autoplay; clipboard-write; encrypted-media; gyroscope; picture-in-picture; web-share\" referrerpolicy=\"strict-origin-when-cross-origin\" allowfullscreen><\/iframe>\n<\/div><\/figure>\n<\/div>\n<\/div>\n\n\n\n<div class=\"wp-block-columns is-layout-flex wp-container-core-columns-is-layout-9d6595d7 wp-block-columns-is-layout-flex\">\n<div class=\"wp-block-column is-layout-flow wp-block-column-is-layout-flow\" style=\"flex-basis:33.33%\">\n<h4 class=\"wp-block-heading has-black-color has-text-color has-link-color wp-elements-675c4f2e239e1b45e5368b880111b814\"><strong><em>4. \u00bfC\u00f3mo interpreta usted este \u00abencuentro\u00bb desde la teolog\u00eda? \u00bfEs una forma de redimir o elevar la cultura local a trav\u00e9s de la fe?<\/em><\/strong><\/h4>\n<\/div>\n\n\n\n<div class=\"wp-block-column is-layout-flow wp-block-column-is-layout-flow\" style=\"flex-basis:66.66%\">\n<figure class=\"wp-block-embed is-type-video is-provider-youtube wp-block-embed-youtube wp-embed-aspect-16-9 wp-has-aspect-ratio\"><div class=\"wp-block-embed__wrapper\">\n<iframe loading=\"lazy\" title=\"Entrevista Joselito Orellana P4\" width=\"843\" height=\"474\" src=\"https:\/\/www.youtube.com\/embed\/FlQqdvKIDd8?feature=oembed\" frameborder=\"0\" allow=\"accelerometer; autoplay; clipboard-write; encrypted-media; gyroscope; picture-in-picture; web-share\" referrerpolicy=\"strict-origin-when-cross-origin\" allowfullscreen><\/iframe>\n<\/div><\/figure>\n<\/div>\n<\/div>\n\n\n\n<div class=\"wp-block-columns is-layout-flex wp-container-core-columns-is-layout-9d6595d7 wp-block-columns-is-layout-flex\">\n<div class=\"wp-block-column is-layout-flow wp-block-column-is-layout-flow\" style=\"flex-basis:33.33%\">\n<h4 class=\"wp-block-heading has-black-color has-text-color has-link-color wp-elements-c431f4d31bfc7c4da552025e0b542180\"><strong><em>5. Existe una conexi\u00f3n profunda entre la m\u00fasica y el esp\u00edritu. \u00bfQu\u00e9 papel cree que juega el canto colectivo en la sanaci\u00f3n de las heridas sociales o emocionales?<\/em><\/strong><\/h4>\n<\/div>\n\n\n\n<div class=\"wp-block-column is-layout-flow wp-block-column-is-layout-flow\" style=\"flex-basis:66.66%\">\n<figure class=\"wp-block-embed is-type-video is-provider-youtube wp-block-embed-youtube wp-embed-aspect-16-9 wp-has-aspect-ratio\"><div class=\"wp-block-embed__wrapper\">\n<iframe loading=\"lazy\" title=\"Entrevista Joselito Orellana P5\" width=\"843\" height=\"474\" src=\"https:\/\/www.youtube.com\/embed\/znvg9joPib0?feature=oembed\" frameborder=\"0\" allow=\"accelerometer; autoplay; clipboard-write; encrypted-media; gyroscope; picture-in-picture; web-share\" referrerpolicy=\"strict-origin-when-cross-origin\" allowfullscreen><\/iframe>\n<\/div><\/figure>\n<\/div>\n<\/div>\n\n\n\n<div class=\"wp-block-buttons is-content-justification-center is-layout-flex wp-container-core-buttons-is-layout-16018d1d wp-block-buttons-is-layout-flex\">\n<div class=\"wp-block-button\"><a class=\"wp-block-button__link wp-element-button\" href=\"https:\/\/soybelu.com\/index.php\/la-sabiduria-ancestral-de-los-andes\/\"><span class=\"wp-rich-text-font-awesome-icon wp-font-awesome-icon\"><svg aria-hidden=\"true\" focusable=\"false\" data-prefix=\"fas\" data-icon=\"star-and-crescent\" class=\"svg-inline--fa fa-star-and-crescent \" role=\"img\" xmlns=\"http:\/\/www.w3.org\/2000\/svg\" viewBox=\"0 0 512 512\"><path fill=\"currentColor\" d=\"M0 256c0-141.4 114.6-256 256-256 33 0 64.6 6.3 93.6 17.7 7.4 2.9 11.5 10.7 9.8 18.4s-8.8 13-16.7 12.4c-4.8-.3-9.7-.5-14.6-.5-114.9 0-208 93.1-208 208s93.1 208 208 208c4.9 0 9.8-.2 14.6-.5 7.9-.5 15 4.7 16.7 12.4s-2.4 15.5-9.8 18.4C320.6 505.7 289 512 256 512 114.6 512 0 397.4 0 256zM375.4 137.4c3.5-7.1 13.7-7.1 17.2 0l31.5 63.8c1.4 2.8 4.1 4.8 7.2 5.3l70.4 10.2c7.9 1.1 11 10.8 5.3 16.4l-50.9 49.6c-2.3 2.2-3.3 5.4-2.8 8.5l12 70.1c1.3 7.8-6.9 13.8-13.9 10.1l-63-33.1c-2.8-1.5-6.1-1.5-8.9 0l-63 33.1c-7 3.7-15.3-2.3-13.9-10.1l12-70.1c.5-3.1-.5-6.3-2.8-8.5L261 233.1c-5.7-5.6-2.6-15.2 5.3-16.4l70.4-10.2c3.1-.5 5.8-2.4 7.2-5.3l31.5-63.8z\"><\/path><\/svg><\/span> La sabidur\u00eda ancestral<\/a><\/div>\n\n\n\n<div class=\"wp-block-button\"><a class=\"wp-block-button__link wp-element-button\" href=\"https:\/\/soybelu.com\/index.php\/desde-la-butaca\/\"><span class=\"wp-rich-text-font-awesome-icon wp-font-awesome-icon\"><svg aria-hidden=\"true\" focusable=\"false\" data-prefix=\"fas\" data-icon=\"ticket-simple\" class=\"svg-inline--fa fa-ticket-simple \" role=\"img\" xmlns=\"http:\/\/www.w3.org\/2000\/svg\" viewBox=\"0 0 576 512\"><path fill=\"currentColor\" d=\"M0 128C0 92.7 28.7 64 64 64l448 0c35.3 0 64 28.7 64 64l0 64c0 8.8-7.4 15.7-15.7 18.6-18.8 6.5-32.3 24.4-32.3 45.4s13.5 38.9 32.3 45.4c8.3 2.9 15.7 9.8 15.7 18.6l0 64c0 35.3-28.7 64-64 64L64 448c-35.3 0-64-28.7-64-64l0-64C0 311.2 7.4 304.3 15.7 301.4 34.5 294.9 48 277 48 256s-13.5-38.9-32.3-45.4C7.4 207.7 0 200.8 0 192l0-64z\"><\/path><\/svg><\/span> Desde la butaca<\/a><\/div>\n<\/div>\n","protected":false},"excerpt":{"rendered":"<p>La fe tambi\u00e9n tiene una voz. El Dr. Joselito Orellana Mora analiza el impacto del canto coral en la experiencia religiosa y humana, desvelando por qu\u00e9 la armon\u00eda perfecta es, en esencia, una de las formas m\u00e1s bellas en que lo sagrado se manifiesta ante nosotros.<\/p>\n","protected":false},"author":1,"featured_media":0,"parent":615,"menu_order":1,"comment_status":"closed","ping_status":"closed","template":"","meta":{"footnotes":""},"class_list":["post-616","page","type-page","status-publish","hentry"],"yoast_head":"<!-- This site is optimized with the Yoast SEO plugin v26.7 - https:\/\/yoast.com\/wordpress\/plugins\/seo\/ -->\n<title>La espiritualidad: una mirada teol\u00f3gica - soy belu<\/title>\n<meta name=\"robots\" content=\"index, follow, max-snippet:-1, max-image-preview:large, max-video-preview:-1\" \/>\n<link rel=\"canonical\" href=\"https:\/\/soybelu.com\/index.php\/un-encuentro-de-fe-y-cultura\/la-espiritualidad-una-mirada-teologica\/\" \/>\n<meta property=\"og:locale\" content=\"es_ES\" \/>\n<meta property=\"og:type\" content=\"article\" \/>\n<meta property=\"og:title\" content=\"La espiritualidad: una mirada teol\u00f3gica - soy belu\" \/>\n<meta property=\"og:description\" content=\"La fe tambi\u00e9n tiene una voz. El Dr. Joselito Orellana Mora analiza el impacto del canto coral en la experiencia religiosa y humana, desvelando por qu\u00e9 la armon\u00eda perfecta es, en esencia, una de las formas m\u00e1s bellas en que lo sagrado se manifiesta ante nosotros.\" \/>\n<meta property=\"og:url\" content=\"https:\/\/soybelu.com\/index.php\/un-encuentro-de-fe-y-cultura\/la-espiritualidad-una-mirada-teologica\/\" \/>\n<meta property=\"og:site_name\" content=\"soy belu\" \/>\n<meta property=\"article:modified_time\" content=\"2026-01-24T01:24:20+00:00\" \/>\n<meta name=\"twitter:card\" content=\"summary_large_image\" \/>\n<meta name=\"twitter:label1\" content=\"Tiempo de lectura\" \/>\n\t<meta name=\"twitter:data1\" content=\"1 minuto\" \/>\n<script type=\"application\/ld+json\" class=\"yoast-schema-graph\">{\"@context\":\"https:\/\/schema.org\",\"@graph\":[{\"@type\":\"WebPage\",\"@id\":\"https:\/\/soybelu.com\/index.php\/un-encuentro-de-fe-y-cultura\/la-espiritualidad-una-mirada-teologica\/\",\"url\":\"https:\/\/soybelu.com\/index.php\/un-encuentro-de-fe-y-cultura\/la-espiritualidad-una-mirada-teologica\/\",\"name\":\"La espiritualidad: una mirada teol\u00f3gica - soy belu\",\"isPartOf\":{\"@id\":\"https:\/\/soybelu.com\/#website\"},\"datePublished\":\"2026-01-23T21:18:55+00:00\",\"dateModified\":\"2026-01-24T01:24:20+00:00\",\"breadcrumb\":{\"@id\":\"https:\/\/soybelu.com\/index.php\/un-encuentro-de-fe-y-cultura\/la-espiritualidad-una-mirada-teologica\/#breadcrumb\"},\"inLanguage\":\"es\",\"potentialAction\":[{\"@type\":\"ReadAction\",\"target\":[\"https:\/\/soybelu.com\/index.php\/un-encuentro-de-fe-y-cultura\/la-espiritualidad-una-mirada-teologica\/\"]}]},{\"@type\":\"BreadcrumbList\",\"@id\":\"https:\/\/soybelu.com\/index.php\/un-encuentro-de-fe-y-cultura\/la-espiritualidad-una-mirada-teologica\/#breadcrumb\",\"itemListElement\":[{\"@type\":\"ListItem\",\"position\":1,\"name\":\"Portada\",\"item\":\"https:\/\/soybelu.com\/\"},{\"@type\":\"ListItem\",\"position\":2,\"name\":\"Un encuentro de fe y cultura\",\"item\":\"https:\/\/soybelu.com\/index.php\/un-encuentro-de-fe-y-cultura\/\"},{\"@type\":\"ListItem\",\"position\":3,\"name\":\"La espiritualidad: una mirada teol\u00f3gica\"}]},{\"@type\":\"WebSite\",\"@id\":\"https:\/\/soybelu.com\/#website\",\"url\":\"https:\/\/soybelu.com\/\",\"name\":\"soy belu\",\"description\":\"soy belu\",\"publisher\":{\"@id\":\"https:\/\/soybelu.com\/#organization\"},\"potentialAction\":[{\"@type\":\"SearchAction\",\"target\":{\"@type\":\"EntryPoint\",\"urlTemplate\":\"https:\/\/soybelu.com\/?s={search_term_string}\"},\"query-input\":{\"@type\":\"PropertyValueSpecification\",\"valueRequired\":true,\"valueName\":\"search_term_string\"}}],\"inLanguage\":\"es\"},{\"@type\":\"Organization\",\"@id\":\"https:\/\/soybelu.com\/#organization\",\"name\":\"soy belu\",\"url\":\"https:\/\/soybelu.com\/\",\"logo\":{\"@type\":\"ImageObject\",\"inLanguage\":\"es\",\"@id\":\"https:\/\/soybelu.com\/#\/schema\/logo\/image\/\",\"url\":\"https:\/\/soybelu.com\/wp-content\/uploads\/2025\/12\/cropped-40403.png\",\"contentUrl\":\"https:\/\/soybelu.com\/wp-content\/uploads\/2025\/12\/cropped-40403.png\",\"width\":512,\"height\":512,\"caption\":\"soy belu\"},\"image\":{\"@id\":\"https:\/\/soybelu.com\/#\/schema\/logo\/image\/\"}}]}<\/script>\n<!-- \/ Yoast SEO plugin. -->","yoast_head_json":{"title":"La espiritualidad: una mirada teol\u00f3gica - soy belu","robots":{"index":"index","follow":"follow","max-snippet":"max-snippet:-1","max-image-preview":"max-image-preview:large","max-video-preview":"max-video-preview:-1"},"canonical":"https:\/\/soybelu.com\/index.php\/un-encuentro-de-fe-y-cultura\/la-espiritualidad-una-mirada-teologica\/","og_locale":"es_ES","og_type":"article","og_title":"La espiritualidad: una mirada teol\u00f3gica - soy belu","og_description":"La fe tambi\u00e9n tiene una voz. El Dr. Joselito Orellana Mora analiza el impacto del canto coral en la experiencia religiosa y humana, desvelando por qu\u00e9 la armon\u00eda perfecta es, en esencia, una de las formas m\u00e1s bellas en que lo sagrado se manifiesta ante nosotros.","og_url":"https:\/\/soybelu.com\/index.php\/un-encuentro-de-fe-y-cultura\/la-espiritualidad-una-mirada-teologica\/","og_site_name":"soy belu","article_modified_time":"2026-01-24T01:24:20+00:00","twitter_card":"summary_large_image","twitter_misc":{"Tiempo de lectura":"1 minuto"},"schema":{"@context":"https:\/\/schema.org","@graph":[{"@type":"WebPage","@id":"https:\/\/soybelu.com\/index.php\/un-encuentro-de-fe-y-cultura\/la-espiritualidad-una-mirada-teologica\/","url":"https:\/\/soybelu.com\/index.php\/un-encuentro-de-fe-y-cultura\/la-espiritualidad-una-mirada-teologica\/","name":"La espiritualidad: una mirada teol\u00f3gica - soy belu","isPartOf":{"@id":"https:\/\/soybelu.com\/#website"},"datePublished":"2026-01-23T21:18:55+00:00","dateModified":"2026-01-24T01:24:20+00:00","breadcrumb":{"@id":"https:\/\/soybelu.com\/index.php\/un-encuentro-de-fe-y-cultura\/la-espiritualidad-una-mirada-teologica\/#breadcrumb"},"inLanguage":"es","potentialAction":[{"@type":"ReadAction","target":["https:\/\/soybelu.com\/index.php\/un-encuentro-de-fe-y-cultura\/la-espiritualidad-una-mirada-teologica\/"]}]},{"@type":"BreadcrumbList","@id":"https:\/\/soybelu.com\/index.php\/un-encuentro-de-fe-y-cultura\/la-espiritualidad-una-mirada-teologica\/#breadcrumb","itemListElement":[{"@type":"ListItem","position":1,"name":"Portada","item":"https:\/\/soybelu.com\/"},{"@type":"ListItem","position":2,"name":"Un encuentro de fe y cultura","item":"https:\/\/soybelu.com\/index.php\/un-encuentro-de-fe-y-cultura\/"},{"@type":"ListItem","position":3,"name":"La espiritualidad: una mirada teol\u00f3gica"}]},{"@type":"WebSite","@id":"https:\/\/soybelu.com\/#website","url":"https:\/\/soybelu.com\/","name":"soy belu","description":"soy belu","publisher":{"@id":"https:\/\/soybelu.com\/#organization"},"potentialAction":[{"@type":"SearchAction","target":{"@type":"EntryPoint","urlTemplate":"https:\/\/soybelu.com\/?s={search_term_string}"},"query-input":{"@type":"PropertyValueSpecification","valueRequired":true,"valueName":"search_term_string"}}],"inLanguage":"es"},{"@type":"Organization","@id":"https:\/\/soybelu.com\/#organization","name":"soy belu","url":"https:\/\/soybelu.com\/","logo":{"@type":"ImageObject","inLanguage":"es","@id":"https:\/\/soybelu.com\/#\/schema\/logo\/image\/","url":"https:\/\/soybelu.com\/wp-content\/uploads\/2025\/12\/cropped-40403.png","contentUrl":"https:\/\/soybelu.com\/wp-content\/uploads\/2025\/12\/cropped-40403.png","width":512,"height":512,"caption":"soy belu"},"image":{"@id":"https:\/\/soybelu.com\/#\/schema\/logo\/image\/"}}]}},"_links":{"self":[{"href":"https:\/\/soybelu.com\/index.php\/wp-json\/wp\/v2\/pages\/616","targetHints":{"allow":["GET"]}}],"collection":[{"href":"https:\/\/soybelu.com\/index.php\/wp-json\/wp\/v2\/pages"}],"about":[{"href":"https:\/\/soybelu.com\/index.php\/wp-json\/wp\/v2\/types\/page"}],"author":[{"embeddable":true,"href":"https:\/\/soybelu.com\/index.php\/wp-json\/wp\/v2\/users\/1"}],"replies":[{"embeddable":true,"href":"https:\/\/soybelu.com\/index.php\/wp-json\/wp\/v2\/comments?post=616"}],"version-history":[{"count":8,"href":"https:\/\/soybelu.com\/index.php\/wp-json\/wp\/v2\/pages\/616\/revisions"}],"predecessor-version":[{"id":651,"href":"https:\/\/soybelu.com\/index.php\/wp-json\/wp\/v2\/pages\/616\/revisions\/651"}],"up":[{"embeddable":true,"href":"https:\/\/soybelu.com\/index.php\/wp-json\/wp\/v2\/pages\/615"}],"wp:attachment":[{"href":"https:\/\/soybelu.com\/index.php\/wp-json\/wp\/v2\/media?parent=616"}],"curies":[{"name":"wp","href":"https:\/\/api.w.org\/{rel}","templated":true}]}}