{"id":618,"date":"2026-01-23T13:32:17","date_gmt":"2026-01-23T18:32:17","guid":{"rendered":"https:\/\/soybelu.com\/?page_id=618"},"modified":"2026-01-23T17:11:13","modified_gmt":"2026-01-23T22:11:13","slug":"la-sabiduria-ancestral-de-los-andes","status":"publish","type":"page","link":"https:\/\/soybelu.com\/index.php\/un-encuentro-de-fe-y-cultura\/la-sabiduria-ancestral-de-los-andes\/","title":{"rendered":"La sabidur\u00eda ancestral de los Andes"},"content":{"rendered":"\n<h4 class=\"wp-block-heading\"><strong><em>La misi\u00f3n del m\u00fasico como guardi\u00e1n de la historia<\/em><\/strong><\/h4>\n\n\n\n<p>Para Mauricio Vicencio, l\u00edder del grupo Altiplano y creador de la&nbsp;<strong>Misa Andina<\/strong>, la m\u00fasica no es un producto comercial, sino una responsabilidad frente al tiempo. En su visi\u00f3n, los m\u00fasicos son herederos de una historia que est\u00e1 escrita en \u00abotros planos\u00bb y que debe ser defendida con integridad.<\/p>\n\n\n\n<blockquote class=\"wp-block-quote is-layout-flow wp-block-quote-is-layout-flow\">\n<p><strong>\u00abLos m\u00fasicos tenemos una responsabilidad frente a nuestra historia, frente a lo que creemos, porque tenemos en nuestra sangre un ADN con esencia ind\u00edgena.\u00bb<\/strong>&nbsp;\u2014 [<a target=\"_blank\" rel=\"noreferrer noopener\" href=\"http:\/\/www.youtube.com\/watch?v=2mXlYYh2olc&amp;t=278\">04:38<\/a>]<\/p>\n<\/blockquote>\n\n\n\n<hr class=\"wp-block-separator has-alpha-channel-opacity\"\/>\n\n\n\n<h4 class=\"wp-block-heading\"><strong><em>Somos C\u00e9lulas Musicales<\/em><\/strong><\/h4>\n\n\n\n<p>Vicencio explica que nuestra conexi\u00f3n con la m\u00fasica empieza desde el \u00fatero materno. La vida misma es un ritmo que se sincroniza con el universo, y los instrumentos andinos (como la zampo\u00f1a o el charango) son los canales para expresar esa vibraci\u00f3n primaria.<\/p>\n\n\n\n<blockquote class=\"wp-block-quote is-layout-flow wp-block-quote-is-layout-flow\">\n<p><strong>\u00abSomos c\u00e9lulas completamente musicales. Estamos dotados de esa energ\u00eda y de esa vibraci\u00f3n&#8230; El pulso con el que nosotros nacemos viene acompa\u00f1ado de un tambor gigantesco.\u00bb<\/strong>&nbsp;\u2014 [<a target=\"_blank\" rel=\"noreferrer noopener\" href=\"http:\/\/www.youtube.com\/watch?v=2mXlYYh2olc&amp;t=522\">08:42<\/a>]<\/p>\n<\/blockquote>\n\n\n\n<hr class=\"wp-block-separator has-alpha-channel-opacity\"\/>\n\n\n\n<h4 class=\"wp-block-heading\"><strong><em>La M\u00fasica como Intuici\u00f3n y Resistencia<\/em><\/strong><\/h4>\n\n\n\n<p>A diferencia de la m\u00fasica acad\u00e9mica r\u00edgida, la sabidur\u00eda ancestral se basa en la&nbsp;<strong>intuici\u00f3n<\/strong>. Mauricio nos ense\u00f1a que el sonido andino permite una libertad creativa que no se rige por valores est\u00e9ticos impuestos, sino por la necesidad de expresi\u00f3n del alma. En un mundo que busca lo \u00abf\u00e1cil\u00bb y lo comercial, mantener la pureza de estos sonidos es un acto de resistencia cultural.<\/p>\n\n\n\n<hr class=\"wp-block-separator has-alpha-channel-opacity\"\/>\n\n\n\n<h3 class=\"wp-block-heading\"><strong><em>Conversatorio con Mauricio Vicencio<\/em><\/strong><\/h3>\n\n\n\n<p>Escucha de la voz de uno de los maestros m\u00e1s influyentes de nuestra regi\u00f3n c\u00f3mo se fabricaban los instrumentos l\u00edticos (de piedra) y por qu\u00e9 la m\u00fasica es, en realidad, un aprendizaje que traemos de muchas vidas atr\u00e1s.<\/p>\n\n\n\n<p><a target=\"_blank\" rel=\"noreferrer noopener\" href=\"http:\/\/www.youtube.com\/watch?v=2mXlYYh2olc\">Conversatorio: Una visi\u00f3n ancestral de la m\u00fasica andina &#8211; Festival Ra\u00edces Bogot\u00e1 Andina 2019<\/a><a target=\"_blank\" rel=\"noreferrer noopener\" href=\"http:\/\/www.youtube.com\/watch?v=2mXlYYh2olc\"><\/a><\/p>\n\n\n\n<figure class=\"wp-block-embed is-type-video is-provider-youtube wp-block-embed-youtube wp-embed-aspect-16-9 wp-has-aspect-ratio\"><div class=\"wp-block-embed__wrapper\">\n<iframe loading=\"lazy\" title=\"Conversatorio: Una visi\u00f3n ancestral de la m\u00fasica andina - Festival Ra\u00edces Bogot\u00e1 Andina 2019\" width=\"843\" height=\"474\" src=\"https:\/\/www.youtube.com\/embed\/2mXlYYh2olc?feature=oembed\" frameborder=\"0\" allow=\"accelerometer; autoplay; clipboard-write; encrypted-media; gyroscope; picture-in-picture; web-share\" referrerpolicy=\"strict-origin-when-cross-origin\" allowfullscreen><\/iframe>\n<\/div><\/figure>\n\n\n\n<p>Al final de este viaje, descubrimos que el coro no es solo una agrupaci\u00f3n de voces, sino un organismo vivo que respira historia y espiritualidad. La Misa Andina nos ha ense\u00f1ado que el cielo y la tierra pueden dialogar a trav\u00e9s de un charango y una polifon\u00eda, y que nuestra identidad sigue vibrando con la fuerza de un ADN musical inquebrantable.<\/p>\n\n\n\n<div class=\"wp-block-buttons is-content-justification-center is-layout-flex wp-container-core-buttons-is-layout-16018d1d wp-block-buttons-is-layout-flex\">\n<div class=\"wp-block-button\"><a class=\"wp-block-button__link wp-element-button\" href=\"https:\/\/soybelu.com\/index.php\/la-espiritualidad-una-mirada-teologica\/\"><span class=\"wp-rich-text-font-awesome-icon wp-font-awesome-icon\"><svg aria-hidden=\"true\" focusable=\"false\" data-prefix=\"fas\" data-icon=\"book-bible\" class=\"svg-inline--fa fa-book-bible \" role=\"img\" xmlns=\"http:\/\/www.w3.org\/2000\/svg\" viewBox=\"0 0 448 512\"><path fill=\"currentColor\" d=\"M96 512c-53 0-96-43-96-96L0 96C0 43 43 0 96 0L400 0c26.5 0 48 21.5 48 48l0 288c0 20.9-13.4 38.7-32 45.3l0 66.7c17.7 0 32 14.3 32 32s-14.3 32-32 32L96 512zm0-128c-17.7 0-32 14.3-32 32s14.3 32 32 32l256 0 0-64-256 0zM192 80l0 48-48 0c-8.8 0-16 7.2-16 16l0 32c0 8.8 7.2 16 16 16l48 0 0 112c0 8.8 7.2 16 16 16l32 0c8.8 0 16-7.2 16-16l0-112 48 0c8.8 0 16-7.2 16-16l0-32c0-8.8-7.2-16-16-16l-48 0 0-48c0-8.8-7.2-16-16-16l-32 0c-8.8 0-16 7.2-16 16z\"><\/path><\/svg><\/span> Mirada teol\u00f3gica<\/a><\/div>\n\n\n\n<div class=\"wp-block-button\"><a class=\"wp-block-button__link wp-element-button\" href=\"https:\/\/soybelu.com\/index.php\/desde-la-butaca\/\"><span class=\"wp-rich-text-font-awesome-icon wp-font-awesome-icon\"><svg aria-hidden=\"true\" focusable=\"false\" data-prefix=\"fas\" data-icon=\"ticket-simple\" class=\"svg-inline--fa fa-ticket-simple \" role=\"img\" xmlns=\"http:\/\/www.w3.org\/2000\/svg\" viewBox=\"0 0 576 512\"><path fill=\"currentColor\" d=\"M0 128C0 92.7 28.7 64 64 64l448 0c35.3 0 64 28.7 64 64l0 64c0 8.8-7.4 15.7-15.7 18.6-18.8 6.5-32.3 24.4-32.3 45.4s13.5 38.9 32.3 45.4c8.3 2.9 15.7 9.8 15.7 18.6l0 64c0 35.3-28.7 64-64 64L64 448c-35.3 0-64-28.7-64-64l0-64C0 311.2 7.4 304.3 15.7 301.4 34.5 294.9 48 277 48 256s-13.5-38.9-32.3-45.4C7.4 207.7 0 200.8 0 192l0-64z\"><\/path><\/svg><\/span> Desde la butaca<\/a><\/div>\n<\/div>\n","protected":false},"excerpt":{"rendered":"<p>La m\u00fasica andina no es solo sonido; es un ADN vivo que llevamos en la sangre. Acompa\u00f1a a Mauricio Vicencio en este viaje al origen, donde los instrumentos de piedra y barro nos recuerdan que somos c\u00e9lulas musicales dotadas de una misi\u00f3n guerrera y una armon\u00eda c\u00f3smica.<\/p>\n","protected":false},"author":1,"featured_media":0,"parent":615,"menu_order":2,"comment_status":"closed","ping_status":"closed","template":"","meta":{"footnotes":""},"class_list":["post-618","page","type-page","status-publish","hentry"],"yoast_head":"<!-- This site is optimized with the Yoast SEO plugin v26.7 - https:\/\/yoast.com\/wordpress\/plugins\/seo\/ -->\n<title>La sabidur\u00eda ancestral de los Andes - soy belu<\/title>\n<meta name=\"robots\" content=\"index, follow, max-snippet:-1, max-image-preview:large, max-video-preview:-1\" \/>\n<link rel=\"canonical\" href=\"https:\/\/soybelu.com\/index.php\/un-encuentro-de-fe-y-cultura\/la-sabiduria-ancestral-de-los-andes\/\" \/>\n<meta property=\"og:locale\" content=\"es_ES\" \/>\n<meta property=\"og:type\" content=\"article\" \/>\n<meta property=\"og:title\" content=\"La sabidur\u00eda ancestral de los Andes - soy belu\" \/>\n<meta property=\"og:description\" content=\"La m\u00fasica andina no es solo sonido; es un ADN vivo que llevamos en la sangre. Acompa\u00f1a a Mauricio Vicencio en este viaje al origen, donde los instrumentos de piedra y barro nos recuerdan que somos c\u00e9lulas musicales dotadas de una misi\u00f3n guerrera y una armon\u00eda c\u00f3smica.\" \/>\n<meta property=\"og:url\" content=\"https:\/\/soybelu.com\/index.php\/un-encuentro-de-fe-y-cultura\/la-sabiduria-ancestral-de-los-andes\/\" \/>\n<meta property=\"og:site_name\" content=\"soy belu\" \/>\n<meta property=\"article:modified_time\" content=\"2026-01-23T22:11:13+00:00\" \/>\n<meta name=\"twitter:card\" content=\"summary_large_image\" \/>\n<meta name=\"twitter:label1\" content=\"Tiempo de lectura\" \/>\n\t<meta name=\"twitter:data1\" content=\"2 minutos\" \/>\n<script type=\"application\/ld+json\" class=\"yoast-schema-graph\">{\"@context\":\"https:\/\/schema.org\",\"@graph\":[{\"@type\":\"WebPage\",\"@id\":\"https:\/\/soybelu.com\/index.php\/un-encuentro-de-fe-y-cultura\/la-sabiduria-ancestral-de-los-andes\/\",\"url\":\"https:\/\/soybelu.com\/index.php\/un-encuentro-de-fe-y-cultura\/la-sabiduria-ancestral-de-los-andes\/\",\"name\":\"La sabidur\u00eda ancestral de los Andes - soy belu\",\"isPartOf\":{\"@id\":\"https:\/\/soybelu.com\/#website\"},\"datePublished\":\"2026-01-23T18:32:17+00:00\",\"dateModified\":\"2026-01-23T22:11:13+00:00\",\"breadcrumb\":{\"@id\":\"https:\/\/soybelu.com\/index.php\/un-encuentro-de-fe-y-cultura\/la-sabiduria-ancestral-de-los-andes\/#breadcrumb\"},\"inLanguage\":\"es\",\"potentialAction\":[{\"@type\":\"ReadAction\",\"target\":[\"https:\/\/soybelu.com\/index.php\/un-encuentro-de-fe-y-cultura\/la-sabiduria-ancestral-de-los-andes\/\"]}]},{\"@type\":\"BreadcrumbList\",\"@id\":\"https:\/\/soybelu.com\/index.php\/un-encuentro-de-fe-y-cultura\/la-sabiduria-ancestral-de-los-andes\/#breadcrumb\",\"itemListElement\":[{\"@type\":\"ListItem\",\"position\":1,\"name\":\"Portada\",\"item\":\"https:\/\/soybelu.com\/\"},{\"@type\":\"ListItem\",\"position\":2,\"name\":\"Un encuentro de fe y cultura\",\"item\":\"https:\/\/soybelu.com\/index.php\/un-encuentro-de-fe-y-cultura\/\"},{\"@type\":\"ListItem\",\"position\":3,\"name\":\"La sabidur\u00eda ancestral de los Andes\"}]},{\"@type\":\"WebSite\",\"@id\":\"https:\/\/soybelu.com\/#website\",\"url\":\"https:\/\/soybelu.com\/\",\"name\":\"soy belu\",\"description\":\"soy belu\",\"publisher\":{\"@id\":\"https:\/\/soybelu.com\/#organization\"},\"potentialAction\":[{\"@type\":\"SearchAction\",\"target\":{\"@type\":\"EntryPoint\",\"urlTemplate\":\"https:\/\/soybelu.com\/?s={search_term_string}\"},\"query-input\":{\"@type\":\"PropertyValueSpecification\",\"valueRequired\":true,\"valueName\":\"search_term_string\"}}],\"inLanguage\":\"es\"},{\"@type\":\"Organization\",\"@id\":\"https:\/\/soybelu.com\/#organization\",\"name\":\"soy belu\",\"url\":\"https:\/\/soybelu.com\/\",\"logo\":{\"@type\":\"ImageObject\",\"inLanguage\":\"es\",\"@id\":\"https:\/\/soybelu.com\/#\/schema\/logo\/image\/\",\"url\":\"https:\/\/soybelu.com\/wp-content\/uploads\/2025\/12\/cropped-40403.png\",\"contentUrl\":\"https:\/\/soybelu.com\/wp-content\/uploads\/2025\/12\/cropped-40403.png\",\"width\":512,\"height\":512,\"caption\":\"soy belu\"},\"image\":{\"@id\":\"https:\/\/soybelu.com\/#\/schema\/logo\/image\/\"}}]}<\/script>\n<!-- \/ Yoast SEO plugin. -->","yoast_head_json":{"title":"La sabidur\u00eda ancestral de los Andes - soy belu","robots":{"index":"index","follow":"follow","max-snippet":"max-snippet:-1","max-image-preview":"max-image-preview:large","max-video-preview":"max-video-preview:-1"},"canonical":"https:\/\/soybelu.com\/index.php\/un-encuentro-de-fe-y-cultura\/la-sabiduria-ancestral-de-los-andes\/","og_locale":"es_ES","og_type":"article","og_title":"La sabidur\u00eda ancestral de los Andes - soy belu","og_description":"La m\u00fasica andina no es solo sonido; es un ADN vivo que llevamos en la sangre. Acompa\u00f1a a Mauricio Vicencio en este viaje al origen, donde los instrumentos de piedra y barro nos recuerdan que somos c\u00e9lulas musicales dotadas de una misi\u00f3n guerrera y una armon\u00eda c\u00f3smica.","og_url":"https:\/\/soybelu.com\/index.php\/un-encuentro-de-fe-y-cultura\/la-sabiduria-ancestral-de-los-andes\/","og_site_name":"soy belu","article_modified_time":"2026-01-23T22:11:13+00:00","twitter_card":"summary_large_image","twitter_misc":{"Tiempo de lectura":"2 minutos"},"schema":{"@context":"https:\/\/schema.org","@graph":[{"@type":"WebPage","@id":"https:\/\/soybelu.com\/index.php\/un-encuentro-de-fe-y-cultura\/la-sabiduria-ancestral-de-los-andes\/","url":"https:\/\/soybelu.com\/index.php\/un-encuentro-de-fe-y-cultura\/la-sabiduria-ancestral-de-los-andes\/","name":"La sabidur\u00eda ancestral de los Andes - soy belu","isPartOf":{"@id":"https:\/\/soybelu.com\/#website"},"datePublished":"2026-01-23T18:32:17+00:00","dateModified":"2026-01-23T22:11:13+00:00","breadcrumb":{"@id":"https:\/\/soybelu.com\/index.php\/un-encuentro-de-fe-y-cultura\/la-sabiduria-ancestral-de-los-andes\/#breadcrumb"},"inLanguage":"es","potentialAction":[{"@type":"ReadAction","target":["https:\/\/soybelu.com\/index.php\/un-encuentro-de-fe-y-cultura\/la-sabiduria-ancestral-de-los-andes\/"]}]},{"@type":"BreadcrumbList","@id":"https:\/\/soybelu.com\/index.php\/un-encuentro-de-fe-y-cultura\/la-sabiduria-ancestral-de-los-andes\/#breadcrumb","itemListElement":[{"@type":"ListItem","position":1,"name":"Portada","item":"https:\/\/soybelu.com\/"},{"@type":"ListItem","position":2,"name":"Un encuentro de fe y cultura","item":"https:\/\/soybelu.com\/index.php\/un-encuentro-de-fe-y-cultura\/"},{"@type":"ListItem","position":3,"name":"La sabidur\u00eda ancestral de los Andes"}]},{"@type":"WebSite","@id":"https:\/\/soybelu.com\/#website","url":"https:\/\/soybelu.com\/","name":"soy belu","description":"soy belu","publisher":{"@id":"https:\/\/soybelu.com\/#organization"},"potentialAction":[{"@type":"SearchAction","target":{"@type":"EntryPoint","urlTemplate":"https:\/\/soybelu.com\/?s={search_term_string}"},"query-input":{"@type":"PropertyValueSpecification","valueRequired":true,"valueName":"search_term_string"}}],"inLanguage":"es"},{"@type":"Organization","@id":"https:\/\/soybelu.com\/#organization","name":"soy belu","url":"https:\/\/soybelu.com\/","logo":{"@type":"ImageObject","inLanguage":"es","@id":"https:\/\/soybelu.com\/#\/schema\/logo\/image\/","url":"https:\/\/soybelu.com\/wp-content\/uploads\/2025\/12\/cropped-40403.png","contentUrl":"https:\/\/soybelu.com\/wp-content\/uploads\/2025\/12\/cropped-40403.png","width":512,"height":512,"caption":"soy belu"},"image":{"@id":"https:\/\/soybelu.com\/#\/schema\/logo\/image\/"}}]}},"_links":{"self":[{"href":"https:\/\/soybelu.com\/index.php\/wp-json\/wp\/v2\/pages\/618","targetHints":{"allow":["GET"]}}],"collection":[{"href":"https:\/\/soybelu.com\/index.php\/wp-json\/wp\/v2\/pages"}],"about":[{"href":"https:\/\/soybelu.com\/index.php\/wp-json\/wp\/v2\/types\/page"}],"author":[{"embeddable":true,"href":"https:\/\/soybelu.com\/index.php\/wp-json\/wp\/v2\/users\/1"}],"replies":[{"embeddable":true,"href":"https:\/\/soybelu.com\/index.php\/wp-json\/wp\/v2\/comments?post=618"}],"version-history":[{"count":2,"href":"https:\/\/soybelu.com\/index.php\/wp-json\/wp\/v2\/pages\/618\/revisions"}],"predecessor-version":[{"id":639,"href":"https:\/\/soybelu.com\/index.php\/wp-json\/wp\/v2\/pages\/618\/revisions\/639"}],"up":[{"embeddable":true,"href":"https:\/\/soybelu.com\/index.php\/wp-json\/wp\/v2\/pages\/615"}],"wp:attachment":[{"href":"https:\/\/soybelu.com\/index.php\/wp-json\/wp\/v2\/media?parent=618"}],"curies":[{"name":"wp","href":"https:\/\/api.w.org\/{rel}","templated":true}]}}