{"id":620,"date":"2026-01-23T14:42:00","date_gmt":"2026-01-23T19:42:00","guid":{"rendered":"https:\/\/soybelu.com\/?page_id=620"},"modified":"2026-01-23T17:11:26","modified_gmt":"2026-01-23T22:11:26","slug":"desde-la-butaca","status":"publish","type":"page","link":"https:\/\/soybelu.com\/index.php\/un-encuentro-de-fe-y-cultura\/desde-la-butaca\/","title":{"rendered":"Desde la butaca"},"content":{"rendered":"\n<h3 class=\"wp-block-heading\"><strong><em>La invitaci\u00f3n del maestro: un lugar reservado para ti<\/em><\/strong><\/h3>\n\n\n\n<p>El maestro <strong>Juan Carlos Velasco<\/strong>, director y pieza clave en la difusi\u00f3n de esta obra, nos extiende una invitaci\u00f3n personal. Aunque el festival es el escenario, el verdadero encuentro sucede en la escucha.<\/p>\n\n\n\n<p>Ponle play y d\u00e9jate guiar por sus palabras para entrar en el &#8216;mood&#8217; del concierto; imag\u00ednate ah\u00ed, entre el p\u00fablico del Teatro Sucre o en el Teatro M\u00e9xico, a punto de vivir el estremecimiento de la Misa Andina.<\/p>\n\n\n\n<figure class=\"wp-block-embed is-type-video is-provider-youtube wp-block-embed-youtube wp-embed-aspect-16-9 wp-has-aspect-ratio\"><div class=\"wp-block-embed__wrapper\">\n<iframe loading=\"lazy\" title=\"INVITACI\u00d3N AL FESTIVAL\" width=\"843\" height=\"474\" src=\"https:\/\/www.youtube.com\/embed\/o9NZhRU5pq4?feature=oembed\" frameborder=\"0\" allow=\"accelerometer; autoplay; clipboard-write; encrypted-media; gyroscope; picture-in-picture; web-share\" referrerpolicy=\"strict-origin-when-cross-origin\" allowfullscreen><\/iframe>\n<\/div><\/figure>\n\n\n\n<p>\u00a1Aceptaste la invitaci\u00f3n! Ahora, esto es lo que sucede cuando el primer acorde del charango toca el coraz\u00f3n de la audiencia\u2026<\/p>\n\n\n\n<div class=\"wp-block-columns is-layout-flex wp-container-core-columns-is-layout-9d6595d7 wp-block-columns-is-layout-flex\">\n<div class=\"wp-block-column is-layout-flow wp-block-column-is-layout-flow\">\n<figure class=\"wp-block-embed is-type-video is-provider-youtube wp-block-embed-youtube wp-embed-aspect-9-16 wp-has-aspect-ratio\"><div class=\"wp-block-embed__wrapper\">\n<iframe loading=\"lazy\" title=\"CREDO\" width=\"563\" height=\"1000\" src=\"https:\/\/www.youtube.com\/embed\/2K53wSnVqK8?feature=oembed\" frameborder=\"0\" allow=\"accelerometer; autoplay; clipboard-write; encrypted-media; gyroscope; picture-in-picture; web-share\" referrerpolicy=\"strict-origin-when-cross-origin\" allowfullscreen><\/iframe>\n<\/div><\/figure>\n<\/div>\n\n\n\n<div class=\"wp-block-column is-layout-flow wp-block-column-is-layout-flow\">\n<figure class=\"wp-block-embed is-type-video is-provider-youtube wp-block-embed-youtube wp-embed-aspect-16-9 wp-has-aspect-ratio\"><div class=\"wp-block-embed__wrapper\">\n<iframe loading=\"lazy\" title=\"ALELUYA\" width=\"843\" height=\"474\" src=\"https:\/\/www.youtube.com\/embed\/dVywC24dO-w?feature=oembed\" frameborder=\"0\" allow=\"accelerometer; autoplay; clipboard-write; encrypted-media; gyroscope; picture-in-picture; web-share\" referrerpolicy=\"strict-origin-when-cross-origin\" allowfullscreen><\/iframe>\n<\/div><\/figure>\n<\/div>\n<\/div>\n\n\n\n<p>Isaac Pastor, asisti\u00f3 al Festival de M\u00fasica Sacra en el Teatro Sucre, te invito a escuchar su entrevista y saber qu\u00e9 opina.<\/p>\n\n\n\n<blockquote class=\"wp-block-quote is-layout-flow wp-block-quote-is-layout-flow\">\n<p>\u00abNo s\u00f3lo escuchas con los oidos, sino que sientes todo con el cuerpo, las vibraciones, en las palmas de tu mano sientes el eco de todas las voces\u00bb.<\/p>\n<\/blockquote>\n\n\n\n<figure class=\"wp-block-embed is-type-video is-provider-youtube wp-block-embed-youtube wp-embed-aspect-16-9 wp-has-aspect-ratio\"><div class=\"wp-block-embed__wrapper\">\n<iframe loading=\"lazy\" title=\"TESTIMONIO DE ASISTENTE AL FESTIVAL DE M\u00daSICA SACRA\" width=\"843\" height=\"474\" src=\"https:\/\/www.youtube.com\/embed\/mcwBdK1rf4Q?feature=oembed\" frameborder=\"0\" allow=\"accelerometer; autoplay; clipboard-write; encrypted-media; gyroscope; picture-in-picture; web-share\" referrerpolicy=\"strict-origin-when-cross-origin\" allowfullscreen><\/iframe>\n<\/div><\/figure>\n\n\n\n<p>Anita Vera, sisti\u00f3 al Festival de M\u00fasica Sacra, madre de familia de uno de los coristas, asisti\u00f3 a la Misa Andina que tambi\u00e9n se present\u00f3 en el Teatro M\u00e9xico. Veamos que nos cuenta&#8230;<\/p>\n\n\n\n<blockquote class=\"wp-block-quote is-layout-flow wp-block-quote-is-layout-flow\">\n<p>\u00abYo pod\u00eda ver a todo el coro exaltando cada parte de la m\u00fasica con alegr\u00eda\u00bb.<\/p>\n\n\n\n<p>\u00abSi volver\u00eda a haber otra presentaci\u00f3n, no me la perder\u00eda que no s\u00f3lo llega a los oidos del oyente, sino tambi\u00e9n al coraz\u00f3n\u00bb.<\/p>\n<\/blockquote>\n\n\n\n<figure class=\"wp-block-embed is-type-video is-provider-youtube wp-block-embed-youtube wp-embed-aspect-16-9 wp-has-aspect-ratio\"><div class=\"wp-block-embed__wrapper\">\n<iframe loading=\"lazy\" title=\"ENTREVISTA ANITA VERA\" width=\"843\" height=\"474\" src=\"https:\/\/www.youtube.com\/embed\/X3w_nEMSgjY?feature=oembed\" frameborder=\"0\" allow=\"accelerometer; autoplay; clipboard-write; encrypted-media; gyroscope; picture-in-picture; web-share\" referrerpolicy=\"strict-origin-when-cross-origin\" allowfullscreen><\/iframe>\n<\/div><\/figure>\n\n\n\n<div style=\"height:18px\" aria-hidden=\"true\" class=\"wp-block-spacer\"><\/div>\n\n\n\n<div class=\"wp-block-buttons is-content-justification-center is-layout-flex wp-container-core-buttons-is-layout-16018d1d wp-block-buttons-is-layout-flex\">\n<div class=\"wp-block-button is-style-fill\"><a class=\"wp-block-button__link wp-element-button\" href=\"https:\/\/soybelu.com\/index.php\/2026\/01\/21\/un-dialogo-entre-la-tierra-y-el-cielo-musica-andina\/\"><span class=\"wp-rich-text-font-awesome-icon wp-font-awesome-icon\"><svg aria-hidden=\"true\" focusable=\"false\" data-prefix=\"fas\" data-icon=\"house\" class=\"svg-inline--fa fa-house \" role=\"img\" xmlns=\"http:\/\/www.w3.org\/2000\/svg\" viewBox=\"0 0 512 512\"><path fill=\"currentColor\" d=\"M277.8 8.6c-12.3-11.4-31.3-11.4-43.5 0l-224 208c-9.6 9-12.8 22.9-8 35.1S18.8 272 32 272l16 0 0 176c0 35.3 28.7 64 64 64l288 0c35.3 0 64-28.7 64-64l0-176 16 0c13.2 0 25-8.1 29.8-20.3s1.6-26.2-8-35.1l-224-208zM240 320l32 0c26.5 0 48 21.5 48 48l0 96-128 0 0-96c0-26.5 21.5-48 48-48z\"><\/path><\/svg><\/span><\/a><\/div>\n\n\n\n<div class=\"wp-block-button\"><a class=\"wp-block-button__link wp-element-button\" href=\"https:\/\/soybelu.com\/index.php\/la-sabiduria-ancestral-de-los-andes\/\"><span class=\"wp-rich-text-font-awesome-icon wp-font-awesome-icon\"><svg aria-hidden=\"true\" focusable=\"false\" data-prefix=\"fas\" data-icon=\"star-and-crescent\" class=\"svg-inline--fa fa-star-and-crescent \" role=\"img\" xmlns=\"http:\/\/www.w3.org\/2000\/svg\" viewBox=\"0 0 512 512\"><path fill=\"currentColor\" d=\"M0 256c0-141.4 114.6-256 256-256 33 0 64.6 6.3 93.6 17.7 7.4 2.9 11.5 10.7 9.8 18.4s-8.8 13-16.7 12.4c-4.8-.3-9.7-.5-14.6-.5-114.9 0-208 93.1-208 208s93.1 208 208 208c4.9 0 9.8-.2 14.6-.5 7.9-.5 15 4.7 16.7 12.4s-2.4 15.5-9.8 18.4C320.6 505.7 289 512 256 512 114.6 512 0 397.4 0 256zM375.4 137.4c3.5-7.1 13.7-7.1 17.2 0l31.5 63.8c1.4 2.8 4.1 4.8 7.2 5.3l70.4 10.2c7.9 1.1 11 10.8 5.3 16.4l-50.9 49.6c-2.3 2.2-3.3 5.4-2.8 8.5l12 70.1c1.3 7.8-6.9 13.8-13.9 10.1l-63-33.1c-2.8-1.5-6.1-1.5-8.9 0l-63 33.1c-7 3.7-15.3-2.3-13.9-10.1l12-70.1c.5-3.1-.5-6.3-2.8-8.5L261 233.1c-5.7-5.6-2.6-15.2 5.3-16.4l70.4-10.2c3.1-.5 5.8-2.4 7.2-5.3l31.5-63.8z\"><\/path><\/svg><\/span> La sabidur\u00eda ancestral<\/a><\/div>\n\n\n\n<div class=\"wp-block-button\"><a class=\"wp-block-button__link wp-element-button\" href=\"https:\/\/soybelu.com\/index.php\/que-es-lo-andino\/\"><span class=\"wp-rich-text-font-awesome-icon wp-font-awesome-icon\"><svg aria-hidden=\"true\" focusable=\"false\" data-prefix=\"fas\" data-icon=\"sun\" class=\"svg-inline--fa fa-sun \" role=\"img\" xmlns=\"http:\/\/www.w3.org\/2000\/svg\" viewBox=\"0 0 576 512\"><path fill=\"currentColor\" d=\"M178.2-10.1c7.4-3.1 15.8-2.2 22.5 2.2l87.8 58.2 87.8-58.2c6.7-4.4 15.1-5.2 22.5-2.2S411.4-.5 413 7.3l20.9 103.2 103.2 20.9c7.8 1.6 14.4 7 17.4 14.3s2.2 15.8-2.2 22.5l-58.2 87.8 58.2 87.8c4.4 6.7 5.2 15.1 2.2 22.5s-9.6 12.8-17.4 14.3L433.8 401.4 413 504.7c-1.6 7.8-7 14.4-14.3 17.4s-15.8 2.2-22.5-2.2l-87.8-58.2-87.8 58.2c-6.7 4.4-15.1 5.2-22.5 2.2s-12.8-9.6-14.3-17.4L143 401.4 39.7 380.5c-7.8-1.6-14.4-7-17.4-14.3s-2.2-15.8 2.2-22.5L82.7 256 24.5 168.2c-4.4-6.7-5.2-15.1-2.2-22.5s9.6-12.8 17.4-14.3L143 110.6 163.9 7.3c1.6-7.8 7-14.4 14.3-17.4zM207.6 256a80.4 80.4 0 1 1 160.8 0 80.4 80.4 0 1 1 -160.8 0zm208.8 0a128.4 128.4 0 1 0 -256.8 0 128.4 128.4 0 1 0 256.8 0z\"><\/path><\/svg><\/span> \u00bfQu\u00e9 es lo Andino?<\/a><\/div>\n\n\n\n<div class=\"wp-block-button\"><a class=\"wp-block-button__link wp-element-button\" href=\"https:\/\/soybelu.com\/index.php\/los-elementos-de-la-misa\/detras-de-la-partitura-con-juan-carlos-velasco\/\"><span class=\"wp-rich-text-font-awesome-icon wp-font-awesome-icon\"><svg aria-hidden=\"true\" focusable=\"false\" data-prefix=\"fas\" data-icon=\"panorama\" class=\"svg-inline--fa fa-panorama \" role=\"img\" xmlns=\"http:\/\/www.w3.org\/2000\/svg\" viewBox=\"0 0 576 512\"><path fill=\"currentColor\" d=\"M43.9 48C19.7 48 0 67.7 0 91.9L0 420.1c0 24.3 19.7 43.9 43.9 43.9 5.5 0 10.7-1 15.7-2.9 12.9-4.9 103.4-37.1 228.4-37.1s215.5 32.3 228.4 37.1c5 1.9 10.2 2.9 15.7 2.9 24.3 0 43.9-19.7 43.9-43.9l0-328.2c0-24.3-19.7-43.9-43.9-43.9-5.5 0-10.7 1-15.7 2.9-12.9 4.9-103.4 37.1-228.4 37.1S72.5 55.7 59.6 50.9C54.6 49 49.4 48 43.9 48zM72 176a40 40 0 1 1 80 0 40 40 0 1 1 -80 0zm264.1-16c7.5 0 14.6 3.6 19.1 9.6L479.7 336.2c5.9 7.9 6.4 18.5 1.3 26.9s-14.8 12.8-24.5 11.1c-45.8-7.8-103.3-14.2-168.4-14.2-65.6 0-123.4 6.5-169.3 14.4-9.8 1.7-19.7-2.9-24.7-11.5s-4.3-19.4 1.9-27.2L165.3 249c4.6-5.7 11.5-9 18.7-9s14.2 3.3 18.7 9l27.5 34.4 86.7-113.9c4.6-6 11.7-9.5 19.2-9.5z\"><\/path><\/svg><\/span> Los elementos de la Misa<\/a><\/div>\n\n\n\n<div class=\"wp-block-button\"><a class=\"wp-block-button__link wp-element-button\" href=\"https:\/\/soybelu.com\/index.php\/el-latido-del-ensayo-como-se-prepara-la-misa\/\"><span class=\"wp-rich-text-font-awesome-icon wp-font-awesome-icon\"><svg aria-hidden=\"true\" focusable=\"false\" data-prefix=\"fas\" data-icon=\"book-open\" class=\"svg-inline--fa fa-book-open \" role=\"img\" xmlns=\"http:\/\/www.w3.org\/2000\/svg\" viewBox=\"0 0 512 512\"><path fill=\"currentColor\" d=\"M256 141.3l0 309.3 .5-.2C311.1 427.7 369.7 416 428.8 416l19.2 0 0-320-19.2 0c-42.2 0-84.1 8.4-123.1 24.6-16.8 7-33.4 13.9-49.7 20.7zM230.9 61.5L256 72 281.1 61.5C327.9 42 378.1 32 428.8 32L464 32c26.5 0 48 21.5 48 48l0 352c0 26.5-21.5 48-48 48l-35.2 0c-50.7 0-100.9 10-147.7 29.5l-12.8 5.3c-7.9 3.3-16.7 3.3-24.6 0l-12.8-5.3C184.1 490 133.9 480 83.2 480L48 480c-26.5 0-48-21.5-48-48L0 80C0 53.5 21.5 32 48 32l35.2 0c50.7 0 100.9 10 147.7 29.5z\"><\/path><\/svg><\/span> \u00bfC\u00f3mo se prepara la Misa?<\/a><\/div>\n\n\n\n<div class=\"wp-block-button\"><a class=\"wp-block-button__link wp-element-button\" href=\"https:\/\/soybelu.com\/index.php\/el-coro-como-lenguaje-global\/\"><span class=\"wp-rich-text-font-awesome-icon wp-font-awesome-icon\"><svg aria-hidden=\"true\" focusable=\"false\" data-prefix=\"fas\" data-icon=\"earth-americas\" class=\"svg-inline--fa fa-earth-americas \" role=\"img\" xmlns=\"http:\/\/www.w3.org\/2000\/svg\" viewBox=\"0 0 512 512\"><path fill=\"currentColor\" d=\"M55.7 199.7l30.9 30.9c6 6 14.1 9.4 22.6 9.4l21.5 0c8.5 0 16.6 3.4 22.6 9.4l29.3 29.3c6 6 9.4 14.1 9.4 22.6l0 37.5c0 8.5 3.4 16.6 9.4 22.6l13.3 13.3c6 6 9.4 14.1 9.4 22.6l0 18.7c0 17.7 14.3 32 32 32s32-14.3 32-32l0-2.7c0-8.5 3.4-16.6 9.4-22.6l45.3-45.3c6-6 9.4-14.1 9.4-22.6l0-34.7c0-17.7-14.3-32-32-32l-82.7 0c-8.5 0-16.6-3.4-22.6-9.4l-16-16c-4.2-4.2-6.6-10-6.6-16 0-12.5 10.1-22.6 22.6-22.6l34.7 0c12.5 0 22.6-10.1 22.6-22.6 0-6-2.4-11.8-6.6-16l-19.7-19.7C242 130 240 125.1 240 120s2-10 5.7-13.7l17.3-17.3c5.8-5.8 9.1-13.7 9.1-21.9 0-7.2-2.4-13.7-6.4-18.9-3.2-.1-6.4-.2-9.6-.2-95.4 0-175.7 64.2-200.3 151.7zM464 256c0-34.6-8.4-67.2-23.4-95.8-6.4 .9-12.7 3.9-17.9 9.1l-13.4 13.4c-6 6-9.4 14.1-9.4 22.6l0 34.7c0 17.7 14.3 32 32 32l24.1 0c2.5 0 5-.3 7.3-.8 .4-5 .5-10.1 .5-15.2zM0 256a256 256 0 1 1 512 0 256 256 0 1 1 -512 0z\"><\/path><\/svg><\/span> El coro como lenguaje global<\/a><\/div>\n\n\n\n<div class=\"wp-block-button\"><a class=\"wp-block-button__link wp-element-button\" href=\"https:\/\/soybelu.com\/index.php\/un-encuentro-de-fe-y-cultura\/\"><span class=\"wp-rich-text-font-awesome-icon wp-font-awesome-icon\"><svg aria-hidden=\"true\" focusable=\"false\" data-prefix=\"fas\" data-icon=\"cross\" class=\"svg-inline--fa fa-cross \" role=\"img\" xmlns=\"http:\/\/www.w3.org\/2000\/svg\" viewBox=\"0 0 384 512\"><path fill=\"currentColor\" d=\"M176 0c-26.5 0-48 21.5-48 48l0 80-80 0c-26.5 0-48 21.5-48 48l0 32c0 26.5 21.5 48 48 48l80 0 0 208c0 26.5 21.5 48 48 48l32 0c26.5 0 48-21.5 48-48l0-208 80 0c26.5 0 48-21.5 48-48l0-32c0-26.5-21.5-48-48-48l-80 0 0-80c0-26.5-21.5-48-48-48L176 0z\"><\/path><\/svg><\/span> Encuentro de fe y cultura<\/a><\/div>\n<\/div>\n","protected":false},"excerpt":{"rendered":"<p>La invitaci\u00f3n del maestro: un lugar reservado para ti El maestro Juan Carlos Velasco, director y pieza clave en la difusi\u00f3n de esta obra, nos&hellip;<\/p>\n","protected":false},"author":1,"featured_media":0,"parent":615,"menu_order":3,"comment_status":"closed","ping_status":"closed","template":"","meta":{"footnotes":""},"class_list":["post-620","page","type-page","status-publish","hentry"],"yoast_head":"<!-- This site is optimized with the Yoast SEO plugin v26.7 - https:\/\/yoast.com\/wordpress\/plugins\/seo\/ -->\n<title>Desde la butaca - soy belu<\/title>\n<meta name=\"robots\" content=\"index, follow, max-snippet:-1, max-image-preview:large, max-video-preview:-1\" \/>\n<link rel=\"canonical\" href=\"https:\/\/soybelu.com\/index.php\/un-encuentro-de-fe-y-cultura\/desde-la-butaca\/\" \/>\n<meta property=\"og:locale\" content=\"es_ES\" \/>\n<meta property=\"og:type\" content=\"article\" \/>\n<meta property=\"og:title\" content=\"Desde la butaca - soy belu\" \/>\n<meta property=\"og:description\" content=\"La invitaci\u00f3n del maestro: un lugar reservado para ti El maestro Juan Carlos Velasco, director y pieza clave en la difusi\u00f3n de esta obra, nos&hellip;\" \/>\n<meta property=\"og:url\" content=\"https:\/\/soybelu.com\/index.php\/un-encuentro-de-fe-y-cultura\/desde-la-butaca\/\" \/>\n<meta property=\"og:site_name\" content=\"soy belu\" \/>\n<meta property=\"article:modified_time\" content=\"2026-01-23T22:11:26+00:00\" \/>\n<meta name=\"twitter:card\" content=\"summary_large_image\" \/>\n<meta name=\"twitter:label1\" content=\"Tiempo de lectura\" \/>\n\t<meta name=\"twitter:data1\" content=\"1 minuto\" \/>\n<script type=\"application\/ld+json\" class=\"yoast-schema-graph\">{\"@context\":\"https:\/\/schema.org\",\"@graph\":[{\"@type\":\"WebPage\",\"@id\":\"https:\/\/soybelu.com\/index.php\/un-encuentro-de-fe-y-cultura\/desde-la-butaca\/\",\"url\":\"https:\/\/soybelu.com\/index.php\/un-encuentro-de-fe-y-cultura\/desde-la-butaca\/\",\"name\":\"Desde la butaca - soy belu\",\"isPartOf\":{\"@id\":\"https:\/\/soybelu.com\/#website\"},\"datePublished\":\"2026-01-23T19:42:00+00:00\",\"dateModified\":\"2026-01-23T22:11:26+00:00\",\"breadcrumb\":{\"@id\":\"https:\/\/soybelu.com\/index.php\/un-encuentro-de-fe-y-cultura\/desde-la-butaca\/#breadcrumb\"},\"inLanguage\":\"es\",\"potentialAction\":[{\"@type\":\"ReadAction\",\"target\":[\"https:\/\/soybelu.com\/index.php\/un-encuentro-de-fe-y-cultura\/desde-la-butaca\/\"]}]},{\"@type\":\"BreadcrumbList\",\"@id\":\"https:\/\/soybelu.com\/index.php\/un-encuentro-de-fe-y-cultura\/desde-la-butaca\/#breadcrumb\",\"itemListElement\":[{\"@type\":\"ListItem\",\"position\":1,\"name\":\"Portada\",\"item\":\"https:\/\/soybelu.com\/\"},{\"@type\":\"ListItem\",\"position\":2,\"name\":\"Un encuentro de fe y cultura\",\"item\":\"https:\/\/soybelu.com\/index.php\/un-encuentro-de-fe-y-cultura\/\"},{\"@type\":\"ListItem\",\"position\":3,\"name\":\"Desde la butaca\"}]},{\"@type\":\"WebSite\",\"@id\":\"https:\/\/soybelu.com\/#website\",\"url\":\"https:\/\/soybelu.com\/\",\"name\":\"soy belu\",\"description\":\"soy belu\",\"publisher\":{\"@id\":\"https:\/\/soybelu.com\/#organization\"},\"potentialAction\":[{\"@type\":\"SearchAction\",\"target\":{\"@type\":\"EntryPoint\",\"urlTemplate\":\"https:\/\/soybelu.com\/?s={search_term_string}\"},\"query-input\":{\"@type\":\"PropertyValueSpecification\",\"valueRequired\":true,\"valueName\":\"search_term_string\"}}],\"inLanguage\":\"es\"},{\"@type\":\"Organization\",\"@id\":\"https:\/\/soybelu.com\/#organization\",\"name\":\"soy belu\",\"url\":\"https:\/\/soybelu.com\/\",\"logo\":{\"@type\":\"ImageObject\",\"inLanguage\":\"es\",\"@id\":\"https:\/\/soybelu.com\/#\/schema\/logo\/image\/\",\"url\":\"https:\/\/soybelu.com\/wp-content\/uploads\/2025\/12\/cropped-40403.png\",\"contentUrl\":\"https:\/\/soybelu.com\/wp-content\/uploads\/2025\/12\/cropped-40403.png\",\"width\":512,\"height\":512,\"caption\":\"soy belu\"},\"image\":{\"@id\":\"https:\/\/soybelu.com\/#\/schema\/logo\/image\/\"}}]}<\/script>\n<!-- \/ Yoast SEO plugin. -->","yoast_head_json":{"title":"Desde la butaca - soy belu","robots":{"index":"index","follow":"follow","max-snippet":"max-snippet:-1","max-image-preview":"max-image-preview:large","max-video-preview":"max-video-preview:-1"},"canonical":"https:\/\/soybelu.com\/index.php\/un-encuentro-de-fe-y-cultura\/desde-la-butaca\/","og_locale":"es_ES","og_type":"article","og_title":"Desde la butaca - soy belu","og_description":"La invitaci\u00f3n del maestro: un lugar reservado para ti El maestro Juan Carlos Velasco, director y pieza clave en la difusi\u00f3n de esta obra, nos&hellip;","og_url":"https:\/\/soybelu.com\/index.php\/un-encuentro-de-fe-y-cultura\/desde-la-butaca\/","og_site_name":"soy belu","article_modified_time":"2026-01-23T22:11:26+00:00","twitter_card":"summary_large_image","twitter_misc":{"Tiempo de lectura":"1 minuto"},"schema":{"@context":"https:\/\/schema.org","@graph":[{"@type":"WebPage","@id":"https:\/\/soybelu.com\/index.php\/un-encuentro-de-fe-y-cultura\/desde-la-butaca\/","url":"https:\/\/soybelu.com\/index.php\/un-encuentro-de-fe-y-cultura\/desde-la-butaca\/","name":"Desde la butaca - soy belu","isPartOf":{"@id":"https:\/\/soybelu.com\/#website"},"datePublished":"2026-01-23T19:42:00+00:00","dateModified":"2026-01-23T22:11:26+00:00","breadcrumb":{"@id":"https:\/\/soybelu.com\/index.php\/un-encuentro-de-fe-y-cultura\/desde-la-butaca\/#breadcrumb"},"inLanguage":"es","potentialAction":[{"@type":"ReadAction","target":["https:\/\/soybelu.com\/index.php\/un-encuentro-de-fe-y-cultura\/desde-la-butaca\/"]}]},{"@type":"BreadcrumbList","@id":"https:\/\/soybelu.com\/index.php\/un-encuentro-de-fe-y-cultura\/desde-la-butaca\/#breadcrumb","itemListElement":[{"@type":"ListItem","position":1,"name":"Portada","item":"https:\/\/soybelu.com\/"},{"@type":"ListItem","position":2,"name":"Un encuentro de fe y cultura","item":"https:\/\/soybelu.com\/index.php\/un-encuentro-de-fe-y-cultura\/"},{"@type":"ListItem","position":3,"name":"Desde la butaca"}]},{"@type":"WebSite","@id":"https:\/\/soybelu.com\/#website","url":"https:\/\/soybelu.com\/","name":"soy belu","description":"soy belu","publisher":{"@id":"https:\/\/soybelu.com\/#organization"},"potentialAction":[{"@type":"SearchAction","target":{"@type":"EntryPoint","urlTemplate":"https:\/\/soybelu.com\/?s={search_term_string}"},"query-input":{"@type":"PropertyValueSpecification","valueRequired":true,"valueName":"search_term_string"}}],"inLanguage":"es"},{"@type":"Organization","@id":"https:\/\/soybelu.com\/#organization","name":"soy belu","url":"https:\/\/soybelu.com\/","logo":{"@type":"ImageObject","inLanguage":"es","@id":"https:\/\/soybelu.com\/#\/schema\/logo\/image\/","url":"https:\/\/soybelu.com\/wp-content\/uploads\/2025\/12\/cropped-40403.png","contentUrl":"https:\/\/soybelu.com\/wp-content\/uploads\/2025\/12\/cropped-40403.png","width":512,"height":512,"caption":"soy belu"},"image":{"@id":"https:\/\/soybelu.com\/#\/schema\/logo\/image\/"}}]}},"_links":{"self":[{"href":"https:\/\/soybelu.com\/index.php\/wp-json\/wp\/v2\/pages\/620","targetHints":{"allow":["GET"]}}],"collection":[{"href":"https:\/\/soybelu.com\/index.php\/wp-json\/wp\/v2\/pages"}],"about":[{"href":"https:\/\/soybelu.com\/index.php\/wp-json\/wp\/v2\/types\/page"}],"author":[{"embeddable":true,"href":"https:\/\/soybelu.com\/index.php\/wp-json\/wp\/v2\/users\/1"}],"replies":[{"embeddable":true,"href":"https:\/\/soybelu.com\/index.php\/wp-json\/wp\/v2\/comments?post=620"}],"version-history":[{"count":6,"href":"https:\/\/soybelu.com\/index.php\/wp-json\/wp\/v2\/pages\/620\/revisions"}],"predecessor-version":[{"id":642,"href":"https:\/\/soybelu.com\/index.php\/wp-json\/wp\/v2\/pages\/620\/revisions\/642"}],"up":[{"embeddable":true,"href":"https:\/\/soybelu.com\/index.php\/wp-json\/wp\/v2\/pages\/615"}],"wp:attachment":[{"href":"https:\/\/soybelu.com\/index.php\/wp-json\/wp\/v2\/media?parent=620"}],"curies":[{"name":"wp","href":"https:\/\/api.w.org\/{rel}","templated":true}]}}